{"id":2847,"date":"2025-04-08T16:29:53","date_gmt":"2025-04-08T16:29:53","guid":{"rendered":"https:\/\/tokentact.net\/planlar\/"},"modified":"2025-04-08T16:43:59","modified_gmt":"2025-04-08T16:43:59","slug":"planlar","status":"publish","type":"page","link":"https:\/\/tokentact.net\/tr\/planlar\/","title":{"rendered":"Planlar"},"content":{"rendered":"\n<h1 class=\"wp-block-heading has-text-align-center has-x-large-font-size\">Plan\u0131n\u0131z\u0131 se\u00e7in<\/h1>\n\n<div style=\"height:20px\" aria-hidden=\"true\" class=\"wp-block-spacer\"><\/div>\n<style>\n    .pricing-block {\n        padding: 30px 0;\n    }\n\n    .pricing-block__row {\n        display: flex;\n        justify-content: center;\n        flex-wrap: wrap;\n        gap: 10px;\n    }\n\n    .pricing__item {\n        display: flex;\n        flex-direction: column;\n        padding: 32px;\n        border-radius: 24px;\n        border: 2px solid #dedede;\n        width: 294px;\n    }\n\n    .pricing__item--plan {\n        color: #707070;\n        font-weight: 600;\n        font-size: 18px;\n        line-height: 24px;\n        margin-bottom: 12px;\n    }\n\n    .pricing__item--price {\n        position: relative;\n        display: flex;\n        gap: 8px;\n        margin-bottom: 12px;\n    }\n\n    .pricing__item--discount {\n        background: #ECECEC;\n        padding: 5px 10px;\n        font-weight: 400;\n        border-radius: 6px;\n        display: flex;\n        align-items: center;\n        margin-left: 8px;\n        font-size: 14px;\n        height: max-content;\n    }\n\n    .pricing__item--price h3 {\n        font-weight: 700;\n        font-size: 28px;\n        line-height: 36px;\n        letter-spacing: 0.2px;\n    }\n\n    .pricing__item--text {\n        color: #707070;\n    }\n\n    .pricing__item a.btn {\n        max-width: 160px;\n        padding-left: 0;\n        padding-right: 0;\n        font-weight: 600;\n    }\n\n    .pricing__item--wrapper {\n        margin-bottom: 24px;\n        min-height: 70px;\n    }\n\n    .pricing__item--content {\n        margin-top: 30px;\n        display: flex;\n        flex-direction: column;\n        gap: 8px;\n    }\n\n    .pricing__item--content ul>li {\n        padding: 11px 0;\n        font-size: 18px;\n        line-height: 24px;\n    }\n\n    .pricing__item--content p {\n        font-size: 18px;\n        line-height: 24px;\n    }\n\n    .pricing-block__row .pricing__item:nth-of-type(2) {\n        border-color: #14c9c1;\n        border-width: 3px;\n        box-shadow: 0 15px 40px 0 #559d9d33, 0 2px 8px 0 #2031310d;\n    }\n<\/style>\n<section class=\"pricing-block\">\n    <div class=\"container\">\n                    <div class=\"pricing-block__row\">\n                                    <div class=\"pricing__item\">\n                        <div class=\"pricing__item--plan\">Temel<\/div>\n\n                        <div class=\"pricing__item--wrapper\">\n                            <div class=\"pricing__item--price\">\n                                <h3>\u00dccretsiz<\/h3>\n                                                            <\/div>\n                                                            <div class=\"pricing__item--text\">\u00d6deme bilgileri gerekmez<\/div>\n                                                    <\/div>\n\n                                                        <a href=\"https:\/\/tokentact.net\/tr\/create-account\/\" class=\"btn btn-primary\">\n                                    Ba\u015flay\u0131n                                <\/a>\n                                                <div class=\"pricing__item--content\"><p><span style=\"font-weight: 400;\"><strong>S\u0131n\u0131rs\u0131z<\/strong> Terminal Eri\u015fimi<\/span><\/p>\n<ul>\n<li><strong>3<\/strong> Aktif SmartTrades<\/li>\n<li><strong>1<\/strong> Aktif Sinyal Botu<\/li>\n<li><strong>1<\/strong> Aktif Izgara Botu<\/li>\n<li><strong>1 <\/strong>Aktif DCA Botu<\/li>\n<li><strong>10<\/strong> <span style=\"font-weight: 400;\">Devam Eden DCA F\u0131rsatlar\u0131<\/span><\/li>\n<\/ul>\n<\/div>\n                    <\/div>\n                                    <div class=\"pricing__item\">\n                        <div class=\"pricing__item--plan\">Geli\u015fmi\u015f  <\/div>\n\n                        <div class=\"pricing__item--wrapper\">\n                            <div class=\"pricing__item--price\">\n                                <h3>250 \u20ac<\/h3>\n                                                                    <span class=\"pricing__item--discount\">-25%<\/span>\n                                                            <\/div>\n                                                            <div class=\"pricing__item--text\">Tek seferlik \u00f6deme<\/div>\n                                                    <\/div>\n\n                                                        <a href=\"https:\/\/tokentact.net\/tr\/create-account\/\" class=\"btn btn-primary\">\n                                    Ba\u015flay\u0131n                                <\/a>\n                                                <div class=\"pricing__item--content\"><ul>\n<li><strong>50<\/strong> Aktif SmartTrades<\/li>\n<li><strong>50<\/strong> Aktif Sinyal Botu<\/li>\n<li><strong>10<\/strong> Aktif Izgara Botu<\/li>\n<li><strong>50 <\/strong>Aktif DCA Botu<\/li>\n<li><strong>50<\/strong> <span style=\"font-weight: 400;\">Devam Eden DCA F\u0131rsatlar\u0131<\/span><\/li>\n<\/ul>\n<\/div>\n                    <\/div>\n                                    <div class=\"pricing__item\">\n                        <div class=\"pricing__item--plan\">Premium<\/div>\n\n                        <div class=\"pricing__item--wrapper\">\n                            <div class=\"pricing__item--price\">\n                                <h3>\u0130leti\u015fim Sat\u0131\u015f<\/h3>\n                                                            <\/div>\n                                                    <\/div>\n\n                                                        <a href=\"https:\/\/tokentact.net\/tr\/create-account\/\" class=\"btn btn-primary\">\n                                    Ba\u015flay\u0131n                                <\/a>\n                                                <div class=\"pricing__item--content\"><p><strong>S\u0131n\u0131rs\u0131z<\/strong> Aktif SmartTrades<\/p>\n<ul>\n<li><strong>250<\/strong> Aktif SmartTrades<\/li>\n<li><strong>50<\/strong> Aktif Sinyal Botu<\/li>\n<li><strong>250<\/strong> Aktif \u015eebeke Botu<\/li>\n<li><strong>2500 <\/strong>Aktif DCA Botu<\/li>\n<\/ul>\n<\/div>\n                    <\/div>\n                            <\/div>\n            <\/div>\n<\/section>\n<div style=\"height:20px\" aria-hidden=\"true\" class=\"wp-block-spacer\"><\/div>\n\n<div class=\"wp-block-columns is-layout-flex wp-container-core-columns-is-layout-9d6595d7 wp-block-columns-is-layout-flex\">\n<div class=\"wp-block-column is-layout-flow wp-block-column-is-layout-flow\">\n<p class=\"has-text-align-center has-cyan-bluish-gray-color has-text-color has-link-color has-medium-font-size wp-elements-ecb5ce255e333d9cae301b2453e3648b\">Bir plan se\u00e7in ve ba\u015far\u0131l\u0131 t\u00fcccarlardan olu\u015fan toplulu\u011fumuza kat\u0131l\u0131n.<\/p>\n<\/div>\n<\/div>\n\n<div style=\"height:10px\" aria-hidden=\"true\" class=\"wp-block-spacer\"><\/div>\n\n<hr class=\"wp-block-separator has-text-color has-alpha-channel-opacity has-background\" style=\"background-color:#70707033;color:#70707033\"\/>\n\n<div class=\"wp-block-columns is-layout-flex wp-container-core-columns-is-layout-9d6595d7 wp-block-columns-is-layout-flex\">\n<div class=\"wp-block-column plans__include is-layout-flow wp-block-column-is-layout-flow\">\n<div style=\"height:20px\" aria-hidden=\"true\" class=\"wp-block-spacer\"><\/div>\n\n\n\n<p class=\"has-large-font-size\"><strong>T\u00fcm \u00fccretli planlar \u015funlar\u0131 i\u00e7erir<\/strong><\/p>\n\n\n\n<div style=\"height:20px\" aria-hidden=\"true\" class=\"wp-block-spacer\"><\/div>\n\n\n\n<ul class=\"wp-block-list\">\n<li>Vadeli \u0130\u015flem Ticareti<\/li>\n\n\n\n<li>TradingView Entegrasyonu<\/li>\n\n\n\n<li>Yukar\u0131 ve A\u015fa\u011f\u0131 \u0130z S\u00fcrme<\/li>\n\n\n\n<li>Demo Hesap<\/li>\n\n\n\n<li>Sinyaller<\/li>\n\n\n\n<li>Geriye d\u00f6n\u00fck test<\/li>\n\n\n\n<li>14+ de\u011fi\u015fim<\/li>\n<\/ul>\n<\/div>\n<\/div>\n\n<hr class=\"wp-block-separator has-text-color has-alpha-channel-opacity has-background\" style=\"background-color:#70707033;color:#70707033\"\/>\n\n<div style=\"height:20px\" aria-hidden=\"true\" class=\"wp-block-spacer\"><\/div>\n\n<div class=\"wp-block-columns is-layout-flex wp-container-core-columns-is-layout-9d6595d7 wp-block-columns-is-layout-flex\">\n<div class=\"wp-block-column plans__payments is-layout-flow wp-block-column-is-layout-flow\">\n<figure class=\"wp-block-image size-full\"><img decoding=\"async\" src=\"https:\/\/zeongrow.com\/wp-content\/uploads\/2025\/02\/eb374c58-477f-41d0-9b23-0e219c2f8678_Visa_Inc._logo1.avif\" alt=\"\" class=\"wp-image-404\"\/><\/figure>\n\n\n\n<figure class=\"wp-block-image size-full is-resized\"><img decoding=\"async\" src=\"https:\/\/zeongrow.com\/wp-content\/uploads\/2025\/02\/203caee6-29fb-4565-aaa0-70621f61bfed_Icon.avif\" alt=\"\" class=\"wp-image-409\" style=\"width:113px;height:auto\"\/><\/figure>\n\n\n\n<figure class=\"wp-block-image size-full is-resized\"><img decoding=\"async\" src=\"https:\/\/zeongrow.com\/wp-content\/uploads\/2025\/02\/177f9740-d913-4597-adc4-2dd0e557b066_PayPal.avif\" alt=\"\" class=\"wp-image-419\" style=\"width:113px;height:auto\"\/><\/figure>\n\n\n\n<figure class=\"wp-block-image size-full is-resized\"><img decoding=\"async\" src=\"https:\/\/zeongrow.com\/wp-content\/uploads\/2025\/02\/0f188c34-aa9f-4b69-bdb9-8383f3f907bc_GooglePay-2.avif\" alt=\"\" class=\"wp-image-421\" style=\"width:113px;height:auto\"\/><\/figure>\n\n\n\n<figure class=\"wp-block-image size-full is-resized\"><img decoding=\"async\" src=\"https:\/\/zeongrow.com\/wp-content\/uploads\/2025\/02\/95e11ef5-4c69-45d3-a3a7-cfd594d30d36_ApplePay-1.avif\" alt=\"\" class=\"wp-image-423\" style=\"width:113px;height:auto\"\/><\/figure>\n\n\n\n<figure class=\"wp-block-image size-full is-resized\"><img decoding=\"async\" src=\"https:\/\/zeongrow.com\/wp-content\/uploads\/2025\/02\/3fc2c971-defa-45d4-8dbd-0d4faedc82b7_Btc-2.avif\" alt=\"\" class=\"wp-image-427\" style=\"width:113px;height:auto\"\/><\/figure>\n\n\n\n<figure class=\"wp-block-image size-full is-resized\"><img decoding=\"async\" src=\"https:\/\/zeongrow.com\/wp-content\/uploads\/2025\/02\/973476e3-cd57-46a3-988c-97ff8cdb4765_Usdt-1.avif\" alt=\"\" class=\"wp-image-429\" style=\"width:113px;height:auto\"\/><\/figure>\n\n\n\n<figure class=\"wp-block-image size-full is-resized\"><img decoding=\"async\" src=\"https:\/\/zeongrow.com\/wp-content\/uploads\/2025\/02\/4ce547b6-e966-48d2-8ebd-8dff0f2dc87c_BUSD-1.avif\" alt=\"\" class=\"wp-image-431\" style=\"width:113px;height:auto\"\/><\/figure>\n<\/div>\n<\/div>\n\n<div style=\"height:30px\" aria-hidden=\"true\" class=\"wp-block-spacer\"><\/div>\n<style>\n    .faq__block {\n        padding-bottom: 140px;\n    }\n\n    .faq__wrapper {\n        display: flex;\n        gap: 108px;\n        flex-direction: row;\n    }\n\n    .faq__wrapper--title h2 {\n        font-size: 62px;\n        line-height: 56px;\n        font-weight: 600;\n        max-width: 450px;\n    }\n\n    .accordion .faq__question {\n        font-weight: 600;\n        font-size: 20px;\n        line-height: 24px;\n        letter-spacing: 0.2px;\n        padding: 24px 0;\n        cursor: pointer;\n        border-bottom: 1px solid #70707033;\n        display: flex;\n    }\n\n    .accordion .faq__answer {\n        max-height: 0;\n        overflow: hidden;\n        margin-top: 8px;\n        color: #333;\n        opacity: 0;\n    }\n\n    .accordion.active .faq__answer {\n        max-height: 500px;\n        opacity: 1;\n        color: #707070;\n        line-height: 26px;\n    }\n\n    .accordion .faq__arrow {\n        margin-left: auto;\n    }\n\n    .accordion .faq__arrow svg {\n        color: #707070;\n    }\n\n    .accordion.active .faq__arrow {\n        transform: rotate(180deg);\n    }\n\n    @media(max-width: 991px) {\n        .faq__wrapper {\n            flex-direction: column;\n            gap: 24px;\n        }\n\n        .faq__wrapper--title h2 {\n            font-size: 28px;\n            line-height: 36px;\n        }\n\n        .accordion .faq__question {\n            font-size: 18px;\n            line-height: 24px;\n            padding: 20px 0;\n        }\n\n        .faq__block {\n            padding-bottom: 60px;\n        }\n    }\n<\/style>\n<section class=\"faq__block\">\n    <div class=\"container\">\n        <div class=\"faq__wrapper\">\n            <div class=\"faq__wrapper--title\">\n                   \n                    <h2>SSS<\/h2>\n                            <\/div>\n                            <div class=\"faq-wrapper__row\">\n                                            <div class=\"accordion\">\n                            <div class=\"faq__question\">\n                                <span>Sat\u0131n ald\u0131ktan sonra plan\u0131m\u0131 nas\u0131l kullanmaya ba\u015flayabilirim?<\/span>\n                                <span class=\"faq__arrow\"><svg width=\"24\" height=\"24\" viewBox=\"0 0 24 24\" fill=\"none\" xmlns=\"http:\/\/www.w3.org\/2000\/svg\" class=\"shrink-0 text-bg-control dark:text-bg-controlDark transition\"><path fill-rule=\"evenodd\" clip-rule=\"evenodd\" d=\"M5.79289 9.29289C6.18342 8.90237 6.81658 8.90237 7.20711 9.29289L12 14.0858L16.7929 9.29289C17.1834 8.90237 17.8166 8.90237 18.2071 9.29289C18.5976 9.68342 18.5976 10.3166 18.2071 10.7071L12.7071 16.2071C12.3166 16.5976 11.6834 16.5976 11.2929 16.2071L5.79289 10.7071C5.40237 10.3166 5.40237 9.68342 5.79289 9.29289Z\" fill=\"currentColor\"><\/path><\/svg><\/span>\n                            <\/div>\n                            <div class=\"faq__answer\">\n                                <p><p><span style=\"font-weight: 400;\">Plan\u0131n\u0131z\u0131 se\u00e7tikten ve \u00f6demeyi tamamlad\u0131ktan sonra, se\u00e7ti\u011finiz plana dahil olan t\u00fcm \u00f6zelliklere an\u0131nda eri\u015fim elde edeceksiniz. Platformu hemen kullanmaya ba\u015flayabilirsiniz! <\/span><span style=\"font-weight: 400;\"><br \/>\n<\/span><\/p>\n<\/p>\n                            <\/div>\n                        <\/div>\n                                            <div class=\"accordion\">\n                            <div class=\"faq__question\">\n                                <span>Planla ilgili sorular i\u00e7in m\u00fc\u015fteri deste\u011fi mevcut mu?<\/span>\n                                <span class=\"faq__arrow\"><svg width=\"24\" height=\"24\" viewBox=\"0 0 24 24\" fill=\"none\" xmlns=\"http:\/\/www.w3.org\/2000\/svg\" class=\"shrink-0 text-bg-control dark:text-bg-controlDark transition\"><path fill-rule=\"evenodd\" clip-rule=\"evenodd\" d=\"M5.79289 9.29289C6.18342 8.90237 6.81658 8.90237 7.20711 9.29289L12 14.0858L16.7929 9.29289C17.1834 8.90237 17.8166 8.90237 18.2071 9.29289C18.5976 9.68342 18.5976 10.3166 18.2071 10.7071L12.7071 16.2071C12.3166 16.5976 11.6834 16.5976 11.2929 16.2071L5.79289 10.7071C5.40237 10.3166 5.40237 9.68342 5.79289 9.29289Z\" fill=\"currentColor\"><\/path><\/svg><\/span>\n                            <\/div>\n                            <div class=\"faq__answer\">\n                                <p><p><span style=\"font-weight: 400;\">Evet! Destek ekibimiz plan\u0131n\u0131zla ilgili her t\u00fcrl\u00fc sorunuzda size yard\u0131mc\u0131 olmaya haz\u0131rd\u0131r. Yard\u0131m i\u00e7in &#8220;Bize Ula\u015f\u0131n&#8221; b\u00f6l\u00fcm\u00fcnden bize ula\u015f\u0131n.  <\/span><\/p>\n<\/p>\n                            <\/div>\n                        <\/div>\n                                            <div class=\"accordion\">\n                            <div class=\"faq__question\">\n                                <span>Abonelik ayarlar\u0131m\u0131 nas\u0131l y\u00f6netebilirim?<\/span>\n                                <span class=\"faq__arrow\"><svg width=\"24\" height=\"24\" viewBox=\"0 0 24 24\" fill=\"none\" xmlns=\"http:\/\/www.w3.org\/2000\/svg\" class=\"shrink-0 text-bg-control dark:text-bg-controlDark transition\"><path fill-rule=\"evenodd\" clip-rule=\"evenodd\" d=\"M5.79289 9.29289C6.18342 8.90237 6.81658 8.90237 7.20711 9.29289L12 14.0858L16.7929 9.29289C17.1834 8.90237 17.8166 8.90237 18.2071 9.29289C18.5976 9.68342 18.5976 10.3166 18.2071 10.7071L12.7071 16.2071C12.3166 16.5976 11.6834 16.5976 11.2929 16.2071L5.79289 10.7071C5.40237 10.3166 5.40237 9.68342 5.79289 9.29289Z\" fill=\"currentColor\"><\/path><\/svg><\/span>\n                            <\/div>\n                            <div class=\"faq__answer\">\n                                <p><p><span style=\"font-weight: 400;\">Abonelik ayarlar\u0131n\u0131z\u0131 do\u011frudan hesap kontrol panelinizden kolayca y\u00f6netebilirsiniz. Buradan fatura bilgilerinizi g\u00fcncelleyebilir, plan\u0131n\u0131z\u0131 de\u011fi\u015ftirebilir veya aboneli\u011finizi iptal edebilirsiniz. <\/span><\/p>\n<\/p>\n                            <\/div>\n                        <\/div>\n                                    <\/div>\n                    <\/div>\n    <\/div>\n<\/section>\n\n<script>\ndocument.addEventListener(\"DOMContentLoaded\", function() {\n    const answers = document.querySelectorAll(\".accordion\");\n    if (answers.length) {\n        answers.forEach((accordion) => {\n            accordion.addEventListener(\"click\", () => {\n                accordion.classList.toggle(\"active\");\n            });\n        });\n    }\n});\n<\/script>\n\n<style>.plans__include ul {\n    display: flex;\n    flex-wrap: wrap;\n    justify-content: space-between;\n    padding: 20px 0;\n}\n\n.plans__include ul > li {\n    position: relative;\n    padding-left: 28px;\n}\n.plans__include ul > li::before {\n    content: \"\u2714\";\n    position: absolute;\n    left: 0;\n    top: 0;\n    padding: 5px;\n    border-radius: 50%;\n    width: 14px;\n    height: 14px;\n    background-color: #eaf5ed;\n    display: flex;\n    align-items: center;\n    color: #02867d;\n}\n.plans__payments {\n    display: flex;\n    align-items: center;\n    justify-content: center;\n    gap: 48px;\n    row-gap: 0;\n    flex-wrap: wrap;\n    padding: 40px 0;\n}\n.plans__payments img {\n    max-height: 33px;\n    max-width: 52px;\n    object-fit: contain;\n}\n\n.plans__payments p {\n    display: block;\n    max-width: 70%;\n    margin: 0 auto;\n    margin-top: 20px;\n}\n\n\n.pricing-block__row .pricing__item:nth-of-type(2) {\n    border-color: #3639ed;\n    box-shadow: 0 15px 40px 0 #3639ed33, 0 2px 8px 0 #3639ed33;\n}\n\nsection {\n    margin: 20px auto;\n}\n\nol, ul {\n    list-style: none;\n}\n\n.pricing__item {\n    width: 100%;\n    max-width: 362px;\n}\n\n.plans__include ul > li::before {\n    color: #3639ed;\n    background-color: #3639ed40;\n    box-sizing: content-box;\n}\n\n<\/style>\n","protected":false},"excerpt":{"rendered":"<p>Plan\u0131n\u0131z\u0131 se\u00e7in Bir plan se\u00e7in ve ba\u015far\u0131l\u0131 t\u00fcccarlardan olu\u015fan toplulu\u011fumuza kat\u0131l\u0131n. T\u00fcm \u00fccretli planlar \u015funlar\u0131 i\u00e7erir<\/p>\n","protected":false},"author":1,"featured_media":0,"parent":0,"menu_order":0,"comment_status":"closed","ping_status":"closed","template":"","meta":{"_acf_changed":false,"inline_featured_image":false,"_monsterinsights_skip_tracking":false,"_monsterinsights_sitenote_active":false,"_monsterinsights_sitenote_note":"","_monsterinsights_sitenote_category":0,"footnotes":""},"tags":[],"class_list":["post-2847","page","type-page","status-publish","hentry"],"acf":[],"yoast_head":"<!-- This site is optimized with the Yoast SEO plugin v24.8.1 - https:\/\/yoast.com\/wordpress\/plugins\/seo\/ -->\n<title>Planlar - Tokentact Official Website<\/title>\n<meta name=\"robots\" content=\"index, follow, max-snippet:-1, max-image-preview:large, max-video-preview:-1\" \/>\n<link rel=\"canonical\" href=\"https:\/\/tokentact.net\/tr\/planlar\/\" \/>\n<meta property=\"og:locale\" content=\"tr_TR\" \/>\n<meta property=\"og:type\" content=\"article\" \/>\n<meta property=\"og:title\" content=\"Planlar - Tokentact Official Website\" \/>\n<meta property=\"og:description\" content=\"Plan\u0131n\u0131z\u0131 se\u00e7in Bir plan se\u00e7in ve ba\u015far\u0131l\u0131 t\u00fcccarlardan olu\u015fan toplulu\u011fumuza kat\u0131l\u0131n. T\u00fcm \u00fccretli planlar \u015funlar\u0131 i\u00e7erir\" \/>\n<meta property=\"og:url\" content=\"https:\/\/tokentact.net\/tr\/planlar\/\" \/>\n<meta property=\"og:site_name\" content=\"Tokentact Official Website\" \/>\n<meta property=\"article:modified_time\" content=\"2025-04-08T16:43:59+00:00\" \/>\n<meta property=\"og:image\" content=\"https:\/\/zeongrow.com\/wp-content\/uploads\/2025\/02\/eb374c58-477f-41d0-9b23-0e219c2f8678_Visa_Inc._logo1.avif\" \/>\n<meta name=\"twitter:card\" content=\"summary_large_image\" \/>\n<script type=\"application\/ld+json\" class=\"yoast-schema-graph\">{\"@context\":\"https:\/\/schema.org\",\"@graph\":[{\"@type\":\"WebPage\",\"@id\":\"https:\/\/tokentact.net\/tr\/planlar\/\",\"url\":\"https:\/\/tokentact.net\/tr\/planlar\/\",\"name\":\"Planlar - Tokentact Official Website\",\"isPartOf\":{\"@id\":\"https:\/\/tokentact.net\/tr\/#website\"},\"primaryImageOfPage\":{\"@id\":\"https:\/\/tokentact.net\/tr\/planlar\/#primaryimage\"},\"image\":{\"@id\":\"https:\/\/tokentact.net\/tr\/planlar\/#primaryimage\"},\"thumbnailUrl\":\"https:\/\/zeongrow.com\/wp-content\/uploads\/2025\/02\/eb374c58-477f-41d0-9b23-0e219c2f8678_Visa_Inc._logo1.avif\",\"datePublished\":\"2025-04-08T16:29:53+00:00\",\"dateModified\":\"2025-04-08T16:43:59+00:00\",\"breadcrumb\":{\"@id\":\"https:\/\/tokentact.net\/tr\/planlar\/#breadcrumb\"},\"inLanguage\":\"tr\",\"potentialAction\":[{\"@type\":\"ReadAction\",\"target\":[\"https:\/\/tokentact.net\/tr\/planlar\/\"]}]},{\"@type\":\"ImageObject\",\"inLanguage\":\"tr\",\"@id\":\"https:\/\/tokentact.net\/tr\/planlar\/#primaryimage\",\"url\":\"https:\/\/zeongrow.com\/wp-content\/uploads\/2025\/02\/eb374c58-477f-41d0-9b23-0e219c2f8678_Visa_Inc._logo1.avif\",\"contentUrl\":\"https:\/\/zeongrow.com\/wp-content\/uploads\/2025\/02\/eb374c58-477f-41d0-9b23-0e219c2f8678_Visa_Inc._logo1.avif\"},{\"@type\":\"BreadcrumbList\",\"@id\":\"https:\/\/tokentact.net\/tr\/planlar\/#breadcrumb\",\"itemListElement\":[{\"@type\":\"ListItem\",\"position\":1,\"name\":\"Home\",\"item\":\"https:\/\/tokentact.net\/tr\/\"},{\"@type\":\"ListItem\",\"position\":2,\"name\":\"Planlar\"}]},{\"@type\":\"WebSite\",\"@id\":\"https:\/\/tokentact.net\/tr\/#website\",\"url\":\"https:\/\/tokentact.net\/tr\/\",\"name\":\"Tokentact Trading Bot\",\"description\":\"\",\"alternateName\":\"Tokentact\",\"potentialAction\":[{\"@type\":\"SearchAction\",\"target\":{\"@type\":\"EntryPoint\",\"urlTemplate\":\"https:\/\/tokentact.net\/tr\/?s={search_term_string}\"},\"query-input\":{\"@type\":\"PropertyValueSpecification\",\"valueRequired\":true,\"valueName\":\"search_term_string\"}}],\"inLanguage\":\"tr\"}]}<\/script>\n<!-- \/ Yoast SEO plugin. -->","yoast_head_json":{"title":"Planlar - Tokentact Official Website","robots":{"index":"index","follow":"follow","max-snippet":"max-snippet:-1","max-image-preview":"max-image-preview:large","max-video-preview":"max-video-preview:-1"},"canonical":"https:\/\/tokentact.net\/tr\/planlar\/","og_locale":"tr_TR","og_type":"article","og_title":"Planlar - Tokentact Official Website","og_description":"Plan\u0131n\u0131z\u0131 se\u00e7in Bir plan se\u00e7in ve ba\u015far\u0131l\u0131 t\u00fcccarlardan olu\u015fan toplulu\u011fumuza kat\u0131l\u0131n. T\u00fcm \u00fccretli planlar \u015funlar\u0131 i\u00e7erir","og_url":"https:\/\/tokentact.net\/tr\/planlar\/","og_site_name":"Tokentact Official Website","article_modified_time":"2025-04-08T16:43:59+00:00","og_image":[{"url":"https:\/\/zeongrow.com\/wp-content\/uploads\/2025\/02\/eb374c58-477f-41d0-9b23-0e219c2f8678_Visa_Inc._logo1.avif","type":"","width":"","height":""}],"twitter_card":"summary_large_image","schema":{"@context":"https:\/\/schema.org","@graph":[{"@type":"WebPage","@id":"https:\/\/tokentact.net\/tr\/planlar\/","url":"https:\/\/tokentact.net\/tr\/planlar\/","name":"Planlar - Tokentact Official Website","isPartOf":{"@id":"https:\/\/tokentact.net\/tr\/#website"},"primaryImageOfPage":{"@id":"https:\/\/tokentact.net\/tr\/planlar\/#primaryimage"},"image":{"@id":"https:\/\/tokentact.net\/tr\/planlar\/#primaryimage"},"thumbnailUrl":"https:\/\/zeongrow.com\/wp-content\/uploads\/2025\/02\/eb374c58-477f-41d0-9b23-0e219c2f8678_Visa_Inc._logo1.avif","datePublished":"2025-04-08T16:29:53+00:00","dateModified":"2025-04-08T16:43:59+00:00","breadcrumb":{"@id":"https:\/\/tokentact.net\/tr\/planlar\/#breadcrumb"},"inLanguage":"tr","potentialAction":[{"@type":"ReadAction","target":["https:\/\/tokentact.net\/tr\/planlar\/"]}]},{"@type":"ImageObject","inLanguage":"tr","@id":"https:\/\/tokentact.net\/tr\/planlar\/#primaryimage","url":"https:\/\/zeongrow.com\/wp-content\/uploads\/2025\/02\/eb374c58-477f-41d0-9b23-0e219c2f8678_Visa_Inc._logo1.avif","contentUrl":"https:\/\/zeongrow.com\/wp-content\/uploads\/2025\/02\/eb374c58-477f-41d0-9b23-0e219c2f8678_Visa_Inc._logo1.avif"},{"@type":"BreadcrumbList","@id":"https:\/\/tokentact.net\/tr\/planlar\/#breadcrumb","itemListElement":[{"@type":"ListItem","position":1,"name":"Home","item":"https:\/\/tokentact.net\/tr\/"},{"@type":"ListItem","position":2,"name":"Planlar"}]},{"@type":"WebSite","@id":"https:\/\/tokentact.net\/tr\/#website","url":"https:\/\/tokentact.net\/tr\/","name":"Tokentact Trading Bot","description":"","alternateName":"Tokentact","potentialAction":[{"@type":"SearchAction","target":{"@type":"EntryPoint","urlTemplate":"https:\/\/tokentact.net\/tr\/?s={search_term_string}"},"query-input":{"@type":"PropertyValueSpecification","valueRequired":true,"valueName":"search_term_string"}}],"inLanguage":"tr"}]}},"_links":{"self":[{"href":"https:\/\/tokentact.net\/tr\/wp-json\/wp\/v2\/pages\/2847","targetHints":{"allow":["GET"]}}],"collection":[{"href":"https:\/\/tokentact.net\/tr\/wp-json\/wp\/v2\/pages"}],"about":[{"href":"https:\/\/tokentact.net\/tr\/wp-json\/wp\/v2\/types\/page"}],"author":[{"embeddable":true,"href":"https:\/\/tokentact.net\/tr\/wp-json\/wp\/v2\/users\/1"}],"replies":[{"embeddable":true,"href":"https:\/\/tokentact.net\/tr\/wp-json\/wp\/v2\/comments?post=2847"}],"version-history":[{"count":0,"href":"https:\/\/tokentact.net\/tr\/wp-json\/wp\/v2\/pages\/2847\/revisions"}],"wp:attachment":[{"href":"https:\/\/tokentact.net\/tr\/wp-json\/wp\/v2\/media?parent=2847"}],"wp:term":[{"taxonomy":"post_tag","embeddable":true,"href":"https:\/\/tokentact.net\/tr\/wp-json\/wp\/v2\/tags?post=2847"}],"curies":[{"name":"wp","href":"https:\/\/api.w.org\/{rel}","templated":true}]}}