{"id":1414,"date":"2024-05-30T11:20:41","date_gmt":"2024-05-30T11:20:41","guid":{"rendered":"https:\/\/tokentact.net\/gaz-odemenizi-alin\/"},"modified":"2024-07-03T08:40:26","modified_gmt":"2024-07-03T08:40:26","slug":"gaz-odemenizi-alin","status":"publish","type":"page","link":"https:\/\/tokentact.net\/tr\/gaz-odemenizi-alin\/","title":{"rendered":"Gaz \u00f6demenizi al\u0131n"},"content":{"rendered":"\n<div class=\"wp-block-columns is-layout-flex wp-container-core-columns-is-layout-9d6595d7 wp-block-columns-is-layout-flex\" id=\"gas-payout\">\n<div class=\"wp-block-column is-layout-flow wp-block-column-is-layout-flow\" style=\"flex-basis:57%\">\n<h1 class=\"wp-block-heading\" style=\"font-size:42px;font-style:normal;font-weight:700\">Gaz Kullan\u0131m\u0131 i\u00e7in \u00d6d\u00fcller<\/h1>\n\n\n\n<hr class=\"wp-block-separator has-text-color has-white-color has-alpha-channel-opacity has-white-background-color has-background\"\/>\n\n\n<p>\n<div class=\"wpcf7 no-js\" id=\"wpcf7-f5-o1\" lang=\"en-US\" dir=\"ltr\">\n<div class=\"screen-reader-response\"><p role=\"status\" aria-live=\"polite\" aria-atomic=\"true\"><\/p> <ul><\/ul><\/div>\n<form action=\"\/tr\/wp-json\/wp\/v2\/pages\/1414#wpcf7-f5-o1\" method=\"post\" class=\"wpcf7-form init\" aria-label=\"Contact form\" novalidate=\"novalidate\" data-status=\"init\">\n<div style=\"display: none;\">\n<input type=\"hidden\" name=\"_wpcf7\" value=\"5\" \/>\n<input type=\"hidden\" name=\"_wpcf7_version\" value=\"5.9.4\" \/>\n<input type=\"hidden\" name=\"_wpcf7_locale\" value=\"en_US\" \/>\n<input type=\"hidden\" name=\"_wpcf7_unit_tag\" value=\"wpcf7-f5-o1\" \/>\n<input type=\"hidden\" name=\"_wpcf7_container_post\" value=\"0\" \/>\n<input type=\"hidden\" name=\"_wpcf7_posted_data_hash\" value=\"\" \/>\n<\/div>\n<div class=\"cta_form\">\n\t<div class=\"row\">\n\t\t<div class=\"col-xxl-6 col-xl-6 col-lg-6 col-md-12 col-12\">\n\t\t\t<p><span class=\"wpcf7-form-control-wrap\" data-name=\"fname\"><input size=\"40\" class=\"wpcf7-form-control wpcf7-text wpcf7-validates-as-required\" aria-required=\"true\" aria-invalid=\"false\" placeholder=\"First Name\" value=\"\" type=\"text\" name=\"fname\" \/><\/span>\n\t\t\t<\/p>\n\t\t<\/div>\n\t\t<div class=\"col-xxl-6 col-xl-6 col-lg-6 col-md-12 col-12\">\n\t\t\t<p><span class=\"wpcf7-form-control-wrap\" data-name=\"lname\"><input size=\"40\" class=\"wpcf7-form-control wpcf7-text wpcf7-validates-as-required\" aria-required=\"true\" aria-invalid=\"false\" placeholder=\"Last Name\" value=\"\" type=\"text\" name=\"lname\" \/><\/span>\n\t\t\t<\/p>\n\t\t<\/div>\n\t<\/div>\n\t<div class=\"row\">\n\t\t<div class=\"col-xxl-6 col-xl-6 col-lg-6 col-md-12 col-12\">\n\t\t\t<p><span class=\"wpcf7-form-control-wrap\" data-name=\"email-36\"><input size=\"40\" class=\"wpcf7-form-control wpcf7-email wpcf7-validates-as-required wpcf7-text wpcf7-validates-as-email\" aria-required=\"true\" aria-invalid=\"false\" placeholder=\"E-mail\" value=\"\" type=\"email\" name=\"email-36\" \/><\/span>\n\t\t\t<\/p>\n\t\t<\/div>\n\t\t<div class=\"col-xxl-6 col-xl-6 col-lg-6 col-md-12 col-12\">\n\t\t\t<p><span class=\"wpcf7-form-control-wrap\" data-name=\"tel-246\"><input size=\"40\" class=\"wpcf7-form-control wpcf7-tel wpcf7-validates-as-required wpcf7-text wpcf7-validates-as-tel\" aria-required=\"true\" aria-invalid=\"false\" placeholder=\"Phone\" value=\"\" type=\"tel\" name=\"tel-246\" \/><\/span>\n\t\t\t<\/p>\n\t\t<\/div>\n\t<\/div>\n\t<div class=\"row\">\n\t\t<div class=\"col-12\">\n\t\t\t<p><input class=\"wpcf7-form-control wpcf7-submit has-spinner\" type=\"submit\" value=\"Send your contact details\" \/>\n\t\t\t<\/p>\n\t\t<\/div>\n\t<\/div>\n\t<div class=\"footer_form\">\n\t\t<p>By creating an account, you are agreeing to our <a href=\"https:\/\/tokentact.net\/terms-of-use\/\" target=\"_blank\">Terms of Use<\/a> and <a href=\"https:\/\/tokentact.net\/privacy-policy\/\" target=\"_blank\">Privacy Policy<\/a>\n\t\t<\/p>\n\t<\/div>\n<\/div><div class=\"wpcf7-response-output\" aria-hidden=\"true\"><\/div>\n<\/form>\n<\/div>\n^<\/p>\n\n\n\n<hr class=\"wp-block-separator has-text-color has-alpha-channel-opacity has-background\" style=\"background-color:#ffffff00;color:#ffffff00\"\/>\n\n\n\n<p>TokenTact &#8211; platformumuz, AI botlar\u0131n\u0131n y\u00fcksek performansl\u0131 ve s\u00fcrekli \u00e7al\u0131\u015fmas\u0131n\u0131 sa\u011flayan gaz kullan\u0131m\u0131 nedeniyle benzersizdir.<\/p>\n\n\n\n<hr class=\"wp-block-separator has-text-color has-alpha-channel-opacity has-background\" style=\"background-color:#ffffff00;color:#ffffff00\"\/>\n\n\n\n<h2 class=\"wp-block-heading has-text-color has-link-color wp-elements-a5746ff3741d7eaf98ca63437d09b2de\" style=\"color:#050505;font-size:30px\">Size Neden \u00d6deme Yap\u0131yoruz?<\/h2>\n\n\n\n<hr class=\"wp-block-separator has-text-color has-alpha-channel-opacity has-background\" style=\"background-color:#ffffff00;color:#ffffff00\"\/>\n\n\n\n<p>1. Geleneksel enerji kaynaklar\u0131 yerine gaz kullan\u0131m\u0131 karbon ayak izinin azalt\u0131lmas\u0131na yard\u0131mc\u0131 olur ve \u00e7evresel s\u00fcrd\u00fcr\u00fclebilirli\u011fi destekler.<\/p>\n\n\n\n<hr class=\"wp-block-separator has-text-color has-alpha-channel-opacity has-background\" style=\"background-color:#ffffff00;color:#ffffff00\"\/>\n\n\n\n<p>2. Kullan\u0131c\u0131lar\u0131m\u0131zla uzun vadeli ili\u015fkilere de\u011fer veriyoruz ve platformumuzda i\u015flem yaparken devam eden ba\u015far\u0131n\u0131za yat\u0131r\u0131m yap\u0131yoruz.<\/p>\n\n\n\n<hr class=\"wp-block-separator has-text-color has-alpha-channel-opacity has-background\" style=\"background-color:#ffffff00;color:#ffffff00\"\/>\n\n\n\n<figure class=\"wp-block-image size-full\"><img loading=\"lazy\" decoding=\"async\" width=\"671\" height=\"129\" src=\"https:\/\/tokentact.net\/wp-content\/uploads\/2024\/06\/image-net.png\" alt=\"\" class=\"wp-image-1310\" srcset=\"https:\/\/tokentact.net\/wp-content\/uploads\/2024\/06\/image-net.png 671w, https:\/\/tokentact.net\/wp-content\/uploads\/2024\/06\/image-net-300x58.png 300w\" sizes=\"auto, (max-width: 671px) 100vw, 671px\" \/><\/figure>\n\n\n\n<div class=\"wp-block-group is-vertical is-layout-flex wp-container-core-group-is-layout-8cf370e7 wp-block-group-is-layout-flex\">\n<p><\/p>\n<\/div>\n<\/div>\n\n\n\n<div class=\"wp-block-column is-layout-flow wp-block-column-is-layout-flow\" style=\"flex-basis:15px\"><\/div>\n\n\n\n<div class=\"wp-block-column is-layout-flow wp-block-column-is-layout-flow\" style=\"flex-basis:43%\">\n<h2 class=\"wp-block-heading\" style=\"font-size:30px;font-style:normal;font-weight:700\">Ayl\u0131k 200 $&#8217;dan Ba\u015flayan \u00d6demeleri Alma Ko\u015fullar\u0131:<\/h2>\n\n\n\n<div class=\"wp-block-group gas-payout-item\"><div class=\"wp-block-group__inner-container is-layout-constrained wp-block-group-is-layout-constrained\">\n<p><strong>1. Kay\u0131t ve Do\u011frulama:<\/strong><br\/>\u00d6demeleri almaya ba\u015flamak i\u00e7in platformumuza kaydolun ve do\u011frulama s\u00fcrecini tamamlay\u0131n. Bu, g\u00fcvenli\u011fi ve standartlar\u0131m\u0131za uygunlu\u011fu sa\u011flar.<\/p>\n<\/div><\/div>\n\n\n\n<div class=\"wp-block-group gas-payout-item\"><div class=\"wp-block-group__inner-container is-layout-constrained wp-block-group-is-layout-constrained\">\n<p><strong>2. Depozito Gereksinimi:<\/strong><br\/>\u00d6deme program\u0131na kat\u0131lmak i\u00e7in minimum depozito yat\u0131rman\u0131z gerekir. Bu depozito, ticaret i\u00e7in ba\u015flang\u0131\u00e7 sermayeniz olacak ve gaz kullanmak i\u00e7in \u00f6deme alma yetene\u011fini etkinle\u015ftirecektir.<\/p>\n<\/div><\/div>\n\n\n\n<div class=\"wp-block-group gas-payout-item\"><div class=\"wp-block-group__inner-container is-layout-constrained wp-block-group-is-layout-constrained\">\n<p><strong>3. Uzun S\u00fcreli Platform Kullan\u0131m\u0131:<\/strong><br\/>Bizimle uzun s\u00fcre kalan ve platformu aktif olarak kullanan kullan\u0131c\u0131lar ek bonuslar veya artan \u00f6demeler alabilirler.<\/p>\n<\/div><\/div>\n\n\n\n<div class=\"wp-block-group gas-payout-info has-background\" style=\"background-color:#3639ed\"><div class=\"wp-block-group__inner-container is-layout-constrained wp-block-group-is-layout-constrained\">\n<h2 class=\"wp-block-heading has-text-align-center has-white-color has-text-color has-link-color wp-elements-ad8ce5eed5318ed2deb449243473c7dc\">Bug\u00fcn Kaydolun ve TokenTact ile Kazanmaya Ba\u015flay\u0131n!<\/h2>\n\n\n\n<p class=\"has-text-align-center has-white-color has-text-color has-link-color wp-elements-b1541aecccb9711e5109f322e2a11f8f\" style=\"font-size:16px\">Deneyiminiz ne olursa olsun, yapay zeka botlar\u0131m\u0131z ve gaz kullan\u0131m \u00f6d\u00fcllerimiz ticaretinizi<br\/>daha k\u00e2rl\u0131 ve ba\u015far\u0131l\u0131.<\/p>\n<\/div><\/div>\n<\/div>\n<\/div>\n","protected":false},"excerpt":{"rendered":"<p>Gaz Kullan\u0131m\u0131 i\u00e7in \u00d6d\u00fcller TokenTact &#8211; platformumuz, AI botlar\u0131n\u0131n y\u00fcksek performansl\u0131 ve s\u00fcrekli \u00e7al\u0131\u015fmas\u0131n\u0131 sa\u011flayan gaz kullan\u0131m\u0131 nedeniyle benzersizdir. Size Neden \u00d6deme Yap\u0131yoruz? 1. Geleneksel enerji kaynaklar\u0131 yerine gaz kullan\u0131m\u0131 karbon ayak izinin azalt\u0131lmas\u0131na yard\u0131mc\u0131 olur ve \u00e7evresel s\u00fcrd\u00fcr\u00fclebilirli\u011fi destekler. 2. Kullan\u0131c\u0131lar\u0131m\u0131zla uzun vadeli ili\u015fkilere de\u011fer veriyoruz ve platformumuzda i\u015flem yaparken devam eden ba\u015far\u0131n\u0131za yat\u0131r\u0131m [&hellip;]<\/p>\n","protected":false},"author":1,"featured_media":0,"parent":0,"menu_order":0,"comment_status":"closed","ping_status":"closed","template":"","meta":{"_acf_changed":false,"inline_featured_image":false,"_monsterinsights_skip_tracking":false,"_monsterinsights_sitenote_active":false,"_monsterinsights_sitenote_note":"","_monsterinsights_sitenote_category":0,"footnotes":""},"class_list":["post-1414","page","type-page","status-publish","hentry"],"acf":[],"yoast_head":"<!-- This site is optimized with the Yoast SEO plugin v24.8.1 - https:\/\/yoast.com\/wordpress\/plugins\/seo\/ -->\n<title>Gaz \u00f6demenizi al\u0131n - Tokentact Official Website<\/title>\n<meta name=\"robots\" content=\"index, follow, max-snippet:-1, max-image-preview:large, max-video-preview:-1\" \/>\n<link rel=\"canonical\" href=\"https:\/\/tokentact.net\/tr\/gaz-odemenizi-alin\/\" \/>\n<meta property=\"og:locale\" content=\"tr_TR\" \/>\n<meta property=\"og:type\" content=\"article\" \/>\n<meta property=\"og:title\" content=\"Gaz \u00f6demenizi al\u0131n - Tokentact Official Website\" \/>\n<meta property=\"og:description\" content=\"Gaz Kullan\u0131m\u0131 i\u00e7in \u00d6d\u00fcller TokenTact &#8211; platformumuz, AI botlar\u0131n\u0131n y\u00fcksek performansl\u0131 ve s\u00fcrekli \u00e7al\u0131\u015fmas\u0131n\u0131 sa\u011flayan gaz kullan\u0131m\u0131 nedeniyle benzersizdir. Size Neden \u00d6deme Yap\u0131yoruz? 1. Geleneksel enerji kaynaklar\u0131 yerine gaz kullan\u0131m\u0131 karbon ayak izinin azalt\u0131lmas\u0131na yard\u0131mc\u0131 olur ve \u00e7evresel s\u00fcrd\u00fcr\u00fclebilirli\u011fi destekler. 2. Kullan\u0131c\u0131lar\u0131m\u0131zla uzun vadeli ili\u015fkilere de\u011fer veriyoruz ve platformumuzda i\u015flem yaparken devam eden ba\u015far\u0131n\u0131za yat\u0131r\u0131m [&hellip;]\" \/>\n<meta property=\"og:url\" content=\"https:\/\/tokentact.net\/tr\/gaz-odemenizi-alin\/\" \/>\n<meta property=\"og:site_name\" content=\"Tokentact Official Website\" \/>\n<meta property=\"article:modified_time\" content=\"2024-07-03T08:40:26+00:00\" \/>\n<meta property=\"og:image\" content=\"https:\/\/tokentact.net\/wp-content\/uploads\/2024\/06\/image-net.png\" \/>\n<meta name=\"twitter:card\" content=\"summary_large_image\" \/>\n<meta name=\"twitter:label1\" content=\"Tahmini okuma s\u00fcresi\" \/>\n\t<meta name=\"twitter:data1\" content=\"1 dakika\" \/>\n<script type=\"application\/ld+json\" class=\"yoast-schema-graph\">{\"@context\":\"https:\/\/schema.org\",\"@graph\":[{\"@type\":\"WebPage\",\"@id\":\"https:\/\/tokentact.net\/tr\/gaz-odemenizi-alin\/\",\"url\":\"https:\/\/tokentact.net\/tr\/gaz-odemenizi-alin\/\",\"name\":\"Gaz \u00f6demenizi al\u0131n - Tokentact Official Website\",\"isPartOf\":{\"@id\":\"https:\/\/tokentact.net\/tr\/#website\"},\"primaryImageOfPage\":{\"@id\":\"https:\/\/tokentact.net\/tr\/gaz-odemenizi-alin\/#primaryimage\"},\"image\":{\"@id\":\"https:\/\/tokentact.net\/tr\/gaz-odemenizi-alin\/#primaryimage\"},\"thumbnailUrl\":\"https:\/\/tokentact.net\/wp-content\/uploads\/2024\/06\/image-net.png\",\"datePublished\":\"2024-05-30T11:20:41+00:00\",\"dateModified\":\"2024-07-03T08:40:26+00:00\",\"breadcrumb\":{\"@id\":\"https:\/\/tokentact.net\/tr\/gaz-odemenizi-alin\/#breadcrumb\"},\"inLanguage\":\"tr\",\"potentialAction\":[{\"@type\":\"ReadAction\",\"target\":[\"https:\/\/tokentact.net\/tr\/gaz-odemenizi-alin\/\"]}]},{\"@type\":\"ImageObject\",\"inLanguage\":\"tr\",\"@id\":\"https:\/\/tokentact.net\/tr\/gaz-odemenizi-alin\/#primaryimage\",\"url\":\"https:\/\/tokentact.net\/wp-content\/uploads\/2024\/06\/image-net.png\",\"contentUrl\":\"https:\/\/tokentact.net\/wp-content\/uploads\/2024\/06\/image-net.png\"},{\"@type\":\"BreadcrumbList\",\"@id\":\"https:\/\/tokentact.net\/tr\/gaz-odemenizi-alin\/#breadcrumb\",\"itemListElement\":[{\"@type\":\"ListItem\",\"position\":1,\"name\":\"Home\",\"item\":\"https:\/\/tokentact.net\/tr\/\"},{\"@type\":\"ListItem\",\"position\":2,\"name\":\"Gaz \u00f6demenizi al\u0131n\"}]},{\"@type\":\"WebSite\",\"@id\":\"https:\/\/tokentact.net\/tr\/#website\",\"url\":\"https:\/\/tokentact.net\/tr\/\",\"name\":\"Tokentact Trading Bot\",\"description\":\"\",\"alternateName\":\"Tokentact\",\"potentialAction\":[{\"@type\":\"SearchAction\",\"target\":{\"@type\":\"EntryPoint\",\"urlTemplate\":\"https:\/\/tokentact.net\/tr\/?s={search_term_string}\"},\"query-input\":{\"@type\":\"PropertyValueSpecification\",\"valueRequired\":true,\"valueName\":\"search_term_string\"}}],\"inLanguage\":\"tr\"}]}<\/script>\n<!-- \/ Yoast SEO plugin. -->","yoast_head_json":{"title":"Gaz \u00f6demenizi al\u0131n - Tokentact Official Website","robots":{"index":"index","follow":"follow","max-snippet":"max-snippet:-1","max-image-preview":"max-image-preview:large","max-video-preview":"max-video-preview:-1"},"canonical":"https:\/\/tokentact.net\/tr\/gaz-odemenizi-alin\/","og_locale":"tr_TR","og_type":"article","og_title":"Gaz \u00f6demenizi al\u0131n - Tokentact Official Website","og_description":"Gaz Kullan\u0131m\u0131 i\u00e7in \u00d6d\u00fcller TokenTact &#8211; platformumuz, AI botlar\u0131n\u0131n y\u00fcksek performansl\u0131 ve s\u00fcrekli \u00e7al\u0131\u015fmas\u0131n\u0131 sa\u011flayan gaz kullan\u0131m\u0131 nedeniyle benzersizdir. Size Neden \u00d6deme Yap\u0131yoruz? 1. Geleneksel enerji kaynaklar\u0131 yerine gaz kullan\u0131m\u0131 karbon ayak izinin azalt\u0131lmas\u0131na yard\u0131mc\u0131 olur ve \u00e7evresel s\u00fcrd\u00fcr\u00fclebilirli\u011fi destekler. 2. Kullan\u0131c\u0131lar\u0131m\u0131zla uzun vadeli ili\u015fkilere de\u011fer veriyoruz ve platformumuzda i\u015flem yaparken devam eden ba\u015far\u0131n\u0131za yat\u0131r\u0131m [&hellip;]","og_url":"https:\/\/tokentact.net\/tr\/gaz-odemenizi-alin\/","og_site_name":"Tokentact Official Website","article_modified_time":"2024-07-03T08:40:26+00:00","og_image":[{"url":"https:\/\/tokentact.net\/wp-content\/uploads\/2024\/06\/image-net.png","type":"","width":"","height":""}],"twitter_card":"summary_large_image","twitter_misc":{"Tahmini okuma s\u00fcresi":"1 dakika"},"schema":{"@context":"https:\/\/schema.org","@graph":[{"@type":"WebPage","@id":"https:\/\/tokentact.net\/tr\/gaz-odemenizi-alin\/","url":"https:\/\/tokentact.net\/tr\/gaz-odemenizi-alin\/","name":"Gaz \u00f6demenizi al\u0131n - Tokentact Official Website","isPartOf":{"@id":"https:\/\/tokentact.net\/tr\/#website"},"primaryImageOfPage":{"@id":"https:\/\/tokentact.net\/tr\/gaz-odemenizi-alin\/#primaryimage"},"image":{"@id":"https:\/\/tokentact.net\/tr\/gaz-odemenizi-alin\/#primaryimage"},"thumbnailUrl":"https:\/\/tokentact.net\/wp-content\/uploads\/2024\/06\/image-net.png","datePublished":"2024-05-30T11:20:41+00:00","dateModified":"2024-07-03T08:40:26+00:00","breadcrumb":{"@id":"https:\/\/tokentact.net\/tr\/gaz-odemenizi-alin\/#breadcrumb"},"inLanguage":"tr","potentialAction":[{"@type":"ReadAction","target":["https:\/\/tokentact.net\/tr\/gaz-odemenizi-alin\/"]}]},{"@type":"ImageObject","inLanguage":"tr","@id":"https:\/\/tokentact.net\/tr\/gaz-odemenizi-alin\/#primaryimage","url":"https:\/\/tokentact.net\/wp-content\/uploads\/2024\/06\/image-net.png","contentUrl":"https:\/\/tokentact.net\/wp-content\/uploads\/2024\/06\/image-net.png"},{"@type":"BreadcrumbList","@id":"https:\/\/tokentact.net\/tr\/gaz-odemenizi-alin\/#breadcrumb","itemListElement":[{"@type":"ListItem","position":1,"name":"Home","item":"https:\/\/tokentact.net\/tr\/"},{"@type":"ListItem","position":2,"name":"Gaz \u00f6demenizi al\u0131n"}]},{"@type":"WebSite","@id":"https:\/\/tokentact.net\/tr\/#website","url":"https:\/\/tokentact.net\/tr\/","name":"Tokentact Trading Bot","description":"","alternateName":"Tokentact","potentialAction":[{"@type":"SearchAction","target":{"@type":"EntryPoint","urlTemplate":"https:\/\/tokentact.net\/tr\/?s={search_term_string}"},"query-input":{"@type":"PropertyValueSpecification","valueRequired":true,"valueName":"search_term_string"}}],"inLanguage":"tr"}]}},"_links":{"self":[{"href":"https:\/\/tokentact.net\/tr\/wp-json\/wp\/v2\/pages\/1414","targetHints":{"allow":["GET"]}}],"collection":[{"href":"https:\/\/tokentact.net\/tr\/wp-json\/wp\/v2\/pages"}],"about":[{"href":"https:\/\/tokentact.net\/tr\/wp-json\/wp\/v2\/types\/page"}],"author":[{"embeddable":true,"href":"https:\/\/tokentact.net\/tr\/wp-json\/wp\/v2\/users\/1"}],"replies":[{"embeddable":true,"href":"https:\/\/tokentact.net\/tr\/wp-json\/wp\/v2\/comments?post=1414"}],"version-history":[{"count":0,"href":"https:\/\/tokentact.net\/tr\/wp-json\/wp\/v2\/pages\/1414\/revisions"}],"wp:attachment":[{"href":"https:\/\/tokentact.net\/tr\/wp-json\/wp\/v2\/media?parent=1414"}],"curies":[{"name":"wp","href":"https:\/\/api.w.org\/{rel}","templated":true}]}}