{"id":208,"date":"2024-02-02T16:05:16","date_gmt":"2024-02-02T16:05:16","guid":{"rendered":"https:\/\/tokentact.net\/anvandarvillkor\/"},"modified":"2024-07-03T09:12:26","modified_gmt":"2024-07-03T09:12:26","slug":"anvandarvillkor","status":"publish","type":"page","link":"https:\/\/tokentact.net\/sv\/anvandarvillkor\/","title":{"rendered":"Anv\u00e4ndarvillkor"},"content":{"rendered":"\n<h1 class=\"wp-block-heading\">Villkor och best\u00e4mmelser<\/h1>\n\n<h2 class=\"wp-block-heading\">1. Allm\u00e4nt<\/h2>\n\n<p>1.1. V\u00e4lkommen till <a href=\"https:\/\/tokentact.net\/sv\/\">https:\/\/tokentact.net\/<\/a> (&#8221;Webbplatsen&#8221;).<\/p>\n\n<p>V\u00e5r e-post <a href=\"mailto:info@tokentact.net\">info@tokentact.net<\/a><\/p>\n\n<p>1.2. Webbplatsen inneh\u00e5ller information om tredjepartsplattformar ( <strong>&#8221;Tredjepartsplattformarna&#8221;<\/strong>) f\u00f6r handel ( <strong>&#8221;Tj\u00e4nsterna<\/strong>&#8221;).<\/p>\n\n<p>1.3. Dessa anv\u00e4ndarvillkor (&#8221; <strong>Villkoren&#8221;<\/strong>) reglerar din (&#8221;<strong>Du<\/strong>&#8221;, <strong>&#8221;Din<\/strong> &#8221; eller <strong>&#8221;Anv\u00e4ndaren<\/strong>&#8221;) anv\u00e4ndning av Webbplatsen eller Tj\u00e4nsterna. Dessa villkor b\u00f6r l\u00e4sas noggrant av dig i sin helhet innan du anv\u00e4nder tj\u00e4nsterna. Observera att dessa villkor utg\u00f6r ett juridiskt bindande avtal mellan dig och webbplatsens operat\u00f6r, och att om du inte samtycker till n\u00e5gon best\u00e4mmelse i dessa villkor ska du omedelbart upph\u00f6ra att anv\u00e4nda webbplatsen. Genom att anv\u00e4nda webbplatsen godk\u00e4nner du villkoren, som \u00e4ndras fr\u00e5n tid till annan.<\/p>\n\n<p>Dessa villkor inneh\u00e5ller v\u00e5r integritetspolicy och genom att godk\u00e4nna dessa villkor bekr\u00e4ftar du att du ocks\u00e5 accepterar och godk\u00e4nner v\u00e5r integritetspolicy (du kan l\u00e4sa v\u00e5r integritetspolicy genom att <a href=\"https:\/\/tokentact.co\/privacy-policy\/\">klicka h\u00e4r<\/a>).<\/p>\n\n<h2 class=\"wp-block-heading\">2. Beh\u00f6righet<\/h2>\n\n<p>2.1. Du har endast r\u00e4tt att anv\u00e4nda webbplatsen om du uppfyller alla f\u00f6ljande villkor:<\/p>\n\n<p>2.1.1. Du \u00e4r minst 18 \u00e5r gammal;<\/p>\n\n<p>2.1.2. Du har r\u00e4tt, befogenhet och kapacitet att ing\u00e5 dessa villkor och att f\u00f6lja alla villkor i dessa villkor;<\/p>\n\n<p>2.1.3. Du \u00e4r inte f\u00f6rbjuden att anv\u00e4nda webbplatsen och\/eller tj\u00e4nsterna enligt lagarna i det land d\u00e4r du bor eller befinner dig n\u00e4r du anv\u00e4nder webbplatsen.<\/p>\n\n<p>2.2. Vi g\u00f6r inga utf\u00e4stelser eller garantier, uttryckliga eller underf\u00f6rst\u00e5dda, ang\u00e5ende lagligheten av webbplatsen och\/eller tj\u00e4nsterna och\/eller av n\u00e5gon persons anv\u00e4ndning av webbplatsen och\/eller tj\u00e4nsterna, och ska inte vara ansvariga f\u00f6r n\u00e5gon olaglig anv\u00e4ndning av webbplatsen och\/eller tj\u00e4nsterna av anv\u00e4ndaren.<\/p>\n\n<h2 class=\"wp-block-heading\">3. Begr\u00e4nsade territorier<\/h2>\n\n<p>3.1. Utan att g\u00f6ra avkall p\u00e5 det f\u00f6reg\u00e5ende kan vi, efter eget gottfinnande, begr\u00e4nsa tillg\u00e4ngligheten till webbplatsen och\/eller tj\u00e4nsterna (eller n\u00e5gon del d\u00e4rav) till: (i) alla Anv\u00e4ndare i alla territorier ( <strong>&#8221;Begr\u00e4nsade Territorier&#8221;<\/strong>), och (ii) som Vi rimligen tror kan uts\u00e4tta oss f\u00f6r juridiska, regulatoriska, ryktesm\u00e4ssiga eller ekonomiska risker.<\/p>\n\n<p>3.2. Vi kan inf\u00f6ra ytterligare krav eller villkor innan vi accepterar Anv\u00e4ndare som \u00e4r bosatta i eller fr\u00e5n specifika l\u00e4nder efter eget gottfinnande. Vidare medges att om n\u00e5gon Anv\u00e4ndare reser till de Begr\u00e4nsade territorierna kan Webbplatsen och\/eller Tj\u00e4nsterna vara otillg\u00e4ngliga och\/eller blockerade d\u00e4r.<\/p>\n\n<h2 class=\"wp-block-heading\">4. F\u00f6rbjudna aktiviteter<\/h2>\n\n<p>4.1. Du \u00e5tar dig att anv\u00e4nda webbplatsen och tj\u00e4nsterna p\u00e5 ett respektfullt s\u00e4tt, och du \u00e5tar dig att inte g\u00f6ra det:<\/p>\n\n<p>4.1.1. l\u00e4nka till webbplatsen och\/eller anv\u00e4nda webbplatsen i syfte att ladda upp, ladda ner, distribuera, publicera eller \u00f6verf\u00f6ra (a) information eller annat material p\u00e5 ett s\u00e4tt som kr\u00e4nker n\u00e5gra r\u00e4ttigheter, inklusive immateriella r\u00e4ttigheter, integritetsskydd eller n\u00e5gon annan r\u00e4ttighet; (b) information eller annat material som \u00e4r f\u00f6rbjudet att publicera eller anv\u00e4nda eftersom det utg\u00f6r hot, skada, f\u00f6rol\u00e4mpning, f\u00f6rtal, \u00e4rekr\u00e4nkning, rasism eller ol\u00e4mpligt inneh\u00e5ll; (c) information eller annat material som inneh\u00e5ller ett virus eller annan programvara som kan skada v\u00e5ra datorsystem eller n\u00e5gon tredje part eller p\u00e5 ett s\u00e4tt som kan begr\u00e4nsa eller hindra andra fr\u00e5n att anv\u00e4nda webbplatsen; (d) information eller annat material som bryter mot n\u00e5gon lag, eller (e) information eller annat material som inneh\u00e5ller reklam av n\u00e5got slag utan v\u00e5rt f\u00f6reg\u00e5ende skriftliga tillst\u00e5nd;<\/p>\n\n<p>4.1.2. Ta bort eller \u00e4ndra n\u00e5gra tillskrivningar, juridiska meddelanden eller andra \u00e4gander\u00e4ttsliga beteckningar eller etiketter p\u00e5 webbplatsen;<\/p>\n\n<p>4.1.3. Anv\u00e4nda tj\u00e4nsterna med hj\u00e4lp av n\u00e5got annat gr\u00e4nssnitt \u00e4n webbplatsen;<\/p>\n\n<p>4.1.4. st\u00f6ra andra anv\u00e4ndares anv\u00e4ndning av webbplatsen och\/eller tj\u00e4nsterna;<\/p>\n\n<p>4.1.5. Anv\u00e4nda robotar eller andra automatiserade metoder f\u00f6r att komma \u00e5t eller anv\u00e4nda webbplatsen och\/eller tj\u00e4nsterna;<\/p>\n\n<p>4.1.6. Ladda upp eller \u00f6verf\u00f6ra (eller f\u00f6rs\u00f6k att ladda upp eller \u00f6verf\u00f6ra), utan v\u00e5rt uttryckliga tillst\u00e5nd, n\u00e5got material som fungerar som en passiv eller aktiv informationsinsamling eller \u00f6verf\u00f6ringsmekanism, inklusive, utan begr\u00e4nsning, webb buggar, cookies eller andra liknande spyware-enheter;<\/p>\n\n<p>4.1.7. Delta i &#8221;inramning&#8221;, &#8221;spegling&#8221; eller p\u00e5 annat s\u00e4tt simulera utseendet eller funktionen hos Tj\u00e4nsterna;<\/p>\n\n<p>4.1.8. Bryta mot till\u00e4mpliga lagar eller best\u00e4mmelser, uppmuntra eller fr\u00e4mja olaglig verksamhet, inklusive, men inte begr\u00e4nsat till, intr\u00e5ng i upphovsr\u00e4tt, varum\u00e4rkesintr\u00e5ng, \u00e4rekr\u00e4nkning, intr\u00e5ng i privatlivet, identitetsst\u00f6ld, hackning, cracking eller distribution av f\u00f6rfalskad programvara;<\/p>\n\n<p>4.1.9. G\u00f6ra n\u00e5gra \u00e4ndringar och\/eller p\u00e5 n\u00e5got s\u00e4tt st\u00f6ra webbplatsens k\u00e4llkod och ladda upp n\u00e5gon programvara och\/eller applikation som kan skada eller orsaka skada p\u00e5 webbplatsen eller n\u00e5gon annan tredje part;<\/p>\n\n<p>4.1.10. Demontera, dekompilera eller p\u00e5 annat s\u00e4tt bak\u00e5tutveckla n\u00e5gon programvara eller annan teknik som ing\u00e5r i webbplatsen eller som anv\u00e4nds f\u00f6r att tillhandah\u00e5lla tj\u00e4nsterna.<\/p>\n\n<p>4.2. Du bekr\u00e4ftar att utan att det p\u00e5verkar n\u00e5gon annan r\u00e4ttighet vi kan ha, om vi \u00e4r oroade \u00f6ver att din anv\u00e4ndning av webbplatsen inte \u00f6verensst\u00e4mmer med best\u00e4mmelserna i dessa villkor eller n\u00e5gon till\u00e4mplig lag, kan vi sp\u00e5ra din anv\u00e4ndning av webbplatsen eller tj\u00e4nsterna, f\u00f6rhindra dig fr\u00e5n att komma \u00e5t webbplatsen, \u00f6verf\u00f6ra dina beteendem\u00f6nster p\u00e5 webbplatsen till tredje part och alla andra \u00e5tg\u00e4rder vi kan anse l\u00e4mpliga f\u00f6r att skydda dess egendom och\/eller r\u00e4ttigheter och\/eller tredje parts r\u00e4ttigheter.<\/p>\n\n<h3 class=\"wp-block-heading\">5. Immateriella r\u00e4ttigheter<\/h3>\n\n<p>5.1. Webbplatsen och dess inneh\u00e5ll, inklusive videomaterial, text, foton, logotyper, m\u00f6nster, musik, ljud, figurer, varum\u00e4rken och allt annat inneh\u00e5ll som ing\u00e5r i webbplatsen skyddas av v\u00e5ra eller tredje parts immateriella r\u00e4ttigheter.<\/p>\n\n<p>5.2. Mellan oss och anv\u00e4ndaren beh\u00e5ller vi alla r\u00e4ttigheter, titlar och intressen i och till webbplatsen och tj\u00e4nsterna. Anv\u00e4ndningen av webbplatsen och\/eller tj\u00e4nsterna ger inte anv\u00e4ndaren n\u00e5gon av de immateriella r\u00e4ttigheter som ing\u00e5r i webbplatsen och\/eller tj\u00e4nsterna, annat \u00e4n r\u00e4tten att anv\u00e4nda webbplatsen och\/eller tj\u00e4nsterna i enlighet med villkoren i dessa villkor.<\/p>\n\n<p>5.3. Anv\u00e4ndaren f\u00e5r endast anv\u00e4nda webbplatsen och\/eller tj\u00e4nsterna f\u00f6r personligt och icke-kommersiellt bruk.<\/p>\n\n<p>5.4. Du f\u00e5r inte, och du f\u00e5r inte till\u00e5ta n\u00e5gon annan part att modifiera, dekompilera, demontera, bak\u00e5tkompilera, kopiera, \u00f6verf\u00f6ra, skapa h\u00e4rledda verk fr\u00e5n, hyra ut, underlicensiera, distribuera, reproducera inramat, \u00e5terpublicera, skrapa, ladda ner, visa, \u00f6verf\u00f6ra, posta, hyra ut eller s\u00e4lja i n\u00e5gon form eller p\u00e5 n\u00e5got s\u00e4tt, helt eller delvis, anv\u00e4nda f\u00f6r n\u00e5got annat \u00e4ndam\u00e5l \u00e4n f\u00f6r att anv\u00e4nda webbplatsen eller tj\u00e4nsterna i enlighet med villkoren eller p\u00e5 annat s\u00e4tt utnyttja n\u00e5got av inneh\u00e5llet p\u00e5 webbplatsen utan v\u00e5rt uttryckliga skriftliga tillst\u00e5nd i f\u00f6rv\u00e4g.<\/p>\n\n<h3 class=\"wp-block-heading\">6. Begr\u00e4nsning av ansvar<\/h3>\n\n<p>6.1. Din anv\u00e4ndning av webbplatsen och\/eller tj\u00e4nsterna sker p\u00e5 egen risk. I den utstr\u00e4ckning som lagen till\u00e5ter friskriver vi oss fr\u00e5n alla garantier, uttryckliga eller underf\u00f6rst\u00e5dda, i samband med webbplatsen och tj\u00e4nsterna och din anv\u00e4ndning av dessa, inklusive underf\u00f6rst\u00e5dda garantier f\u00f6r s\u00e4ljbarhet, \u00e4gander\u00e4tt, l\u00e4mplighet f\u00f6r ett visst \u00e4ndam\u00e5l eller icke-intr\u00e5ng, anv\u00e4ndbarhet, auktoritet, noggrannhet, fullst\u00e4ndighet och aktualitet. F\u00f6ljaktligen tillhandah\u00e5lls tj\u00e4nsterna, inklusive allt inneh\u00e5ll och alla funktioner som g\u00f6rs tillg\u00e4ngliga p\u00e5 eller n\u00e5s via eller skickas fr\u00e5n webbplatsen, &#8221;i befintligt skick&#8221;, &#8221;som tillg\u00e4ngligt&#8221; och &#8221;med alla fel&#8221;.<\/p>\n\n<p>6.2. Utan att avvika fr\u00e5n det f\u00f6reg\u00e5ende tar vi ingen ansvarsskyldighet eller ansvar f\u00f6r n\u00e5gon (a) fel, misstag eller felaktigheter i n\u00e5got inneh\u00e5ll som ing\u00e5r p\u00e5 webbplatsen; (b) avbrott eller upph\u00f6rande av \u00f6verf\u00f6ring till eller fr\u00e5n webbplatsen eller via tj\u00e4nsterna; (c) eventuella buggar, virus, trojanska h\u00e4star eller liknande som kan \u00f6verf\u00f6ras till eller via webbplatsen eller tj\u00e4nsterna av n\u00e5gon tredje part.<\/p>\n\n<p>6.3. Du samtycker till att h\u00e5lla oss skadesl\u00f6sa f\u00f6r eventuella f\u00f6rluster som orsakas, direkt eller indirekt, till dig och\/eller till n\u00e5gon annan tredje part, med avseende p\u00e5 webbplatsen och\/eller tj\u00e4nsterna och du ska b\u00e4ra det fulla ansvaret f\u00f6r alla dina beslut som fattas genom att f\u00f6rlita sig p\u00e5 inneh\u00e5llet p\u00e5 webbplatsen och\/eller tj\u00e4nsterna.<\/p>\n\n<p>6.4. Under inga omst\u00e4ndigheter kommer vi att vara ansvariga gentemot dig eller n\u00e5gon tredje part f\u00f6r n\u00e5gra som helst speciella, direkta, indirekta, tillf\u00e4lliga, s\u00e4rskilda, straffande eller f\u00f6ljdskador, inklusive f\u00f6rlorad vinst eller f\u00f6rlorade data som h\u00e4rr\u00f6r fr\u00e5n din anv\u00e4ndning av webbplatsen och\/eller tj\u00e4nsterna eller annat material p\u00e5, \u00e5tkomst via eller nedladdning fr\u00e5n webbplatsen eller som en del av tj\u00e4nsterna, oavsett om det baseras p\u00e5 garanti, kontrakt, skadest\u00e5nd eller annan juridisk teori, och oavsett om vi har informerats om m\u00f6jligheten f\u00f6r dessa skador och i fall d\u00e4r r\u00e4ttslig myndighet finner oss ansvariga, ska dess ansvar inte \u00f6verstiga 100 USD. Ovanst\u00e5ende begr\u00e4nsning av ansvar ska g\u00e4lla i den utstr\u00e4ckning som till\u00e5ts enligt lag i till\u00e4mplig jurisdiktion.<\/p>\n\n<p>6.5. Vi ansvarar inte f\u00f6r eventuella problem eller tekniska fel p\u00e5 telefon- eller n\u00e4tverkslinjer, datasystem, servrar eller leverant\u00f6rer, maskinvara, programvara, fel p\u00e5 grund av tekniska problem eller trafikstockning p\u00e5 internet (eller otillg\u00e4nglighet p\u00e5 internet) eller inkompatibilitet mellan webbplatsen eller tj\u00e4nsterna och din webbl\u00e4sare och\/eller annan utrustning. Utan att avvika fr\u00e5n det allm\u00e4nna inneh\u00e5llet i ovanst\u00e5ende tar vi inte p\u00e5 oss n\u00e5got ansvar eller n\u00e5gon risk f\u00f6r din anv\u00e4ndning av internet.<\/p>\n\n<h3 class=\"wp-block-heading\">7. Tj\u00e4nster eller inneh\u00e5ll fr\u00e5n tredje part<\/h3>\n\n<p>7.1. N\u00e4r du anv\u00e4nder Tj\u00e4nsterna kan du se inneh\u00e5ll eller tj\u00e4nster som tillhandah\u00e5lls av tredje part, inklusive annonser och recensioner om Tredjepartsplattformarna.<\/p>\n\n<p>7.2. Vi varken kontrollerar, st\u00f6der eller antar s\u00e5dant inneh\u00e5ll eller s\u00e5dana tj\u00e4nster, och det \u00e4r inte s\u00e4kert att de alltid \u00e4r korrekta eller aktuella.<\/p>\n\n<p>7.3. Vi rekommenderar d\u00e4rf\u00f6r att du sj\u00e4lvst\u00e4ndigt verifierar all information innan du f\u00f6rlitar dig p\u00e5 den, och alla beslut eller \u00e5tg\u00e4rder som vidtas baserat p\u00e5 s\u00e5dan information \u00e4r ditt eget ansvar.<\/p>\n\n<h3 class=\"wp-block-heading\">8. L\u00e4nkar<\/h3>\n\n<p>8.1. Webbplatsen kan inneh\u00e5lla l\u00e4nkar, inneh\u00e5ll, annonser, kampanjer, logotyper och annat material fr\u00e5n andra webbplatser eller programvara som kontrolleras eller erbjuds av tredje part (&#8221;L\u00e4nkarna&#8221;). Vi varnar dig f\u00f6r att s\u00e4kerst\u00e4lla att du f\u00f6rst\u00e5r riskerna med att anv\u00e4nda s\u00e5dana webbplatser, programvara eller material innan du h\u00e4mtar, anv\u00e4nder, f\u00f6rlitar dig p\u00e5 eller k\u00f6per n\u00e5got via dessa webbplatser eller programvara, eller baserat p\u00e5 s\u00e5dant material. S\u00e5dana l\u00e4nkar tillhandah\u00e5lls endast f\u00f6r din bekv\u00e4mlighet, och du samtycker till att du under inga omst\u00e4ndigheter h\u00e5ller oss ansvariga f\u00f6r f\u00f6rlust eller skada som orsakas av anv\u00e4ndning av eller beroende av inneh\u00e5ll, varor eller tj\u00e4nster som finns p\u00e5 andra webbplatser eller programvara.<\/p>\n\n<p>8.2. Att l\u00e4nkar finns med p\u00e5 webbplatsen \u00e4r inte ett st\u00f6d, godk\u00e4nnande, sponsring, anknytning eller n\u00e5gon annan koppling mellan oss och dessa webbplatser, programvaror eller deras operat\u00f6rer.<\/p>\n\n<p>8.3. Vi har inte granskat n\u00e5gon eller alla s\u00e5dana l\u00e4nkar och \u00e4r inte ansvariga f\u00f6r n\u00e5got av inneh\u00e5llet p\u00e5 de webbplatser eller programvaror som h\u00e4nvisas till d\u00e4r. Vi varnar dig f\u00f6r att s\u00e4kerst\u00e4lla att du f\u00f6rst\u00e5r riskerna med att anv\u00e4nda s\u00e5dana webbplatser eller programvara innan du h\u00e4mtar, anv\u00e4nder, f\u00f6rlitar dig p\u00e5 eller k\u00f6per n\u00e5got via dessa webbplatser eller programvara. Under inga omst\u00e4ndigheter kommer du att h\u00e5lla oss ansvariga f\u00f6r f\u00f6rlust eller skada som orsakas av anv\u00e4ndning av eller beroende av inneh\u00e5ll, varor eller tj\u00e4nster som finns tillg\u00e4ngliga p\u00e5 andra webbplatser.<\/p>\n\n<p>8.4. Det \u00e4r ditt ansvar att granska villkoren och policyerna f\u00f6r en s\u00e5dan tredje parts webbplats, och vi rekommenderar starkt att du noggrant granskar dessa innan du interagerar med s\u00e5dana tredje parter<\/p>\n\n<h3 class=\"wp-block-heading\">9. \u00d6vrigt<\/h3>\n\n<p>9.1. Vi kan, efter eget gottfinnande, fr\u00e5n tid till annan \u00e4ndra, modifiera eller avbryta n\u00e5gon av Tj\u00e4nsterna och\/eller introducera nya Tj\u00e4nster. Vi ska inte h\u00e5llas ansvariga f\u00f6r eventuella f\u00f6rluster som ni lider till f\u00f6ljd av s\u00e5dana \u00e4ndringar och ni ska inte ha n\u00e5gra anspr\u00e5k mot oss i detta avseende.<\/p>\n\n<p>9.2. Vi kan komma att \u00e4ndra dessa villkor fr\u00e5n tid till annan. N\u00e4r vi g\u00f6r det kommer vi att meddela dig genom att publicera den senaste versionen och \u00e4ndra datumet h\u00f6gst upp p\u00e5 denna sida och eventuella \u00e4ndringar ska tr\u00e4da i kraft omedelbart efter s\u00e5dan publicering. Genom att forts\u00e4tta anv\u00e4nda webbplatsen efter att eventuella \u00e4ndringar tr\u00e4tt i kraft anses du godk\u00e4nna de reviderade villkoren.<\/p>\n\n<p>9.3. Anv\u00e4ndaren samtycker till att \u00f6verf\u00f6ring av information till eller fr\u00e5n webbplatsen inte skapar n\u00e5gon relation som avviker fr\u00e5n de som anges i dessa villkor.<\/p>\n\n<p>9.4. Dessa Villkor och Integritetspolicyn, med \u00e4ndringar fr\u00e5n tid till annan, utg\u00f6r de enda giltiga avtalen mellan Oss och Anv\u00e4ndaren, och ingen representation, l\u00f6fte, samtycke eller \u00e5tagande, vare sig skriftligt eller muntligt, som inte ing\u00e5r i Villkoren eller Integritetspolicyn kommer att vara bindande f\u00f6r parterna.<\/p>\n\n<p>9.5. Ingen underl\u00e5tenhet eller f\u00f6rsening fr\u00e5n v\u00e5r sida att ut\u00f6va n\u00e5gon r\u00e4ttighet, befogenhet eller \u00e5tg\u00e4rd enligt detta avtal ska fungera som ett avst\u00e5ende fr\u00e5n detta, och inte heller ska n\u00e5got enstaka eller partiellt ut\u00f6vande av n\u00e5gon s\u00e5dan r\u00e4ttighet, befogenhet eller \u00e5tg\u00e4rd utesluta n\u00e5got annat eller ytterligare ut\u00f6vande av detta eller ut\u00f6vandet av n\u00e5gon annan r\u00e4ttighet, befogenhet eller \u00e5tg\u00e4rd.<\/p>\n\n<p>9.6. Om n\u00e5gon best\u00e4mmelse i dessa Villkor av en beh\u00f6rig domstol anses vara icke verkst\u00e4llbar enligt till\u00e4mplig lag, ska s\u00e5dan best\u00e4mmelse uteslutas fr\u00e5n dessa Villkor och \u00e5terstoden av dessa Villkor ska tolkas som om s\u00e5dan best\u00e4mmelse var s\u00e5 utesluten och ska verkst\u00e4llas i enlighet med dess villkor; f\u00f6rutsatt dock att dessa Villkor i s\u00e5dant fall ska tolkas s\u00e5 att de, i st\u00f6rsta m\u00f6jliga utstr\u00e4ckning i \u00f6verensst\u00e4mmelse med och till\u00e5tet enligt till\u00e4mplig lag, ger verkan \u00e5t meningen och avsikten med den uteslutna best\u00e4mmelsen enligt s\u00e5dan domstol i beh\u00f6rig jurisdiktion.<\/p>\n\n<p>9.7. Vi kan \u00f6verf\u00f6ra eller tilldela alla v\u00e5ra r\u00e4ttigheter och skyldigheter enligt detta avtal till tredje part; utan att avvika fr\u00e5n ovanst\u00e5ende kan webbplatsen och\/eller n\u00e5gon av tj\u00e4nsterna drivas av tredje part. Du f\u00e5r inte p\u00e5 n\u00e5got s\u00e4tt \u00f6verf\u00f6ra, tilldela eller pants\u00e4tta n\u00e5gra av dina r\u00e4ttigheter eller skyldigheter enligt dessa villkor.<\/p>\n","protected":false},"excerpt":{"rendered":"<p>Villkor och best\u00e4mmelser 1. Allm\u00e4nt 1.1. V\u00e4lkommen till https:\/\/tokentact.net\/ (&#8221;Webbplatsen&#8221;). V\u00e5r e-post info@tokentact.net 1.2. Webbplatsen inneh\u00e5ller information om tredjepartsplattformar ( &#8221;Tredjepartsplattformarna&#8221;) f\u00f6r handel ( &#8221;Tj\u00e4nsterna&#8221;). 1.3. Dessa anv\u00e4ndarvillkor (&#8221; Villkoren&#8221;) reglerar din (&#8221;Du&#8221;, &#8221;Din &#8221; eller &#8221;Anv\u00e4ndaren&#8221;) anv\u00e4ndning av Webbplatsen eller Tj\u00e4nsterna. Dessa villkor b\u00f6r l\u00e4sas noggrant av dig i sin helhet innan du anv\u00e4nder [&hellip;]<\/p>\n","protected":false},"author":1,"featured_media":0,"parent":0,"menu_order":0,"comment_status":"closed","ping_status":"closed","template":"","meta":{"_acf_changed":false,"inline_featured_image":false,"_monsterinsights_skip_tracking":false,"_monsterinsights_sitenote_active":false,"_monsterinsights_sitenote_note":"","_monsterinsights_sitenote_category":0,"footnotes":""},"tags":[],"class_list":["post-208","page","type-page","status-publish","hentry"],"acf":[],"yoast_head":"<!-- This site is optimized with the Yoast SEO plugin v24.8.1 - https:\/\/yoast.com\/wordpress\/plugins\/seo\/ -->\n<title>Anv\u00e4ndarvillkor - Tokentact Official Website<\/title>\n<meta name=\"robots\" content=\"index, follow, max-snippet:-1, max-image-preview:large, max-video-preview:-1\" \/>\n<link rel=\"canonical\" href=\"https:\/\/tokentact.net\/sv\/anvandarvillkor\/\" \/>\n<meta property=\"og:locale\" content=\"sv_SE\" \/>\n<meta property=\"og:type\" content=\"article\" \/>\n<meta property=\"og:title\" content=\"Anv\u00e4ndarvillkor - Tokentact Official Website\" \/>\n<meta property=\"og:description\" content=\"Villkor och best\u00e4mmelser 1. Allm\u00e4nt 1.1. V\u00e4lkommen till https:\/\/tokentact.net\/ (&#8221;Webbplatsen&#8221;). V\u00e5r e-post info@tokentact.net 1.2. Webbplatsen inneh\u00e5ller information om tredjepartsplattformar ( &#8221;Tredjepartsplattformarna&#8221;) f\u00f6r handel ( &#8221;Tj\u00e4nsterna&#8221;). 1.3. Dessa anv\u00e4ndarvillkor (&#8221; Villkoren&#8221;) reglerar din (&#8221;Du&#8221;, &#8221;Din &#8221; eller &#8221;Anv\u00e4ndaren&#8221;) anv\u00e4ndning av Webbplatsen eller Tj\u00e4nsterna. Dessa villkor b\u00f6r l\u00e4sas noggrant av dig i sin helhet innan du anv\u00e4nder [&hellip;]\" \/>\n<meta property=\"og:url\" content=\"https:\/\/tokentact.net\/sv\/anvandarvillkor\/\" \/>\n<meta property=\"og:site_name\" content=\"Tokentact Official Website\" \/>\n<meta property=\"article:modified_time\" content=\"2024-07-03T09:12:26+00:00\" \/>\n<meta name=\"twitter:card\" content=\"summary_large_image\" \/>\n<meta name=\"twitter:label1\" content=\"Ber\u00e4knad l\u00e4stid\" \/>\n\t<meta name=\"twitter:data1\" content=\"13 minuter\" \/>\n<script type=\"application\/ld+json\" class=\"yoast-schema-graph\">{\"@context\":\"https:\/\/schema.org\",\"@graph\":[{\"@type\":\"WebPage\",\"@id\":\"https:\/\/tokentact.net\/sv\/anvandarvillkor\/\",\"url\":\"https:\/\/tokentact.net\/sv\/anvandarvillkor\/\",\"name\":\"Anv\u00e4ndarvillkor - Tokentact Official Website\",\"isPartOf\":{\"@id\":\"https:\/\/tokentact.net\/sv\/#website\"},\"datePublished\":\"2024-02-02T16:05:16+00:00\",\"dateModified\":\"2024-07-03T09:12:26+00:00\",\"breadcrumb\":{\"@id\":\"https:\/\/tokentact.net\/sv\/anvandarvillkor\/#breadcrumb\"},\"inLanguage\":\"sv-SE\",\"potentialAction\":[{\"@type\":\"ReadAction\",\"target\":[\"https:\/\/tokentact.net\/sv\/anvandarvillkor\/\"]}]},{\"@type\":\"BreadcrumbList\",\"@id\":\"https:\/\/tokentact.net\/sv\/anvandarvillkor\/#breadcrumb\",\"itemListElement\":[{\"@type\":\"ListItem\",\"position\":1,\"name\":\"Home\",\"item\":\"https:\/\/tokentact.net\/sv\/\"},{\"@type\":\"ListItem\",\"position\":2,\"name\":\"Anv\u00e4ndarvillkor\"}]},{\"@type\":\"WebSite\",\"@id\":\"https:\/\/tokentact.net\/sv\/#website\",\"url\":\"https:\/\/tokentact.net\/sv\/\",\"name\":\"Tokentact Trading Bot\",\"description\":\"\",\"alternateName\":\"Tokentact\",\"potentialAction\":[{\"@type\":\"SearchAction\",\"target\":{\"@type\":\"EntryPoint\",\"urlTemplate\":\"https:\/\/tokentact.net\/sv\/?s={search_term_string}\"},\"query-input\":{\"@type\":\"PropertyValueSpecification\",\"valueRequired\":true,\"valueName\":\"search_term_string\"}}],\"inLanguage\":\"sv-SE\"}]}<\/script>\n<!-- \/ Yoast SEO plugin. -->","yoast_head_json":{"title":"Anv\u00e4ndarvillkor - Tokentact Official Website","robots":{"index":"index","follow":"follow","max-snippet":"max-snippet:-1","max-image-preview":"max-image-preview:large","max-video-preview":"max-video-preview:-1"},"canonical":"https:\/\/tokentact.net\/sv\/anvandarvillkor\/","og_locale":"sv_SE","og_type":"article","og_title":"Anv\u00e4ndarvillkor - Tokentact Official Website","og_description":"Villkor och best\u00e4mmelser 1. Allm\u00e4nt 1.1. V\u00e4lkommen till https:\/\/tokentact.net\/ (&#8221;Webbplatsen&#8221;). V\u00e5r e-post info@tokentact.net 1.2. Webbplatsen inneh\u00e5ller information om tredjepartsplattformar ( &#8221;Tredjepartsplattformarna&#8221;) f\u00f6r handel ( &#8221;Tj\u00e4nsterna&#8221;). 1.3. Dessa anv\u00e4ndarvillkor (&#8221; Villkoren&#8221;) reglerar din (&#8221;Du&#8221;, &#8221;Din &#8221; eller &#8221;Anv\u00e4ndaren&#8221;) anv\u00e4ndning av Webbplatsen eller Tj\u00e4nsterna. Dessa villkor b\u00f6r l\u00e4sas noggrant av dig i sin helhet innan du anv\u00e4nder [&hellip;]","og_url":"https:\/\/tokentact.net\/sv\/anvandarvillkor\/","og_site_name":"Tokentact Official Website","article_modified_time":"2024-07-03T09:12:26+00:00","twitter_card":"summary_large_image","twitter_misc":{"Ber\u00e4knad l\u00e4stid":"13 minuter"},"schema":{"@context":"https:\/\/schema.org","@graph":[{"@type":"WebPage","@id":"https:\/\/tokentact.net\/sv\/anvandarvillkor\/","url":"https:\/\/tokentact.net\/sv\/anvandarvillkor\/","name":"Anv\u00e4ndarvillkor - Tokentact Official Website","isPartOf":{"@id":"https:\/\/tokentact.net\/sv\/#website"},"datePublished":"2024-02-02T16:05:16+00:00","dateModified":"2024-07-03T09:12:26+00:00","breadcrumb":{"@id":"https:\/\/tokentact.net\/sv\/anvandarvillkor\/#breadcrumb"},"inLanguage":"sv-SE","potentialAction":[{"@type":"ReadAction","target":["https:\/\/tokentact.net\/sv\/anvandarvillkor\/"]}]},{"@type":"BreadcrumbList","@id":"https:\/\/tokentact.net\/sv\/anvandarvillkor\/#breadcrumb","itemListElement":[{"@type":"ListItem","position":1,"name":"Home","item":"https:\/\/tokentact.net\/sv\/"},{"@type":"ListItem","position":2,"name":"Anv\u00e4ndarvillkor"}]},{"@type":"WebSite","@id":"https:\/\/tokentact.net\/sv\/#website","url":"https:\/\/tokentact.net\/sv\/","name":"Tokentact Trading Bot","description":"","alternateName":"Tokentact","potentialAction":[{"@type":"SearchAction","target":{"@type":"EntryPoint","urlTemplate":"https:\/\/tokentact.net\/sv\/?s={search_term_string}"},"query-input":{"@type":"PropertyValueSpecification","valueRequired":true,"valueName":"search_term_string"}}],"inLanguage":"sv-SE"}]}},"_links":{"self":[{"href":"https:\/\/tokentact.net\/sv\/wp-json\/wp\/v2\/pages\/208","targetHints":{"allow":["GET"]}}],"collection":[{"href":"https:\/\/tokentact.net\/sv\/wp-json\/wp\/v2\/pages"}],"about":[{"href":"https:\/\/tokentact.net\/sv\/wp-json\/wp\/v2\/types\/page"}],"author":[{"embeddable":true,"href":"https:\/\/tokentact.net\/sv\/wp-json\/wp\/v2\/users\/1"}],"replies":[{"embeddable":true,"href":"https:\/\/tokentact.net\/sv\/wp-json\/wp\/v2\/comments?post=208"}],"version-history":[{"count":0,"href":"https:\/\/tokentact.net\/sv\/wp-json\/wp\/v2\/pages\/208\/revisions"}],"wp:attachment":[{"href":"https:\/\/tokentact.net\/sv\/wp-json\/wp\/v2\/media?parent=208"}],"wp:term":[{"taxonomy":"post_tag","embeddable":true,"href":"https:\/\/tokentact.net\/sv\/wp-json\/wp\/v2\/tags?post=208"}],"curies":[{"name":"wp","href":"https:\/\/api.w.org\/{rel}","templated":true}]}}