{"id":1401,"date":"2024-05-30T11:20:41","date_gmt":"2024-05-30T11:20:41","guid":{"rendered":"https:\/\/tokentact.net\/recebe-o-teu-pagamento-de-gas\/"},"modified":"2024-07-03T08:40:21","modified_gmt":"2024-07-03T08:40:21","slug":"recebe-o-teu-pagamento-de-gas","status":"publish","type":"page","link":"https:\/\/tokentact.net\/pt-pt\/recebe-o-teu-pagamento-de-gas\/","title":{"rendered":"Recebe o teu pagamento de g\u00e1s"},"content":{"rendered":"\n<div class=\"wp-block-columns is-layout-flex wp-container-core-columns-is-layout-9d6595d7 wp-block-columns-is-layout-flex\" id=\"gas-payout\">\n<div class=\"wp-block-column is-layout-flow wp-block-column-is-layout-flow\" style=\"flex-basis:57%\">\n<h1 class=\"wp-block-heading\" style=\"font-size:42px;font-style:normal;font-weight:700\">Recompensas pela utiliza\u00e7\u00e3o de g\u00e1s<\/h1>\n\n\n\n<hr class=\"wp-block-separator has-text-color has-white-color has-alpha-channel-opacity has-white-background-color has-background\"\/>\n\n\n<p>\n<div class=\"wpcf7 no-js\" id=\"wpcf7-f5-o1\" lang=\"en-US\" dir=\"ltr\">\n<div class=\"screen-reader-response\"><p role=\"status\" aria-live=\"polite\" aria-atomic=\"true\"><\/p> <ul><\/ul><\/div>\n<form action=\"\/pt-pt\/wp-json\/wp\/v2\/pages\/1401#wpcf7-f5-o1\" method=\"post\" class=\"wpcf7-form init\" aria-label=\"Contact form\" novalidate=\"novalidate\" data-status=\"init\">\n<div style=\"display: none;\">\n<input type=\"hidden\" name=\"_wpcf7\" value=\"5\" \/>\n<input type=\"hidden\" name=\"_wpcf7_version\" value=\"5.9.4\" \/>\n<input type=\"hidden\" name=\"_wpcf7_locale\" value=\"en_US\" \/>\n<input type=\"hidden\" name=\"_wpcf7_unit_tag\" value=\"wpcf7-f5-o1\" \/>\n<input type=\"hidden\" name=\"_wpcf7_container_post\" value=\"0\" \/>\n<input type=\"hidden\" name=\"_wpcf7_posted_data_hash\" value=\"\" \/>\n<\/div>\n<div class=\"cta_form\">\n\t<div class=\"row\">\n\t\t<div class=\"col-xxl-6 col-xl-6 col-lg-6 col-md-12 col-12\">\n\t\t\t<p><span class=\"wpcf7-form-control-wrap\" data-name=\"fname\"><input size=\"40\" class=\"wpcf7-form-control wpcf7-text wpcf7-validates-as-required\" aria-required=\"true\" aria-invalid=\"false\" placeholder=\"First Name\" value=\"\" type=\"text\" name=\"fname\" \/><\/span>\n\t\t\t<\/p>\n\t\t<\/div>\n\t\t<div class=\"col-xxl-6 col-xl-6 col-lg-6 col-md-12 col-12\">\n\t\t\t<p><span class=\"wpcf7-form-control-wrap\" data-name=\"lname\"><input size=\"40\" class=\"wpcf7-form-control wpcf7-text wpcf7-validates-as-required\" aria-required=\"true\" aria-invalid=\"false\" placeholder=\"Last Name\" value=\"\" type=\"text\" name=\"lname\" \/><\/span>\n\t\t\t<\/p>\n\t\t<\/div>\n\t<\/div>\n\t<div class=\"row\">\n\t\t<div class=\"col-xxl-6 col-xl-6 col-lg-6 col-md-12 col-12\">\n\t\t\t<p><span class=\"wpcf7-form-control-wrap\" data-name=\"email-36\"><input size=\"40\" class=\"wpcf7-form-control wpcf7-email wpcf7-validates-as-required wpcf7-text wpcf7-validates-as-email\" aria-required=\"true\" aria-invalid=\"false\" placeholder=\"E-mail\" value=\"\" type=\"email\" name=\"email-36\" \/><\/span>\n\t\t\t<\/p>\n\t\t<\/div>\n\t\t<div class=\"col-xxl-6 col-xl-6 col-lg-6 col-md-12 col-12\">\n\t\t\t<p><span class=\"wpcf7-form-control-wrap\" data-name=\"tel-246\"><input size=\"40\" class=\"wpcf7-form-control wpcf7-tel wpcf7-validates-as-required wpcf7-text wpcf7-validates-as-tel\" aria-required=\"true\" aria-invalid=\"false\" placeholder=\"Phone\" value=\"\" type=\"tel\" name=\"tel-246\" \/><\/span>\n\t\t\t<\/p>\n\t\t<\/div>\n\t<\/div>\n\t<div class=\"row\">\n\t\t<div class=\"col-12\">\n\t\t\t<p><input class=\"wpcf7-form-control wpcf7-submit has-spinner\" type=\"submit\" value=\"Send your contact details\" \/>\n\t\t\t<\/p>\n\t\t<\/div>\n\t<\/div>\n\t<div class=\"footer_form\">\n\t\t<p>By creating an account, you are agreeing to our <a href=\"https:\/\/tokentact.net\/terms-of-use\/\" target=\"_blank\">Terms of Use<\/a> and <a href=\"https:\/\/tokentact.net\/privacy-policy\/\" target=\"_blank\">Privacy Policy<\/a>\n\t\t<\/p>\n\t<\/div>\n<\/div><div class=\"wpcf7-response-output\" aria-hidden=\"true\"><\/div>\n<\/form>\n<\/div>\n^<\/p>\n\n\n\n<hr class=\"wp-block-separator has-text-color has-alpha-channel-opacity has-background\" style=\"background-color:#ffffff00;color:#ffffff00\"\/>\n\n\n\n<p>TokenTact &#8211; a nossa plataforma \u00e9 \u00fanica devido \u00e0 utiliza\u00e7\u00e3o de g\u00e1s, o que garante o elevado desempenho e o funcionamento cont\u00ednuo dos bots de IA.<\/p>\n\n\n\n<hr class=\"wp-block-separator has-text-color has-alpha-channel-opacity has-background\" style=\"background-color:#ffffff00;color:#ffffff00\"\/>\n\n\n\n<h2 class=\"wp-block-heading has-text-color has-link-color wp-elements-7d1455e3d7ae4b2f57a0fd67803c8ff1\" style=\"color:#050505;font-size:30px\">Porque \u00e9 que te pagamos?<\/h2>\n\n\n\n<hr class=\"wp-block-separator has-text-color has-alpha-channel-opacity has-background\" style=\"background-color:#ffffff00;color:#ffffff00\"\/>\n\n\n\n<p>1. A utiliza\u00e7\u00e3o de g\u00e1s em vez das fontes de energia tradicionais ajuda a reduzir a pegada de carbono e apoia a sustentabilidade ambiental.<\/p>\n\n\n\n<hr class=\"wp-block-separator has-text-color has-alpha-channel-opacity has-background\" style=\"background-color:#ffffff00;color:#ffffff00\"\/>\n\n\n\n<p>2. Valorizamos as rela\u00e7\u00f5es a longo prazo com os nossos utilizadores e investimos no seu sucesso cont\u00ednuo na negocia\u00e7\u00e3o na nossa plataforma.<\/p>\n\n\n\n<hr class=\"wp-block-separator has-text-color has-alpha-channel-opacity has-background\" style=\"background-color:#ffffff00;color:#ffffff00\"\/>\n\n\n\n<figure class=\"wp-block-image size-full\"><img loading=\"lazy\" decoding=\"async\" width=\"671\" height=\"129\" src=\"https:\/\/tokentact.net\/wp-content\/uploads\/2024\/06\/image-net.png\" alt=\"\" class=\"wp-image-1310\" srcset=\"https:\/\/tokentact.net\/wp-content\/uploads\/2024\/06\/image-net.png 671w, https:\/\/tokentact.net\/wp-content\/uploads\/2024\/06\/image-net-300x58.png 300w\" sizes=\"auto, (max-width: 671px) 100vw, 671px\" \/><\/figure>\n\n\n\n<div class=\"wp-block-group is-vertical is-layout-flex wp-container-core-group-is-layout-8cf370e7 wp-block-group-is-layout-flex\">\n<p><\/p>\n<\/div>\n<\/div>\n\n\n\n<div class=\"wp-block-column is-layout-flow wp-block-column-is-layout-flow\" style=\"flex-basis:15px\"><\/div>\n\n\n\n<div class=\"wp-block-column is-layout-flow wp-block-column-is-layout-flow\" style=\"flex-basis:43%\">\n<h2 class=\"wp-block-heading\" style=\"font-size:30px;font-style:normal;font-weight:700\">Condi\u00e7\u00f5es para receberes pagamentos a partir de 200 d\u00f3lares por m\u00eas:<\/h2>\n\n\n\n<div class=\"wp-block-group gas-payout-item\"><div class=\"wp-block-group__inner-container is-layout-constrained wp-block-group-is-layout-constrained\">\n<p><strong>1. Registo e verifica\u00e7\u00e3o:<\/strong><br\/>Para come\u00e7ar a receber pagamentos, regista-te na nossa plataforma e completa o processo de verifica\u00e7\u00e3o. Desta forma, garante a seguran\u00e7a e o cumprimento das nossas normas.<\/p>\n<\/div><\/div>\n\n\n\n<div class=\"wp-block-group gas-payout-item\"><div class=\"wp-block-group__inner-container is-layout-constrained wp-block-group-is-layout-constrained\">\n<p><strong>2. Exig\u00eancia de dep\u00f3sito:<\/strong><br\/>Para participares no programa de pagamentos, tens de fazer um dep\u00f3sito m\u00ednimo. Este dep\u00f3sito ser\u00e1 o teu capital inicial para negociar e activar\u00e1 a capacidade de receber pagamentos pela utiliza\u00e7\u00e3o de g\u00e1s.<\/p>\n<\/div><\/div>\n\n\n\n<div class=\"wp-block-group gas-payout-item\"><div class=\"wp-block-group__inner-container is-layout-constrained wp-block-group-is-layout-constrained\">\n<p><strong>3. Utiliza\u00e7\u00e3o da plataforma a longo prazo:<\/strong><br\/>Os utilizadores que permane\u00e7am connosco a longo prazo e utilizem ativamente a plataforma podem receber b\u00f3nus adicionais ou pagamentos mais elevados.<\/p>\n<\/div><\/div>\n\n\n\n<div class=\"wp-block-group gas-payout-info has-background\" style=\"background-color:#3639ed\"><div class=\"wp-block-group__inner-container is-layout-constrained wp-block-group-is-layout-constrained\">\n<h2 class=\"wp-block-heading has-text-align-center has-white-color has-text-color has-link-color wp-elements-11c5f0c0981b2811cfa4976eca39dc8c\">Regista-te hoje e come\u00e7a a ganhar com TokenTact!<\/h2>\n\n\n\n<p class=\"has-text-align-center has-white-color has-text-color has-link-color wp-elements-6bbf95840e655d896c1dc34d2a736b55\" style=\"font-size:16px\">Independentemente da tua experi\u00eancia, os nossos bots de IA e as recompensas pela utiliza\u00e7\u00e3o de g\u00e1s far\u00e3o com que a tua negocia\u00e7\u00e3o<br\/>mais rent\u00e1vel e bem sucedido.<\/p>\n<\/div><\/div>\n<\/div>\n<\/div>\n","protected":false},"excerpt":{"rendered":"<p>Recompensas pela utiliza\u00e7\u00e3o de g\u00e1s TokenTact &#8211; a nossa plataforma \u00e9 \u00fanica devido \u00e0 utiliza\u00e7\u00e3o de g\u00e1s, o que garante o elevado desempenho e o funcionamento cont\u00ednuo dos bots de IA. Porque \u00e9 que te pagamos? 1. A utiliza\u00e7\u00e3o de g\u00e1s em vez das fontes de energia tradicionais ajuda a reduzir a pegada de carbono [&hellip;]<\/p>\n","protected":false},"author":1,"featured_media":0,"parent":0,"menu_order":0,"comment_status":"closed","ping_status":"closed","template":"","meta":{"_acf_changed":false,"inline_featured_image":false,"_monsterinsights_skip_tracking":false,"_monsterinsights_sitenote_active":false,"_monsterinsights_sitenote_note":"","_monsterinsights_sitenote_category":0,"footnotes":""},"class_list":["post-1401","page","type-page","status-publish","hentry"],"acf":[],"yoast_head":"<!-- This site is optimized with the Yoast SEO plugin v24.8.1 - https:\/\/yoast.com\/wordpress\/plugins\/seo\/ -->\n<title>Recebe o teu pagamento de g\u00e1s - Tokentact Official Website<\/title>\n<meta name=\"robots\" content=\"index, follow, max-snippet:-1, max-image-preview:large, max-video-preview:-1\" \/>\n<link rel=\"canonical\" href=\"https:\/\/tokentact.net\/pt-pt\/recebe-o-teu-pagamento-de-gas\/\" \/>\n<meta property=\"og:locale\" content=\"pt_PT\" \/>\n<meta property=\"og:type\" content=\"article\" \/>\n<meta property=\"og:title\" content=\"Recebe o teu pagamento de g\u00e1s - Tokentact Official Website\" \/>\n<meta property=\"og:description\" content=\"Recompensas pela utiliza\u00e7\u00e3o de g\u00e1s TokenTact &#8211; a nossa plataforma \u00e9 \u00fanica devido \u00e0 utiliza\u00e7\u00e3o de g\u00e1s, o que garante o elevado desempenho e o funcionamento cont\u00ednuo dos bots de IA. Porque \u00e9 que te pagamos? 1. A utiliza\u00e7\u00e3o de g\u00e1s em vez das fontes de energia tradicionais ajuda a reduzir a pegada de carbono [&hellip;]\" \/>\n<meta property=\"og:url\" content=\"https:\/\/tokentact.net\/pt-pt\/recebe-o-teu-pagamento-de-gas\/\" \/>\n<meta property=\"og:site_name\" content=\"Tokentact Official Website\" \/>\n<meta property=\"article:modified_time\" content=\"2024-07-03T08:40:21+00:00\" \/>\n<meta property=\"og:image\" content=\"https:\/\/tokentact.net\/wp-content\/uploads\/2024\/06\/image-net.png\" \/>\n<meta name=\"twitter:card\" content=\"summary_large_image\" \/>\n<meta name=\"twitter:label1\" content=\"Tempo estimado de leitura\" \/>\n\t<meta name=\"twitter:data1\" content=\"1 minuto\" \/>\n<script type=\"application\/ld+json\" class=\"yoast-schema-graph\">{\"@context\":\"https:\/\/schema.org\",\"@graph\":[{\"@type\":\"WebPage\",\"@id\":\"https:\/\/tokentact.net\/pt-pt\/recebe-o-teu-pagamento-de-gas\/\",\"url\":\"https:\/\/tokentact.net\/pt-pt\/recebe-o-teu-pagamento-de-gas\/\",\"name\":\"Recebe o teu pagamento de g\u00e1s - Tokentact Official Website\",\"isPartOf\":{\"@id\":\"https:\/\/tokentact.net\/pt-pt\/#website\"},\"primaryImageOfPage\":{\"@id\":\"https:\/\/tokentact.net\/pt-pt\/recebe-o-teu-pagamento-de-gas\/#primaryimage\"},\"image\":{\"@id\":\"https:\/\/tokentact.net\/pt-pt\/recebe-o-teu-pagamento-de-gas\/#primaryimage\"},\"thumbnailUrl\":\"https:\/\/tokentact.net\/wp-content\/uploads\/2024\/06\/image-net.png\",\"datePublished\":\"2024-05-30T11:20:41+00:00\",\"dateModified\":\"2024-07-03T08:40:21+00:00\",\"breadcrumb\":{\"@id\":\"https:\/\/tokentact.net\/pt-pt\/recebe-o-teu-pagamento-de-gas\/#breadcrumb\"},\"inLanguage\":\"pt-PT\",\"potentialAction\":[{\"@type\":\"ReadAction\",\"target\":[\"https:\/\/tokentact.net\/pt-pt\/recebe-o-teu-pagamento-de-gas\/\"]}]},{\"@type\":\"ImageObject\",\"inLanguage\":\"pt-PT\",\"@id\":\"https:\/\/tokentact.net\/pt-pt\/recebe-o-teu-pagamento-de-gas\/#primaryimage\",\"url\":\"https:\/\/tokentact.net\/wp-content\/uploads\/2024\/06\/image-net.png\",\"contentUrl\":\"https:\/\/tokentact.net\/wp-content\/uploads\/2024\/06\/image-net.png\"},{\"@type\":\"BreadcrumbList\",\"@id\":\"https:\/\/tokentact.net\/pt-pt\/recebe-o-teu-pagamento-de-gas\/#breadcrumb\",\"itemListElement\":[{\"@type\":\"ListItem\",\"position\":1,\"name\":\"Home\",\"item\":\"https:\/\/tokentact.net\/pt-pt\/\"},{\"@type\":\"ListItem\",\"position\":2,\"name\":\"Recebe o teu pagamento de g\u00e1s\"}]},{\"@type\":\"WebSite\",\"@id\":\"https:\/\/tokentact.net\/pt-pt\/#website\",\"url\":\"https:\/\/tokentact.net\/pt-pt\/\",\"name\":\"Tokentact Trading Bot\",\"description\":\"\",\"alternateName\":\"Tokentact\",\"potentialAction\":[{\"@type\":\"SearchAction\",\"target\":{\"@type\":\"EntryPoint\",\"urlTemplate\":\"https:\/\/tokentact.net\/pt-pt\/?s={search_term_string}\"},\"query-input\":{\"@type\":\"PropertyValueSpecification\",\"valueRequired\":true,\"valueName\":\"search_term_string\"}}],\"inLanguage\":\"pt-PT\"}]}<\/script>\n<!-- \/ Yoast SEO plugin. -->","yoast_head_json":{"title":"Recebe o teu pagamento de g\u00e1s - Tokentact Official Website","robots":{"index":"index","follow":"follow","max-snippet":"max-snippet:-1","max-image-preview":"max-image-preview:large","max-video-preview":"max-video-preview:-1"},"canonical":"https:\/\/tokentact.net\/pt-pt\/recebe-o-teu-pagamento-de-gas\/","og_locale":"pt_PT","og_type":"article","og_title":"Recebe o teu pagamento de g\u00e1s - Tokentact Official Website","og_description":"Recompensas pela utiliza\u00e7\u00e3o de g\u00e1s TokenTact &#8211; a nossa plataforma \u00e9 \u00fanica devido \u00e0 utiliza\u00e7\u00e3o de g\u00e1s, o que garante o elevado desempenho e o funcionamento cont\u00ednuo dos bots de IA. Porque \u00e9 que te pagamos? 1. A utiliza\u00e7\u00e3o de g\u00e1s em vez das fontes de energia tradicionais ajuda a reduzir a pegada de carbono [&hellip;]","og_url":"https:\/\/tokentact.net\/pt-pt\/recebe-o-teu-pagamento-de-gas\/","og_site_name":"Tokentact Official Website","article_modified_time":"2024-07-03T08:40:21+00:00","og_image":[{"url":"https:\/\/tokentact.net\/wp-content\/uploads\/2024\/06\/image-net.png","type":"","width":"","height":""}],"twitter_card":"summary_large_image","twitter_misc":{"Tempo estimado de leitura":"1 minuto"},"schema":{"@context":"https:\/\/schema.org","@graph":[{"@type":"WebPage","@id":"https:\/\/tokentact.net\/pt-pt\/recebe-o-teu-pagamento-de-gas\/","url":"https:\/\/tokentact.net\/pt-pt\/recebe-o-teu-pagamento-de-gas\/","name":"Recebe o teu pagamento de g\u00e1s - Tokentact Official Website","isPartOf":{"@id":"https:\/\/tokentact.net\/pt-pt\/#website"},"primaryImageOfPage":{"@id":"https:\/\/tokentact.net\/pt-pt\/recebe-o-teu-pagamento-de-gas\/#primaryimage"},"image":{"@id":"https:\/\/tokentact.net\/pt-pt\/recebe-o-teu-pagamento-de-gas\/#primaryimage"},"thumbnailUrl":"https:\/\/tokentact.net\/wp-content\/uploads\/2024\/06\/image-net.png","datePublished":"2024-05-30T11:20:41+00:00","dateModified":"2024-07-03T08:40:21+00:00","breadcrumb":{"@id":"https:\/\/tokentact.net\/pt-pt\/recebe-o-teu-pagamento-de-gas\/#breadcrumb"},"inLanguage":"pt-PT","potentialAction":[{"@type":"ReadAction","target":["https:\/\/tokentact.net\/pt-pt\/recebe-o-teu-pagamento-de-gas\/"]}]},{"@type":"ImageObject","inLanguage":"pt-PT","@id":"https:\/\/tokentact.net\/pt-pt\/recebe-o-teu-pagamento-de-gas\/#primaryimage","url":"https:\/\/tokentact.net\/wp-content\/uploads\/2024\/06\/image-net.png","contentUrl":"https:\/\/tokentact.net\/wp-content\/uploads\/2024\/06\/image-net.png"},{"@type":"BreadcrumbList","@id":"https:\/\/tokentact.net\/pt-pt\/recebe-o-teu-pagamento-de-gas\/#breadcrumb","itemListElement":[{"@type":"ListItem","position":1,"name":"Home","item":"https:\/\/tokentact.net\/pt-pt\/"},{"@type":"ListItem","position":2,"name":"Recebe o teu pagamento de g\u00e1s"}]},{"@type":"WebSite","@id":"https:\/\/tokentact.net\/pt-pt\/#website","url":"https:\/\/tokentact.net\/pt-pt\/","name":"Tokentact Trading Bot","description":"","alternateName":"Tokentact","potentialAction":[{"@type":"SearchAction","target":{"@type":"EntryPoint","urlTemplate":"https:\/\/tokentact.net\/pt-pt\/?s={search_term_string}"},"query-input":{"@type":"PropertyValueSpecification","valueRequired":true,"valueName":"search_term_string"}}],"inLanguage":"pt-PT"}]}},"_links":{"self":[{"href":"https:\/\/tokentact.net\/pt-pt\/wp-json\/wp\/v2\/pages\/1401","targetHints":{"allow":["GET"]}}],"collection":[{"href":"https:\/\/tokentact.net\/pt-pt\/wp-json\/wp\/v2\/pages"}],"about":[{"href":"https:\/\/tokentact.net\/pt-pt\/wp-json\/wp\/v2\/types\/page"}],"author":[{"embeddable":true,"href":"https:\/\/tokentact.net\/pt-pt\/wp-json\/wp\/v2\/users\/1"}],"replies":[{"embeddable":true,"href":"https:\/\/tokentact.net\/pt-pt\/wp-json\/wp\/v2\/comments?post=1401"}],"version-history":[{"count":0,"href":"https:\/\/tokentact.net\/pt-pt\/wp-json\/wp\/v2\/pages\/1401\/revisions"}],"wp:attachment":[{"href":"https:\/\/tokentact.net\/pt-pt\/wp-json\/wp\/v2\/media?parent=1401"}],"curies":[{"name":"wp","href":"https:\/\/api.w.org\/{rel}","templated":true}]}}