{"id":751,"date":"2024-02-06T11:30:14","date_gmt":"2024-02-06T11:30:14","guid":{"rendered":"https:\/\/tokentact.net\/skontaktuj-sie-z-nami\/"},"modified":"2024-02-12T15:00:54","modified_gmt":"2024-02-12T15:00:54","slug":"skontaktuj-sie-z-nami","status":"publish","type":"page","link":"https:\/\/tokentact.net\/pl\/skontaktuj-sie-z-nami\/","title":{"rendered":"Skontaktuj si\u0119 z nami"},"content":{"rendered":"\n<div class=\"wp-block-columns is-layout-flex wp-container-core-columns-is-layout-9d6595d7 wp-block-columns-is-layout-flex\">\n<div class=\"wp-block-column is-layout-flow wp-block-column-is-layout-flow\">\n<h1 class=\"wp-block-heading\">Skontaktuj si\u0119 z naszym zespo\u0142em<\/h1>\n\n\n\n<p>Naszym celem jest dostarczanie najlepszych us\u0142ug i wsparcia.<\/p>\n\n\n\r\n\r\n<div class=\"info_block\" id=\"info_block-block_d94027f104a2a07c09b0eaf37b7ff1b7\">\r\n    <div style=\"text-align: center\">\n<p style=\"text-align: left\">Odpowiedzi na najcz\u0119\u015bciej zadawane pytania mo\u017cna znale\u017a\u0107 tutaj.<\/p>\n<\/div>\n<\/div>\r\n\r\n<style>\r\n.info_block {\r\n  position: relative;\r\n  display: block;\r\n  width: 100%;\r\n  margin: 40px auto;\r\n  padding: 13px 16px;\r\n  border-radius: 10px;\r\n  background: rgba(54,57,237,0.05);\r\n}\r\n.info_block h3 {\r\n  font-size: 1em;\r\n  color: #3639ed;\r\n  font-weight: 500;\r\n}\r\n<\/style><\/div>\n\n\n\n<div class=\"wp-block-column is-layout-flow wp-block-column-is-layout-flow\">\n<h2 class=\"wp-block-heading\">Skontaktuj si\u0119 z nami<\/h2>\n\n\n\n<p>Skontaktuj si\u0119 z nami ju\u017c dzi\u015b; jeste\u015bmy tutaj, aby pom\u00f3c Ci osi\u0105gn\u0105\u0107 sukces z TokenTact!<\/p>\n\n\n\n<p>Email: support@tokentact.net<\/p>\n\n\n\n<div class=\"wpcf7 no-js\" id=\"wpcf7-f5-o1\" lang=\"en-US\" dir=\"ltr\">\n<div class=\"screen-reader-response\"><p role=\"status\" aria-live=\"polite\" aria-atomic=\"true\"><\/p> <ul><\/ul><\/div>\n<form action=\"\/pl\/wp-json\/wp\/v2\/pages\/751#wpcf7-f5-o1\" method=\"post\" class=\"wpcf7-form init\" aria-label=\"Contact form\" novalidate=\"novalidate\" data-status=\"init\">\n<div style=\"display: none;\">\n<input type=\"hidden\" name=\"_wpcf7\" value=\"5\" \/>\n<input type=\"hidden\" name=\"_wpcf7_version\" value=\"5.9.4\" \/>\n<input type=\"hidden\" name=\"_wpcf7_locale\" value=\"en_US\" \/>\n<input type=\"hidden\" name=\"_wpcf7_unit_tag\" value=\"wpcf7-f5-o1\" \/>\n<input type=\"hidden\" name=\"_wpcf7_container_post\" value=\"0\" \/>\n<input type=\"hidden\" name=\"_wpcf7_posted_data_hash\" value=\"\" \/>\n<\/div>\n<div class=\"cta_form\">\n\t<div class=\"row\">\n\t\t<div class=\"col-xxl-6 col-xl-6 col-lg-6 col-md-12 col-12\">\n\t\t\t<p><span class=\"wpcf7-form-control-wrap\" data-name=\"fname\"><input size=\"40\" class=\"wpcf7-form-control wpcf7-text wpcf7-validates-as-required\" aria-required=\"true\" aria-invalid=\"false\" placeholder=\"First Name\" value=\"\" type=\"text\" name=\"fname\" \/><\/span>\n\t\t\t<\/p>\n\t\t<\/div>\n\t\t<div class=\"col-xxl-6 col-xl-6 col-lg-6 col-md-12 col-12\">\n\t\t\t<p><span class=\"wpcf7-form-control-wrap\" data-name=\"lname\"><input size=\"40\" class=\"wpcf7-form-control wpcf7-text wpcf7-validates-as-required\" aria-required=\"true\" aria-invalid=\"false\" placeholder=\"Last Name\" value=\"\" type=\"text\" name=\"lname\" \/><\/span>\n\t\t\t<\/p>\n\t\t<\/div>\n\t<\/div>\n\t<div class=\"row\">\n\t\t<div class=\"col-xxl-6 col-xl-6 col-lg-6 col-md-12 col-12\">\n\t\t\t<p><span class=\"wpcf7-form-control-wrap\" data-name=\"email-36\"><input size=\"40\" class=\"wpcf7-form-control wpcf7-email wpcf7-validates-as-required wpcf7-text wpcf7-validates-as-email\" aria-required=\"true\" aria-invalid=\"false\" placeholder=\"E-mail\" value=\"\" type=\"email\" name=\"email-36\" \/><\/span>\n\t\t\t<\/p>\n\t\t<\/div>\n\t\t<div class=\"col-xxl-6 col-xl-6 col-lg-6 col-md-12 col-12\">\n\t\t\t<p><span class=\"wpcf7-form-control-wrap\" data-name=\"tel-246\"><input size=\"40\" class=\"wpcf7-form-control wpcf7-tel wpcf7-validates-as-required wpcf7-text wpcf7-validates-as-tel\" aria-required=\"true\" aria-invalid=\"false\" placeholder=\"Phone\" value=\"\" type=\"tel\" name=\"tel-246\" \/><\/span>\n\t\t\t<\/p>\n\t\t<\/div>\n\t<\/div>\n\t<div class=\"row\">\n\t\t<div class=\"col-12\">\n\t\t\t<p><input class=\"wpcf7-form-control wpcf7-submit has-spinner\" type=\"submit\" value=\"Send your contact details\" \/>\n\t\t\t<\/p>\n\t\t<\/div>\n\t<\/div>\n\t<div class=\"footer_form\">\n\t\t<p>By creating an account, you are agreeing to our <a href=\"https:\/\/tokentact.net\/terms-of-use\/\" target=\"_blank\">Terms of Use<\/a> and <a href=\"https:\/\/tokentact.net\/privacy-policy\/\" target=\"_blank\">Privacy Policy<\/a>\n\t\t<\/p>\n\t<\/div>\n<\/div><div class=\"wpcf7-response-output\" aria-hidden=\"true\"><\/div>\n<\/form>\n<\/div>\n\n<\/div>\n<\/div>\n","protected":false},"excerpt":{"rendered":"<p>Skontaktuj si\u0119 z naszym zespo\u0142em Naszym celem jest dostarczanie najlepszych us\u0142ug i wsparcia. Skontaktuj si\u0119 z nami Skontaktuj si\u0119 z nami ju\u017c dzi\u015b; jeste\u015bmy tutaj, aby pom\u00f3c Ci osi\u0105gn\u0105\u0107 sukces z TokenTact! Email: support@tokentact.net<\/p>\n","protected":false},"author":1,"featured_media":0,"parent":0,"menu_order":0,"comment_status":"closed","ping_status":"closed","template":"","meta":{"_acf_changed":false,"inline_featured_image":false,"_monsterinsights_skip_tracking":false,"_monsterinsights_sitenote_active":false,"_monsterinsights_sitenote_note":"","_monsterinsights_sitenote_category":0,"footnotes":""},"class_list":["post-751","page","type-page","status-publish","hentry"],"acf":[],"yoast_head":"<!-- This site is optimized with the Yoast SEO plugin v24.8.1 - https:\/\/yoast.com\/wordpress\/plugins\/seo\/ -->\n<title>Skontaktuj si\u0119 z nami - Tokentact Official Website<\/title>\n<meta name=\"description\" content=\"Potrzebujesz wsparcia? Nie wahaj si\u0119 z nami skontaktowa\u0107! Nasz do\u015bwiadczony zesp\u00f3\u0142 jest gotowy do pomocy w przypadku jakichkolwiek pyta\u0144 lub problem\u00f3w.\" \/>\n<meta name=\"robots\" content=\"index, follow, max-snippet:-1, max-image-preview:large, max-video-preview:-1\" \/>\n<link rel=\"canonical\" href=\"https:\/\/tokentact.net\/pl\/skontaktuj-sie-z-nami\/\" \/>\n<meta property=\"og:locale\" content=\"pl_PL\" \/>\n<meta property=\"og:type\" content=\"article\" \/>\n<meta property=\"og:title\" content=\"Skontaktuj si\u0119 z nami - Tokentact Official Website\" \/>\n<meta property=\"og:description\" content=\"Potrzebujesz wsparcia? Nie wahaj si\u0119 z nami skontaktowa\u0107! Nasz do\u015bwiadczony zesp\u00f3\u0142 jest gotowy do pomocy w przypadku jakichkolwiek pyta\u0144 lub problem\u00f3w.\" \/>\n<meta property=\"og:url\" content=\"https:\/\/tokentact.net\/pl\/skontaktuj-sie-z-nami\/\" \/>\n<meta property=\"og:site_name\" content=\"Tokentact Official Website\" \/>\n<meta property=\"article:modified_time\" content=\"2024-02-12T15:00:54+00:00\" \/>\n<meta name=\"twitter:card\" content=\"summary_large_image\" \/>\n<meta name=\"twitter:label1\" content=\"Szacowany czas czytania\" \/>\n\t<meta name=\"twitter:data1\" content=\"1 minuta\" \/>\n<script type=\"application\/ld+json\" class=\"yoast-schema-graph\">{\"@context\":\"https:\/\/schema.org\",\"@graph\":[{\"@type\":\"WebPage\",\"@id\":\"https:\/\/tokentact.net\/pl\/skontaktuj-sie-z-nami\/\",\"url\":\"https:\/\/tokentact.net\/pl\/skontaktuj-sie-z-nami\/\",\"name\":\"Skontaktuj si\u0119 z nami - Tokentact Official Website\",\"isPartOf\":{\"@id\":\"https:\/\/tokentact.net\/pl\/#website\"},\"datePublished\":\"2024-02-06T11:30:14+00:00\",\"dateModified\":\"2024-02-12T15:00:54+00:00\",\"description\":\"Potrzebujesz wsparcia? Nie wahaj si\u0119 z nami skontaktowa\u0107! Nasz do\u015bwiadczony zesp\u00f3\u0142 jest gotowy do pomocy w przypadku jakichkolwiek pyta\u0144 lub problem\u00f3w.\",\"breadcrumb\":{\"@id\":\"https:\/\/tokentact.net\/pl\/skontaktuj-sie-z-nami\/#breadcrumb\"},\"inLanguage\":\"pl-PL\",\"potentialAction\":[{\"@type\":\"ReadAction\",\"target\":[\"https:\/\/tokentact.net\/pl\/skontaktuj-sie-z-nami\/\"]}]},{\"@type\":\"BreadcrumbList\",\"@id\":\"https:\/\/tokentact.net\/pl\/skontaktuj-sie-z-nami\/#breadcrumb\",\"itemListElement\":[{\"@type\":\"ListItem\",\"position\":1,\"name\":\"Home\",\"item\":\"https:\/\/tokentact.net\/pl\/\"},{\"@type\":\"ListItem\",\"position\":2,\"name\":\"Skontaktuj si\u0119 z nami\"}]},{\"@type\":\"WebSite\",\"@id\":\"https:\/\/tokentact.net\/pl\/#website\",\"url\":\"https:\/\/tokentact.net\/pl\/\",\"name\":\"Tokentact Trading Bot\",\"description\":\"\",\"alternateName\":\"Tokentact\",\"potentialAction\":[{\"@type\":\"SearchAction\",\"target\":{\"@type\":\"EntryPoint\",\"urlTemplate\":\"https:\/\/tokentact.net\/pl\/?s={search_term_string}\"},\"query-input\":{\"@type\":\"PropertyValueSpecification\",\"valueRequired\":true,\"valueName\":\"search_term_string\"}}],\"inLanguage\":\"pl-PL\"}]}<\/script>\n<!-- \/ Yoast SEO plugin. -->","yoast_head_json":{"title":"Skontaktuj si\u0119 z nami - Tokentact Official Website","description":"Potrzebujesz wsparcia? Nie wahaj si\u0119 z nami skontaktowa\u0107! Nasz do\u015bwiadczony zesp\u00f3\u0142 jest gotowy do pomocy w przypadku jakichkolwiek pyta\u0144 lub problem\u00f3w.","robots":{"index":"index","follow":"follow","max-snippet":"max-snippet:-1","max-image-preview":"max-image-preview:large","max-video-preview":"max-video-preview:-1"},"canonical":"https:\/\/tokentact.net\/pl\/skontaktuj-sie-z-nami\/","og_locale":"pl_PL","og_type":"article","og_title":"Skontaktuj si\u0119 z nami - Tokentact Official Website","og_description":"Potrzebujesz wsparcia? Nie wahaj si\u0119 z nami skontaktowa\u0107! Nasz do\u015bwiadczony zesp\u00f3\u0142 jest gotowy do pomocy w przypadku jakichkolwiek pyta\u0144 lub problem\u00f3w.","og_url":"https:\/\/tokentact.net\/pl\/skontaktuj-sie-z-nami\/","og_site_name":"Tokentact Official Website","article_modified_time":"2024-02-12T15:00:54+00:00","twitter_card":"summary_large_image","twitter_misc":{"Szacowany czas czytania":"1 minuta"},"schema":{"@context":"https:\/\/schema.org","@graph":[{"@type":"WebPage","@id":"https:\/\/tokentact.net\/pl\/skontaktuj-sie-z-nami\/","url":"https:\/\/tokentact.net\/pl\/skontaktuj-sie-z-nami\/","name":"Skontaktuj si\u0119 z nami - Tokentact Official Website","isPartOf":{"@id":"https:\/\/tokentact.net\/pl\/#website"},"datePublished":"2024-02-06T11:30:14+00:00","dateModified":"2024-02-12T15:00:54+00:00","description":"Potrzebujesz wsparcia? Nie wahaj si\u0119 z nami skontaktowa\u0107! Nasz do\u015bwiadczony zesp\u00f3\u0142 jest gotowy do pomocy w przypadku jakichkolwiek pyta\u0144 lub problem\u00f3w.","breadcrumb":{"@id":"https:\/\/tokentact.net\/pl\/skontaktuj-sie-z-nami\/#breadcrumb"},"inLanguage":"pl-PL","potentialAction":[{"@type":"ReadAction","target":["https:\/\/tokentact.net\/pl\/skontaktuj-sie-z-nami\/"]}]},{"@type":"BreadcrumbList","@id":"https:\/\/tokentact.net\/pl\/skontaktuj-sie-z-nami\/#breadcrumb","itemListElement":[{"@type":"ListItem","position":1,"name":"Home","item":"https:\/\/tokentact.net\/pl\/"},{"@type":"ListItem","position":2,"name":"Skontaktuj si\u0119 z nami"}]},{"@type":"WebSite","@id":"https:\/\/tokentact.net\/pl\/#website","url":"https:\/\/tokentact.net\/pl\/","name":"Tokentact Trading Bot","description":"","alternateName":"Tokentact","potentialAction":[{"@type":"SearchAction","target":{"@type":"EntryPoint","urlTemplate":"https:\/\/tokentact.net\/pl\/?s={search_term_string}"},"query-input":{"@type":"PropertyValueSpecification","valueRequired":true,"valueName":"search_term_string"}}],"inLanguage":"pl-PL"}]}},"_links":{"self":[{"href":"https:\/\/tokentact.net\/pl\/wp-json\/wp\/v2\/pages\/751","targetHints":{"allow":["GET"]}}],"collection":[{"href":"https:\/\/tokentact.net\/pl\/wp-json\/wp\/v2\/pages"}],"about":[{"href":"https:\/\/tokentact.net\/pl\/wp-json\/wp\/v2\/types\/page"}],"author":[{"embeddable":true,"href":"https:\/\/tokentact.net\/pl\/wp-json\/wp\/v2\/users\/1"}],"replies":[{"embeddable":true,"href":"https:\/\/tokentact.net\/pl\/wp-json\/wp\/v2\/comments?post=751"}],"version-history":[{"count":0,"href":"https:\/\/tokentact.net\/pl\/wp-json\/wp\/v2\/pages\/751\/revisions"}],"wp:attachment":[{"href":"https:\/\/tokentact.net\/pl\/wp-json\/wp\/v2\/media?parent=751"}],"curies":[{"name":"wp","href":"https:\/\/api.w.org\/{rel}","templated":true}]}}