{"id":1404,"date":"2024-05-30T11:20:41","date_gmt":"2024-05-30T11:20:41","guid":{"rendered":"https:\/\/tokentact.net\/uzyskaj-wyplate-za-gaz\/"},"modified":"2024-07-03T08:40:22","modified_gmt":"2024-07-03T08:40:22","slug":"uzyskaj-wyplate-za-gaz","status":"publish","type":"page","link":"https:\/\/tokentact.net\/pl\/uzyskaj-wyplate-za-gaz\/","title":{"rendered":"Uzyskaj wyp\u0142at\u0119 za gaz"},"content":{"rendered":"\n<div class=\"wp-block-columns is-layout-flex wp-container-core-columns-is-layout-9d6595d7 wp-block-columns-is-layout-flex\" id=\"gas-payout\">\n<div class=\"wp-block-column is-layout-flow wp-block-column-is-layout-flow\" style=\"flex-basis:57%\">\n<h1 class=\"wp-block-heading\" style=\"font-size:42px;font-style:normal;font-weight:700\">Nagrody za korzystanie z gazu<\/h1>\n\n\n\n<hr class=\"wp-block-separator has-text-color has-white-color has-alpha-channel-opacity has-white-background-color has-background\"\/>\n\n\n<p>\n<div class=\"wpcf7 no-js\" id=\"wpcf7-f5-o1\" lang=\"en-US\" dir=\"ltr\">\n<div class=\"screen-reader-response\"><p role=\"status\" aria-live=\"polite\" aria-atomic=\"true\"><\/p> <ul><\/ul><\/div>\n<form action=\"\/pl\/wp-json\/wp\/v2\/pages\/1404#wpcf7-f5-o1\" method=\"post\" class=\"wpcf7-form init\" aria-label=\"Contact form\" novalidate=\"novalidate\" data-status=\"init\">\n<div style=\"display: none;\">\n<input type=\"hidden\" name=\"_wpcf7\" value=\"5\" \/>\n<input type=\"hidden\" name=\"_wpcf7_version\" value=\"5.9.4\" \/>\n<input type=\"hidden\" name=\"_wpcf7_locale\" value=\"en_US\" \/>\n<input type=\"hidden\" name=\"_wpcf7_unit_tag\" value=\"wpcf7-f5-o1\" \/>\n<input type=\"hidden\" name=\"_wpcf7_container_post\" value=\"0\" \/>\n<input type=\"hidden\" name=\"_wpcf7_posted_data_hash\" value=\"\" \/>\n<\/div>\n<div class=\"cta_form\">\n\t<div class=\"row\">\n\t\t<div class=\"col-xxl-6 col-xl-6 col-lg-6 col-md-12 col-12\">\n\t\t\t<p><span class=\"wpcf7-form-control-wrap\" data-name=\"fname\"><input size=\"40\" class=\"wpcf7-form-control wpcf7-text wpcf7-validates-as-required\" aria-required=\"true\" aria-invalid=\"false\" placeholder=\"First Name\" value=\"\" type=\"text\" name=\"fname\" \/><\/span>\n\t\t\t<\/p>\n\t\t<\/div>\n\t\t<div class=\"col-xxl-6 col-xl-6 col-lg-6 col-md-12 col-12\">\n\t\t\t<p><span class=\"wpcf7-form-control-wrap\" data-name=\"lname\"><input size=\"40\" class=\"wpcf7-form-control wpcf7-text wpcf7-validates-as-required\" aria-required=\"true\" aria-invalid=\"false\" placeholder=\"Last Name\" value=\"\" type=\"text\" name=\"lname\" \/><\/span>\n\t\t\t<\/p>\n\t\t<\/div>\n\t<\/div>\n\t<div class=\"row\">\n\t\t<div class=\"col-xxl-6 col-xl-6 col-lg-6 col-md-12 col-12\">\n\t\t\t<p><span class=\"wpcf7-form-control-wrap\" data-name=\"email-36\"><input size=\"40\" class=\"wpcf7-form-control wpcf7-email wpcf7-validates-as-required wpcf7-text wpcf7-validates-as-email\" aria-required=\"true\" aria-invalid=\"false\" placeholder=\"E-mail\" value=\"\" type=\"email\" name=\"email-36\" \/><\/span>\n\t\t\t<\/p>\n\t\t<\/div>\n\t\t<div class=\"col-xxl-6 col-xl-6 col-lg-6 col-md-12 col-12\">\n\t\t\t<p><span class=\"wpcf7-form-control-wrap\" data-name=\"tel-246\"><input size=\"40\" class=\"wpcf7-form-control wpcf7-tel wpcf7-validates-as-required wpcf7-text wpcf7-validates-as-tel\" aria-required=\"true\" aria-invalid=\"false\" placeholder=\"Phone\" value=\"\" type=\"tel\" name=\"tel-246\" \/><\/span>\n\t\t\t<\/p>\n\t\t<\/div>\n\t<\/div>\n\t<div class=\"row\">\n\t\t<div class=\"col-12\">\n\t\t\t<p><input class=\"wpcf7-form-control wpcf7-submit has-spinner\" type=\"submit\" value=\"Send your contact details\" \/>\n\t\t\t<\/p>\n\t\t<\/div>\n\t<\/div>\n\t<div class=\"footer_form\">\n\t\t<p>By creating an account, you are agreeing to our <a href=\"https:\/\/tokentact.net\/terms-of-use\/\" target=\"_blank\">Terms of Use<\/a> and <a href=\"https:\/\/tokentact.net\/privacy-policy\/\" target=\"_blank\">Privacy Policy<\/a>\n\t\t<\/p>\n\t<\/div>\n<\/div><div class=\"wpcf7-response-output\" aria-hidden=\"true\"><\/div>\n<\/form>\n<\/div>\n^<\/p>\n\n\n\n<hr class=\"wp-block-separator has-text-color has-alpha-channel-opacity has-background\" style=\"background-color:#ffffff00;color:#ffffff00\"\/>\n\n\n\n<p>TokenTact &#8211; nasza platforma jest wyj\u0105tkowa ze wzgl\u0119du na wykorzystanie gazu, kt\u00f3ry zapewnia wysok\u0105 wydajno\u015b\u0107 i ci\u0105g\u0142\u0105 prac\u0119 bot\u00f3w AI.<\/p>\n\n\n\n<hr class=\"wp-block-separator has-text-color has-alpha-channel-opacity has-background\" style=\"background-color:#ffffff00;color:#ffffff00\"\/>\n\n\n\n<h2 class=\"wp-block-heading has-text-color has-link-color wp-elements-3f287e90ceb03df07e2f13e5058085ee\" style=\"color:#050505;font-size:30px\">Dlaczego ci p\u0142acimy?<\/h2>\n\n\n\n<hr class=\"wp-block-separator has-text-color has-alpha-channel-opacity has-background\" style=\"background-color:#ffffff00;color:#ffffff00\"\/>\n\n\n\n<p>1. Wykorzystanie gazu zamiast tradycyjnych \u017ar\u00f3de\u0142 energii pomaga zmniejszy\u0107 \u015blad w\u0119glowy i wspiera zr\u00f3wnowa\u017cony rozw\u00f3j \u015brodowiska.<\/p>\n\n\n\n<hr class=\"wp-block-separator has-text-color has-alpha-channel-opacity has-background\" style=\"background-color:#ffffff00;color:#ffffff00\"\/>\n\n\n\n<p>2. Cenimy d\u0142ugoterminowe relacje z naszymi u\u017cytkownikami i inwestujemy w ich ci\u0105g\u0142y sukces w handlu na naszej platformie.<\/p>\n\n\n\n<hr class=\"wp-block-separator has-text-color has-alpha-channel-opacity has-background\" style=\"background-color:#ffffff00;color:#ffffff00\"\/>\n\n\n\n<figure class=\"wp-block-image size-full\"><img loading=\"lazy\" decoding=\"async\" width=\"671\" height=\"129\" src=\"https:\/\/tokentact.net\/wp-content\/uploads\/2024\/06\/image-net.png\" alt=\"\" class=\"wp-image-1310\" srcset=\"https:\/\/tokentact.net\/wp-content\/uploads\/2024\/06\/image-net.png 671w, https:\/\/tokentact.net\/wp-content\/uploads\/2024\/06\/image-net-300x58.png 300w\" sizes=\"auto, (max-width: 671px) 100vw, 671px\" \/><\/figure>\n\n\n\n<div class=\"wp-block-group is-vertical is-layout-flex wp-container-core-group-is-layout-8cf370e7 wp-block-group-is-layout-flex\">\n<p><\/p>\n<\/div>\n<\/div>\n\n\n\n<div class=\"wp-block-column is-layout-flow wp-block-column-is-layout-flow\" style=\"flex-basis:15px\"><\/div>\n\n\n\n<div class=\"wp-block-column is-layout-flow wp-block-column-is-layout-flow\" style=\"flex-basis:43%\">\n<h2 class=\"wp-block-heading\" style=\"font-size:30px;font-style:normal;font-weight:700\">Warunki otrzymywania wyp\u0142at zaczynaj\u0105cych si\u0119 od 200 USD miesi\u0119cznie:<\/h2>\n\n\n\n<div class=\"wp-block-group gas-payout-item\"><div class=\"wp-block-group__inner-container is-layout-constrained wp-block-group-is-layout-constrained\">\n<p><strong>1. Rejestracja i weryfikacja:<\/strong><br\/>Aby rozpocz\u0105\u0107 otrzymywanie wyp\u0142at, zarejestruj si\u0119 na naszej platformie i zako\u0144cz proces weryfikacji. Zapewnia to bezpiecze\u0144stwo i zgodno\u015b\u0107 z naszymi standardami.<\/p>\n<\/div><\/div>\n\n\n\n<div class=\"wp-block-group gas-payout-item\"><div class=\"wp-block-group__inner-container is-layout-constrained wp-block-group-is-layout-constrained\">\n<p><strong>2. Wymagany depozyt:<\/strong><br\/>Aby wzi\u0105\u0107 udzia\u0142 w programie wyp\u0142at, nale\u017cy dokona\u0107 minimalnego depozytu. Depozyt ten b\u0119dzie kapita\u0142em pocz\u0105tkowym do handlu i aktywuje mo\u017cliwo\u015b\u0107 otrzymywania wyp\u0142at za korzystanie z gazu.<\/p>\n<\/div><\/div>\n\n\n\n<div class=\"wp-block-group gas-payout-item\"><div class=\"wp-block-group__inner-container is-layout-constrained wp-block-group-is-layout-constrained\">\n<p><strong>3. D\u0142ugotrwa\u0142e korzystanie z platformy:<\/strong><br\/>U\u017cytkownicy, kt\u00f3rzy pozostaj\u0105 z nami na d\u0142u\u017cej i aktywnie korzystaj\u0105 z platformy, mog\u0105 otrzyma\u0107 dodatkowe bonusy lub zwi\u0119kszone wyp\u0142aty.<\/p>\n<\/div><\/div>\n\n\n\n<div class=\"wp-block-group gas-payout-info has-background\" style=\"background-color:#3639ed\"><div class=\"wp-block-group__inner-container is-layout-constrained wp-block-group-is-layout-constrained\">\n<h2 class=\"wp-block-heading has-text-align-center has-white-color has-text-color has-link-color wp-elements-d48d807751dd337b8e445e4fc5dbe487\">Zarejestruj si\u0119 ju\u017c dzi\u015b i zacznij zarabia\u0107 z TokenTact!<\/h2>\n\n\n\n<p class=\"has-text-align-center has-white-color has-text-color has-link-color wp-elements-3eb877ad97386acd2b97cac0e71e5c04\" style=\"font-size:16px\">Niezale\u017cnie od twojego do\u015bwiadczenia, nasze boty AI i nagrody za zu\u017cycie gazu sprawi\u0105, \u017ce tw\u00f3j handel b\u0119dzie bardziej efektywny.<br\/>bardziej op\u0142acalne i skuteczne.<\/p>\n<\/div><\/div>\n<\/div>\n<\/div>\n","protected":false},"excerpt":{"rendered":"<p>Nagrody za korzystanie z gazu TokenTact &#8211; nasza platforma jest wyj\u0105tkowa ze wzgl\u0119du na wykorzystanie gazu, kt\u00f3ry zapewnia wysok\u0105 wydajno\u015b\u0107 i ci\u0105g\u0142\u0105 prac\u0119 bot\u00f3w AI. Dlaczego ci p\u0142acimy? 1. Wykorzystanie gazu zamiast tradycyjnych \u017ar\u00f3de\u0142 energii pomaga zmniejszy\u0107 \u015blad w\u0119glowy i wspiera zr\u00f3wnowa\u017cony rozw\u00f3j \u015brodowiska. 2. Cenimy d\u0142ugoterminowe relacje z naszymi u\u017cytkownikami i inwestujemy w ich [&hellip;]<\/p>\n","protected":false},"author":1,"featured_media":0,"parent":0,"menu_order":0,"comment_status":"closed","ping_status":"closed","template":"","meta":{"_acf_changed":false,"inline_featured_image":false,"_monsterinsights_skip_tracking":false,"_monsterinsights_sitenote_active":false,"_monsterinsights_sitenote_note":"","_monsterinsights_sitenote_category":0,"footnotes":""},"class_list":["post-1404","page","type-page","status-publish","hentry"],"acf":[],"yoast_head":"<!-- This site is optimized with the Yoast SEO plugin v24.8.1 - https:\/\/yoast.com\/wordpress\/plugins\/seo\/ -->\n<title>Uzyskaj wyp\u0142at\u0119 za gaz - Tokentact Official Website<\/title>\n<meta name=\"robots\" content=\"index, follow, max-snippet:-1, max-image-preview:large, max-video-preview:-1\" \/>\n<link rel=\"canonical\" href=\"https:\/\/tokentact.net\/pl\/uzyskaj-wyplate-za-gaz\/\" \/>\n<meta property=\"og:locale\" content=\"pl_PL\" \/>\n<meta property=\"og:type\" content=\"article\" \/>\n<meta property=\"og:title\" content=\"Uzyskaj wyp\u0142at\u0119 za gaz - Tokentact Official Website\" \/>\n<meta property=\"og:description\" content=\"Nagrody za korzystanie z gazu TokenTact &#8211; nasza platforma jest wyj\u0105tkowa ze wzgl\u0119du na wykorzystanie gazu, kt\u00f3ry zapewnia wysok\u0105 wydajno\u015b\u0107 i ci\u0105g\u0142\u0105 prac\u0119 bot\u00f3w AI. Dlaczego ci p\u0142acimy? 1. Wykorzystanie gazu zamiast tradycyjnych \u017ar\u00f3de\u0142 energii pomaga zmniejszy\u0107 \u015blad w\u0119glowy i wspiera zr\u00f3wnowa\u017cony rozw\u00f3j \u015brodowiska. 2. Cenimy d\u0142ugoterminowe relacje z naszymi u\u017cytkownikami i inwestujemy w ich [&hellip;]\" \/>\n<meta property=\"og:url\" content=\"https:\/\/tokentact.net\/pl\/uzyskaj-wyplate-za-gaz\/\" \/>\n<meta property=\"og:site_name\" content=\"Tokentact Official Website\" \/>\n<meta property=\"article:modified_time\" content=\"2024-07-03T08:40:22+00:00\" \/>\n<meta property=\"og:image\" content=\"https:\/\/tokentact.net\/wp-content\/uploads\/2024\/06\/image-net.png\" \/>\n<meta name=\"twitter:card\" content=\"summary_large_image\" \/>\n<meta name=\"twitter:label1\" content=\"Szacowany czas czytania\" \/>\n\t<meta name=\"twitter:data1\" content=\"1 minuta\" \/>\n<script type=\"application\/ld+json\" class=\"yoast-schema-graph\">{\"@context\":\"https:\/\/schema.org\",\"@graph\":[{\"@type\":\"WebPage\",\"@id\":\"https:\/\/tokentact.net\/pl\/uzyskaj-wyplate-za-gaz\/\",\"url\":\"https:\/\/tokentact.net\/pl\/uzyskaj-wyplate-za-gaz\/\",\"name\":\"Uzyskaj wyp\u0142at\u0119 za gaz - Tokentact Official Website\",\"isPartOf\":{\"@id\":\"https:\/\/tokentact.net\/pl\/#website\"},\"primaryImageOfPage\":{\"@id\":\"https:\/\/tokentact.net\/pl\/uzyskaj-wyplate-za-gaz\/#primaryimage\"},\"image\":{\"@id\":\"https:\/\/tokentact.net\/pl\/uzyskaj-wyplate-za-gaz\/#primaryimage\"},\"thumbnailUrl\":\"https:\/\/tokentact.net\/wp-content\/uploads\/2024\/06\/image-net.png\",\"datePublished\":\"2024-05-30T11:20:41+00:00\",\"dateModified\":\"2024-07-03T08:40:22+00:00\",\"breadcrumb\":{\"@id\":\"https:\/\/tokentact.net\/pl\/uzyskaj-wyplate-za-gaz\/#breadcrumb\"},\"inLanguage\":\"pl-PL\",\"potentialAction\":[{\"@type\":\"ReadAction\",\"target\":[\"https:\/\/tokentact.net\/pl\/uzyskaj-wyplate-za-gaz\/\"]}]},{\"@type\":\"ImageObject\",\"inLanguage\":\"pl-PL\",\"@id\":\"https:\/\/tokentact.net\/pl\/uzyskaj-wyplate-za-gaz\/#primaryimage\",\"url\":\"https:\/\/tokentact.net\/wp-content\/uploads\/2024\/06\/image-net.png\",\"contentUrl\":\"https:\/\/tokentact.net\/wp-content\/uploads\/2024\/06\/image-net.png\"},{\"@type\":\"BreadcrumbList\",\"@id\":\"https:\/\/tokentact.net\/pl\/uzyskaj-wyplate-za-gaz\/#breadcrumb\",\"itemListElement\":[{\"@type\":\"ListItem\",\"position\":1,\"name\":\"Home\",\"item\":\"https:\/\/tokentact.net\/pl\/\"},{\"@type\":\"ListItem\",\"position\":2,\"name\":\"Uzyskaj wyp\u0142at\u0119 za gaz\"}]},{\"@type\":\"WebSite\",\"@id\":\"https:\/\/tokentact.net\/pl\/#website\",\"url\":\"https:\/\/tokentact.net\/pl\/\",\"name\":\"Tokentact Trading Bot\",\"description\":\"\",\"alternateName\":\"Tokentact\",\"potentialAction\":[{\"@type\":\"SearchAction\",\"target\":{\"@type\":\"EntryPoint\",\"urlTemplate\":\"https:\/\/tokentact.net\/pl\/?s={search_term_string}\"},\"query-input\":{\"@type\":\"PropertyValueSpecification\",\"valueRequired\":true,\"valueName\":\"search_term_string\"}}],\"inLanguage\":\"pl-PL\"}]}<\/script>\n<!-- \/ Yoast SEO plugin. -->","yoast_head_json":{"title":"Uzyskaj wyp\u0142at\u0119 za gaz - Tokentact Official Website","robots":{"index":"index","follow":"follow","max-snippet":"max-snippet:-1","max-image-preview":"max-image-preview:large","max-video-preview":"max-video-preview:-1"},"canonical":"https:\/\/tokentact.net\/pl\/uzyskaj-wyplate-za-gaz\/","og_locale":"pl_PL","og_type":"article","og_title":"Uzyskaj wyp\u0142at\u0119 za gaz - Tokentact Official Website","og_description":"Nagrody za korzystanie z gazu TokenTact &#8211; nasza platforma jest wyj\u0105tkowa ze wzgl\u0119du na wykorzystanie gazu, kt\u00f3ry zapewnia wysok\u0105 wydajno\u015b\u0107 i ci\u0105g\u0142\u0105 prac\u0119 bot\u00f3w AI. Dlaczego ci p\u0142acimy? 1. Wykorzystanie gazu zamiast tradycyjnych \u017ar\u00f3de\u0142 energii pomaga zmniejszy\u0107 \u015blad w\u0119glowy i wspiera zr\u00f3wnowa\u017cony rozw\u00f3j \u015brodowiska. 2. Cenimy d\u0142ugoterminowe relacje z naszymi u\u017cytkownikami i inwestujemy w ich [&hellip;]","og_url":"https:\/\/tokentact.net\/pl\/uzyskaj-wyplate-za-gaz\/","og_site_name":"Tokentact Official Website","article_modified_time":"2024-07-03T08:40:22+00:00","og_image":[{"url":"https:\/\/tokentact.net\/wp-content\/uploads\/2024\/06\/image-net.png","type":"","width":"","height":""}],"twitter_card":"summary_large_image","twitter_misc":{"Szacowany czas czytania":"1 minuta"},"schema":{"@context":"https:\/\/schema.org","@graph":[{"@type":"WebPage","@id":"https:\/\/tokentact.net\/pl\/uzyskaj-wyplate-za-gaz\/","url":"https:\/\/tokentact.net\/pl\/uzyskaj-wyplate-za-gaz\/","name":"Uzyskaj wyp\u0142at\u0119 za gaz - Tokentact Official Website","isPartOf":{"@id":"https:\/\/tokentact.net\/pl\/#website"},"primaryImageOfPage":{"@id":"https:\/\/tokentact.net\/pl\/uzyskaj-wyplate-za-gaz\/#primaryimage"},"image":{"@id":"https:\/\/tokentact.net\/pl\/uzyskaj-wyplate-za-gaz\/#primaryimage"},"thumbnailUrl":"https:\/\/tokentact.net\/wp-content\/uploads\/2024\/06\/image-net.png","datePublished":"2024-05-30T11:20:41+00:00","dateModified":"2024-07-03T08:40:22+00:00","breadcrumb":{"@id":"https:\/\/tokentact.net\/pl\/uzyskaj-wyplate-za-gaz\/#breadcrumb"},"inLanguage":"pl-PL","potentialAction":[{"@type":"ReadAction","target":["https:\/\/tokentact.net\/pl\/uzyskaj-wyplate-za-gaz\/"]}]},{"@type":"ImageObject","inLanguage":"pl-PL","@id":"https:\/\/tokentact.net\/pl\/uzyskaj-wyplate-za-gaz\/#primaryimage","url":"https:\/\/tokentact.net\/wp-content\/uploads\/2024\/06\/image-net.png","contentUrl":"https:\/\/tokentact.net\/wp-content\/uploads\/2024\/06\/image-net.png"},{"@type":"BreadcrumbList","@id":"https:\/\/tokentact.net\/pl\/uzyskaj-wyplate-za-gaz\/#breadcrumb","itemListElement":[{"@type":"ListItem","position":1,"name":"Home","item":"https:\/\/tokentact.net\/pl\/"},{"@type":"ListItem","position":2,"name":"Uzyskaj wyp\u0142at\u0119 za gaz"}]},{"@type":"WebSite","@id":"https:\/\/tokentact.net\/pl\/#website","url":"https:\/\/tokentact.net\/pl\/","name":"Tokentact Trading Bot","description":"","alternateName":"Tokentact","potentialAction":[{"@type":"SearchAction","target":{"@type":"EntryPoint","urlTemplate":"https:\/\/tokentact.net\/pl\/?s={search_term_string}"},"query-input":{"@type":"PropertyValueSpecification","valueRequired":true,"valueName":"search_term_string"}}],"inLanguage":"pl-PL"}]}},"_links":{"self":[{"href":"https:\/\/tokentact.net\/pl\/wp-json\/wp\/v2\/pages\/1404","targetHints":{"allow":["GET"]}}],"collection":[{"href":"https:\/\/tokentact.net\/pl\/wp-json\/wp\/v2\/pages"}],"about":[{"href":"https:\/\/tokentact.net\/pl\/wp-json\/wp\/v2\/types\/page"}],"author":[{"embeddable":true,"href":"https:\/\/tokentact.net\/pl\/wp-json\/wp\/v2\/users\/1"}],"replies":[{"embeddable":true,"href":"https:\/\/tokentact.net\/pl\/wp-json\/wp\/v2\/comments?post=1404"}],"version-history":[{"count":0,"href":"https:\/\/tokentact.net\/pl\/wp-json\/wp\/v2\/pages\/1404\/revisions"}],"wp:attachment":[{"href":"https:\/\/tokentact.net\/pl\/wp-json\/wp\/v2\/media?parent=1404"}],"curies":[{"name":"wp","href":"https:\/\/api.w.org\/{rel}","templated":true}]}}