{"id":217,"date":"2024-02-02T16:05:16","date_gmt":"2024-02-02T16:05:16","guid":{"rendered":"https:\/\/tokentact.net\/condizioni-di-utilizzo\/"},"modified":"2024-07-03T09:11:44","modified_gmt":"2024-07-03T09:11:44","slug":"condizioni-di-utilizzo","status":"publish","type":"page","link":"https:\/\/tokentact.net\/it\/condizioni-di-utilizzo\/","title":{"rendered":"Condizioni di utilizzo"},"content":{"rendered":"\n<h1 class=\"wp-block-heading\">Termini e condizioni<\/h1>\n\n<h2 class=\"wp-block-heading\">1. Generale<\/h2>\n\n<p>1.1. Benvenuto su <a href=\"https:\/\/tokentact.net\/it\/\">https:\/\/tokentact.net\/<\/a> (il &#8220;Sito&#8221;).<\/p>\n\n<p>La nostra posta <a href=\"mailto:info@tokentact.net\">info@tokentact.net<\/a><\/p>\n\n<p>1.2. Il Sito web contiene informazioni sulle piattaforme di terzi (le <strong>&#8220;Piattaforme di terzi&#8221;<\/strong>) per il trading (i &#8221; <strong>Servizi&#8221;<\/strong>).<\/p>\n\n<p>1.3. Le presenti condizioni d&#8217;uso (le <strong>&#8220;Condizioni&#8221;<\/strong>) regolano l&#8217;utilizzo del Sito web o dei Servizi da parte dell&#8217;utente (<strong>&#8220;Utente&#8221;<\/strong>, <strong>&#8220;Suo&#8221;<\/strong> o <strong>&#8220;Utente&#8221;<\/strong>). Le presenti Condizioni devono essere lette attentamente dall&#8217;Utente nella loro interezza prima dell&#8217;utilizzo dei Servizi. Si prega di notare che le presenti Condizioni costituiscono un accordo legalmente vincolante tra l&#8217;Utente e l&#8217;operatore del Sito web e che, qualora l&#8217;Utente non sia d&#8217;accordo con una qualsiasi disposizione delle presenti Condizioni, dovr\u00e0 immediatamente cessare di utilizzare il Sito web. Utilizzando il Sito, l&#8217;Utente accetta i Termini, come modificati di volta in volta.<\/p>\n\n<p>I presenti Termini incorporano la nostra Informativa sulla privacy e, accettando i presenti Termini, l&#8217;utente conferma di accettare anche la nostra Informativa sulla privacy (\u00e8 possibile consultare la nostra Informativa sulla privacy facendo <a href=\"https:\/\/tokentact.co\/privacy-policy\/\">clic qui<\/a>).<\/p>\n\n<h2 class=\"wp-block-heading\">2. L&#8217;ammissibilit\u00e0<\/h2>\n\n<p>2.1. L&#8217;utente \u00e8 autorizzato a utilizzare il sito web solo se rispetta tutte le seguenti condizioni:<\/p>\n\n<p>2.1.1. Avete almeno 18 anni;<\/p>\n\n<p>2.1.2. L&#8217;utente ha il diritto, l&#8217;autorit\u00e0 e la capacit\u00e0 di stipulare le presenti Condizioni e di rispettare tutti i termini e le condizioni delle stesse;<\/p>\n\n<p>2.1.3. All&#8217;Utente non \u00e8 vietato utilizzare il Sito e\/o i Servizi in base alle leggi del paese in cui risiede o si trova mentre utilizza il Sito.<\/p>\n\n<p>2.2. Non rilasciamo alcuna dichiarazione o garanzia, espressa o implicita, in merito alla legalit\u00e0 del Sito Web e\/o dei Servizi e\/o dell&#8217;uso del Sito Web e\/o dei Servizi da parte di qualsiasi persona, e non saremo responsabili di alcun uso illegale del Sito Web e\/o dei Servizi da parte dell&#8217;Utente.<\/p>\n\n<h2 class=\"wp-block-heading\">3. Territori limitati<\/h2>\n\n<p>3.1. Senza derogare alla generalit\u00e0 di quanto sopra, potremo, a nostra esclusiva discrezione, limitare la disponibilit\u00e0 del Sito e\/o dei Servizi (o di qualsiasi parte di essi) a: (i) agli Utenti di qualsiasi territorio (i <strong>&#8220;Territori Limitati&#8221;)<\/strong> e (ii) a coloro che riteniamo possano esporre la Societ\u00e0 a rischi legali, normativi, di reputazione o economici.<\/p>\n\n<p>3.2. Possiamo imporre ulteriori requisiti o condizioni prima di accettare Utenti residenti in o provenienti da determinati Paesi, a nostra esclusiva discrezione. Inoltre, si riconosce che se gli Utenti dovessero recarsi nei Territori soggetti a restrizioni, il Sito e\/o i Servizi potrebbero essere non disponibili e\/o bloccati in tali territori.<\/p>\n\n<h2 class=\"wp-block-heading\">4. Attivit\u00e0 vietate<\/h2>\n\n<p>4.1. L&#8217;Utente si impegna a utilizzare il Sito e i Servizi in modo rispettoso e si impegna a non:<\/p>\n\n<p>4.1.1. Collegarsi al Sito e\/o utilizzare il Sito allo scopo di caricare, scaricare, distribuire, pubblicare o trasmettere (a) informazioni o altro materiale in modo da violare qualsiasi diritto, compresi i diritti di propriet\u00e0 intellettuale, la tutela della privacy o qualsiasi altro diritto; (b) informazioni o altro materiale di cui \u00e8 vietata la pubblicazione o l&#8217;utilizzo perch\u00e9 costituisce minaccia, danno, insulto, calunnia, diffamazione, razzismo o contenuto inappropriato; (c) informazioni o altro materiale che includa un virus o altro software che possa danneggiare i nostri sistemi informatici o quelli di terzi o in modo da limitare o impedire ad altri l&#8217;utilizzo del Sito; (d) informazioni o altri materiali che violano qualsiasi legge; o (e) informazioni o altro materiale che includa pubblicit\u00e0 di qualsiasi tipo senza la nostra preventiva autorizzazione scritta;<\/p>\n\n<p>4.1.2. Eliminare o modificare le attribuzioni, le note legali o altre designazioni o etichette proprietarie presenti sul sito web;<\/p>\n\n<p>4.1.3. Utilizzare i Servizi utilizzando un&#8217;interfaccia diversa dal Sito web;<\/p>\n\n<p>4.1.4. Interferire con l&#8217;uso del Sito e\/o dei Servizi da parte di altri Utenti;<\/p>\n\n<p>4.1.5. Utilizzare bot o altri metodi automatizzati per accedere o utilizzare il Sito e\/o i Servizi;<\/p>\n\n<p>4.1.6. Caricare o trasmettere (o tentare di caricare o trasmettere), senza la Nostra espressa autorizzazione, qualsiasi materiale che agisca come meccanismo passivo o attivo di raccolta o trasmissione di informazioni, inclusi, a titolo esemplificativo, web bug, cookie o altri dispositivi spyware simili;<\/p>\n\n<p>4.1.7. Impegnarsi nel &#8220;framing&#8221;, nel &#8220;mirroring&#8221; o nel simulare in altro modo l&#8217;aspetto o la funzione dei Servizi;<\/p>\n\n<p>4.1.8. Violare qualsiasi legge o regolamento applicabile, incoraggiare o promuovere qualsiasi attivit\u00e0 illegale, tra cui, a titolo esemplificativo e non esaustivo, violazione del copyright, violazione del marchio, diffamazione, violazione della privacy, furto d&#8217;identit\u00e0, hacking, cracking o distribuzione di software contraffatto;<\/p>\n\n<p>4.1.9. Apportare modifiche e\/o interferire in qualsiasi modo nel codice sorgente del Sito e caricare qualsiasi software e\/o applicazione che possa danneggiare o causare danni al Sito o a terzi;<\/p>\n\n<p>4.1.10. Disassemblare, decompilare o altrimenti decodificare qualsiasi software o altra tecnologia inclusa nel Sito web o utilizzata per fornire i Servizi.<\/p>\n\n<p>4.2. L&#8217;utente riconosce che, senza pregiudizio per qualsiasi altro diritto di cui possiamo disporre, nel caso in cui temiamo che l&#8217;uso del Sito Web da parte dell&#8217;utente non sia conforme alle disposizioni dei presenti Termini o di qualsiasi legge applicabile, possiamo tracciare l&#8217;uso del Sito Web o dei Servizi da parte dell&#8217;utente, impedire l&#8217;accesso al Sito Web, trasferire i modelli di comportamento dell&#8217;utente sul Sito Web a terzi e qualsiasi altra azione che possiamo ritenere appropriata per proteggere la sua propriet\u00e0 e\/o i suoi diritti e\/o i diritti di terzi.<\/p>\n\n<h3 class=\"wp-block-heading\">5. Diritti di propriet\u00e0 intellettuale<\/h3>\n\n<p>5.1. Il Sito e il suo contenuto, compresi i materiali video, i testi, le foto, i loghi, i disegni, la musica, i suoni, le figure, i marchi e qualsiasi altro contenuto incorporato nel Sito sono protetti dai diritti di propriet\u00e0 intellettuale nostri o di terzi.<\/p>\n\n<p>5.2. Per quanto riguarda Noi e l&#8217;Utente, manteniamo tutti i diritti, i titoli e gli interessi relativi al Sito Web e ai Servizi. L&#8217;uso del Sito e\/o dei Servizi non conferisce all&#8217;Utente alcuno dei diritti di propriet\u00e0 intellettuale contenuti nel Sito e\/o nei Servizi, se non il diritto di utilizzare il Sito e\/o i Servizi in conformit\u00e0 ai termini delle presenti Condizioni.<\/p>\n\n<p>5.3. L&#8217;Utente pu\u00f2 utilizzare il Sito e\/o i Servizi solo per uso personale e non commerciale.<\/p>\n\n<p>5.4. L&#8217;utente non potr\u00e0, n\u00e9 dovr\u00e0 consentire a terzi di modificare, decompilare, disassemblare, decodificare, copiare, trasferire, creare opere derivate, affittare, concedere in sublicenza, distribuire, riprodurre incorniciato, ripubblicare, raschiare, scaricare, visualizzare, trasmettere, pubblicare, affittare o vendere in qualsiasi forma o con qualsiasi mezzo, in tutto o in parte, utilizzare per scopi diversi dall&#8217;uso del Sito web o dei Servizi ai sensi dei Termini o sfruttare in altro modo qualsiasi contenuto del Sito web senza il nostro esplicito e preventivo consenso scritto.<\/p>\n\n<h3 class=\"wp-block-heading\">6. Limitazione di responsabilit\u00e0<\/h3>\n\n<p>6.1. L&#8217;utilizzo del Sito e\/o dei Servizi da parte dell&#8217;utente \u00e8 a suo esclusivo rischio. Nella misura massima consentita dalla legge, decliniamo tutte le garanzie, esplicite o implicite, in relazione al Sito Web e ai Servizi e al loro utilizzo da parte dell&#8217;Utente, comprese le garanzie implicite di commerciabilit\u00e0, titolo, idoneit\u00e0 per uno scopo particolare o non violazione, utilit\u00e0, autorit\u00e0, accuratezza, completezza e tempestivit\u00e0. Di conseguenza, i Servizi, compresi tutti i contenuti e le funzioni resi disponibili o a cui si accede attraverso o inviati dal Sito web, sono forniti &#8220;cos\u00ec come sono&#8221;, &#8220;come disponibili&#8221; e &#8220;con tutti i difetti&#8221;.<\/p>\n\n<p>6.2. Senza derogare alla generalit\u00e0 di quanto precede, non ci assumiamo alcuna responsabilit\u00e0 per qualsiasi (a) errori, sbagli o imprecisioni di qualsiasi contenuto incluso nel sito web; (b) qualsiasi interruzione o cessazione della trasmissione da o verso il Sito web o tramite i Servizi; (c) qualsiasi bug, virus, cavallo di Troia o simili che possano essere trasmessi a o attraverso il Sito web o i Servizi da terzi.<\/p>\n\n<p>6.3. L&#8217;utente accetta di tenerci indenni per qualsiasi perdita causata, direttamente o indirettamente, all&#8217;utente stesso e\/o a terzi, in relazione al sito web e\/o ai servizi e si assume la responsabilit\u00e0 esclusiva di qualsiasi decisione presa dall&#8217;utente in base al contenuto del sito web e\/o dei servizi.<\/p>\n\n<p>6.4. In nessun caso saremo responsabili nei confronti dell&#8217;utente o di terzi per danni speciali, diretti, indiretti, incidentali, particolari, punitivi o consequenziali di qualsiasi tipo, compresi i mancati profitti o la perdita di dati derivanti dall&#8217;uso del Sito web e\/o dei Servizi o di altri materiali presenti, accessibili o scaricati dal Sito web o come parte dei Servizi da parte dell&#8217;utente, indipendentemente dal fatto che siano basati su garanzia, contratto, illecito civile o qualsiasi altra teoria legale, e indipendentemente dal fatto che siamo stati avvisati o meno della possibilit\u00e0 di tali danni e nei casi in cui l&#8217;autorit\u00e0 giudiziaria ci ritenga responsabili, la sua responsabilit\u00e0 non superer\u00e0 i 100 USD. La suddetta limitazione di responsabilit\u00e0 si applica nella misura massima consentita dalla legge nella giurisdizione applicabile.<\/p>\n\n<p>6.5. Non siamo responsabili di eventuali problemi o malfunzionamenti tecnici delle linee telefoniche o di rete, dei sistemi informatici online, dei server o dei provider, dell&#8217;hardware, del software, di guasti dovuti a problemi tecnici o alla congestione del traffico su Internet (o all&#8217;inaccessibilit\u00e0 di Internet) o all&#8217;incompatibilit\u00e0 tra il Sito web o i Servizi e il browser e\/o altre apparecchiature dell&#8217;Utente. Senza derogare alla generalit\u00e0 di quanto sopra, non ci assumiamo alcuna responsabilit\u00e0 o rischio per l&#8217;utilizzo di Internet da parte dell&#8217;utente.<\/p>\n\n<h3 class=\"wp-block-heading\">7. Servizi o contenuti di terzi<\/h3>\n\n<p>7.1. Durante l&#8217;utilizzo dei Servizi, l&#8217;Utente pu\u00f2 visualizzare contenuti o servizi forniti da terzi, comprese pubblicit\u00e0 e recensioni relative alle Piattaforme di terzi.<\/p>\n\n<p>7.2. Non controlliamo, approviamo o adottiamo tali contenuti o servizi, che potrebbero non essere sempre accurati o aggiornati.<\/p>\n\n<p>7.3. Di conseguenza, si consiglia di verificare in modo indipendente tutte le informazioni prima di fare affidamento su di esse e qualsiasi decisione o azione intrapresa sulla base di tali informazioni \u00e8 di esclusiva responsabilit\u00e0 dell&#8217;utente.<\/p>\n\n<h3 class=\"wp-block-heading\">8. Collegamenti<\/h3>\n\n<p>8.1. Il Sito pu\u00f2 contenere link, contenuti, pubblicit\u00e0, promozioni, loghi e altri materiali di altri siti web o software controllati o offerti da terzi (i &#8220;Link&#8221;). Vi invitiamo ad assicurarvi di aver compreso i rischi connessi all&#8217;utilizzo di tali siti web, software o materiali prima di recuperare, utilizzare, fare affidamento o acquistare qualcosa tramite tali siti web o software, o sulla base di tali materiali. Tali link sono forniti esclusivamente per comodit\u00e0 dell&#8217;utente, che accetta di non essere in alcun caso ritenuto responsabile per eventuali perdite o danni causati dall&#8217;uso o dall&#8217;affidamento su contenuti, beni o servizi disponibili su altri siti web o software.<\/p>\n\n<p>8.2. L&#8217;inclusione di link nel sito web non costituisce un&#8217;approvazione, un&#8217;autorizzazione, una sponsorizzazione, un&#8217;affiliazione o qualsiasi altro collegamento tra Noi e questi siti web, software o i loro operatori.<\/p>\n\n<p>8.3. Non abbiamo esaminato nessuno o tutti i suddetti link e non siamo responsabili del contenuto dei siti web o dei software a cui si fa riferimento. Vi invitiamo ad assicurarvi di aver compreso i rischi connessi all&#8217;utilizzo di tali siti web o software prima di prelevare, utilizzare, fare affidamento o acquistare qualcosa tramite tali siti web o software. In nessun caso ci riterrete responsabili di eventuali perdite o danni causati dall&#8217;uso o dall&#8217;affidamento su contenuti, beni o servizi disponibili su altri siti web.<\/p>\n\n<p>8.4. \u00c8 responsabilit\u00e0 dell&#8217;Utente esaminare i termini e le politiche di tali siti web di terze parti e consigliamo vivamente di esaminarli attentamente prima di impegnarsi con tali terze parti.<\/p>\n\n<h3 class=\"wp-block-heading\">9. Varie<\/h3>\n\n<p>9.1. Possiamo, a Nostra esclusiva discrezione, emendare, modificare o interrompere, di volta in volta, qualsiasi Servizio e\/o introdurre nuovi Servizi. La Societ\u00e0 non sar\u00e0 responsabile di eventuali perdite subite dall&#8217;Utente a causa di tali modifiche e l&#8217;Utente non potr\u00e0 avanzare alcuna pretesa nei confronti della Societ\u00e0 a tale riguardo.<\/p>\n\n<p>9.2. Le presenti Condizioni possono essere modificate di volta in volta. In tal caso, provvederemo a darne comunicazione all&#8217;utente pubblicando la versione pi\u00f9 aggiornata e modificando la data in cima a questa pagina; qualsiasi modifica sar\u00e0 effettiva immediatamente dopo la pubblicazione. Continuando a utilizzare il Sito Web dopo l&#8217;entrata in vigore di eventuali modifiche, si ritiene che l&#8217;Utente accetti i Termini rivisti.<\/p>\n\n<p>9.3. L&#8217;Utente concorda che la trasmissione di informazioni a o dal Sito Web non crea tra i due alcun rapporto che si discosti da quelli specificati nelle presenti Condizioni.<\/p>\n\n<p>9.4. I presenti Termini e l&#8217;Informativa sulla privacy, come di volta in volta modificati, costituiscono gli unici accordi validi tra Noi e l&#8217;Utente, e nessuna dichiarazione, promessa, consenso o impegno, sia scritto che orale, che non sia incluso nei Termini e nell&#8217;Informativa sulla privacy sar\u00e0 vincolante per le parti.<\/p>\n\n<p>9.5. Nessun mancato o ritardato esercizio da parte nostra di qualsiasi diritto, potere o rimedio ai sensi di tale clausola costituir\u00e0 una rinuncia allo stesso, n\u00e9 qualsiasi esercizio singolo o parziale di tale diritto, potere o rimedio precluder\u00e0 qualsiasi altro o ulteriore esercizio dello stesso o l&#8217;esercizio di qualsiasi altro diritto, potere o rimedio.<\/p>\n\n<p>9.6. Qualora una disposizione dei presenti Termini sia ritenuta inapplicabile ai sensi della legge applicabile da un tribunale della giurisdizione competente, tale disposizione sar\u00e0 esclusa dai presenti Termini e la parte restante dei presenti Termini sar\u00e0 interpretata come se tale disposizione fosse esclusa e sar\u00e0 applicabile in conformit\u00e0 ai suoi termini; a condizione, tuttavia, che in tal caso i presenti Termini siano interpretati in modo da dare effetto, nella misura massima compatibile e consentita dalla legge applicabile, al significato e all&#8217;intenzione della disposizione esclusa, come stabilito dal tribunale della giurisdizione competente.<\/p>\n\n<p>9.7. Possiamo trasferire o assegnare tutti i nostri diritti e obblighi a terzi; senza derogare a quanto sopra, il Sito web e\/o i Servizi possono essere gestiti da terzi. L&#8217;utente non pu\u00f2 trasferire, cedere o dare in pegno in alcun modo alcuno dei suoi diritti o obblighi ai sensi delle presenti Condizioni.<\/p>\n","protected":false},"excerpt":{"rendered":"<p>Termini e condizioni 1. Generale 1.1. Benvenuto su https:\/\/tokentact.net\/ (il &#8220;Sito&#8221;). La nostra posta info@tokentact.net 1.2. Il Sito web contiene informazioni sulle piattaforme di terzi (le &#8220;Piattaforme di terzi&#8221;) per il trading (i &#8221; Servizi&#8221;). 1.3. Le presenti condizioni d&#8217;uso (le &#8220;Condizioni&#8221;) regolano l&#8217;utilizzo del Sito web o dei Servizi da parte dell&#8217;utente (&#8220;Utente&#8221;, &#8220;Suo&#8221; [&hellip;]<\/p>\n","protected":false},"author":1,"featured_media":0,"parent":0,"menu_order":0,"comment_status":"closed","ping_status":"closed","template":"","meta":{"_acf_changed":false,"inline_featured_image":false,"_monsterinsights_skip_tracking":false,"_monsterinsights_sitenote_active":false,"_monsterinsights_sitenote_note":"","_monsterinsights_sitenote_category":0,"footnotes":""},"tags":[],"class_list":["post-217","page","type-page","status-publish","hentry"],"acf":[],"yoast_head":"<!-- This site is optimized with the Yoast SEO plugin v24.8.1 - https:\/\/yoast.com\/wordpress\/plugins\/seo\/ -->\n<title>Condizioni di utilizzo - Tokentact Official Website<\/title>\n<meta name=\"robots\" content=\"index, follow, max-snippet:-1, max-image-preview:large, max-video-preview:-1\" \/>\n<link rel=\"canonical\" href=\"https:\/\/tokentact.net\/it\/condizioni-di-utilizzo\/\" \/>\n<meta property=\"og:locale\" content=\"it_IT\" \/>\n<meta property=\"og:type\" content=\"article\" \/>\n<meta property=\"og:title\" content=\"Condizioni di utilizzo - Tokentact Official Website\" \/>\n<meta property=\"og:description\" content=\"Termini e condizioni 1. Generale 1.1. Benvenuto su https:\/\/tokentact.net\/ (il &#8220;Sito&#8221;). La nostra posta info@tokentact.net 1.2. Il Sito web contiene informazioni sulle piattaforme di terzi (le &#8220;Piattaforme di terzi&#8221;) per il trading (i &#8221; Servizi&#8221;). 1.3. Le presenti condizioni d&#8217;uso (le &#8220;Condizioni&#8221;) regolano l&#8217;utilizzo del Sito web o dei Servizi da parte dell&#8217;utente (&#8220;Utente&#8221;, &#8220;Suo&#8221; [&hellip;]\" \/>\n<meta property=\"og:url\" content=\"https:\/\/tokentact.net\/it\/condizioni-di-utilizzo\/\" \/>\n<meta property=\"og:site_name\" content=\"Tokentact Official Website\" \/>\n<meta property=\"article:modified_time\" content=\"2024-07-03T09:11:44+00:00\" \/>\n<meta name=\"twitter:card\" content=\"summary_large_image\" \/>\n<meta name=\"twitter:label1\" content=\"Tempo di lettura stimato\" \/>\n\t<meta name=\"twitter:data1\" content=\"11 minuti\" \/>\n<script type=\"application\/ld+json\" class=\"yoast-schema-graph\">{\"@context\":\"https:\/\/schema.org\",\"@graph\":[{\"@type\":\"WebPage\",\"@id\":\"https:\/\/tokentact.net\/it\/condizioni-di-utilizzo\/\",\"url\":\"https:\/\/tokentact.net\/it\/condizioni-di-utilizzo\/\",\"name\":\"Condizioni di utilizzo - Tokentact Official Website\",\"isPartOf\":{\"@id\":\"https:\/\/tokentact.net\/it\/#website\"},\"datePublished\":\"2024-02-02T16:05:16+00:00\",\"dateModified\":\"2024-07-03T09:11:44+00:00\",\"breadcrumb\":{\"@id\":\"https:\/\/tokentact.net\/it\/condizioni-di-utilizzo\/#breadcrumb\"},\"inLanguage\":\"it-IT\",\"potentialAction\":[{\"@type\":\"ReadAction\",\"target\":[\"https:\/\/tokentact.net\/it\/condizioni-di-utilizzo\/\"]}]},{\"@type\":\"BreadcrumbList\",\"@id\":\"https:\/\/tokentact.net\/it\/condizioni-di-utilizzo\/#breadcrumb\",\"itemListElement\":[{\"@type\":\"ListItem\",\"position\":1,\"name\":\"Home\",\"item\":\"https:\/\/tokentact.net\/it\/\"},{\"@type\":\"ListItem\",\"position\":2,\"name\":\"Condizioni di utilizzo\"}]},{\"@type\":\"WebSite\",\"@id\":\"https:\/\/tokentact.net\/it\/#website\",\"url\":\"https:\/\/tokentact.net\/it\/\",\"name\":\"Tokentact Trading Bot\",\"description\":\"\",\"alternateName\":\"Tokentact\",\"potentialAction\":[{\"@type\":\"SearchAction\",\"target\":{\"@type\":\"EntryPoint\",\"urlTemplate\":\"https:\/\/tokentact.net\/it\/?s={search_term_string}\"},\"query-input\":{\"@type\":\"PropertyValueSpecification\",\"valueRequired\":true,\"valueName\":\"search_term_string\"}}],\"inLanguage\":\"it-IT\"}]}<\/script>\n<!-- \/ Yoast SEO plugin. -->","yoast_head_json":{"title":"Condizioni di utilizzo - Tokentact Official Website","robots":{"index":"index","follow":"follow","max-snippet":"max-snippet:-1","max-image-preview":"max-image-preview:large","max-video-preview":"max-video-preview:-1"},"canonical":"https:\/\/tokentact.net\/it\/condizioni-di-utilizzo\/","og_locale":"it_IT","og_type":"article","og_title":"Condizioni di utilizzo - Tokentact Official Website","og_description":"Termini e condizioni 1. Generale 1.1. Benvenuto su https:\/\/tokentact.net\/ (il &#8220;Sito&#8221;). La nostra posta info@tokentact.net 1.2. Il Sito web contiene informazioni sulle piattaforme di terzi (le &#8220;Piattaforme di terzi&#8221;) per il trading (i &#8221; Servizi&#8221;). 1.3. Le presenti condizioni d&#8217;uso (le &#8220;Condizioni&#8221;) regolano l&#8217;utilizzo del Sito web o dei Servizi da parte dell&#8217;utente (&#8220;Utente&#8221;, &#8220;Suo&#8221; [&hellip;]","og_url":"https:\/\/tokentact.net\/it\/condizioni-di-utilizzo\/","og_site_name":"Tokentact Official Website","article_modified_time":"2024-07-03T09:11:44+00:00","twitter_card":"summary_large_image","twitter_misc":{"Tempo di lettura stimato":"11 minuti"},"schema":{"@context":"https:\/\/schema.org","@graph":[{"@type":"WebPage","@id":"https:\/\/tokentact.net\/it\/condizioni-di-utilizzo\/","url":"https:\/\/tokentact.net\/it\/condizioni-di-utilizzo\/","name":"Condizioni di utilizzo - Tokentact Official Website","isPartOf":{"@id":"https:\/\/tokentact.net\/it\/#website"},"datePublished":"2024-02-02T16:05:16+00:00","dateModified":"2024-07-03T09:11:44+00:00","breadcrumb":{"@id":"https:\/\/tokentact.net\/it\/condizioni-di-utilizzo\/#breadcrumb"},"inLanguage":"it-IT","potentialAction":[{"@type":"ReadAction","target":["https:\/\/tokentact.net\/it\/condizioni-di-utilizzo\/"]}]},{"@type":"BreadcrumbList","@id":"https:\/\/tokentact.net\/it\/condizioni-di-utilizzo\/#breadcrumb","itemListElement":[{"@type":"ListItem","position":1,"name":"Home","item":"https:\/\/tokentact.net\/it\/"},{"@type":"ListItem","position":2,"name":"Condizioni di utilizzo"}]},{"@type":"WebSite","@id":"https:\/\/tokentact.net\/it\/#website","url":"https:\/\/tokentact.net\/it\/","name":"Tokentact Trading Bot","description":"","alternateName":"Tokentact","potentialAction":[{"@type":"SearchAction","target":{"@type":"EntryPoint","urlTemplate":"https:\/\/tokentact.net\/it\/?s={search_term_string}"},"query-input":{"@type":"PropertyValueSpecification","valueRequired":true,"valueName":"search_term_string"}}],"inLanguage":"it-IT"}]}},"_links":{"self":[{"href":"https:\/\/tokentact.net\/it\/wp-json\/wp\/v2\/pages\/217","targetHints":{"allow":["GET"]}}],"collection":[{"href":"https:\/\/tokentact.net\/it\/wp-json\/wp\/v2\/pages"}],"about":[{"href":"https:\/\/tokentact.net\/it\/wp-json\/wp\/v2\/types\/page"}],"author":[{"embeddable":true,"href":"https:\/\/tokentact.net\/it\/wp-json\/wp\/v2\/users\/1"}],"replies":[{"embeddable":true,"href":"https:\/\/tokentact.net\/it\/wp-json\/wp\/v2\/comments?post=217"}],"version-history":[{"count":0,"href":"https:\/\/tokentact.net\/it\/wp-json\/wp\/v2\/pages\/217\/revisions"}],"wp:attachment":[{"href":"https:\/\/tokentact.net\/it\/wp-json\/wp\/v2\/media?parent=217"}],"wp:term":[{"taxonomy":"post_tag","embeddable":true,"href":"https:\/\/tokentact.net\/it\/wp-json\/wp\/v2\/tags?post=217"}],"curies":[{"name":"wp","href":"https:\/\/api.w.org\/{rel}","templated":true}]}}