{"id":1406,"date":"2024-05-30T11:20:41","date_gmt":"2024-05-30T11:20:41","guid":{"rendered":"https:\/\/tokentact.net\/kapja-meg-a-gazkifizetest\/"},"modified":"2024-07-03T08:40:22","modified_gmt":"2024-07-03T08:40:22","slug":"kapja-meg-a-gazkifizetest","status":"publish","type":"page","link":"https:\/\/tokentact.net\/hu\/kapja-meg-a-gazkifizetest\/","title":{"rendered":"Kapja meg a g\u00e1zkifizet\u00e9st"},"content":{"rendered":"\n<div class=\"wp-block-columns is-layout-flex wp-container-core-columns-is-layout-9d6595d7 wp-block-columns-is-layout-flex\" id=\"gas-payout\">\n<div class=\"wp-block-column is-layout-flow wp-block-column-is-layout-flow\" style=\"flex-basis:57%\">\n<h1 class=\"wp-block-heading\" style=\"font-size:42px;font-style:normal;font-weight:700\">Jutalmak a g\u00e1zhaszn\u00e1lat\u00e9rt<\/h1>\n\n\n\n<hr class=\"wp-block-separator has-text-color has-white-color has-alpha-channel-opacity has-white-background-color has-background\"\/>\n\n\n<p>\n<div class=\"wpcf7 no-js\" id=\"wpcf7-f5-o1\" lang=\"en-US\" dir=\"ltr\">\n<div class=\"screen-reader-response\"><p role=\"status\" aria-live=\"polite\" aria-atomic=\"true\"><\/p> <ul><\/ul><\/div>\n<form action=\"\/hu\/wp-json\/wp\/v2\/pages\/1406#wpcf7-f5-o1\" method=\"post\" class=\"wpcf7-form init\" aria-label=\"Contact form\" novalidate=\"novalidate\" data-status=\"init\">\n<div style=\"display: none;\">\n<input type=\"hidden\" name=\"_wpcf7\" value=\"5\" \/>\n<input type=\"hidden\" name=\"_wpcf7_version\" value=\"5.9.4\" \/>\n<input type=\"hidden\" name=\"_wpcf7_locale\" value=\"en_US\" \/>\n<input type=\"hidden\" name=\"_wpcf7_unit_tag\" value=\"wpcf7-f5-o1\" \/>\n<input type=\"hidden\" name=\"_wpcf7_container_post\" value=\"0\" \/>\n<input type=\"hidden\" name=\"_wpcf7_posted_data_hash\" value=\"\" \/>\n<\/div>\n<div class=\"cta_form\">\n\t<div class=\"row\">\n\t\t<div class=\"col-xxl-6 col-xl-6 col-lg-6 col-md-12 col-12\">\n\t\t\t<p><span class=\"wpcf7-form-control-wrap\" data-name=\"fname\"><input size=\"40\" class=\"wpcf7-form-control wpcf7-text wpcf7-validates-as-required\" aria-required=\"true\" aria-invalid=\"false\" placeholder=\"First Name\" value=\"\" type=\"text\" name=\"fname\" \/><\/span>\n\t\t\t<\/p>\n\t\t<\/div>\n\t\t<div class=\"col-xxl-6 col-xl-6 col-lg-6 col-md-12 col-12\">\n\t\t\t<p><span class=\"wpcf7-form-control-wrap\" data-name=\"lname\"><input size=\"40\" class=\"wpcf7-form-control wpcf7-text wpcf7-validates-as-required\" aria-required=\"true\" aria-invalid=\"false\" placeholder=\"Last Name\" value=\"\" type=\"text\" name=\"lname\" \/><\/span>\n\t\t\t<\/p>\n\t\t<\/div>\n\t<\/div>\n\t<div class=\"row\">\n\t\t<div class=\"col-xxl-6 col-xl-6 col-lg-6 col-md-12 col-12\">\n\t\t\t<p><span class=\"wpcf7-form-control-wrap\" data-name=\"email-36\"><input size=\"40\" class=\"wpcf7-form-control wpcf7-email wpcf7-validates-as-required wpcf7-text wpcf7-validates-as-email\" aria-required=\"true\" aria-invalid=\"false\" placeholder=\"E-mail\" value=\"\" type=\"email\" name=\"email-36\" \/><\/span>\n\t\t\t<\/p>\n\t\t<\/div>\n\t\t<div class=\"col-xxl-6 col-xl-6 col-lg-6 col-md-12 col-12\">\n\t\t\t<p><span class=\"wpcf7-form-control-wrap\" data-name=\"tel-246\"><input size=\"40\" class=\"wpcf7-form-control wpcf7-tel wpcf7-validates-as-required wpcf7-text wpcf7-validates-as-tel\" aria-required=\"true\" aria-invalid=\"false\" placeholder=\"Phone\" value=\"\" type=\"tel\" name=\"tel-246\" \/><\/span>\n\t\t\t<\/p>\n\t\t<\/div>\n\t<\/div>\n\t<div class=\"row\">\n\t\t<div class=\"col-12\">\n\t\t\t<p><input class=\"wpcf7-form-control wpcf7-submit has-spinner\" type=\"submit\" value=\"Send your contact details\" \/>\n\t\t\t<\/p>\n\t\t<\/div>\n\t<\/div>\n\t<div class=\"footer_form\">\n\t\t<p>By creating an account, you are agreeing to our <a href=\"https:\/\/tokentact.net\/terms-of-use\/\" target=\"_blank\">Terms of Use<\/a> and <a href=\"https:\/\/tokentact.net\/privacy-policy\/\" target=\"_blank\">Privacy Policy<\/a>\n\t\t<\/p>\n\t<\/div>\n<\/div><div class=\"wpcf7-response-output\" aria-hidden=\"true\"><\/div>\n<\/form>\n<\/div>\n^<\/p>\n\n\n\n<hr class=\"wp-block-separator has-text-color has-alpha-channel-opacity has-background\" style=\"background-color:#ffffff00;color:#ffffff00\"\/>\n\n\n\n<p>TokenTact &#8211; platformunk egyed\u00fcl\u00e1ll\u00f3 a g\u00e1z haszn\u00e1lata miatt, amely biztos\u00edtja az AI botok nagy teljes\u00edtm\u00e9ny\u00e9t \u00e9s folyamatos m\u0171k\u00f6d\u00e9s\u00e9t.<\/p>\n\n\n\n<hr class=\"wp-block-separator has-text-color has-alpha-channel-opacity has-background\" style=\"background-color:#ffffff00;color:#ffffff00\"\/>\n\n\n\n<h2 class=\"wp-block-heading has-text-color has-link-color wp-elements-cffee5d8c3c793a8a0516d90ad2adb5d\" style=\"color:#050505;font-size:30px\">Mi\u00e9rt fizet\u00fcnk \u00d6nnek?<\/h2>\n\n\n\n<hr class=\"wp-block-separator has-text-color has-alpha-channel-opacity has-background\" style=\"background-color:#ffffff00;color:#ffffff00\"\/>\n\n\n\n<p>1. A g\u00e1z haszn\u00e1lata a hagyom\u00e1nyos energiaforr\u00e1sok helyett seg\u00edt cs\u00f6kkenteni a sz\u00e9nl\u00e1bnyomot \u00e9s t\u00e1mogatja a k\u00f6rnyezeti fenntarthat\u00f3s\u00e1got.<\/p>\n\n\n\n<hr class=\"wp-block-separator has-text-color has-alpha-channel-opacity has-background\" style=\"background-color:#ffffff00;color:#ffffff00\"\/>\n\n\n\n<p>2. Nagyra \u00e9rt\u00e9kelj\u00fck a felhaszn\u00e1l\u00f3inkkal val\u00f3 hossz\u00fa t\u00e1v\u00fa kapcsolatokat, \u00e9s \u00e9rdekeltek vagyunk abban, hogy \u00d6n folyamatosan sikeresen kereskedjen a platformunkon.<\/p>\n\n\n\n<hr class=\"wp-block-separator has-text-color has-alpha-channel-opacity has-background\" style=\"background-color:#ffffff00;color:#ffffff00\"\/>\n\n\n\n<figure class=\"wp-block-image size-full\"><img loading=\"lazy\" decoding=\"async\" width=\"671\" height=\"129\" src=\"https:\/\/tokentact.net\/wp-content\/uploads\/2024\/06\/image-net.png\" alt=\"\" class=\"wp-image-1310\" srcset=\"https:\/\/tokentact.net\/wp-content\/uploads\/2024\/06\/image-net.png 671w, https:\/\/tokentact.net\/wp-content\/uploads\/2024\/06\/image-net-300x58.png 300w\" sizes=\"auto, (max-width: 671px) 100vw, 671px\" \/><\/figure>\n\n\n\n<div class=\"wp-block-group is-vertical is-layout-flex wp-container-core-group-is-layout-8cf370e7 wp-block-group-is-layout-flex\">\n<p><\/p>\n<\/div>\n<\/div>\n\n\n\n<div class=\"wp-block-column is-layout-flow wp-block-column-is-layout-flow\" style=\"flex-basis:15px\"><\/div>\n\n\n\n<div class=\"wp-block-column is-layout-flow wp-block-column-is-layout-flow\" style=\"flex-basis:43%\">\n<h2 class=\"wp-block-heading\" style=\"font-size:30px;font-style:normal;font-weight:700\">Havi 200 doll\u00e1rt\u00f3l kezd\u0151d\u0151 kifizet\u00e9sek felt\u00e9telei:<\/h2>\n\n\n\n<div class=\"wp-block-group gas-payout-item\"><div class=\"wp-block-group__inner-container is-layout-constrained wp-block-group-is-layout-constrained\">\n<p><strong>1. Regisztr\u00e1ci\u00f3 \u00e9s ellen\u0151rz\u00e9s:<\/strong><br\/>A kifizet\u00e9sek megkezd\u00e9s\u00e9hez regisztr\u00e1ljon a platformunkon, \u00e9s t\u00f6ltse ki az ellen\u0151rz\u00e9si folyamatot. Ez garant\u00e1lja a biztons\u00e1got \u00e9s a szabv\u00e1nyainknak val\u00f3 megfelel\u00e9st.<\/p>\n<\/div><\/div>\n\n\n\n<div class=\"wp-block-group gas-payout-item\"><div class=\"wp-block-group__inner-container is-layout-constrained wp-block-group-is-layout-constrained\">\n<p><strong>2. Let\u00e9ti k\u00f6vetelm\u00e9ny:<\/strong><br\/>A kifizet\u00e9si programban val\u00f3 r\u00e9szv\u00e9telhez minim\u00e1lis befizet\u00e9sre van sz\u00fcks\u00e9g. Ez a befizet\u00e9s lesz az \u00d6n kezd\u0151 t\u0151k\u00e9je a keresked\u00e9shez, \u00e9s aktiv\u00e1lja a g\u00e1zhaszn\u00e1lat\u00e9rt j\u00e1r\u00f3 kifizet\u00e9sek lehet\u0151s\u00e9g\u00e9t.<\/p>\n<\/div><\/div>\n\n\n\n<div class=\"wp-block-group gas-payout-item\"><div class=\"wp-block-group__inner-container is-layout-constrained wp-block-group-is-layout-constrained\">\n<p><strong>3. Hossz\u00fa t\u00e1v\u00fa platformhaszn\u00e1lat:<\/strong><br\/>Azok a felhaszn\u00e1l\u00f3k, akik hossz\u00fa t\u00e1von vel\u00fcnk maradnak \u00e9s akt\u00edvan haszn\u00e1lj\u00e1k a platformot, tov\u00e1bbi b\u00f3nuszokat vagy megn\u00f6velt kifizet\u00e9seket kaphatnak.<\/p>\n<\/div><\/div>\n\n\n\n<div class=\"wp-block-group gas-payout-info has-background\" style=\"background-color:#3639ed\"><div class=\"wp-block-group__inner-container is-layout-constrained wp-block-group-is-layout-constrained\">\n<h2 class=\"wp-block-heading has-text-align-center has-white-color has-text-color has-link-color wp-elements-446d6d4c95ad49323efc231b6cb4e2ce\">Regisztr\u00e1ljon m\u00e9g ma \u00e9s kezdjen el keresni a TokenTact-tal!<\/h2>\n\n\n\n<p class=\"has-text-align-center has-white-color has-text-color has-link-color wp-elements-0c7fd90ad136ebf947b8a7101c6a8924\" style=\"font-size:16px\">F\u00fcggetlen\u00fcl att\u00f3l, hogy milyen tapasztalattal rendelkezik, az AI botjaink \u00e9s a g\u00e1zfelhaszn\u00e1l\u00e1si jutalmak lehet\u0151v\u00e9 teszik a keresked\u00e9st.<br\/>j\u00f6vedelmez\u0151bb \u00e9s sikeresebb.<\/p>\n<\/div><\/div>\n<\/div>\n<\/div>\n","protected":false},"excerpt":{"rendered":"<p>Jutalmak a g\u00e1zhaszn\u00e1lat\u00e9rt TokenTact &#8211; platformunk egyed\u00fcl\u00e1ll\u00f3 a g\u00e1z haszn\u00e1lata miatt, amely biztos\u00edtja az AI botok nagy teljes\u00edtm\u00e9ny\u00e9t \u00e9s folyamatos m\u0171k\u00f6d\u00e9s\u00e9t. Mi\u00e9rt fizet\u00fcnk \u00d6nnek? 1. A g\u00e1z haszn\u00e1lata a hagyom\u00e1nyos energiaforr\u00e1sok helyett seg\u00edt cs\u00f6kkenteni a sz\u00e9nl\u00e1bnyomot \u00e9s t\u00e1mogatja a k\u00f6rnyezeti fenntarthat\u00f3s\u00e1got. 2. Nagyra \u00e9rt\u00e9kelj\u00fck a felhaszn\u00e1l\u00f3inkkal val\u00f3 hossz\u00fa t\u00e1v\u00fa kapcsolatokat, \u00e9s \u00e9rdekeltek vagyunk abban, hogy [&hellip;]<\/p>\n","protected":false},"author":1,"featured_media":0,"parent":0,"menu_order":0,"comment_status":"closed","ping_status":"closed","template":"","meta":{"_acf_changed":false,"inline_featured_image":false,"_monsterinsights_skip_tracking":false,"_monsterinsights_sitenote_active":false,"_monsterinsights_sitenote_note":"","_monsterinsights_sitenote_category":0,"footnotes":""},"class_list":["post-1406","page","type-page","status-publish","hentry"],"acf":[],"yoast_head":"<!-- This site is optimized with the Yoast SEO plugin v24.8.1 - https:\/\/yoast.com\/wordpress\/plugins\/seo\/ -->\n<title>Kapja meg a g\u00e1zkifizet\u00e9st - Tokentact Official Website<\/title>\n<meta name=\"robots\" content=\"index, follow, max-snippet:-1, max-image-preview:large, max-video-preview:-1\" \/>\n<link rel=\"canonical\" href=\"https:\/\/tokentact.net\/hu\/kapja-meg-a-gazkifizetest\/\" \/>\n<meta property=\"og:locale\" content=\"hu_HU\" \/>\n<meta property=\"og:type\" content=\"article\" \/>\n<meta property=\"og:title\" content=\"Kapja meg a g\u00e1zkifizet\u00e9st - Tokentact Official Website\" \/>\n<meta property=\"og:description\" content=\"Jutalmak a g\u00e1zhaszn\u00e1lat\u00e9rt TokenTact &#8211; platformunk egyed\u00fcl\u00e1ll\u00f3 a g\u00e1z haszn\u00e1lata miatt, amely biztos\u00edtja az AI botok nagy teljes\u00edtm\u00e9ny\u00e9t \u00e9s folyamatos m\u0171k\u00f6d\u00e9s\u00e9t. Mi\u00e9rt fizet\u00fcnk \u00d6nnek? 1. A g\u00e1z haszn\u00e1lata a hagyom\u00e1nyos energiaforr\u00e1sok helyett seg\u00edt cs\u00f6kkenteni a sz\u00e9nl\u00e1bnyomot \u00e9s t\u00e1mogatja a k\u00f6rnyezeti fenntarthat\u00f3s\u00e1got. 2. Nagyra \u00e9rt\u00e9kelj\u00fck a felhaszn\u00e1l\u00f3inkkal val\u00f3 hossz\u00fa t\u00e1v\u00fa kapcsolatokat, \u00e9s \u00e9rdekeltek vagyunk abban, hogy [&hellip;]\" \/>\n<meta property=\"og:url\" content=\"https:\/\/tokentact.net\/hu\/kapja-meg-a-gazkifizetest\/\" \/>\n<meta property=\"og:site_name\" content=\"Tokentact Official Website\" \/>\n<meta property=\"article:modified_time\" content=\"2024-07-03T08:40:22+00:00\" \/>\n<meta property=\"og:image\" content=\"https:\/\/tokentact.net\/wp-content\/uploads\/2024\/06\/image-net.png\" \/>\n<meta name=\"twitter:card\" content=\"summary_large_image\" \/>\n<meta name=\"twitter:label1\" content=\"Becs\u00fclt olvas\u00e1si id\u0151\" \/>\n\t<meta name=\"twitter:data1\" content=\"1 perc\" \/>\n<script type=\"application\/ld+json\" class=\"yoast-schema-graph\">{\"@context\":\"https:\/\/schema.org\",\"@graph\":[{\"@type\":\"WebPage\",\"@id\":\"https:\/\/tokentact.net\/hu\/kapja-meg-a-gazkifizetest\/\",\"url\":\"https:\/\/tokentact.net\/hu\/kapja-meg-a-gazkifizetest\/\",\"name\":\"Kapja meg a g\u00e1zkifizet\u00e9st - Tokentact Official Website\",\"isPartOf\":{\"@id\":\"https:\/\/tokentact.net\/hu\/#website\"},\"primaryImageOfPage\":{\"@id\":\"https:\/\/tokentact.net\/hu\/kapja-meg-a-gazkifizetest\/#primaryimage\"},\"image\":{\"@id\":\"https:\/\/tokentact.net\/hu\/kapja-meg-a-gazkifizetest\/#primaryimage\"},\"thumbnailUrl\":\"https:\/\/tokentact.net\/wp-content\/uploads\/2024\/06\/image-net.png\",\"datePublished\":\"2024-05-30T11:20:41+00:00\",\"dateModified\":\"2024-07-03T08:40:22+00:00\",\"breadcrumb\":{\"@id\":\"https:\/\/tokentact.net\/hu\/kapja-meg-a-gazkifizetest\/#breadcrumb\"},\"inLanguage\":\"hu\",\"potentialAction\":[{\"@type\":\"ReadAction\",\"target\":[\"https:\/\/tokentact.net\/hu\/kapja-meg-a-gazkifizetest\/\"]}]},{\"@type\":\"ImageObject\",\"inLanguage\":\"hu\",\"@id\":\"https:\/\/tokentact.net\/hu\/kapja-meg-a-gazkifizetest\/#primaryimage\",\"url\":\"https:\/\/tokentact.net\/wp-content\/uploads\/2024\/06\/image-net.png\",\"contentUrl\":\"https:\/\/tokentact.net\/wp-content\/uploads\/2024\/06\/image-net.png\"},{\"@type\":\"BreadcrumbList\",\"@id\":\"https:\/\/tokentact.net\/hu\/kapja-meg-a-gazkifizetest\/#breadcrumb\",\"itemListElement\":[{\"@type\":\"ListItem\",\"position\":1,\"name\":\"Home\",\"item\":\"https:\/\/tokentact.net\/hu\/\"},{\"@type\":\"ListItem\",\"position\":2,\"name\":\"Kapja meg a g\u00e1zkifizet\u00e9st\"}]},{\"@type\":\"WebSite\",\"@id\":\"https:\/\/tokentact.net\/hu\/#website\",\"url\":\"https:\/\/tokentact.net\/hu\/\",\"name\":\"Tokentact Trading Bot\",\"description\":\"\",\"alternateName\":\"Tokentact\",\"potentialAction\":[{\"@type\":\"SearchAction\",\"target\":{\"@type\":\"EntryPoint\",\"urlTemplate\":\"https:\/\/tokentact.net\/hu\/?s={search_term_string}\"},\"query-input\":{\"@type\":\"PropertyValueSpecification\",\"valueRequired\":true,\"valueName\":\"search_term_string\"}}],\"inLanguage\":\"hu\"}]}<\/script>\n<!-- \/ Yoast SEO plugin. -->","yoast_head_json":{"title":"Kapja meg a g\u00e1zkifizet\u00e9st - Tokentact Official Website","robots":{"index":"index","follow":"follow","max-snippet":"max-snippet:-1","max-image-preview":"max-image-preview:large","max-video-preview":"max-video-preview:-1"},"canonical":"https:\/\/tokentact.net\/hu\/kapja-meg-a-gazkifizetest\/","og_locale":"hu_HU","og_type":"article","og_title":"Kapja meg a g\u00e1zkifizet\u00e9st - Tokentact Official Website","og_description":"Jutalmak a g\u00e1zhaszn\u00e1lat\u00e9rt TokenTact &#8211; platformunk egyed\u00fcl\u00e1ll\u00f3 a g\u00e1z haszn\u00e1lata miatt, amely biztos\u00edtja az AI botok nagy teljes\u00edtm\u00e9ny\u00e9t \u00e9s folyamatos m\u0171k\u00f6d\u00e9s\u00e9t. Mi\u00e9rt fizet\u00fcnk \u00d6nnek? 1. A g\u00e1z haszn\u00e1lata a hagyom\u00e1nyos energiaforr\u00e1sok helyett seg\u00edt cs\u00f6kkenteni a sz\u00e9nl\u00e1bnyomot \u00e9s t\u00e1mogatja a k\u00f6rnyezeti fenntarthat\u00f3s\u00e1got. 2. Nagyra \u00e9rt\u00e9kelj\u00fck a felhaszn\u00e1l\u00f3inkkal val\u00f3 hossz\u00fa t\u00e1v\u00fa kapcsolatokat, \u00e9s \u00e9rdekeltek vagyunk abban, hogy [&hellip;]","og_url":"https:\/\/tokentact.net\/hu\/kapja-meg-a-gazkifizetest\/","og_site_name":"Tokentact Official Website","article_modified_time":"2024-07-03T08:40:22+00:00","og_image":[{"url":"https:\/\/tokentact.net\/wp-content\/uploads\/2024\/06\/image-net.png","type":"","width":"","height":""}],"twitter_card":"summary_large_image","twitter_misc":{"Becs\u00fclt olvas\u00e1si id\u0151":"1 perc"},"schema":{"@context":"https:\/\/schema.org","@graph":[{"@type":"WebPage","@id":"https:\/\/tokentact.net\/hu\/kapja-meg-a-gazkifizetest\/","url":"https:\/\/tokentact.net\/hu\/kapja-meg-a-gazkifizetest\/","name":"Kapja meg a g\u00e1zkifizet\u00e9st - Tokentact Official Website","isPartOf":{"@id":"https:\/\/tokentact.net\/hu\/#website"},"primaryImageOfPage":{"@id":"https:\/\/tokentact.net\/hu\/kapja-meg-a-gazkifizetest\/#primaryimage"},"image":{"@id":"https:\/\/tokentact.net\/hu\/kapja-meg-a-gazkifizetest\/#primaryimage"},"thumbnailUrl":"https:\/\/tokentact.net\/wp-content\/uploads\/2024\/06\/image-net.png","datePublished":"2024-05-30T11:20:41+00:00","dateModified":"2024-07-03T08:40:22+00:00","breadcrumb":{"@id":"https:\/\/tokentact.net\/hu\/kapja-meg-a-gazkifizetest\/#breadcrumb"},"inLanguage":"hu","potentialAction":[{"@type":"ReadAction","target":["https:\/\/tokentact.net\/hu\/kapja-meg-a-gazkifizetest\/"]}]},{"@type":"ImageObject","inLanguage":"hu","@id":"https:\/\/tokentact.net\/hu\/kapja-meg-a-gazkifizetest\/#primaryimage","url":"https:\/\/tokentact.net\/wp-content\/uploads\/2024\/06\/image-net.png","contentUrl":"https:\/\/tokentact.net\/wp-content\/uploads\/2024\/06\/image-net.png"},{"@type":"BreadcrumbList","@id":"https:\/\/tokentact.net\/hu\/kapja-meg-a-gazkifizetest\/#breadcrumb","itemListElement":[{"@type":"ListItem","position":1,"name":"Home","item":"https:\/\/tokentact.net\/hu\/"},{"@type":"ListItem","position":2,"name":"Kapja meg a g\u00e1zkifizet\u00e9st"}]},{"@type":"WebSite","@id":"https:\/\/tokentact.net\/hu\/#website","url":"https:\/\/tokentact.net\/hu\/","name":"Tokentact Trading Bot","description":"","alternateName":"Tokentact","potentialAction":[{"@type":"SearchAction","target":{"@type":"EntryPoint","urlTemplate":"https:\/\/tokentact.net\/hu\/?s={search_term_string}"},"query-input":{"@type":"PropertyValueSpecification","valueRequired":true,"valueName":"search_term_string"}}],"inLanguage":"hu"}]}},"_links":{"self":[{"href":"https:\/\/tokentact.net\/hu\/wp-json\/wp\/v2\/pages\/1406","targetHints":{"allow":["GET"]}}],"collection":[{"href":"https:\/\/tokentact.net\/hu\/wp-json\/wp\/v2\/pages"}],"about":[{"href":"https:\/\/tokentact.net\/hu\/wp-json\/wp\/v2\/types\/page"}],"author":[{"embeddable":true,"href":"https:\/\/tokentact.net\/hu\/wp-json\/wp\/v2\/users\/1"}],"replies":[{"embeddable":true,"href":"https:\/\/tokentact.net\/hu\/wp-json\/wp\/v2\/comments?post=1406"}],"version-history":[{"count":0,"href":"https:\/\/tokentact.net\/hu\/wp-json\/wp\/v2\/pages\/1406\/revisions"}],"wp:attachment":[{"href":"https:\/\/tokentact.net\/hu\/wp-json\/wp\/v2\/media?parent=1406"}],"curies":[{"name":"wp","href":"https:\/\/api.w.org\/{rel}","templated":true}]}}