{"id":750,"date":"2024-02-06T11:30:14","date_gmt":"2024-02-06T11:30:14","guid":{"rendered":"https:\/\/tokentact.net\/contactez-nous\/"},"modified":"2024-02-12T14:57:49","modified_gmt":"2024-02-12T14:57:49","slug":"contactez-nous","status":"publish","type":"page","link":"https:\/\/tokentact.net\/fr\/contactez-nous\/","title":{"rendered":"Contactez nous"},"content":{"rendered":"\n<div class=\"wp-block-columns is-layout-flex wp-container-core-columns-is-layout-9d6595d7 wp-block-columns-is-layout-flex\">\n<div class=\"wp-block-column is-layout-flow wp-block-column-is-layout-flow\">\n<h1 class=\"wp-block-heading\">Contacter notre \u00e9quipe<\/h1>\n\n\n\n<p>Nous nous engageons \u00e0 fournir un service et une assistance de la plus haute qualit\u00e9.<\/p>\n\n\n\r\n\r\n<div class=\"info_block\" id=\"info_block-block_b4fe73a16ba30a01518b6b7ae61b3433\">\r\n    <div style=\"text-align: center\">\n<p style=\"text-align: left\">Pour les r\u00e9ponses aux questions fr\u00e9quemment pos\u00e9es, cliquez ici.<\/p>\n<\/div>\n<\/div>\r\n\r\n<style>\r\n.info_block {\r\n  position: relative;\r\n  display: block;\r\n  width: 100%;\r\n  margin: 40px auto;\r\n  padding: 13px 16px;\r\n  border-radius: 10px;\r\n  background: rgba(54,57,237,0.05);\r\n}\r\n.info_block h3 {\r\n  font-size: 1em;\r\n  color: #3639ed;\r\n  font-weight: 500;\r\n}\r\n<\/style><\/div>\n\n\n\n<div class=\"wp-block-column is-layout-flow wp-block-column-is-layout-flow\">\n<h2 class=\"wp-block-heading\">Contactez nous<\/h2>\n\n\n\n<p>N&rsquo;h\u00e9sitez pas \u00e0 nous contacter d\u00e8s aujourd&rsquo;hui, nous sommes l\u00e0 pour vous aider \u00e0 r\u00e9ussir avec TokenTact !<\/p>\n\n\n\n<p>Email: support@tokentact.net<\/p>\n\n\n\n<div class=\"wpcf7 no-js\" id=\"wpcf7-f5-o1\" lang=\"en-US\" dir=\"ltr\">\n<div class=\"screen-reader-response\"><p role=\"status\" aria-live=\"polite\" aria-atomic=\"true\"><\/p> <ul><\/ul><\/div>\n<form action=\"\/fr\/wp-json\/wp\/v2\/pages\/750#wpcf7-f5-o1\" method=\"post\" class=\"wpcf7-form init\" aria-label=\"Contact form\" novalidate=\"novalidate\" data-status=\"init\">\n<div style=\"display: none;\">\n<input type=\"hidden\" name=\"_wpcf7\" value=\"5\" \/>\n<input type=\"hidden\" name=\"_wpcf7_version\" value=\"5.9.4\" \/>\n<input type=\"hidden\" name=\"_wpcf7_locale\" value=\"en_US\" \/>\n<input type=\"hidden\" name=\"_wpcf7_unit_tag\" value=\"wpcf7-f5-o1\" \/>\n<input type=\"hidden\" name=\"_wpcf7_container_post\" value=\"0\" \/>\n<input type=\"hidden\" name=\"_wpcf7_posted_data_hash\" value=\"\" \/>\n<\/div>\n<div class=\"cta_form\">\n\t<div class=\"row\">\n\t\t<div class=\"col-xxl-6 col-xl-6 col-lg-6 col-md-12 col-12\">\n\t\t\t<p><span class=\"wpcf7-form-control-wrap\" data-name=\"fname\"><input size=\"40\" class=\"wpcf7-form-control wpcf7-text wpcf7-validates-as-required\" aria-required=\"true\" aria-invalid=\"false\" placeholder=\"First Name\" value=\"\" type=\"text\" name=\"fname\" \/><\/span>\n\t\t\t<\/p>\n\t\t<\/div>\n\t\t<div class=\"col-xxl-6 col-xl-6 col-lg-6 col-md-12 col-12\">\n\t\t\t<p><span class=\"wpcf7-form-control-wrap\" data-name=\"lname\"><input size=\"40\" class=\"wpcf7-form-control wpcf7-text wpcf7-validates-as-required\" aria-required=\"true\" aria-invalid=\"false\" placeholder=\"Last Name\" value=\"\" type=\"text\" name=\"lname\" \/><\/span>\n\t\t\t<\/p>\n\t\t<\/div>\n\t<\/div>\n\t<div class=\"row\">\n\t\t<div class=\"col-xxl-6 col-xl-6 col-lg-6 col-md-12 col-12\">\n\t\t\t<p><span class=\"wpcf7-form-control-wrap\" data-name=\"email-36\"><input size=\"40\" class=\"wpcf7-form-control wpcf7-email wpcf7-validates-as-required wpcf7-text wpcf7-validates-as-email\" aria-required=\"true\" aria-invalid=\"false\" placeholder=\"E-mail\" value=\"\" type=\"email\" name=\"email-36\" \/><\/span>\n\t\t\t<\/p>\n\t\t<\/div>\n\t\t<div class=\"col-xxl-6 col-xl-6 col-lg-6 col-md-12 col-12\">\n\t\t\t<p><span class=\"wpcf7-form-control-wrap\" data-name=\"tel-246\"><input size=\"40\" class=\"wpcf7-form-control wpcf7-tel wpcf7-validates-as-required wpcf7-text wpcf7-validates-as-tel\" aria-required=\"true\" aria-invalid=\"false\" placeholder=\"Phone\" value=\"\" type=\"tel\" name=\"tel-246\" \/><\/span>\n\t\t\t<\/p>\n\t\t<\/div>\n\t<\/div>\n\t<div class=\"row\">\n\t\t<div class=\"col-12\">\n\t\t\t<p><input class=\"wpcf7-form-control wpcf7-submit has-spinner\" type=\"submit\" value=\"Send your contact details\" \/>\n\t\t\t<\/p>\n\t\t<\/div>\n\t<\/div>\n\t<div class=\"footer_form\">\n\t\t<p>By creating an account, you are agreeing to our <a href=\"https:\/\/tokentact.net\/terms-of-use\/\" target=\"_blank\">Terms of Use<\/a> and <a href=\"https:\/\/tokentact.net\/privacy-policy\/\" target=\"_blank\">Privacy Policy<\/a>\n\t\t<\/p>\n\t<\/div>\n<\/div><div class=\"wpcf7-response-output\" aria-hidden=\"true\"><\/div>\n<\/form>\n<\/div>\n\n<\/div>\n<\/div>\n","protected":false},"excerpt":{"rendered":"<p>Contacter notre \u00e9quipe Nous nous engageons \u00e0 fournir un service et une assistance de la plus haute qualit\u00e9. Contactez nous N&rsquo;h\u00e9sitez pas \u00e0 nous contacter d\u00e8s aujourd&rsquo;hui, nous sommes l\u00e0 pour vous aider \u00e0 r\u00e9ussir avec TokenTact ! Email: support@tokentact.net<\/p>\n","protected":false},"author":1,"featured_media":0,"parent":0,"menu_order":0,"comment_status":"closed","ping_status":"closed","template":"","meta":{"_acf_changed":false,"inline_featured_image":false,"_monsterinsights_skip_tracking":false,"_monsterinsights_sitenote_active":false,"_monsterinsights_sitenote_note":"","_monsterinsights_sitenote_category":0,"footnotes":""},"class_list":["post-750","page","type-page","status-publish","hentry"],"acf":[],"yoast_head":"<!-- This site is optimized with the Yoast SEO plugin v24.8.1 - https:\/\/yoast.com\/wordpress\/plugins\/seo\/ -->\n<title>Contactez nous - Tokentact Official Website<\/title>\n<meta name=\"description\" content=\"Besoin d&#039;aide ? N&#039;h\u00e9sitez pas \u00e0 nous contacter ! Notre \u00e9quipe exp\u00e9riment\u00e9e est pr\u00eate \u00e0 vous aider pour toute question ou probl\u00e8me que vous pourriez rencontrer.\" \/>\n<meta name=\"robots\" content=\"index, follow, max-snippet:-1, max-image-preview:large, max-video-preview:-1\" \/>\n<link rel=\"canonical\" href=\"https:\/\/tokentact.net\/fr\/contactez-nous\/\" \/>\n<meta property=\"og:locale\" content=\"fr_FR\" \/>\n<meta property=\"og:type\" content=\"article\" \/>\n<meta property=\"og:title\" content=\"Contactez nous - Tokentact Official Website\" \/>\n<meta property=\"og:description\" content=\"Besoin d&#039;aide ? N&#039;h\u00e9sitez pas \u00e0 nous contacter ! Notre \u00e9quipe exp\u00e9riment\u00e9e est pr\u00eate \u00e0 vous aider pour toute question ou probl\u00e8me que vous pourriez rencontrer.\" \/>\n<meta property=\"og:url\" content=\"https:\/\/tokentact.net\/fr\/contactez-nous\/\" \/>\n<meta property=\"og:site_name\" content=\"Tokentact Official Website\" \/>\n<meta property=\"article:modified_time\" content=\"2024-02-12T14:57:49+00:00\" \/>\n<meta name=\"twitter:card\" content=\"summary_large_image\" \/>\n<meta name=\"twitter:label1\" content=\"Dur\u00e9e de lecture estim\u00e9e\" \/>\n\t<meta name=\"twitter:data1\" content=\"1 minute\" \/>\n<script type=\"application\/ld+json\" class=\"yoast-schema-graph\">{\"@context\":\"https:\/\/schema.org\",\"@graph\":[{\"@type\":\"WebPage\",\"@id\":\"https:\/\/tokentact.net\/fr\/contactez-nous\/\",\"url\":\"https:\/\/tokentact.net\/fr\/contactez-nous\/\",\"name\":\"Contactez nous - Tokentact Official Website\",\"isPartOf\":{\"@id\":\"https:\/\/tokentact.net\/fr\/#website\"},\"datePublished\":\"2024-02-06T11:30:14+00:00\",\"dateModified\":\"2024-02-12T14:57:49+00:00\",\"description\":\"Besoin d'aide ? N'h\u00e9sitez pas \u00e0 nous contacter ! Notre \u00e9quipe exp\u00e9riment\u00e9e est pr\u00eate \u00e0 vous aider pour toute question ou probl\u00e8me que vous pourriez rencontrer.\",\"breadcrumb\":{\"@id\":\"https:\/\/tokentact.net\/fr\/contactez-nous\/#breadcrumb\"},\"inLanguage\":\"fr-FR\",\"potentialAction\":[{\"@type\":\"ReadAction\",\"target\":[\"https:\/\/tokentact.net\/fr\/contactez-nous\/\"]}]},{\"@type\":\"BreadcrumbList\",\"@id\":\"https:\/\/tokentact.net\/fr\/contactez-nous\/#breadcrumb\",\"itemListElement\":[{\"@type\":\"ListItem\",\"position\":1,\"name\":\"Home\",\"item\":\"https:\/\/tokentact.net\/fr\/\"},{\"@type\":\"ListItem\",\"position\":2,\"name\":\"Contactez nous\"}]},{\"@type\":\"WebSite\",\"@id\":\"https:\/\/tokentact.net\/fr\/#website\",\"url\":\"https:\/\/tokentact.net\/fr\/\",\"name\":\"Tokentact Trading Bot\",\"description\":\"\",\"alternateName\":\"Tokentact\",\"potentialAction\":[{\"@type\":\"SearchAction\",\"target\":{\"@type\":\"EntryPoint\",\"urlTemplate\":\"https:\/\/tokentact.net\/fr\/?s={search_term_string}\"},\"query-input\":{\"@type\":\"PropertyValueSpecification\",\"valueRequired\":true,\"valueName\":\"search_term_string\"}}],\"inLanguage\":\"fr-FR\"}]}<\/script>\n<!-- \/ Yoast SEO plugin. -->","yoast_head_json":{"title":"Contactez nous - Tokentact Official Website","description":"Besoin d'aide ? N'h\u00e9sitez pas \u00e0 nous contacter ! Notre \u00e9quipe exp\u00e9riment\u00e9e est pr\u00eate \u00e0 vous aider pour toute question ou probl\u00e8me que vous pourriez rencontrer.","robots":{"index":"index","follow":"follow","max-snippet":"max-snippet:-1","max-image-preview":"max-image-preview:large","max-video-preview":"max-video-preview:-1"},"canonical":"https:\/\/tokentact.net\/fr\/contactez-nous\/","og_locale":"fr_FR","og_type":"article","og_title":"Contactez nous - Tokentact Official Website","og_description":"Besoin d'aide ? N'h\u00e9sitez pas \u00e0 nous contacter ! Notre \u00e9quipe exp\u00e9riment\u00e9e est pr\u00eate \u00e0 vous aider pour toute question ou probl\u00e8me que vous pourriez rencontrer.","og_url":"https:\/\/tokentact.net\/fr\/contactez-nous\/","og_site_name":"Tokentact Official Website","article_modified_time":"2024-02-12T14:57:49+00:00","twitter_card":"summary_large_image","twitter_misc":{"Dur\u00e9e de lecture estim\u00e9e":"1 minute"},"schema":{"@context":"https:\/\/schema.org","@graph":[{"@type":"WebPage","@id":"https:\/\/tokentact.net\/fr\/contactez-nous\/","url":"https:\/\/tokentact.net\/fr\/contactez-nous\/","name":"Contactez nous - Tokentact Official Website","isPartOf":{"@id":"https:\/\/tokentact.net\/fr\/#website"},"datePublished":"2024-02-06T11:30:14+00:00","dateModified":"2024-02-12T14:57:49+00:00","description":"Besoin d'aide ? N'h\u00e9sitez pas \u00e0 nous contacter ! Notre \u00e9quipe exp\u00e9riment\u00e9e est pr\u00eate \u00e0 vous aider pour toute question ou probl\u00e8me que vous pourriez rencontrer.","breadcrumb":{"@id":"https:\/\/tokentact.net\/fr\/contactez-nous\/#breadcrumb"},"inLanguage":"fr-FR","potentialAction":[{"@type":"ReadAction","target":["https:\/\/tokentact.net\/fr\/contactez-nous\/"]}]},{"@type":"BreadcrumbList","@id":"https:\/\/tokentact.net\/fr\/contactez-nous\/#breadcrumb","itemListElement":[{"@type":"ListItem","position":1,"name":"Home","item":"https:\/\/tokentact.net\/fr\/"},{"@type":"ListItem","position":2,"name":"Contactez nous"}]},{"@type":"WebSite","@id":"https:\/\/tokentact.net\/fr\/#website","url":"https:\/\/tokentact.net\/fr\/","name":"Tokentact Trading Bot","description":"","alternateName":"Tokentact","potentialAction":[{"@type":"SearchAction","target":{"@type":"EntryPoint","urlTemplate":"https:\/\/tokentact.net\/fr\/?s={search_term_string}"},"query-input":{"@type":"PropertyValueSpecification","valueRequired":true,"valueName":"search_term_string"}}],"inLanguage":"fr-FR"}]}},"_links":{"self":[{"href":"https:\/\/tokentact.net\/fr\/wp-json\/wp\/v2\/pages\/750","targetHints":{"allow":["GET"]}}],"collection":[{"href":"https:\/\/tokentact.net\/fr\/wp-json\/wp\/v2\/pages"}],"about":[{"href":"https:\/\/tokentact.net\/fr\/wp-json\/wp\/v2\/types\/page"}],"author":[{"embeddable":true,"href":"https:\/\/tokentact.net\/fr\/wp-json\/wp\/v2\/users\/1"}],"replies":[{"embeddable":true,"href":"https:\/\/tokentact.net\/fr\/wp-json\/wp\/v2\/comments?post=750"}],"version-history":[{"count":0,"href":"https:\/\/tokentact.net\/fr\/wp-json\/wp\/v2\/pages\/750\/revisions"}],"wp:attachment":[{"href":"https:\/\/tokentact.net\/fr\/wp-json\/wp\/v2\/media?parent=750"}],"curies":[{"name":"wp","href":"https:\/\/api.w.org\/{rel}","templated":true}]}}