{"id":2830,"date":"2025-04-08T16:29:53","date_gmt":"2025-04-08T16:29:53","guid":{"rendered":"https:\/\/tokentact.net\/plans\/"},"modified":"2025-04-08T16:59:15","modified_gmt":"2025-04-08T16:59:15","slug":"plans","status":"publish","type":"page","link":"https:\/\/tokentact.net\/fr\/plans\/","title":{"rendered":"Plans"},"content":{"rendered":"\n<h1 class=\"wp-block-heading has-text-align-center has-x-large-font-size\">Choisissez votre plan<\/h1>\n\n\n\n<div style=\"height:20px\" aria-hidden=\"true\" class=\"wp-block-spacer\"><\/div>\n\n\n<style>\n    .pricing-block {\n        padding: 30px 0;\n    }\n\n    .pricing-block__row {\n        display: flex;\n        justify-content: center;\n        flex-wrap: wrap;\n        gap: 10px;\n    }\n\n    .pricing__item {\n        display: flex;\n        flex-direction: column;\n        padding: 32px;\n        border-radius: 24px;\n        border: 2px solid #dedede;\n        width: 294px;\n    }\n\n    .pricing__item--plan {\n        color: #707070;\n        font-weight: 600;\n        font-size: 18px;\n        line-height: 24px;\n        margin-bottom: 12px;\n    }\n\n    .pricing__item--price {\n        position: relative;\n        display: flex;\n        gap: 8px;\n        margin-bottom: 12px;\n    }\n\n    .pricing__item--discount {\n        background: #ECECEC;\n        padding: 5px 10px;\n        font-weight: 400;\n        border-radius: 6px;\n        display: flex;\n        align-items: center;\n        margin-left: 8px;\n        font-size: 14px;\n        height: max-content;\n    }\n\n    .pricing__item--price h3 {\n        font-weight: 700;\n        font-size: 28px;\n        line-height: 36px;\n        letter-spacing: 0.2px;\n    }\n\n    .pricing__item--text {\n        color: #707070;\n    }\n\n    .pricing__item a.btn {\n        max-width: 160px;\n        padding-left: 0;\n        padding-right: 0;\n        font-weight: 600;\n    }\n\n    .pricing__item--wrapper {\n        margin-bottom: 24px;\n        min-height: 70px;\n    }\n\n    .pricing__item--content {\n        margin-top: 30px;\n        display: flex;\n        flex-direction: column;\n        gap: 8px;\n    }\n\n    .pricing__item--content ul>li {\n        padding: 11px 0;\n        font-size: 18px;\n        line-height: 24px;\n    }\n\n    .pricing__item--content p {\n        font-size: 18px;\n        line-height: 24px;\n    }\n\n    .pricing-block__row .pricing__item:nth-of-type(2) {\n        border-color: #14c9c1;\n        border-width: 3px;\n        box-shadow: 0 15px 40px 0 #559d9d33, 0 2px 8px 0 #2031310d;\n    }\n<\/style>\n<section class=\"pricing-block\">\n    <div class=\"container\">\n                    <div class=\"pricing-block__row\">\n                                    <div class=\"pricing__item\">\n                        <div class=\"pricing__item--plan\">De base<\/div>\n\n                        <div class=\"pricing__item--wrapper\">\n                            <div class=\"pricing__item--price\">\n                                <h3>Gratuit<\/h3>\n                                                            <\/div>\n                                                            <div class=\"pricing__item--text\">Aucun d\u00e9tail de paiement n&#039;est requis<\/div>\n                                                    <\/div>\n\n                                                        <a href=\"https:\/\/tokentact.net\/fr\/create-account\/\" class=\"btn btn-primary\">\n                                    Commencez                                <\/a>\n                                                <div class=\"pricing__item--content\"><p><span style=\"font-weight: 400;\">Acc\u00e8s <strong>illimit\u00e9<\/strong> au terminal<\/span><\/p>\n<ul>\n<li><strong>3<\/strong> SmartTrades actives<\/li>\n<li><strong>1<\/strong> Signal actif Bot<\/li>\n<li><strong>1<\/strong> Active Grid Bot<\/li>\n<li><strong>1 <\/strong>Bot DCA actif<\/li>\n<li><strong>10<\/strong> <span style=\"font-weight: 400;\">Offres DCA en cours<\/span><\/li>\n<\/ul>\n<\/div>\n                    <\/div>\n                                    <div class=\"pricing__item\">\n                        <div class=\"pricing__item--plan\">Avanc\u00e9  <\/div>\n\n                        <div class=\"pricing__item--wrapper\">\n                            <div class=\"pricing__item--price\">\n                                <h3>250 \u20ac<\/h3>\n                                                                    <span class=\"pricing__item--discount\">-25%<\/span>\n                                                            <\/div>\n                                                            <div class=\"pricing__item--text\">Paiement unique<\/div>\n                                                    <\/div>\n\n                                                        <a href=\"https:\/\/tokentact.net\/fr\/create-account\/\" class=\"btn btn-primary\">\n                                    Commencez                                <\/a>\n                                                <div class=\"pricing__item--content\"><ul>\n<li><strong>50<\/strong> SmartTrades actifs<\/li>\n<li><strong>50<\/strong> Signal actif Bot<\/li>\n<li><strong>10<\/strong> Active Grid Bot<\/li>\n<li><strong>50 <\/strong>DCA actif Bot<\/li>\n<li><strong>50<\/strong> <span style=\"font-weight: 400;\">Offres DCA en cours<\/span><\/li>\n<\/ul>\n<\/div>\n                    <\/div>\n                                    <div class=\"pricing__item\">\n                        <div class=\"pricing__item--plan\">Prime<\/div>\n\n                        <div class=\"pricing__item--wrapper\">\n                            <div class=\"pricing__item--price\">\n                                <h3>Contacter les ventes<\/h3>\n                                                            <\/div>\n                                                    <\/div>\n\n                                                        <a href=\"https:\/\/tokentact.net\/fr\/create-account\/\" class=\"btn btn-primary\">\n                                    Commencez                                <\/a>\n                                                <div class=\"pricing__item--content\"><p>SmartTrades actifs <strong>illimit\u00e9s<\/strong> <\/p>\n<ul>\n<li><strong>250<\/strong> SmartTrades actifs<\/li>\n<li><strong>50<\/strong> Signal actif Bot<\/li>\n<li><strong>250<\/strong> Active Grid Bot<\/li>\n<li><strong>2500 <\/strong>DCA actif Bot<\/li>\n<\/ul>\n<\/div>\n                    <\/div>\n                            <\/div>\n            <\/div>\n<\/section>\n\n\n<div style=\"height:20px\" aria-hidden=\"true\" class=\"wp-block-spacer\"><\/div>\n\n\n\n<div class=\"wp-block-columns is-layout-flex wp-container-core-columns-is-layout-9d6595d7 wp-block-columns-is-layout-flex\">\n<div class=\"wp-block-column is-layout-flow wp-block-column-is-layout-flow\">\n<p class=\"has-text-align-center has-cyan-bluish-gray-color has-text-color has-link-color has-medium-font-size wp-elements-78b0d0c8a8bcac61f5d8165bd8848da9\">Choisissez un plan et rejoignez notre communaut\u00e9 de commer\u00e7ants prosp\u00e8res.<\/p>\n<\/div>\n<\/div>\n\n\n\n<div style=\"height:10px\" aria-hidden=\"true\" class=\"wp-block-spacer\"><\/div>\n\n\n\n<hr class=\"wp-block-separator has-text-color has-alpha-channel-opacity has-background\" style=\"background-color:#70707033;color:#70707033\"\/>\n\n\n\n<div class=\"wp-block-columns is-layout-flex wp-container-core-columns-is-layout-9d6595d7 wp-block-columns-is-layout-flex\">\n<div class=\"wp-block-column plans__include is-layout-flow wp-block-column-is-layout-flow\">\n<div style=\"height:20px\" aria-hidden=\"true\" class=\"wp-block-spacer\"><\/div>\n\n\n\n<p class=\"has-large-font-size\"><strong>Tous les plans payants comprennent<\/strong><\/p>\n\n\n\n<div style=\"height:20px\" aria-hidden=\"true\" class=\"wp-block-spacer\"><\/div>\n\n\n\n<ul class=\"wp-block-list\">\n<li>N\u00e9gociation de contrats \u00e0 terme<\/li>\n\n\n\n<li>Int\u00e9gration de TradingView<\/li>\n\n\n\n<li>Trainer vers le haut et vers le bas<\/li>\n\n\n\n<li>Compte de d\u00e9monstration<\/li>\n\n\n\n<li>Signaux<\/li>\n\n\n\n<li>Backtest<\/li>\n\n\n\n<li>14+ \u00e9changes<\/li>\n<\/ul>\n<\/div>\n<\/div>\n\n\n\n<hr class=\"wp-block-separator has-text-color has-alpha-channel-opacity has-background\" style=\"background-color:#70707033;color:#70707033\"\/>\n\n\n\n<div style=\"height:20px\" aria-hidden=\"true\" class=\"wp-block-spacer\"><\/div>\n\n\n\n<div class=\"wp-block-columns is-layout-flex wp-container-core-columns-is-layout-9d6595d7 wp-block-columns-is-layout-flex\">\n<div class=\"wp-block-column plans__payments is-layout-flow wp-block-column-is-layout-flow\">\n<figure class=\"wp-block-image size-full\"><img decoding=\"async\" src=\"https:\/\/zeongrow.com\/wp-content\/uploads\/2025\/02\/eb374c58-477f-41d0-9b23-0e219c2f8678_Visa_Inc._logo1.avif\" alt=\"\" class=\"wp-image-404\"\/><\/figure>\n\n\n\n<figure class=\"wp-block-image size-full is-resized\"><img decoding=\"async\" src=\"https:\/\/zeongrow.com\/wp-content\/uploads\/2025\/02\/203caee6-29fb-4565-aaa0-70621f61bfed_Icon.avif\" alt=\"\" class=\"wp-image-409\" style=\"width:113px;height:auto\"\/><\/figure>\n\n\n\n<figure class=\"wp-block-image size-full is-resized\"><img decoding=\"async\" src=\"https:\/\/zeongrow.com\/wp-content\/uploads\/2025\/02\/177f9740-d913-4597-adc4-2dd0e557b066_PayPal.avif\" alt=\"\" class=\"wp-image-419\" style=\"width:113px;height:auto\"\/><\/figure>\n\n\n\n<figure class=\"wp-block-image size-full is-resized\"><img decoding=\"async\" src=\"https:\/\/zeongrow.com\/wp-content\/uploads\/2025\/02\/0f188c34-aa9f-4b69-bdb9-8383f3f907bc_GooglePay-2.avif\" alt=\"\" class=\"wp-image-421\" style=\"width:113px;height:auto\"\/><\/figure>\n\n\n\n<figure class=\"wp-block-image size-full is-resized\"><img decoding=\"async\" src=\"https:\/\/zeongrow.com\/wp-content\/uploads\/2025\/02\/95e11ef5-4c69-45d3-a3a7-cfd594d30d36_ApplePay-1.avif\" alt=\"\" class=\"wp-image-423\" style=\"width:113px;height:auto\"\/><\/figure>\n\n\n\n<figure class=\"wp-block-image size-full is-resized\"><img decoding=\"async\" src=\"https:\/\/zeongrow.com\/wp-content\/uploads\/2025\/02\/3fc2c971-defa-45d4-8dbd-0d4faedc82b7_Btc-2.avif\" alt=\"\" class=\"wp-image-427\" style=\"width:113px;height:auto\"\/><\/figure>\n\n\n\n<figure class=\"wp-block-image size-full is-resized\"><img decoding=\"async\" src=\"https:\/\/zeongrow.com\/wp-content\/uploads\/2025\/02\/973476e3-cd57-46a3-988c-97ff8cdb4765_Usdt-1.avif\" alt=\"\" class=\"wp-image-429\" style=\"width:113px;height:auto\"\/><\/figure>\n\n\n\n<figure class=\"wp-block-image size-full is-resized\"><img decoding=\"async\" src=\"https:\/\/zeongrow.com\/wp-content\/uploads\/2025\/02\/4ce547b6-e966-48d2-8ebd-8dff0f2dc87c_BUSD-1.avif\" alt=\"\" class=\"wp-image-431\" style=\"width:113px;height:auto\"\/><\/figure>\n<\/div>\n<\/div>\n\n\n\n<div style=\"height:30px\" aria-hidden=\"true\" class=\"wp-block-spacer\"><\/div>\n\n\n<style>\n    .faq__block {\n        padding-bottom: 140px;\n    }\n\n    .faq__wrapper {\n        display: flex;\n        gap: 108px;\n        flex-direction: row;\n    }\n\n    .faq__wrapper--title h2 {\n        font-size: 62px;\n        line-height: 56px;\n        font-weight: 600;\n        max-width: 450px;\n    }\n\n    .accordion .faq__question {\n        font-weight: 600;\n        font-size: 20px;\n        line-height: 24px;\n        letter-spacing: 0.2px;\n        padding: 24px 0;\n        cursor: pointer;\n        border-bottom: 1px solid #70707033;\n        display: flex;\n    }\n\n    .accordion .faq__answer {\n        max-height: 0;\n        overflow: hidden;\n        margin-top: 8px;\n        color: #333;\n        opacity: 0;\n    }\n\n    .accordion.active .faq__answer {\n        max-height: 500px;\n        opacity: 1;\n        color: #707070;\n        line-height: 26px;\n    }\n\n    .accordion .faq__arrow {\n        margin-left: auto;\n    }\n\n    .accordion .faq__arrow svg {\n        color: #707070;\n    }\n\n    .accordion.active .faq__arrow {\n        transform: rotate(180deg);\n    }\n\n    @media(max-width: 991px) {\n        .faq__wrapper {\n            flex-direction: column;\n            gap: 24px;\n        }\n\n        .faq__wrapper--title h2 {\n            font-size: 28px;\n            line-height: 36px;\n        }\n\n        .accordion .faq__question {\n            font-size: 18px;\n            line-height: 24px;\n            padding: 20px 0;\n        }\n\n        .faq__block {\n            padding-bottom: 60px;\n        }\n    }\n<\/style>\n<section class=\"faq__block\">\n    <div class=\"container\">\n        <div class=\"faq__wrapper\">\n            <div class=\"faq__wrapper--title\">\n                   \n                    <h2>FAQ<\/h2>\n                            <\/div>\n                            <div class=\"faq-wrapper__row\">\n                                            <div class=\"accordion\">\n                            <div class=\"faq__question\">\n                                <span>Comment puis-je commencer \u00e0 utiliser mon plan apr\u00e8s l&#039;avoir achet\u00e9 ?<\/span>\n                                <span class=\"faq__arrow\"><svg width=\"24\" height=\"24\" viewBox=\"0 0 24 24\" fill=\"none\" xmlns=\"http:\/\/www.w3.org\/2000\/svg\" class=\"shrink-0 text-bg-control dark:text-bg-controlDark transition\"><path fill-rule=\"evenodd\" clip-rule=\"evenodd\" d=\"M5.79289 9.29289C6.18342 8.90237 6.81658 8.90237 7.20711 9.29289L12 14.0858L16.7929 9.29289C17.1834 8.90237 17.8166 8.90237 18.2071 9.29289C18.5976 9.68342 18.5976 10.3166 18.2071 10.7071L12.7071 16.2071C12.3166 16.5976 11.6834 16.5976 11.2929 16.2071L5.79289 10.7071C5.40237 10.3166 5.40237 9.68342 5.79289 9.29289Z\" fill=\"currentColor\"><\/path><\/svg><\/span>\n                            <\/div>\n                            <div class=\"faq__answer\">\n                                <p><p><span style=\"font-weight: 400;\">Une fois que vous aurez s\u00e9lectionn\u00e9 votre plan et effectu\u00e9 le paiement, vous recevrez un acc\u00e8s imm\u00e9diat \u00e0 toutes les fonctionnalit\u00e9s incluses dans le plan choisi. Vous pouvez commencer \u00e0 utiliser la plateforme d\u00e8s maintenant ! <\/span><span style=\"font-weight: 400;\"><br \/>\n<\/span><\/p>\n<\/p>\n                            <\/div>\n                        <\/div>\n                                            <div class=\"accordion\">\n                            <div class=\"faq__question\">\n                                <span>Un service d&#039;assistance \u00e0 la client\u00e8le est-il disponible pour les questions relatives au r\u00e9gime ?<\/span>\n                                <span class=\"faq__arrow\"><svg width=\"24\" height=\"24\" viewBox=\"0 0 24 24\" fill=\"none\" xmlns=\"http:\/\/www.w3.org\/2000\/svg\" class=\"shrink-0 text-bg-control dark:text-bg-controlDark transition\"><path fill-rule=\"evenodd\" clip-rule=\"evenodd\" d=\"M5.79289 9.29289C6.18342 8.90237 6.81658 8.90237 7.20711 9.29289L12 14.0858L16.7929 9.29289C17.1834 8.90237 17.8166 8.90237 18.2071 9.29289C18.5976 9.68342 18.5976 10.3166 18.2071 10.7071L12.7071 16.2071C12.3166 16.5976 11.6834 16.5976 11.2929 16.2071L5.79289 10.7071C5.40237 10.3166 5.40237 9.68342 5.79289 9.29289Z\" fill=\"currentColor\"><\/path><\/svg><\/span>\n                            <\/div>\n                            <div class=\"faq__answer\">\n                                <p><p><span style=\"font-weight: 400;\">Oui ! Notre \u00e9quipe d&rsquo;assistance est pr\u00eate \u00e0 vous aider pour toute question concernant votre plan. N&rsquo;h\u00e9sitez pas \u00e0 nous contacter via la section \u00ab\u00a0Nous contacter\u00a0\u00bb pour obtenir de l&rsquo;aide.  <\/span><\/p>\n<\/p>\n                            <\/div>\n                        <\/div>\n                                            <div class=\"accordion\">\n                            <div class=\"faq__question\">\n                                <span>Comment puis-je g\u00e9rer les param\u00e8tres de mon abonnement ?<\/span>\n                                <span class=\"faq__arrow\"><svg width=\"24\" height=\"24\" viewBox=\"0 0 24 24\" fill=\"none\" xmlns=\"http:\/\/www.w3.org\/2000\/svg\" class=\"shrink-0 text-bg-control dark:text-bg-controlDark transition\"><path fill-rule=\"evenodd\" clip-rule=\"evenodd\" d=\"M5.79289 9.29289C6.18342 8.90237 6.81658 8.90237 7.20711 9.29289L12 14.0858L16.7929 9.29289C17.1834 8.90237 17.8166 8.90237 18.2071 9.29289C18.5976 9.68342 18.5976 10.3166 18.2071 10.7071L12.7071 16.2071C12.3166 16.5976 11.6834 16.5976 11.2929 16.2071L5.79289 10.7071C5.40237 10.3166 5.40237 9.68342 5.79289 9.29289Z\" fill=\"currentColor\"><\/path><\/svg><\/span>\n                            <\/div>\n                            <div class=\"faq__answer\">\n                                <p><p><span style=\"font-weight: 400;\">Vous pouvez facilement g\u00e9rer les param\u00e8tres de votre abonnement directement \u00e0 partir du tableau de bord de votre compte. Vous pouvez y mettre \u00e0 jour vos informations de facturation, modifier votre plan ou annuler votre abonnement. <\/span><\/p>\n<\/p>\n                            <\/div>\n                        <\/div>\n                                    <\/div>\n                    <\/div>\n    <\/div>\n<\/section>\n\n<script>\ndocument.addEventListener(\"DOMContentLoaded\", function() {\n    const answers = document.querySelectorAll(\".accordion\");\n    if (answers.length) {\n        answers.forEach((accordion) => {\n            accordion.addEventListener(\"click\", () => {\n                accordion.classList.toggle(\"active\");\n            });\n        });\n    }\n});\n<\/script>\n\n\n\n<style>.plans__include ul {\n    display: flex;\n    flex-wrap: wrap;\n    justify-content: space-between;\n    padding: 20px 0;\n}\n\n.plans__include ul > li {\n    position: relative;\n    padding-left: 28px;\n}\n.plans__include ul > li::before {\n    content: \"\u2714\";\n    position: absolute;\n    left: 0;\n    top: 0;\n    padding: 5px;\n    border-radius: 50%;\n    width: 14px;\n    height: 14px;\n    background-color: #eaf5ed;\n    display: flex;\n    align-items: center;\n    color: #02867d;\n}\n.plans__payments {\n    display: flex;\n    align-items: center;\n    justify-content: center;\n    gap: 48px;\n    row-gap: 0;\n    flex-wrap: wrap;\n    padding: 40px 0;\n}\n.plans__payments img {\n    max-height: 33px;\n    max-width: 52px;\n    object-fit: contain;\n}\n\n.plans__payments p {\n    display: block;\n    max-width: 70%;\n    margin: 0 auto;\n    margin-top: 20px;\n}\n\n\n.pricing-block__row .pricing__item:nth-of-type(2) {\n    border-color: #3639ed;\n    box-shadow: 0 15px 40px 0 #3639ed33, 0 2px 8px 0 #3639ed33;\n}\n\nsection {\n    margin: 20px auto;\n}\n\nol, ul {\n    list-style: none;\n}\n\n.pricing__item {\n    width: 100%;\n    max-width: 362px;\n}\n\n.plans__include ul > li::before {\n    color: #3639ed;\n    background-color: #3639ed40;\n    box-sizing: content-box;\n}\n\n<\/style>\n","protected":false},"excerpt":{"rendered":"<p>Choisissez votre plan Choisissez un plan et rejoignez notre communaut\u00e9 de commer\u00e7ants prosp\u00e8res. Tous les plans payants comprennent<\/p>\n","protected":false},"author":1,"featured_media":0,"parent":0,"menu_order":0,"comment_status":"closed","ping_status":"closed","template":"","meta":{"_acf_changed":false,"inline_featured_image":false,"_monsterinsights_skip_tracking":false,"_monsterinsights_sitenote_active":false,"_monsterinsights_sitenote_note":"","_monsterinsights_sitenote_category":0,"footnotes":""},"tags":[],"class_list":["post-2830","page","type-page","status-publish","hentry"],"acf":[],"yoast_head":"<!-- This site is optimized with the Yoast SEO plugin v24.8.1 - https:\/\/yoast.com\/wordpress\/plugins\/seo\/ -->\n<title>Plans - Tokentact Official Website<\/title>\n<meta name=\"robots\" content=\"index, follow, max-snippet:-1, max-image-preview:large, max-video-preview:-1\" \/>\n<link rel=\"canonical\" href=\"https:\/\/tokentact.net\/fr\/plans\/\" \/>\n<meta property=\"og:locale\" content=\"fr_FR\" \/>\n<meta property=\"og:type\" content=\"article\" \/>\n<meta property=\"og:title\" content=\"Plans - Tokentact Official Website\" \/>\n<meta property=\"og:description\" content=\"Choisissez votre plan Choisissez un plan et rejoignez notre communaut\u00e9 de commer\u00e7ants prosp\u00e8res. Tous les plans payants comprennent\" \/>\n<meta property=\"og:url\" content=\"https:\/\/tokentact.net\/fr\/plans\/\" \/>\n<meta property=\"og:site_name\" content=\"Tokentact Official Website\" \/>\n<meta property=\"article:modified_time\" content=\"2025-04-08T16:59:15+00:00\" \/>\n<meta property=\"og:image\" content=\"https:\/\/zeongrow.com\/wp-content\/uploads\/2025\/02\/eb374c58-477f-41d0-9b23-0e219c2f8678_Visa_Inc._logo1.avif\" \/>\n<meta name=\"twitter:card\" content=\"summary_large_image\" \/>\n<meta name=\"twitter:label1\" content=\"Dur\u00e9e de lecture estim\u00e9e\" \/>\n\t<meta name=\"twitter:data1\" content=\"2 minutes\" \/>\n<script type=\"application\/ld+json\" class=\"yoast-schema-graph\">{\"@context\":\"https:\/\/schema.org\",\"@graph\":[{\"@type\":\"WebPage\",\"@id\":\"https:\/\/tokentact.net\/fr\/plans\/\",\"url\":\"https:\/\/tokentact.net\/fr\/plans\/\",\"name\":\"Plans - Tokentact Official Website\",\"isPartOf\":{\"@id\":\"https:\/\/tokentact.net\/fr\/#website\"},\"primaryImageOfPage\":{\"@id\":\"https:\/\/tokentact.net\/fr\/plans\/#primaryimage\"},\"image\":{\"@id\":\"https:\/\/tokentact.net\/fr\/plans\/#primaryimage\"},\"thumbnailUrl\":\"https:\/\/zeongrow.com\/wp-content\/uploads\/2025\/02\/eb374c58-477f-41d0-9b23-0e219c2f8678_Visa_Inc._logo1.avif\",\"datePublished\":\"2025-04-08T16:29:53+00:00\",\"dateModified\":\"2025-04-08T16:59:15+00:00\",\"breadcrumb\":{\"@id\":\"https:\/\/tokentact.net\/fr\/plans\/#breadcrumb\"},\"inLanguage\":\"fr-FR\",\"potentialAction\":[{\"@type\":\"ReadAction\",\"target\":[\"https:\/\/tokentact.net\/fr\/plans\/\"]}]},{\"@type\":\"ImageObject\",\"inLanguage\":\"fr-FR\",\"@id\":\"https:\/\/tokentact.net\/fr\/plans\/#primaryimage\",\"url\":\"https:\/\/zeongrow.com\/wp-content\/uploads\/2025\/02\/eb374c58-477f-41d0-9b23-0e219c2f8678_Visa_Inc._logo1.avif\",\"contentUrl\":\"https:\/\/zeongrow.com\/wp-content\/uploads\/2025\/02\/eb374c58-477f-41d0-9b23-0e219c2f8678_Visa_Inc._logo1.avif\"},{\"@type\":\"BreadcrumbList\",\"@id\":\"https:\/\/tokentact.net\/fr\/plans\/#breadcrumb\",\"itemListElement\":[{\"@type\":\"ListItem\",\"position\":1,\"name\":\"Home\",\"item\":\"https:\/\/tokentact.net\/fr\/\"},{\"@type\":\"ListItem\",\"position\":2,\"name\":\"Plans\"}]},{\"@type\":\"WebSite\",\"@id\":\"https:\/\/tokentact.net\/fr\/#website\",\"url\":\"https:\/\/tokentact.net\/fr\/\",\"name\":\"Tokentact Trading Bot\",\"description\":\"\",\"alternateName\":\"Tokentact\",\"potentialAction\":[{\"@type\":\"SearchAction\",\"target\":{\"@type\":\"EntryPoint\",\"urlTemplate\":\"https:\/\/tokentact.net\/fr\/?s={search_term_string}\"},\"query-input\":{\"@type\":\"PropertyValueSpecification\",\"valueRequired\":true,\"valueName\":\"search_term_string\"}}],\"inLanguage\":\"fr-FR\"}]}<\/script>\n<!-- \/ Yoast SEO plugin. -->","yoast_head_json":{"title":"Plans - Tokentact Official Website","robots":{"index":"index","follow":"follow","max-snippet":"max-snippet:-1","max-image-preview":"max-image-preview:large","max-video-preview":"max-video-preview:-1"},"canonical":"https:\/\/tokentact.net\/fr\/plans\/","og_locale":"fr_FR","og_type":"article","og_title":"Plans - Tokentact Official Website","og_description":"Choisissez votre plan Choisissez un plan et rejoignez notre communaut\u00e9 de commer\u00e7ants prosp\u00e8res. Tous les plans payants comprennent","og_url":"https:\/\/tokentact.net\/fr\/plans\/","og_site_name":"Tokentact Official Website","article_modified_time":"2025-04-08T16:59:15+00:00","og_image":[{"url":"https:\/\/zeongrow.com\/wp-content\/uploads\/2025\/02\/eb374c58-477f-41d0-9b23-0e219c2f8678_Visa_Inc._logo1.avif","type":"","width":"","height":""}],"twitter_card":"summary_large_image","twitter_misc":{"Dur\u00e9e de lecture estim\u00e9e":"2 minutes"},"schema":{"@context":"https:\/\/schema.org","@graph":[{"@type":"WebPage","@id":"https:\/\/tokentact.net\/fr\/plans\/","url":"https:\/\/tokentact.net\/fr\/plans\/","name":"Plans - Tokentact Official Website","isPartOf":{"@id":"https:\/\/tokentact.net\/fr\/#website"},"primaryImageOfPage":{"@id":"https:\/\/tokentact.net\/fr\/plans\/#primaryimage"},"image":{"@id":"https:\/\/tokentact.net\/fr\/plans\/#primaryimage"},"thumbnailUrl":"https:\/\/zeongrow.com\/wp-content\/uploads\/2025\/02\/eb374c58-477f-41d0-9b23-0e219c2f8678_Visa_Inc._logo1.avif","datePublished":"2025-04-08T16:29:53+00:00","dateModified":"2025-04-08T16:59:15+00:00","breadcrumb":{"@id":"https:\/\/tokentact.net\/fr\/plans\/#breadcrumb"},"inLanguage":"fr-FR","potentialAction":[{"@type":"ReadAction","target":["https:\/\/tokentact.net\/fr\/plans\/"]}]},{"@type":"ImageObject","inLanguage":"fr-FR","@id":"https:\/\/tokentact.net\/fr\/plans\/#primaryimage","url":"https:\/\/zeongrow.com\/wp-content\/uploads\/2025\/02\/eb374c58-477f-41d0-9b23-0e219c2f8678_Visa_Inc._logo1.avif","contentUrl":"https:\/\/zeongrow.com\/wp-content\/uploads\/2025\/02\/eb374c58-477f-41d0-9b23-0e219c2f8678_Visa_Inc._logo1.avif"},{"@type":"BreadcrumbList","@id":"https:\/\/tokentact.net\/fr\/plans\/#breadcrumb","itemListElement":[{"@type":"ListItem","position":1,"name":"Home","item":"https:\/\/tokentact.net\/fr\/"},{"@type":"ListItem","position":2,"name":"Plans"}]},{"@type":"WebSite","@id":"https:\/\/tokentact.net\/fr\/#website","url":"https:\/\/tokentact.net\/fr\/","name":"Tokentact Trading Bot","description":"","alternateName":"Tokentact","potentialAction":[{"@type":"SearchAction","target":{"@type":"EntryPoint","urlTemplate":"https:\/\/tokentact.net\/fr\/?s={search_term_string}"},"query-input":{"@type":"PropertyValueSpecification","valueRequired":true,"valueName":"search_term_string"}}],"inLanguage":"fr-FR"}]}},"_links":{"self":[{"href":"https:\/\/tokentact.net\/fr\/wp-json\/wp\/v2\/pages\/2830","targetHints":{"allow":["GET"]}}],"collection":[{"href":"https:\/\/tokentact.net\/fr\/wp-json\/wp\/v2\/pages"}],"about":[{"href":"https:\/\/tokentact.net\/fr\/wp-json\/wp\/v2\/types\/page"}],"author":[{"embeddable":true,"href":"https:\/\/tokentact.net\/fr\/wp-json\/wp\/v2\/users\/1"}],"replies":[{"embeddable":true,"href":"https:\/\/tokentact.net\/fr\/wp-json\/wp\/v2\/comments?post=2830"}],"version-history":[{"count":0,"href":"https:\/\/tokentact.net\/fr\/wp-json\/wp\/v2\/pages\/2830\/revisions"}],"wp:attachment":[{"href":"https:\/\/tokentact.net\/fr\/wp-json\/wp\/v2\/media?parent=2830"}],"wp:term":[{"taxonomy":"post_tag","embeddable":true,"href":"https:\/\/tokentact.net\/fr\/wp-json\/wp\/v2\/tags?post=2830"}],"curies":[{"name":"wp","href":"https:\/\/api.w.org\/{rel}","templated":true}]}}