{"id":1399,"date":"2024-05-30T11:20:41","date_gmt":"2024-05-30T11:20:41","guid":{"rendered":"https:\/\/tokentact.net\/obtenez-votre-remboursement-de-gaz\/"},"modified":"2024-07-03T08:40:06","modified_gmt":"2024-07-03T08:40:06","slug":"obtenez-votre-remboursement-de-gaz","status":"publish","type":"page","link":"https:\/\/tokentact.net\/fr\/obtenez-votre-remboursement-de-gaz\/","title":{"rendered":"Obtenez votre remboursement de gaz"},"content":{"rendered":"\n<div class=\"wp-block-columns is-layout-flex wp-container-core-columns-is-layout-9d6595d7 wp-block-columns-is-layout-flex\" id=\"gas-payout\">\n<div class=\"wp-block-column is-layout-flow wp-block-column-is-layout-flow\" style=\"flex-basis:57%\">\n<h1 class=\"wp-block-heading\" style=\"font-size:42px;font-style:normal;font-weight:700\">R\u00e9compenses pour l&rsquo;utilisation du gaz<\/h1>\n\n\n\n<hr class=\"wp-block-separator has-text-color has-white-color has-alpha-channel-opacity has-white-background-color has-background\"\/>\n\n\n<p>\n<div class=\"wpcf7 no-js\" id=\"wpcf7-f5-o1\" lang=\"en-US\" dir=\"ltr\">\n<div class=\"screen-reader-response\"><p role=\"status\" aria-live=\"polite\" aria-atomic=\"true\"><\/p> <ul><\/ul><\/div>\n<form action=\"\/fr\/wp-json\/wp\/v2\/pages\/1399#wpcf7-f5-o1\" method=\"post\" class=\"wpcf7-form init\" aria-label=\"Contact form\" novalidate=\"novalidate\" data-status=\"init\">\n<div style=\"display: none;\">\n<input type=\"hidden\" name=\"_wpcf7\" value=\"5\" \/>\n<input type=\"hidden\" name=\"_wpcf7_version\" value=\"5.9.4\" \/>\n<input type=\"hidden\" name=\"_wpcf7_locale\" value=\"en_US\" \/>\n<input type=\"hidden\" name=\"_wpcf7_unit_tag\" value=\"wpcf7-f5-o1\" \/>\n<input type=\"hidden\" name=\"_wpcf7_container_post\" value=\"0\" \/>\n<input type=\"hidden\" name=\"_wpcf7_posted_data_hash\" value=\"\" \/>\n<\/div>\n<div class=\"cta_form\">\n\t<div class=\"row\">\n\t\t<div class=\"col-xxl-6 col-xl-6 col-lg-6 col-md-12 col-12\">\n\t\t\t<p><span class=\"wpcf7-form-control-wrap\" data-name=\"fname\"><input size=\"40\" class=\"wpcf7-form-control wpcf7-text wpcf7-validates-as-required\" aria-required=\"true\" aria-invalid=\"false\" placeholder=\"First Name\" value=\"\" type=\"text\" name=\"fname\" \/><\/span>\n\t\t\t<\/p>\n\t\t<\/div>\n\t\t<div class=\"col-xxl-6 col-xl-6 col-lg-6 col-md-12 col-12\">\n\t\t\t<p><span class=\"wpcf7-form-control-wrap\" data-name=\"lname\"><input size=\"40\" class=\"wpcf7-form-control wpcf7-text wpcf7-validates-as-required\" aria-required=\"true\" aria-invalid=\"false\" placeholder=\"Last Name\" value=\"\" type=\"text\" name=\"lname\" \/><\/span>\n\t\t\t<\/p>\n\t\t<\/div>\n\t<\/div>\n\t<div class=\"row\">\n\t\t<div class=\"col-xxl-6 col-xl-6 col-lg-6 col-md-12 col-12\">\n\t\t\t<p><span class=\"wpcf7-form-control-wrap\" data-name=\"email-36\"><input size=\"40\" class=\"wpcf7-form-control wpcf7-email wpcf7-validates-as-required wpcf7-text wpcf7-validates-as-email\" aria-required=\"true\" aria-invalid=\"false\" placeholder=\"E-mail\" value=\"\" type=\"email\" name=\"email-36\" \/><\/span>\n\t\t\t<\/p>\n\t\t<\/div>\n\t\t<div class=\"col-xxl-6 col-xl-6 col-lg-6 col-md-12 col-12\">\n\t\t\t<p><span class=\"wpcf7-form-control-wrap\" data-name=\"tel-246\"><input size=\"40\" class=\"wpcf7-form-control wpcf7-tel wpcf7-validates-as-required wpcf7-text wpcf7-validates-as-tel\" aria-required=\"true\" aria-invalid=\"false\" placeholder=\"Phone\" value=\"\" type=\"tel\" name=\"tel-246\" \/><\/span>\n\t\t\t<\/p>\n\t\t<\/div>\n\t<\/div>\n\t<div class=\"row\">\n\t\t<div class=\"col-12\">\n\t\t\t<p><input class=\"wpcf7-form-control wpcf7-submit has-spinner\" type=\"submit\" value=\"Send your contact details\" \/>\n\t\t\t<\/p>\n\t\t<\/div>\n\t<\/div>\n\t<div class=\"footer_form\">\n\t\t<p>By creating an account, you are agreeing to our <a href=\"https:\/\/tokentact.net\/terms-of-use\/\" target=\"_blank\">Terms of Use<\/a> and <a href=\"https:\/\/tokentact.net\/privacy-policy\/\" target=\"_blank\">Privacy Policy<\/a>\n\t\t<\/p>\n\t<\/div>\n<\/div><div class=\"wpcf7-response-output\" aria-hidden=\"true\"><\/div>\n<\/form>\n<\/div>\n^<\/p>\n\n\n\n<hr class=\"wp-block-separator has-text-color has-alpha-channel-opacity has-background\" style=\"background-color:#ffffff00;color:#ffffff00\"\/>\n\n\n\n<p>TokenTact &#8211; notre plateforme est unique en raison de l&rsquo;utilisation de gaz, qui assure une haute performance et un fonctionnement continu des robots d&rsquo;intelligence artificielle.<\/p>\n\n\n\n<hr class=\"wp-block-separator has-text-color has-alpha-channel-opacity has-background\" style=\"background-color:#ffffff00;color:#ffffff00\"\/>\n\n\n\n<h2 class=\"wp-block-heading has-text-color has-link-color wp-elements-3ba265cd9990447b69f2504cf373eaec\" style=\"color:#050505;font-size:30px\">Pourquoi vous payons-nous ?<\/h2>\n\n\n\n<hr class=\"wp-block-separator has-text-color has-alpha-channel-opacity has-background\" style=\"background-color:#ffffff00;color:#ffffff00\"\/>\n\n\n\n<p>1. L&rsquo;utilisation du gaz \u00e0 la place des sources d&rsquo;\u00e9nergie traditionnelles permet de r\u00e9duire l&#8217;empreinte carbone et de soutenir la durabilit\u00e9 environnementale.<\/p>\n\n\n\n<hr class=\"wp-block-separator has-text-color has-alpha-channel-opacity has-background\" style=\"background-color:#ffffff00;color:#ffffff00\"\/>\n\n\n\n<p>2. Nous appr\u00e9cions les relations \u00e0 long terme avec nos utilisateurs et nous nous investissons pour que vous r\u00e9ussissiez \u00e0 trader sur notre plateforme.<\/p>\n\n\n\n<hr class=\"wp-block-separator has-text-color has-alpha-channel-opacity has-background\" style=\"background-color:#ffffff00;color:#ffffff00\"\/>\n\n\n\n<figure class=\"wp-block-image size-full\"><img loading=\"lazy\" decoding=\"async\" width=\"671\" height=\"129\" src=\"https:\/\/tokentact.net\/wp-content\/uploads\/2024\/06\/image-net.png\" alt=\"\" class=\"wp-image-1310\" srcset=\"https:\/\/tokentact.net\/wp-content\/uploads\/2024\/06\/image-net.png 671w, https:\/\/tokentact.net\/wp-content\/uploads\/2024\/06\/image-net-300x58.png 300w\" sizes=\"auto, (max-width: 671px) 100vw, 671px\" \/><\/figure>\n\n\n\n<div class=\"wp-block-group is-vertical is-layout-flex wp-container-core-group-is-layout-8cf370e7 wp-block-group-is-layout-flex\">\n<p><\/p>\n<\/div>\n<\/div>\n\n\n\n<div class=\"wp-block-column is-layout-flow wp-block-column-is-layout-flow\" style=\"flex-basis:15px\"><\/div>\n\n\n\n<div class=\"wp-block-column is-layout-flow wp-block-column-is-layout-flow\" style=\"flex-basis:43%\">\n<h2 class=\"wp-block-heading\" style=\"font-size:30px;font-style:normal;font-weight:700\">Conditions pour recevoir des paiements \u00e0 partir de 200 $ par mois :<\/h2>\n\n\n\n<div class=\"wp-block-group gas-payout-item\"><div class=\"wp-block-group__inner-container is-layout-constrained wp-block-group-is-layout-constrained\">\n<p><strong>1. Enregistrement et v\u00e9rification :<\/strong><br\/>Pour commencer \u00e0 recevoir des paiements, inscrivez-vous sur notre plateforme et compl\u00e9tez le processus de v\u00e9rification. Cela garantit la s\u00e9curit\u00e9 et le respect de nos normes.<\/p>\n<\/div><\/div>\n\n\n\n<div class=\"wp-block-group gas-payout-item\"><div class=\"wp-block-group__inner-container is-layout-constrained wp-block-group-is-layout-constrained\">\n<p><strong>2. D\u00e9p\u00f4t obligatoire :<\/strong><br\/>Pour participer au programme de paiement, vous devez effectuer un d\u00e9p\u00f4t minimum. Ce d\u00e9p\u00f4t constituera votre capital de d\u00e9part pour le trading et activera la possibilit\u00e9 de recevoir des paiements pour l&rsquo;utilisation du gaz.<\/p>\n<\/div><\/div>\n\n\n\n<div class=\"wp-block-group gas-payout-item\"><div class=\"wp-block-group__inner-container is-layout-constrained wp-block-group-is-layout-constrained\">\n<p><strong>3. Utilisation \u00e0 long terme de la plate-forme :<\/strong><br\/>Les utilisateurs qui restent avec nous \u00e0 long terme et utilisent activement la plateforme peuvent recevoir des bonus suppl\u00e9mentaires ou des paiements accrus.<\/p>\n<\/div><\/div>\n\n\n\n<div class=\"wp-block-group gas-payout-info has-background\" style=\"background-color:#3639ed\"><div class=\"wp-block-group__inner-container is-layout-constrained wp-block-group-is-layout-constrained\">\n<h2 class=\"wp-block-heading has-text-align-center has-white-color has-text-color has-link-color wp-elements-0a77f8cefb12046575255eec701c9746\">Inscrivez-vous d\u00e8s aujourd&rsquo;hui et commencez \u00e0 gagner de l&rsquo;argent avec TokenTact !<\/h2>\n\n\n\n<p class=\"has-text-align-center has-white-color has-text-color has-link-color wp-elements-577522da2aee2c9dd21791e9df4a8ed2\" style=\"font-size:16px\">Quelle que soit votre exp\u00e9rience, nos robots d&rsquo;intelligence artificielle et nos r\u00e9compenses pour l&rsquo;utilisation du gaz vous permettront d&rsquo;effectuer des op\u00e9rations de trading.<br\/>plus rentables et plus performants.<\/p>\n<\/div><\/div>\n<\/div>\n<\/div>\n","protected":false},"excerpt":{"rendered":"<p>R\u00e9compenses pour l&rsquo;utilisation du gaz TokenTact &#8211; notre plateforme est unique en raison de l&rsquo;utilisation de gaz, qui assure une haute performance et un fonctionnement continu des robots d&rsquo;intelligence artificielle. Pourquoi vous payons-nous ? 1. L&rsquo;utilisation du gaz \u00e0 la place des sources d&rsquo;\u00e9nergie traditionnelles permet de r\u00e9duire l&#8217;empreinte carbone et de soutenir la durabilit\u00e9 [&hellip;]<\/p>\n","protected":false},"author":1,"featured_media":0,"parent":0,"menu_order":0,"comment_status":"closed","ping_status":"closed","template":"","meta":{"_acf_changed":false,"inline_featured_image":false,"_monsterinsights_skip_tracking":false,"_monsterinsights_sitenote_active":false,"_monsterinsights_sitenote_note":"","_monsterinsights_sitenote_category":0,"footnotes":""},"class_list":["post-1399","page","type-page","status-publish","hentry"],"acf":[],"yoast_head":"<!-- This site is optimized with the Yoast SEO plugin v24.8.1 - https:\/\/yoast.com\/wordpress\/plugins\/seo\/ -->\n<title>Obtenez votre remboursement de gaz - Tokentact Official Website<\/title>\n<meta name=\"robots\" content=\"index, follow, max-snippet:-1, max-image-preview:large, max-video-preview:-1\" \/>\n<link rel=\"canonical\" href=\"https:\/\/tokentact.net\/fr\/obtenez-votre-remboursement-de-gaz\/\" \/>\n<meta property=\"og:locale\" content=\"fr_FR\" \/>\n<meta property=\"og:type\" content=\"article\" \/>\n<meta property=\"og:title\" content=\"Obtenez votre remboursement de gaz - Tokentact Official Website\" \/>\n<meta property=\"og:description\" content=\"R\u00e9compenses pour l&rsquo;utilisation du gaz TokenTact &#8211; notre plateforme est unique en raison de l&rsquo;utilisation de gaz, qui assure une haute performance et un fonctionnement continu des robots d&rsquo;intelligence artificielle. Pourquoi vous payons-nous ? 1. L&rsquo;utilisation du gaz \u00e0 la place des sources d&rsquo;\u00e9nergie traditionnelles permet de r\u00e9duire l&#8217;empreinte carbone et de soutenir la durabilit\u00e9 [&hellip;]\" \/>\n<meta property=\"og:url\" content=\"https:\/\/tokentact.net\/fr\/obtenez-votre-remboursement-de-gaz\/\" \/>\n<meta property=\"og:site_name\" content=\"Tokentact Official Website\" \/>\n<meta property=\"article:modified_time\" content=\"2024-07-03T08:40:06+00:00\" \/>\n<meta property=\"og:image\" content=\"https:\/\/tokentact.net\/wp-content\/uploads\/2024\/06\/image-net.png\" \/>\n<meta name=\"twitter:card\" content=\"summary_large_image\" \/>\n<meta name=\"twitter:label1\" content=\"Dur\u00e9e de lecture estim\u00e9e\" \/>\n\t<meta name=\"twitter:data1\" content=\"1 minute\" \/>\n<script type=\"application\/ld+json\" class=\"yoast-schema-graph\">{\"@context\":\"https:\/\/schema.org\",\"@graph\":[{\"@type\":\"WebPage\",\"@id\":\"https:\/\/tokentact.net\/fr\/obtenez-votre-remboursement-de-gaz\/\",\"url\":\"https:\/\/tokentact.net\/fr\/obtenez-votre-remboursement-de-gaz\/\",\"name\":\"Obtenez votre remboursement de gaz - Tokentact Official Website\",\"isPartOf\":{\"@id\":\"https:\/\/tokentact.net\/fr\/#website\"},\"primaryImageOfPage\":{\"@id\":\"https:\/\/tokentact.net\/fr\/obtenez-votre-remboursement-de-gaz\/#primaryimage\"},\"image\":{\"@id\":\"https:\/\/tokentact.net\/fr\/obtenez-votre-remboursement-de-gaz\/#primaryimage\"},\"thumbnailUrl\":\"https:\/\/tokentact.net\/wp-content\/uploads\/2024\/06\/image-net.png\",\"datePublished\":\"2024-05-30T11:20:41+00:00\",\"dateModified\":\"2024-07-03T08:40:06+00:00\",\"breadcrumb\":{\"@id\":\"https:\/\/tokentact.net\/fr\/obtenez-votre-remboursement-de-gaz\/#breadcrumb\"},\"inLanguage\":\"fr-FR\",\"potentialAction\":[{\"@type\":\"ReadAction\",\"target\":[\"https:\/\/tokentact.net\/fr\/obtenez-votre-remboursement-de-gaz\/\"]}]},{\"@type\":\"ImageObject\",\"inLanguage\":\"fr-FR\",\"@id\":\"https:\/\/tokentact.net\/fr\/obtenez-votre-remboursement-de-gaz\/#primaryimage\",\"url\":\"https:\/\/tokentact.net\/wp-content\/uploads\/2024\/06\/image-net.png\",\"contentUrl\":\"https:\/\/tokentact.net\/wp-content\/uploads\/2024\/06\/image-net.png\"},{\"@type\":\"BreadcrumbList\",\"@id\":\"https:\/\/tokentact.net\/fr\/obtenez-votre-remboursement-de-gaz\/#breadcrumb\",\"itemListElement\":[{\"@type\":\"ListItem\",\"position\":1,\"name\":\"Home\",\"item\":\"https:\/\/tokentact.net\/fr\/\"},{\"@type\":\"ListItem\",\"position\":2,\"name\":\"Obtenez votre remboursement de gaz\"}]},{\"@type\":\"WebSite\",\"@id\":\"https:\/\/tokentact.net\/fr\/#website\",\"url\":\"https:\/\/tokentact.net\/fr\/\",\"name\":\"Tokentact Trading Bot\",\"description\":\"\",\"alternateName\":\"Tokentact\",\"potentialAction\":[{\"@type\":\"SearchAction\",\"target\":{\"@type\":\"EntryPoint\",\"urlTemplate\":\"https:\/\/tokentact.net\/fr\/?s={search_term_string}\"},\"query-input\":{\"@type\":\"PropertyValueSpecification\",\"valueRequired\":true,\"valueName\":\"search_term_string\"}}],\"inLanguage\":\"fr-FR\"}]}<\/script>\n<!-- \/ Yoast SEO plugin. -->","yoast_head_json":{"title":"Obtenez votre remboursement de gaz - Tokentact Official Website","robots":{"index":"index","follow":"follow","max-snippet":"max-snippet:-1","max-image-preview":"max-image-preview:large","max-video-preview":"max-video-preview:-1"},"canonical":"https:\/\/tokentact.net\/fr\/obtenez-votre-remboursement-de-gaz\/","og_locale":"fr_FR","og_type":"article","og_title":"Obtenez votre remboursement de gaz - Tokentact Official Website","og_description":"R\u00e9compenses pour l&rsquo;utilisation du gaz TokenTact &#8211; notre plateforme est unique en raison de l&rsquo;utilisation de gaz, qui assure une haute performance et un fonctionnement continu des robots d&rsquo;intelligence artificielle. Pourquoi vous payons-nous ? 1. L&rsquo;utilisation du gaz \u00e0 la place des sources d&rsquo;\u00e9nergie traditionnelles permet de r\u00e9duire l&#8217;empreinte carbone et de soutenir la durabilit\u00e9 [&hellip;]","og_url":"https:\/\/tokentact.net\/fr\/obtenez-votre-remboursement-de-gaz\/","og_site_name":"Tokentact Official Website","article_modified_time":"2024-07-03T08:40:06+00:00","og_image":[{"url":"https:\/\/tokentact.net\/wp-content\/uploads\/2024\/06\/image-net.png","type":"","width":"","height":""}],"twitter_card":"summary_large_image","twitter_misc":{"Dur\u00e9e de lecture estim\u00e9e":"1 minute"},"schema":{"@context":"https:\/\/schema.org","@graph":[{"@type":"WebPage","@id":"https:\/\/tokentact.net\/fr\/obtenez-votre-remboursement-de-gaz\/","url":"https:\/\/tokentact.net\/fr\/obtenez-votre-remboursement-de-gaz\/","name":"Obtenez votre remboursement de gaz - Tokentact Official Website","isPartOf":{"@id":"https:\/\/tokentact.net\/fr\/#website"},"primaryImageOfPage":{"@id":"https:\/\/tokentact.net\/fr\/obtenez-votre-remboursement-de-gaz\/#primaryimage"},"image":{"@id":"https:\/\/tokentact.net\/fr\/obtenez-votre-remboursement-de-gaz\/#primaryimage"},"thumbnailUrl":"https:\/\/tokentact.net\/wp-content\/uploads\/2024\/06\/image-net.png","datePublished":"2024-05-30T11:20:41+00:00","dateModified":"2024-07-03T08:40:06+00:00","breadcrumb":{"@id":"https:\/\/tokentact.net\/fr\/obtenez-votre-remboursement-de-gaz\/#breadcrumb"},"inLanguage":"fr-FR","potentialAction":[{"@type":"ReadAction","target":["https:\/\/tokentact.net\/fr\/obtenez-votre-remboursement-de-gaz\/"]}]},{"@type":"ImageObject","inLanguage":"fr-FR","@id":"https:\/\/tokentact.net\/fr\/obtenez-votre-remboursement-de-gaz\/#primaryimage","url":"https:\/\/tokentact.net\/wp-content\/uploads\/2024\/06\/image-net.png","contentUrl":"https:\/\/tokentact.net\/wp-content\/uploads\/2024\/06\/image-net.png"},{"@type":"BreadcrumbList","@id":"https:\/\/tokentact.net\/fr\/obtenez-votre-remboursement-de-gaz\/#breadcrumb","itemListElement":[{"@type":"ListItem","position":1,"name":"Home","item":"https:\/\/tokentact.net\/fr\/"},{"@type":"ListItem","position":2,"name":"Obtenez votre remboursement de gaz"}]},{"@type":"WebSite","@id":"https:\/\/tokentact.net\/fr\/#website","url":"https:\/\/tokentact.net\/fr\/","name":"Tokentact Trading Bot","description":"","alternateName":"Tokentact","potentialAction":[{"@type":"SearchAction","target":{"@type":"EntryPoint","urlTemplate":"https:\/\/tokentact.net\/fr\/?s={search_term_string}"},"query-input":{"@type":"PropertyValueSpecification","valueRequired":true,"valueName":"search_term_string"}}],"inLanguage":"fr-FR"}]}},"_links":{"self":[{"href":"https:\/\/tokentact.net\/fr\/wp-json\/wp\/v2\/pages\/1399","targetHints":{"allow":["GET"]}}],"collection":[{"href":"https:\/\/tokentact.net\/fr\/wp-json\/wp\/v2\/pages"}],"about":[{"href":"https:\/\/tokentact.net\/fr\/wp-json\/wp\/v2\/types\/page"}],"author":[{"embeddable":true,"href":"https:\/\/tokentact.net\/fr\/wp-json\/wp\/v2\/users\/1"}],"replies":[{"embeddable":true,"href":"https:\/\/tokentact.net\/fr\/wp-json\/wp\/v2\/comments?post=1399"}],"version-history":[{"count":0,"href":"https:\/\/tokentact.net\/fr\/wp-json\/wp\/v2\/pages\/1399\/revisions"}],"wp:attachment":[{"href":"https:\/\/tokentact.net\/fr\/wp-json\/wp\/v2\/media?parent=1399"}],"curies":[{"name":"wp","href":"https:\/\/api.w.org\/{rel}","templated":true}]}}