{"id":224,"date":"2024-02-02T16:05:16","date_gmt":"2024-02-02T16:05:16","guid":{"rendered":"https:\/\/tokentact.net\/kayttoehdot\/"},"modified":"2024-07-03T09:10:11","modified_gmt":"2024-07-03T09:10:11","slug":"kayttoehdot","status":"publish","type":"page","link":"https:\/\/tokentact.net\/fi\/kayttoehdot\/","title":{"rendered":"K\u00e4ytt\u00f6ehdot"},"content":{"rendered":"\n<h1 class=\"wp-block-heading\">Ehdot ja edellytykset<\/h1>\n\n<h2 class=\"wp-block-heading\">1. Yleist\u00e4<\/h2>\n\n<p>1.1. Tervetuloa osoitteeseen <a href=\"https:\/\/tokentact.net\/fi\/\">https:\/\/tokentact.net\/<\/a> (j\u00e4ljemp\u00e4n\u00e4 &#8221;verkkosivusto&#8221;).<\/p>\n\n<p>Postimme <a href=\"mailto:info@tokentact.net\">info@tokentact.net<\/a><\/p>\n\n<p>1.2. Verkkosivusto sis\u00e4lt\u00e4\u00e4 tietoa kolmansien osapuolten kaupank\u00e4yntialustoista ( <strong>&#8221;Kolmannen osapuolen alustat&#8221;<\/strong>) ( <strong>&#8221;Palvelut&#8221;<\/strong>).<\/p>\n\n<p>1.3. N\u00e4m\u00e4 k\u00e4ytt\u00f6ehdot ( <strong>&#8221;Ehdot&#8221;<\/strong>) koskevat verkkosivuston tai palveluiden k\u00e4ytt\u00f6\u00e4si (<strong>&#8221;Sin\u00e4&#8221;<\/strong>, <strong>&#8221;Sinun<\/strong> &#8221; tai <strong>&#8221;K\u00e4ytt\u00e4j\u00e4<\/strong>&#8221;). Sinun on luettava n\u00e4m\u00e4 ehdot huolellisesti kokonaisuudessaan ennen Palveluiden k\u00e4ytt\u00e4mist\u00e4si. Huomaa, ett\u00e4 n\u00e4m\u00e4 ehdot muodostavat oikeudellisesti sitovan sopimuksen sinun ja verkkosivuston yll\u00e4pit\u00e4j\u00e4n v\u00e4lill\u00e4 ja ett\u00e4 jos et hyv\u00e4ksy mit\u00e4\u00e4n n\u00e4iden ehtojen m\u00e4\u00e4r\u00e4yst\u00e4, sinun on v\u00e4litt\u00f6m\u00e4sti lopetettava verkkosivuston k\u00e4ytt\u00f6. K\u00e4ytt\u00e4m\u00e4ll\u00e4 verkkosivustoa hyv\u00e4ksyt ehdot, sellaisina kuin ne ovat ajoittain muutettuina.<\/p>\n\n<p>N\u00e4m\u00e4 ehdot sis\u00e4lt\u00e4v\u00e4t tietosuojak\u00e4yt\u00e4nt\u00f6mme, ja hyv\u00e4ksym\u00e4ll\u00e4 n\u00e4m\u00e4 ehdot vahvistat, ett\u00e4 hyv\u00e4ksyt my\u00f6s tietosuojak\u00e4yt\u00e4nt\u00f6mme (voit tutustua tietosuojak\u00e4yt\u00e4nt\u00f6\u00f6mme <a href=\"https:\/\/tokentact.co\/privacy-policy\/\">klikkaamalla t\u00e4st\u00e4<\/a>).<\/p>\n\n<h2 class=\"wp-block-heading\">2. Tukikelpoisuus<\/h2>\n\n<p>2.1. Sinulla on oikeus k\u00e4ytt\u00e4\u00e4 verkkosivustoa vain, jos noudatat kaikkia seuraavia ehtoja:<\/p>\n\n<p>2.1.1. Olet v\u00e4hint\u00e4\u00e4n 18-vuotias;<\/p>\n\n<p>2.1.2. Sinulla on oikeus, valtuudet ja kyky tehd\u00e4 n\u00e4m\u00e4 ehdot ja noudattaa kaikkia n\u00e4iden ehtojen ehtoja;<\/p>\n\n<p>2.1.3. Sinua ei ole kielletty k\u00e4ytt\u00e4m\u00e4st\u00e4 verkkosivustoa ja\/tai palveluja sen maan lakien mukaan, jossa asut tai sijaitset verkkosivustoa k\u00e4ytt\u00e4ess\u00e4si.<\/p>\n\n<p>2.2. Emme anna mit\u00e4\u00e4n nimenomaisia tai ep\u00e4suoria vakuutuksia tai takuita verkkosivuston ja\/tai palveluiden laillisuudesta ja\/tai siit\u00e4, ett\u00e4 kuka tahansa henkil\u00f6 k\u00e4ytt\u00e4\u00e4 verkkosivustoa ja\/tai palveluita, emmek\u00e4 ole vastuussa mist\u00e4\u00e4n verkkosivuston ja\/tai palveluiden laittomasta k\u00e4yt\u00f6st\u00e4 k\u00e4ytt\u00e4j\u00e4n toimesta.<\/p>\n\n<h2 class=\"wp-block-heading\">3. Rajoitetut alueet<\/h2>\n\n<p>3.1. Poiketen siit\u00e4, mit\u00e4 edell\u00e4 on sanottu, voimme oman harkintamme mukaan rajoittaa verkkosivuston ja\/tai palveluiden (tai niiden mink\u00e4 tahansa osan) saatavuutta seuraavasti: (i) K\u00e4ytt\u00e4jille mill\u00e4 tahansa alueella ( <strong>&#8221;Rajoitetut alueet&#8221;<\/strong>), ja (ii) joiden uskomme kohtuudella altistavan sen oikeudellisille, s\u00e4\u00e4ntelyyn liittyville, maineeseen liittyville tai taloudellisille riskeille.<\/p>\n\n<p>3.2. Voimme asettaa lis\u00e4vaatimuksia tai -ehtoja ennen kuin hyv\u00e4ksymme tietyiss\u00e4 maissa asuvia tai tietyist\u00e4 maista tulevia k\u00e4ytt\u00e4ji\u00e4 oman harkintamme mukaan. Lis\u00e4ksi hyv\u00e4ksyt\u00e4\u00e4n, ett\u00e4 jos k\u00e4ytt\u00e4j\u00e4t matkustavat rajoitetuille alueille, verkkosivusto ja\/tai palvelut eiv\u00e4t v\u00e4ltt\u00e4m\u00e4tt\u00e4 ole k\u00e4ytett\u00e4viss\u00e4 ja\/tai ne voivat olla estettyin\u00e4 kyseisill\u00e4 alueilla.<\/p>\n\n<h2 class=\"wp-block-heading\">4. Kielletty toiminta<\/h2>\n\n<p>4.1. Sitoudut k\u00e4ytt\u00e4m\u00e4\u00e4n verkkosivustoa ja palveluita kunnioittavasti ja sitoudut olemaan:<\/p>\n\n<p>4.1.1. linkitt\u00e4\u00e4 verkkosivustolle ja\/tai k\u00e4ytt\u00e4\u00e4 verkkosivustoa lataamiseen, lataamiseen, jakeluun, julkaisemiseen tai l\u00e4hett\u00e4miseen. (a) tietoja tai muuta aineistoa tavalla, joka loukkaa oikeuksia, mukaan lukien immateriaalioikeudet, yksityisyyden suojaa koskevat oikeudet tai muut oikeudet; (b) tiedot tai muu aineisto, jonka julkaiseminen tai k\u00e4ytt\u00f6 on kielletty, koska se on uhkaavaa, vahingollista, loukkaavaa, herjaavaa, panettelevaa, rasistista tai sopimatonta sis\u00e4lt\u00f6\u00e4; (c) tietoja tai muuta materiaalia, joka sis\u00e4lt\u00e4\u00e4 viruksen tai muun ohjelmiston, joka voi vahingoittaa tietokonej\u00e4rjestelmi\u00e4mme tai kolmansia osapuolia, tai tavalla, joka voi rajoittaa tai est\u00e4\u00e4 muita k\u00e4ytt\u00e4m\u00e4st\u00e4 verkkosivustoa; (d) tietoja tai muuta aineistoa, joka rikkoo lakia; tai (e) tiedot tai muu aineisto, joka sis\u00e4lt\u00e4\u00e4 mink\u00e4\u00e4nlaista mainontaa, ilman etuk\u00e4teen saatua kirjallista lupaamme;<\/p>\n\n<p>4.1.2. Poistaa tai muuttaa verkkosivuston attribuutteja, oikeudellisia merkint\u00f6j\u00e4 tai muita omistusoikeuden piiriin kuuluvia merkint\u00f6j\u00e4 tai tarroja;<\/p>\n\n<p>4.1.3. K\u00e4ytt\u00e4\u00e4 Palveluita k\u00e4ytt\u00e4en muuta k\u00e4ytt\u00f6liittym\u00e4\u00e4 kuin verkkosivustoa;<\/p>\n\n<p>4.1.4. h\u00e4irit\u00e4 muiden k\u00e4ytt\u00e4jien verkkosivuston ja\/tai palveluiden k\u00e4ytt\u00f6\u00e4;<\/p>\n\n<p>4.1.5. K\u00e4ytt\u00e4\u00e4 botteja tai muita automaattisia menetelmi\u00e4 verkkosivuston ja\/tai palveluiden k\u00e4ytt\u00e4miseen;<\/p>\n\n<p>4.1.6. Lataa tai l\u00e4het\u00e4 (tai yrit\u00e4 ladata tai l\u00e4hett\u00e4\u00e4) ilman nimenomaista lupaamme mit\u00e4\u00e4n materiaalia, joka toimii passiivisena tai aktiivisena tiedonkeruu- tai siirtomekanismina, mukaan lukien muun muassa verkkoh\u00e4lytykset, ev\u00e4steet tai muut vastaavat vakoiluohjelmat;<\/p>\n\n<p>4.1.7. &#8221;Kehyst\u00e4\u00e4&#8221;, &#8221;peilata&#8221; tai muulla tavoin simuloida Palveluiden ulkoasua tai toimintaa;<\/p>\n\n<p>4.1.8. rikkoa sovellettavia lakeja tai m\u00e4\u00e4r\u00e4yksi\u00e4, rohkaista tai edist\u00e4\u00e4 laitonta toimintaa, mukaan lukien, mutta ei rajoittuen, tekij\u00e4noikeusrikkomukset, tavaramerkkirikkomukset, kunnianloukkaukset, yksityisyyden loukkaukset, identiteettivarkaudet, hakkerointi, murtaminen tai v\u00e4\u00e4rennettyjen ohjelmistojen jakelu;<\/p>\n\n<p>4.1.9. tehd\u00e4 muutoksia ja\/tai puuttua mill\u00e4\u00e4n tavalla verkkosivuston l\u00e4hdekoodiin ja ladata ohjelmistoja ja\/tai sovelluksia, jotka voivat vahingoittaa tai aiheuttaa vahinkoa verkkosivustolle tai jollekin kolmannelle osapuolelle;<\/p>\n\n<p>4.1.10. Purkaa, dekompiloida tai muulla tavoin k\u00e4\u00e4nteismuunnella verkkosivustoon sis\u00e4ltyvi\u00e4 ohjelmistoja tai muuta teknologiaa tai palveluiden tarjoamiseen k\u00e4ytett\u00e4v\u00e4\u00e4 teknologiaa.<\/p>\n\n<p>4.2. Hyv\u00e4ksyt, ett\u00e4 jos olemme huolissamme siit\u00e4, ett\u00e4 verkkosivuston k\u00e4ytt\u00f6si ei ole n\u00e4iden ehtojen tai sovellettavan lain mukaista, voimme seurata verkkosivuston tai palveluiden k\u00e4ytt\u00f6\u00e4si, est\u00e4\u00e4 sinua p\u00e4\u00e4sem\u00e4st\u00e4 verkkosivustolle, siirt\u00e4\u00e4 k\u00e4ytt\u00e4ytymismallisi verkkosivustolla kolmansille osapuolille ja toteuttaa muita toimia, joita pid\u00e4mme asianmukaisina omaisuutemme ja\/tai oikeuksiemme ja\/tai kolmansien osapuolten oikeuksien suojaamiseksi, sanotun kuitenkaan rajoittamatta muita oikeuksiamme.<\/p>\n\n<h3 class=\"wp-block-heading\">5. Immateriaalioikeudet<\/h3>\n\n<p>5.1. Verkkosivusto ja sen sis\u00e4lt\u00f6, mukaan lukien videomateriaalit, teksti, valokuvat, logot, mallit, musiikki, \u00e4\u00e4net, luvut, tavaramerkit ja muu verkkosivustoon sis\u00e4ltyv\u00e4 sis\u00e4lt\u00f6 on suojattu meid\u00e4n tai kolmansien osapuolten immateriaalioikeuksilla.<\/p>\n\n<p>5.2. Meid\u00e4n ja K\u00e4ytt\u00e4j\u00e4n v\u00e4lill\u00e4 me pid\u00e4mme itsell\u00e4mme kaikki oikeudet, omistusoikeudet ja edut verkkosivustoon ja palveluihin. Verkkosivuston ja\/tai Palvelujen k\u00e4ytt\u00f6 ei anna K\u00e4ytt\u00e4j\u00e4lle mit\u00e4\u00e4n Verkkosivustoon ja\/tai Palveluihin sis\u00e4ltyvi\u00e4 immateriaalioikeuksia, lukuun ottamatta oikeutta k\u00e4ytt\u00e4\u00e4 Verkkosivustoa ja\/tai Palveluja n\u00e4iden ehtojen mukaisesti.<\/p>\n\n<p>5.3. K\u00e4ytt\u00e4j\u00e4 saa k\u00e4ytt\u00e4\u00e4 verkkosivustoa ja\/tai palveluja vain henkil\u00f6kohtaiseen ja ei-kaupalliseen k\u00e4ytt\u00f6\u00f6n.<\/p>\n\n<p>5.4. Et saa, etk\u00e4 saa antaa kenenk\u00e4\u00e4n muun osapuolen muuttaa, purkaa, purkaa, purkaa, k\u00e4\u00e4nt\u00e4\u00e4, kopioida, siirt\u00e4\u00e4, luoda johdannaisteoksia, vuokrata, alilisensoida, jakaa, j\u00e4ljent\u00e4\u00e4, kehyst\u00e4\u00e4, julkaista uudelleen, raaputtaa, ladata, n\u00e4ytt\u00e4\u00e4, siirt\u00e4\u00e4, l\u00e4hett\u00e4\u00e4, postittaa, vuokrata tai myyd\u00e4 miss\u00e4\u00e4n muodossa tai mill\u00e4\u00e4n keinoin, kokonaan tai osittain, k\u00e4ytt\u00e4\u00e4 mihink\u00e4\u00e4n muuhun tarkoitukseen kuin verkkosivuston tai palveluiden k\u00e4ytt\u00e4miseen Ehtojen mukaisesti tai muutoin hy\u00f6dynt\u00e4\u00e4 mit\u00e4\u00e4n verkkosivuston sis\u00e4lt\u00f6\u00e4 ilman nimenomaista, kirjallista lupaa.<\/p>\n\n<h3 class=\"wp-block-heading\">6. Vastuun rajoittaminen<\/h3>\n\n<p>6.1. Verkkosivuston ja\/tai Palveluiden k\u00e4ytt\u00f6 on t\u00e4ysin omalla vastuullasi. Lain sallimissa rajoissa emme my\u00f6nn\u00e4 mit\u00e4\u00e4n takuita, nimenomaisia tai ep\u00e4suoria, jotka liittyv\u00e4t verkkosivustoon ja palveluihin ja niiden k\u00e4ytt\u00f6\u00f6n, mukaan lukien ep\u00e4suorat takuut kaupallisuudesta, omistusoikeudesta, soveltuvuudesta tiettyyn tarkoitukseen tai loukkaamattomuudesta, hy\u00f6dyllisyydest\u00e4, toimivallasta, tarkkuudesta, t\u00e4ydellisyydest\u00e4 ja ajantasaisuudesta. N\u00e4in ollen Palvelut, mukaan lukien kaikki sis\u00e4lt\u00f6 ja toiminnot, jotka on asetettu saataville verkkosivustolla tai joihin on p\u00e4\u00e4sy verkkosivuston kautta tai jotka l\u00e4hetet\u00e4\u00e4n verkkosivustolta, tarjotaan &#8221;sellaisena kuin se on&#8221;, &#8221;sellaisena kuin se on saatavilla&#8221; ja &#8221;kaikkine virheineen&#8221;.<\/p>\n\n<p>6.2. Poiketen siit\u00e4, mit\u00e4 edell\u00e4 on sanottu, emme ota mit\u00e4\u00e4n vastuuta tai velvollisuutta mist\u00e4 tahansa (a) verkkosivuston sis\u00e4lt\u00e4m\u00e4n sis\u00e4ll\u00f6n virheist\u00e4, virheist\u00e4 tai ep\u00e4tarkkuuksista; (b) siirtojen keskeytyminen tai loppuminen verkkosivustolle tai palveluiden kautta; (c) mist\u00e4\u00e4n vioista, viruksista, troijalaisista hevosista tai vastaavista, joita kolmannet osapuolet voivat l\u00e4hett\u00e4\u00e4 verkkosivustolle tai palveluihin tai niiden kautta.<\/p>\n\n<p>6.3. Sitoudut pit\u00e4m\u00e4\u00e4n meid\u00e4t vahingoittumattomina kaikista tappioista, jotka aiheutuvat suoraan tai v\u00e4lillisesti sinulle ja\/tai jollekin kolmannelle osapuolelle verkkosivuston ja\/tai palveluiden k\u00e4yt\u00f6st\u00e4, ja olet yksin vastuussa kaikista p\u00e4\u00e4t\u00f6ksist\u00e4si, jotka olet tehnyt verkkosivuston ja\/tai palveluiden sis\u00e4ll\u00f6n perusteella.<\/p>\n\n<p>6.4. Emme miss\u00e4\u00e4n tapauksessa ole vastuussa sinulle tai kolmannelle osapuolelle mist\u00e4\u00e4n erityisist\u00e4, suorista, v\u00e4lillisist\u00e4, satunnaisista, erityisist\u00e4, rangaistusluonteisista tai v\u00e4lillisist\u00e4 vahingoista, mukaan lukien menetetyt voitot tai menetetyt tiedot, jotka johtuvat verkkosivuston ja\/tai palveluiden tai muun verkkosivustolla tai osana palveluita olevan, sen kautta k\u00e4ytetyn tai ladatun materiaalin k\u00e4yt\u00f6st\u00e4si, riippumatta siit\u00e4, perustuuko se takuuseen, sopimukseen, vahingonkorvaukseen tai muuhun oikeudelliseen teoriaan, ja riippumatta siit\u00e4, onko meille ilmoitettu n\u00e4iden vahinkojen mahdollisuudesta, tai ei, ja tapauksissa, joissa oikeusviranomainen toteaa meid\u00e4t vastuullisiksi, sen vastuu ei saa ylitt\u00e4\u00e4 100 dollaria. Edell\u00e4 mainittua vastuunrajoitusta sovelletaan sovellettavan laink\u00e4ytt\u00f6alueen lain sallimissa rajoissa.<\/p>\n\n<p>6.5. Emme ole vastuussa mist\u00e4\u00e4n puhelin- tai verkkoyhteyksien, tietokoneiden online-j\u00e4rjestelmien, palvelimien tai palveluntarjoajien, laitteistojen tai ohjelmistojen ongelmista tai teknisist\u00e4 toimintah\u00e4iri\u00f6ist\u00e4, teknisist\u00e4 ongelmista tai internetin ruuhkautumisesta (tai internetin saavuttamattomuudesta) johtuvista vioista tai verkkosivun tai palveluiden ja selaimesi ja\/tai muiden laitteiden yhteensopimattomuudesta. Poiketen siit\u00e4, mit\u00e4 edell\u00e4 on sanottu, emme ota vastuuta tai riski\u00e4 Internetin k\u00e4yt\u00f6st\u00e4si.<\/p>\n\n<h3 class=\"wp-block-heading\">7. Kolmannen osapuolen palvelut tai sis\u00e4lt\u00f6<\/h3>\n\n<p>7.1. Palveluita k\u00e4ytt\u00e4ess\u00e4si saatat n\u00e4hd\u00e4 kolmansien osapuolten tarjoamaa sis\u00e4lt\u00f6\u00e4 tai palveluita, mukaan lukien kolmansien osapuolten alustoja koskevia mainoksia ja arvosteluja.<\/p>\n\n<p>7.2. Emme valvo, hyv\u00e4ksy tai hyv\u00e4ksy t\u00e4llaista sis\u00e4lt\u00f6\u00e4 tai palveluja, eiv\u00e4tk\u00e4 ne v\u00e4ltt\u00e4m\u00e4tt\u00e4 ole aina tarkkoja tai ajantasaisia.<\/p>\n\n<p>7.3. N\u00e4in ollen suosittelemme, ett\u00e4 tarkistat itsen\u00e4isesti kaikki tiedot, ennen kuin luotat niihin, ja kaikki t\u00e4llaisten tietojen perusteella tehdyt p\u00e4\u00e4t\u00f6kset tai toimet ovat yksin sinun vastuullasi.<\/p>\n\n<h3 class=\"wp-block-heading\">8. Linkit<\/h3>\n\n<p>8.1. Verkkosivusto voi sis\u00e4lt\u00e4\u00e4 linkkej\u00e4, sis\u00e4lt\u00f6\u00e4, mainoksia, myynninedist\u00e4mistoimia, logoja ja muuta materiaalia muilta verkkosivustoilta tai ohjelmistoista, joita kolmannet osapuolet valvovat tai tarjoavat (&#8221;Linkit&#8221;). Varoitamme sinua varmistamaan, ett\u00e4 ymm\u00e4rr\u00e4t t\u00e4llaisten verkkosivustojen, ohjelmistojen tai materiaalien k\u00e4ytt\u00f6\u00f6n liittyv\u00e4t riskit, ennen kuin haet, k\u00e4yt\u00e4t, luotat tai ostat mit\u00e4\u00e4n n\u00e4iden verkkosivustojen tai ohjelmistojen kautta tai t\u00e4llaisten materiaalien perusteella. T\u00e4llaiset linkit on tarkoitettu ainoastaan mukavuussyist\u00e4si, ja hyv\u00e4ksyt, ettet miss\u00e4\u00e4n tapauksessa pid\u00e4 meit\u00e4 vastuussa mist\u00e4\u00e4n menetyksest\u00e4 tai vahingosta, joka on aiheutunut muiden verkkosivustojen tai ohjelmistojen sis\u00e4ll\u00f6n, tavaroiden tai palveluiden k\u00e4yt\u00f6st\u00e4 tai niihin luottamisesta.<\/p>\n\n<p>8.2. Linkkien sis\u00e4llytt\u00e4minen verkkosivustoon ei ole hyv\u00e4ksynt\u00e4\u00e4, valtuutusta, sponsorointia, liittymist\u00e4 tai muuta yhteytt\u00e4 meid\u00e4n ja n\u00e4iden verkkosivustojen, ohjelmistojen tai niiden yll\u00e4pit\u00e4jien v\u00e4lill\u00e4.<\/p>\n\n<p>8.3. Emme ole tarkistaneet mit\u00e4\u00e4n tai kaikkia t\u00e4llaisia linkkej\u00e4 emmek\u00e4 ole vastuussa niiden viitattujen verkkosivustojen tai ohjelmistojen sis\u00e4ll\u00f6st\u00e4. Varoitamme sinua varmistamaan, ett\u00e4 ymm\u00e4rr\u00e4t t\u00e4llaisten verkkosivustojen tai ohjelmistojen k\u00e4ytt\u00f6\u00f6n liittyv\u00e4t riskit, ennen kuin haet, k\u00e4yt\u00e4t, luotat tai ostat mit\u00e4\u00e4n n\u00e4iden verkkosivustojen tai ohjelmistojen kautta. Et miss\u00e4\u00e4n tapauksessa pid\u00e4 meit\u00e4 vastuussa mist\u00e4\u00e4n menetyksest\u00e4 tai vahingosta, joka aiheutuu muiden verkkosivustojen sis\u00e4ll\u00f6n, tavaroiden tai palvelujen k\u00e4yt\u00f6st\u00e4 tai niihin luottamisesta.<\/p>\n\n<p>8.4. Sinun vastuullasi on tarkistaa t\u00e4llaisten kolmansien osapuolten verkkosivustojen ehdot ja k\u00e4yt\u00e4nn\u00f6t, ja suosittelemme vahvasti, ett\u00e4 tarkistat ne huolellisesti ennen kuin otat yhteytt\u00e4 t\u00e4llaisiin kolmansiin osapuoliin.<\/p>\n\n<h3 class=\"wp-block-heading\">9. Erilaiset<\/h3>\n\n<p>9.1. Voimme oman harkintamme mukaan aika ajoin muuttaa, muokata tai lopettaa mink\u00e4 tahansa Palvelun ja\/tai ottaa k\u00e4ytt\u00f6\u00f6n uusia Palveluja. Emme ole vastuussa mist\u00e4\u00e4n tappioista, joita sinulle aiheutuu t\u00e4llaisista muutoksista, eik\u00e4 sinulla ole mit\u00e4\u00e4n vaatimuksia meit\u00e4 kohtaan t\u00e4ss\u00e4 suhteessa.<\/p>\n\n<p>9.2. Voimme muuttaa n\u00e4it\u00e4 ehtoja aika ajoin. Kun teemme n\u00e4in, ilmoitamme siit\u00e4 sinulle julkaisemalla uusimman version ja p\u00e4iv\u00e4m\u00e4\u00e4r\u00e4n t\u00e4m\u00e4n sivun yl\u00e4osassa, ja kaikki muutokset tulevat voimaan v\u00e4litt\u00f6m\u00e4sti julkaisun j\u00e4lkeen. Jatkamalla verkkosivuston k\u00e4ytt\u00f6\u00e4 muutosten voimaantulon j\u00e4lkeen sinun katsotaan hyv\u00e4ksyv\u00e4n tarkistetut ehdot.<\/p>\n\n<p>9.3. K\u00e4ytt\u00e4j\u00e4 hyv\u00e4ksyy, ett\u00e4 tietojen l\u00e4hett\u00e4minen verkkosivustolle tai verkkosivustolta ei luo mit\u00e4\u00e4n suhteita, jotka poikkeavat n\u00e4iss\u00e4 ehdoissa m\u00e4\u00e4ritellyist\u00e4.<\/p>\n\n<p>9.4. N\u00e4m\u00e4 ehdot ja tietosuojak\u00e4yt\u00e4nt\u00f6, sellaisina kuin ne ovat ajoittain muutettuina, muodostavat ainoat voimassa olevat sopimukset meid\u00e4n ja k\u00e4ytt\u00e4j\u00e4n v\u00e4lill\u00e4, eik\u00e4 mik\u00e4\u00e4n kirjallinen tai suullinen esitys, lupaus, suostumus tai sitoumus, joka ei sis\u00e4lly tietosuojak\u00e4yt\u00e4nn\u00f6n ehtoihin, sido osapuolia.<\/p>\n\n<p>9.5. Mik\u00e4\u00e4n laiminly\u00f6nti tai viiv\u00e4stys meid\u00e4n puoleltamme mink\u00e4\u00e4n t\u00e4m\u00e4n sopimuksen mukaisen oikeuden, valtuuden tai oikeussuojakeinon k\u00e4ytt\u00e4misess\u00e4 ei merkitse siit\u00e4 luopumista, eik\u00e4 mink\u00e4\u00e4n t\u00e4llaisen oikeuden, valtuuden tai oikeussuojakeinon yksitt\u00e4inen tai osittainen k\u00e4ytt\u00e4minen est\u00e4 mit\u00e4\u00e4n muuta tai my\u00f6hemp\u00e4\u00e4 k\u00e4ytt\u00e4mist\u00e4 tai mink\u00e4\u00e4n muun oikeuden, valtuuden tai oikeussuojakeinon k\u00e4ytt\u00e4mist\u00e4.<\/p>\n\n<p>9.6. Jos toimivaltainen tuomioistuin katsoo, ett\u00e4 jokin n\u00e4iden ehtojen m\u00e4\u00e4r\u00e4ys ei ole t\u00e4yt\u00e4nt\u00f6\u00f6npanokelpoinen sovellettavan lain mukaan, kyseinen m\u00e4\u00e4r\u00e4ys suljetaan pois n\u00e4ist\u00e4 ehdoista, ja n\u00e4iden ehtojen muita osia tulkitaan ik\u00e4\u00e4n kuin kyseinen m\u00e4\u00e4r\u00e4ys olisi suljettu pois, ja ne ovat t\u00e4yt\u00e4nt\u00f6\u00f6npanokelpoisia ehtojen ehtojensa mukaisesti; kuitenkin sill\u00e4 edellytyksell\u00e4, ett\u00e4 t\u00e4llaisessa tapauksessa n\u00e4it\u00e4 ehtoja tulkitaan siten, ett\u00e4 ne antavat mahdollisimman suuren vaikutuksen sovellettavan lain kanssa yhteensopivassa ja sen sallimassa laajuudessa pois suljetun m\u00e4\u00e4r\u00e4yksen merkitykseen ja tarkoitukseen sellaisena kuin toimivaltainen tuomioistuin sen on m\u00e4\u00e4ritellyt.<\/p>\n\n<p>9.7. Voimme siirt\u00e4\u00e4 tai luovuttaa kaikki t\u00e4m\u00e4n sopimuksen mukaiset oikeuksemme ja velvollisuutemme kolmannelle osapuolelle; edell\u00e4 mainitusta poiketen verkkosivustoa ja\/tai mit\u00e4 tahansa palveluja voivat yll\u00e4pit\u00e4\u00e4 kolmannet osapuolet. Et saa siirt\u00e4\u00e4, luovuttaa tai pantata mill\u00e4\u00e4n tavalla n\u00e4iden ehtojen mukaisia oikeuksiasi tai velvollisuuksiasi.<\/p>\n","protected":false},"excerpt":{"rendered":"<p>Ehdot ja edellytykset 1. Yleist\u00e4 1.1. Tervetuloa osoitteeseen https:\/\/tokentact.net\/ (j\u00e4ljemp\u00e4n\u00e4 &#8221;verkkosivusto&#8221;). Postimme info@tokentact.net 1.2. Verkkosivusto sis\u00e4lt\u00e4\u00e4 tietoa kolmansien osapuolten kaupank\u00e4yntialustoista ( &#8221;Kolmannen osapuolen alustat&#8221;) ( &#8221;Palvelut&#8221;). 1.3. N\u00e4m\u00e4 k\u00e4ytt\u00f6ehdot ( &#8221;Ehdot&#8221;) koskevat verkkosivuston tai palveluiden k\u00e4ytt\u00f6\u00e4si (&#8221;Sin\u00e4&#8221;, &#8221;Sinun &#8221; tai &#8221;K\u00e4ytt\u00e4j\u00e4&#8221;). Sinun on luettava n\u00e4m\u00e4 ehdot huolellisesti kokonaisuudessaan ennen Palveluiden k\u00e4ytt\u00e4mist\u00e4si. Huomaa, ett\u00e4 n\u00e4m\u00e4 ehdot [&hellip;]<\/p>\n","protected":false},"author":1,"featured_media":0,"parent":0,"menu_order":0,"comment_status":"closed","ping_status":"closed","template":"","meta":{"_acf_changed":false,"inline_featured_image":false,"_monsterinsights_skip_tracking":false,"_monsterinsights_sitenote_active":false,"_monsterinsights_sitenote_note":"","_monsterinsights_sitenote_category":0,"footnotes":""},"tags":[],"class_list":["post-224","page","type-page","status-publish","hentry"],"acf":[],"yoast_head":"<!-- This site is optimized with the Yoast SEO plugin v24.8.1 - https:\/\/yoast.com\/wordpress\/plugins\/seo\/ -->\n<title>K\u00e4ytt\u00f6ehdot - Tokentact Official Website<\/title>\n<meta name=\"robots\" content=\"index, follow, max-snippet:-1, max-image-preview:large, max-video-preview:-1\" \/>\n<link rel=\"canonical\" href=\"https:\/\/tokentact.net\/fi\/kayttoehdot\/\" \/>\n<meta property=\"og:locale\" content=\"fi_FI\" \/>\n<meta property=\"og:type\" content=\"article\" \/>\n<meta property=\"og:title\" content=\"K\u00e4ytt\u00f6ehdot - Tokentact Official Website\" \/>\n<meta property=\"og:description\" content=\"Ehdot ja edellytykset 1. Yleist\u00e4 1.1. Tervetuloa osoitteeseen https:\/\/tokentact.net\/ (j\u00e4ljemp\u00e4n\u00e4 &#8221;verkkosivusto&#8221;). Postimme info@tokentact.net 1.2. Verkkosivusto sis\u00e4lt\u00e4\u00e4 tietoa kolmansien osapuolten kaupank\u00e4yntialustoista ( &#8221;Kolmannen osapuolen alustat&#8221;) ( &#8221;Palvelut&#8221;). 1.3. N\u00e4m\u00e4 k\u00e4ytt\u00f6ehdot ( &#8221;Ehdot&#8221;) koskevat verkkosivuston tai palveluiden k\u00e4ytt\u00f6\u00e4si (&#8221;Sin\u00e4&#8221;, &#8221;Sinun &#8221; tai &#8221;K\u00e4ytt\u00e4j\u00e4&#8221;). Sinun on luettava n\u00e4m\u00e4 ehdot huolellisesti kokonaisuudessaan ennen Palveluiden k\u00e4ytt\u00e4mist\u00e4si. Huomaa, ett\u00e4 n\u00e4m\u00e4 ehdot [&hellip;]\" \/>\n<meta property=\"og:url\" content=\"https:\/\/tokentact.net\/fi\/kayttoehdot\/\" \/>\n<meta property=\"og:site_name\" content=\"Tokentact Official Website\" \/>\n<meta property=\"article:modified_time\" content=\"2024-07-03T09:10:11+00:00\" \/>\n<meta name=\"twitter:card\" content=\"summary_large_image\" \/>\n<meta name=\"twitter:label1\" content=\"Arvioitu lukuaika\" \/>\n\t<meta name=\"twitter:data1\" content=\"10 minuuttia\" \/>\n<script type=\"application\/ld+json\" class=\"yoast-schema-graph\">{\"@context\":\"https:\/\/schema.org\",\"@graph\":[{\"@type\":\"WebPage\",\"@id\":\"https:\/\/tokentact.net\/fi\/kayttoehdot\/\",\"url\":\"https:\/\/tokentact.net\/fi\/kayttoehdot\/\",\"name\":\"K\u00e4ytt\u00f6ehdot - Tokentact Official Website\",\"isPartOf\":{\"@id\":\"https:\/\/tokentact.net\/fi\/#website\"},\"datePublished\":\"2024-02-02T16:05:16+00:00\",\"dateModified\":\"2024-07-03T09:10:11+00:00\",\"breadcrumb\":{\"@id\":\"https:\/\/tokentact.net\/fi\/kayttoehdot\/#breadcrumb\"},\"inLanguage\":\"fi\",\"potentialAction\":[{\"@type\":\"ReadAction\",\"target\":[\"https:\/\/tokentact.net\/fi\/kayttoehdot\/\"]}]},{\"@type\":\"BreadcrumbList\",\"@id\":\"https:\/\/tokentact.net\/fi\/kayttoehdot\/#breadcrumb\",\"itemListElement\":[{\"@type\":\"ListItem\",\"position\":1,\"name\":\"Home\",\"item\":\"https:\/\/tokentact.net\/fi\/\"},{\"@type\":\"ListItem\",\"position\":2,\"name\":\"K\u00e4ytt\u00f6ehdot\"}]},{\"@type\":\"WebSite\",\"@id\":\"https:\/\/tokentact.net\/fi\/#website\",\"url\":\"https:\/\/tokentact.net\/fi\/\",\"name\":\"Tokentact Trading Bot\",\"description\":\"\",\"alternateName\":\"Tokentact\",\"potentialAction\":[{\"@type\":\"SearchAction\",\"target\":{\"@type\":\"EntryPoint\",\"urlTemplate\":\"https:\/\/tokentact.net\/fi\/?s={search_term_string}\"},\"query-input\":{\"@type\":\"PropertyValueSpecification\",\"valueRequired\":true,\"valueName\":\"search_term_string\"}}],\"inLanguage\":\"fi\"}]}<\/script>\n<!-- \/ Yoast SEO plugin. -->","yoast_head_json":{"title":"K\u00e4ytt\u00f6ehdot - Tokentact Official Website","robots":{"index":"index","follow":"follow","max-snippet":"max-snippet:-1","max-image-preview":"max-image-preview:large","max-video-preview":"max-video-preview:-1"},"canonical":"https:\/\/tokentact.net\/fi\/kayttoehdot\/","og_locale":"fi_FI","og_type":"article","og_title":"K\u00e4ytt\u00f6ehdot - Tokentact Official Website","og_description":"Ehdot ja edellytykset 1. Yleist\u00e4 1.1. Tervetuloa osoitteeseen https:\/\/tokentact.net\/ (j\u00e4ljemp\u00e4n\u00e4 &#8221;verkkosivusto&#8221;). Postimme info@tokentact.net 1.2. Verkkosivusto sis\u00e4lt\u00e4\u00e4 tietoa kolmansien osapuolten kaupank\u00e4yntialustoista ( &#8221;Kolmannen osapuolen alustat&#8221;) ( &#8221;Palvelut&#8221;). 1.3. N\u00e4m\u00e4 k\u00e4ytt\u00f6ehdot ( &#8221;Ehdot&#8221;) koskevat verkkosivuston tai palveluiden k\u00e4ytt\u00f6\u00e4si (&#8221;Sin\u00e4&#8221;, &#8221;Sinun &#8221; tai &#8221;K\u00e4ytt\u00e4j\u00e4&#8221;). Sinun on luettava n\u00e4m\u00e4 ehdot huolellisesti kokonaisuudessaan ennen Palveluiden k\u00e4ytt\u00e4mist\u00e4si. Huomaa, ett\u00e4 n\u00e4m\u00e4 ehdot [&hellip;]","og_url":"https:\/\/tokentact.net\/fi\/kayttoehdot\/","og_site_name":"Tokentact Official Website","article_modified_time":"2024-07-03T09:10:11+00:00","twitter_card":"summary_large_image","twitter_misc":{"Arvioitu lukuaika":"10 minuuttia"},"schema":{"@context":"https:\/\/schema.org","@graph":[{"@type":"WebPage","@id":"https:\/\/tokentact.net\/fi\/kayttoehdot\/","url":"https:\/\/tokentact.net\/fi\/kayttoehdot\/","name":"K\u00e4ytt\u00f6ehdot - Tokentact Official Website","isPartOf":{"@id":"https:\/\/tokentact.net\/fi\/#website"},"datePublished":"2024-02-02T16:05:16+00:00","dateModified":"2024-07-03T09:10:11+00:00","breadcrumb":{"@id":"https:\/\/tokentact.net\/fi\/kayttoehdot\/#breadcrumb"},"inLanguage":"fi","potentialAction":[{"@type":"ReadAction","target":["https:\/\/tokentact.net\/fi\/kayttoehdot\/"]}]},{"@type":"BreadcrumbList","@id":"https:\/\/tokentact.net\/fi\/kayttoehdot\/#breadcrumb","itemListElement":[{"@type":"ListItem","position":1,"name":"Home","item":"https:\/\/tokentact.net\/fi\/"},{"@type":"ListItem","position":2,"name":"K\u00e4ytt\u00f6ehdot"}]},{"@type":"WebSite","@id":"https:\/\/tokentact.net\/fi\/#website","url":"https:\/\/tokentact.net\/fi\/","name":"Tokentact Trading Bot","description":"","alternateName":"Tokentact","potentialAction":[{"@type":"SearchAction","target":{"@type":"EntryPoint","urlTemplate":"https:\/\/tokentact.net\/fi\/?s={search_term_string}"},"query-input":{"@type":"PropertyValueSpecification","valueRequired":true,"valueName":"search_term_string"}}],"inLanguage":"fi"}]}},"_links":{"self":[{"href":"https:\/\/tokentact.net\/fi\/wp-json\/wp\/v2\/pages\/224","targetHints":{"allow":["GET"]}}],"collection":[{"href":"https:\/\/tokentact.net\/fi\/wp-json\/wp\/v2\/pages"}],"about":[{"href":"https:\/\/tokentact.net\/fi\/wp-json\/wp\/v2\/types\/page"}],"author":[{"embeddable":true,"href":"https:\/\/tokentact.net\/fi\/wp-json\/wp\/v2\/users\/1"}],"replies":[{"embeddable":true,"href":"https:\/\/tokentact.net\/fi\/wp-json\/wp\/v2\/comments?post=224"}],"version-history":[{"count":0,"href":"https:\/\/tokentact.net\/fi\/wp-json\/wp\/v2\/pages\/224\/revisions"}],"wp:attachment":[{"href":"https:\/\/tokentact.net\/fi\/wp-json\/wp\/v2\/media?parent=224"}],"wp:term":[{"taxonomy":"post_tag","embeddable":true,"href":"https:\/\/tokentact.net\/fi\/wp-json\/wp\/v2\/tags?post=224"}],"curies":[{"name":"wp","href":"https:\/\/api.w.org\/{rel}","templated":true}]}}