{"id":1408,"date":"2024-05-30T11:20:41","date_gmt":"2024-05-30T11:20:41","guid":{"rendered":"https:\/\/tokentact.net\/hanki-kaasun-korvaus\/"},"modified":"2024-07-03T08:40:22","modified_gmt":"2024-07-03T08:40:22","slug":"hanki-kaasun-korvaus","status":"publish","type":"page","link":"https:\/\/tokentact.net\/fi\/hanki-kaasun-korvaus\/","title":{"rendered":"Hanki kaasun korvaus"},"content":{"rendered":"\n<div class=\"wp-block-columns is-layout-flex wp-container-core-columns-is-layout-9d6595d7 wp-block-columns-is-layout-flex\" id=\"gas-payout\">\n<div class=\"wp-block-column is-layout-flow wp-block-column-is-layout-flow\" style=\"flex-basis:57%\">\n<h1 class=\"wp-block-heading\" style=\"font-size:42px;font-style:normal;font-weight:700\">Palkkiot kaasun k\u00e4yt\u00f6st\u00e4<\/h1>\n\n\n\n<hr class=\"wp-block-separator has-text-color has-white-color has-alpha-channel-opacity has-white-background-color has-background\"\/>\n\n\n<p>\n<div class=\"wpcf7 no-js\" id=\"wpcf7-f5-o1\" lang=\"en-US\" dir=\"ltr\">\n<div class=\"screen-reader-response\"><p role=\"status\" aria-live=\"polite\" aria-atomic=\"true\"><\/p> <ul><\/ul><\/div>\n<form action=\"\/fi\/wp-json\/wp\/v2\/pages\/1408#wpcf7-f5-o1\" method=\"post\" class=\"wpcf7-form init\" aria-label=\"Contact form\" novalidate=\"novalidate\" data-status=\"init\">\n<div style=\"display: none;\">\n<input type=\"hidden\" name=\"_wpcf7\" value=\"5\" \/>\n<input type=\"hidden\" name=\"_wpcf7_version\" value=\"5.9.4\" \/>\n<input type=\"hidden\" name=\"_wpcf7_locale\" value=\"en_US\" \/>\n<input type=\"hidden\" name=\"_wpcf7_unit_tag\" value=\"wpcf7-f5-o1\" \/>\n<input type=\"hidden\" name=\"_wpcf7_container_post\" value=\"0\" \/>\n<input type=\"hidden\" name=\"_wpcf7_posted_data_hash\" value=\"\" \/>\n<\/div>\n<div class=\"cta_form\">\n\t<div class=\"row\">\n\t\t<div class=\"col-xxl-6 col-xl-6 col-lg-6 col-md-12 col-12\">\n\t\t\t<p><span class=\"wpcf7-form-control-wrap\" data-name=\"fname\"><input size=\"40\" class=\"wpcf7-form-control wpcf7-text wpcf7-validates-as-required\" aria-required=\"true\" aria-invalid=\"false\" placeholder=\"First Name\" value=\"\" type=\"text\" name=\"fname\" \/><\/span>\n\t\t\t<\/p>\n\t\t<\/div>\n\t\t<div class=\"col-xxl-6 col-xl-6 col-lg-6 col-md-12 col-12\">\n\t\t\t<p><span class=\"wpcf7-form-control-wrap\" data-name=\"lname\"><input size=\"40\" class=\"wpcf7-form-control wpcf7-text wpcf7-validates-as-required\" aria-required=\"true\" aria-invalid=\"false\" placeholder=\"Last Name\" value=\"\" type=\"text\" name=\"lname\" \/><\/span>\n\t\t\t<\/p>\n\t\t<\/div>\n\t<\/div>\n\t<div class=\"row\">\n\t\t<div class=\"col-xxl-6 col-xl-6 col-lg-6 col-md-12 col-12\">\n\t\t\t<p><span class=\"wpcf7-form-control-wrap\" data-name=\"email-36\"><input size=\"40\" class=\"wpcf7-form-control wpcf7-email wpcf7-validates-as-required wpcf7-text wpcf7-validates-as-email\" aria-required=\"true\" aria-invalid=\"false\" placeholder=\"E-mail\" value=\"\" type=\"email\" name=\"email-36\" \/><\/span>\n\t\t\t<\/p>\n\t\t<\/div>\n\t\t<div class=\"col-xxl-6 col-xl-6 col-lg-6 col-md-12 col-12\">\n\t\t\t<p><span class=\"wpcf7-form-control-wrap\" data-name=\"tel-246\"><input size=\"40\" class=\"wpcf7-form-control wpcf7-tel wpcf7-validates-as-required wpcf7-text wpcf7-validates-as-tel\" aria-required=\"true\" aria-invalid=\"false\" placeholder=\"Phone\" value=\"\" type=\"tel\" name=\"tel-246\" \/><\/span>\n\t\t\t<\/p>\n\t\t<\/div>\n\t<\/div>\n\t<div class=\"row\">\n\t\t<div class=\"col-12\">\n\t\t\t<p><input class=\"wpcf7-form-control wpcf7-submit has-spinner\" type=\"submit\" value=\"Send your contact details\" \/>\n\t\t\t<\/p>\n\t\t<\/div>\n\t<\/div>\n\t<div class=\"footer_form\">\n\t\t<p>By creating an account, you are agreeing to our <a href=\"https:\/\/tokentact.net\/terms-of-use\/\" target=\"_blank\">Terms of Use<\/a> and <a href=\"https:\/\/tokentact.net\/privacy-policy\/\" target=\"_blank\">Privacy Policy<\/a>\n\t\t<\/p>\n\t<\/div>\n<\/div><div class=\"wpcf7-response-output\" aria-hidden=\"true\"><\/div>\n<\/form>\n<\/div>\n^<\/p>\n\n\n\n<hr class=\"wp-block-separator has-text-color has-alpha-channel-opacity has-background\" style=\"background-color:#ffffff00;color:#ffffff00\"\/>\n\n\n\n<p>TokenTact &#8211; alustamme on ainutlaatuinen kaasun k\u00e4yt\u00f6n ansiosta, mik\u00e4 takaa teko\u00e4lybottien korkean suorituskyvyn ja jatkuvan toiminnan.<\/p>\n\n\n\n<hr class=\"wp-block-separator has-text-color has-alpha-channel-opacity has-background\" style=\"background-color:#ffffff00;color:#ffffff00\"\/>\n\n\n\n<h2 class=\"wp-block-heading has-text-color has-link-color wp-elements-6d938afda08c0bc6f0841684d495b652\" style=\"color:#050505;font-size:30px\">Miksi maksamme sinulle?<\/h2>\n\n\n\n<hr class=\"wp-block-separator has-text-color has-alpha-channel-opacity has-background\" style=\"background-color:#ffffff00;color:#ffffff00\"\/>\n\n\n\n<p>1. Kaasun k\u00e4ytt\u00f6 perinteisten energial\u00e4hteiden sijaan auttaa pienent\u00e4m\u00e4\u00e4n hiilijalanj\u00e4lke\u00e4 ja tukee ymp\u00e4rist\u00f6n kest\u00e4vyytt\u00e4.<\/p>\n\n\n\n<hr class=\"wp-block-separator has-text-color has-alpha-channel-opacity has-background\" style=\"background-color:#ffffff00;color:#ffffff00\"\/>\n\n\n\n<p>2. Arvostamme pitk\u00e4aikaisia suhteita k\u00e4ytt\u00e4jiimme ja panostamme jatkuvaan menestykseesi kaupank\u00e4ynniss\u00e4 alustallamme.<\/p>\n\n\n\n<hr class=\"wp-block-separator has-text-color has-alpha-channel-opacity has-background\" style=\"background-color:#ffffff00;color:#ffffff00\"\/>\n\n\n\n<figure class=\"wp-block-image size-full\"><img loading=\"lazy\" decoding=\"async\" width=\"671\" height=\"129\" src=\"https:\/\/tokentact.net\/wp-content\/uploads\/2024\/06\/image-net.png\" alt=\"\" class=\"wp-image-1310\" srcset=\"https:\/\/tokentact.net\/wp-content\/uploads\/2024\/06\/image-net.png 671w, https:\/\/tokentact.net\/wp-content\/uploads\/2024\/06\/image-net-300x58.png 300w\" sizes=\"auto, (max-width: 671px) 100vw, 671px\" \/><\/figure>\n\n\n\n<div class=\"wp-block-group is-vertical is-layout-flex wp-container-core-group-is-layout-8cf370e7 wp-block-group-is-layout-flex\">\n<p><\/p>\n<\/div>\n<\/div>\n\n\n\n<div class=\"wp-block-column is-layout-flow wp-block-column-is-layout-flow\" style=\"flex-basis:15px\"><\/div>\n\n\n\n<div class=\"wp-block-column is-layout-flow wp-block-column-is-layout-flow\" style=\"flex-basis:43%\">\n<h2 class=\"wp-block-heading\" style=\"font-size:30px;font-style:normal;font-weight:700\">Edellytykset saada maksuja alkaen 200 dollaria kuukaudessa:<\/h2>\n\n\n\n<div class=\"wp-block-group gas-payout-item\"><div class=\"wp-block-group__inner-container is-layout-constrained wp-block-group-is-layout-constrained\">\n<p><strong>1. Rekister\u00f6inti ja todentaminen:<\/strong><br\/>Voit aloittaa maksujen vastaanottamisen rekister\u00f6itym\u00e4ll\u00e4 alustallemme ja suorittamalla vahvistusprosessin. N\u00e4in varmistetaan turvallisuus ja standardiemme noudattaminen.<\/p>\n<\/div><\/div>\n\n\n\n<div class=\"wp-block-group gas-payout-item\"><div class=\"wp-block-group__inner-container is-layout-constrained wp-block-group-is-layout-constrained\">\n<p><strong>2. Talletusvaatimus:<\/strong><br\/>Osallistuaksesi maksuohjelmaan sinun on teht\u00e4v\u00e4 v\u00e4himm\u00e4istalletus. T\u00e4m\u00e4 talletus on alkup\u00e4\u00e4omasi kaupank\u00e4ynti\u00e4 varten ja aktivoi kyvyn saada maksuja kaasun k\u00e4yt\u00f6st\u00e4.<\/p>\n<\/div><\/div>\n\n\n\n<div class=\"wp-block-group gas-payout-item\"><div class=\"wp-block-group__inner-container is-layout-constrained wp-block-group-is-layout-constrained\">\n<p><strong>3. Alustan pitk\u00e4aikainen k\u00e4ytt\u00f6:<\/strong><br\/>K\u00e4ytt\u00e4j\u00e4t, jotka pysyv\u00e4t kanssamme pitk\u00e4aikaisesti ja k\u00e4ytt\u00e4v\u00e4t alustaa aktiivisesti, voivat saada lis\u00e4bonuksia tai suurempia voittoja.<\/p>\n<\/div><\/div>\n\n\n\n<div class=\"wp-block-group gas-payout-info has-background\" style=\"background-color:#3639ed\"><div class=\"wp-block-group__inner-container is-layout-constrained wp-block-group-is-layout-constrained\">\n<h2 class=\"wp-block-heading has-text-align-center has-white-color has-text-color has-link-color wp-elements-ef8ef4d4d4fc58d2970baf56058080db\">Rekister\u00f6idy t\u00e4n\u00e4\u00e4n ja aloita tienaaminen TokenTactilla!<\/h2>\n\n\n\n<p class=\"has-text-align-center has-white-color has-text-color has-link-color wp-elements-a04b5b5071a90c71ddfc56193d384bac\" style=\"font-size:16px\">Riippumatta kokemuksestasi, teko\u00e4lybotit ja kaasunk\u00e4ytt\u00f6palkkiot tekev\u00e4t kaupank\u00e4ynnist\u00e4si&#8230;<br\/>kannattavammaksi ja menestyksekk\u00e4\u00e4mm\u00e4ksi.<\/p>\n<\/div><\/div>\n<\/div>\n<\/div>\n","protected":false},"excerpt":{"rendered":"<p>Palkkiot kaasun k\u00e4yt\u00f6st\u00e4 TokenTact &#8211; alustamme on ainutlaatuinen kaasun k\u00e4yt\u00f6n ansiosta, mik\u00e4 takaa teko\u00e4lybottien korkean suorituskyvyn ja jatkuvan toiminnan. Miksi maksamme sinulle? 1. Kaasun k\u00e4ytt\u00f6 perinteisten energial\u00e4hteiden sijaan auttaa pienent\u00e4m\u00e4\u00e4n hiilijalanj\u00e4lke\u00e4 ja tukee ymp\u00e4rist\u00f6n kest\u00e4vyytt\u00e4. 2. Arvostamme pitk\u00e4aikaisia suhteita k\u00e4ytt\u00e4jiimme ja panostamme jatkuvaan menestykseesi kaupank\u00e4ynniss\u00e4 alustallamme. Edellytykset saada maksuja alkaen 200 dollaria kuukaudessa: 1. Rekister\u00f6inti [&hellip;]<\/p>\n","protected":false},"author":1,"featured_media":0,"parent":0,"menu_order":0,"comment_status":"closed","ping_status":"closed","template":"","meta":{"_acf_changed":false,"inline_featured_image":false,"_monsterinsights_skip_tracking":false,"_monsterinsights_sitenote_active":false,"_monsterinsights_sitenote_note":"","_monsterinsights_sitenote_category":0,"footnotes":""},"class_list":["post-1408","page","type-page","status-publish","hentry"],"acf":[],"yoast_head":"<!-- This site is optimized with the Yoast SEO plugin v24.8.1 - https:\/\/yoast.com\/wordpress\/plugins\/seo\/ -->\n<title>Hanki kaasun korvaus - Tokentact Official Website<\/title>\n<meta name=\"robots\" content=\"index, follow, max-snippet:-1, max-image-preview:large, max-video-preview:-1\" \/>\n<link rel=\"canonical\" href=\"https:\/\/tokentact.net\/fi\/hanki-kaasun-korvaus\/\" \/>\n<meta property=\"og:locale\" content=\"fi_FI\" \/>\n<meta property=\"og:type\" content=\"article\" \/>\n<meta property=\"og:title\" content=\"Hanki kaasun korvaus - Tokentact Official Website\" \/>\n<meta property=\"og:description\" content=\"Palkkiot kaasun k\u00e4yt\u00f6st\u00e4 TokenTact &#8211; alustamme on ainutlaatuinen kaasun k\u00e4yt\u00f6n ansiosta, mik\u00e4 takaa teko\u00e4lybottien korkean suorituskyvyn ja jatkuvan toiminnan. Miksi maksamme sinulle? 1. Kaasun k\u00e4ytt\u00f6 perinteisten energial\u00e4hteiden sijaan auttaa pienent\u00e4m\u00e4\u00e4n hiilijalanj\u00e4lke\u00e4 ja tukee ymp\u00e4rist\u00f6n kest\u00e4vyytt\u00e4. 2. Arvostamme pitk\u00e4aikaisia suhteita k\u00e4ytt\u00e4jiimme ja panostamme jatkuvaan menestykseesi kaupank\u00e4ynniss\u00e4 alustallamme. Edellytykset saada maksuja alkaen 200 dollaria kuukaudessa: 1. Rekister\u00f6inti [&hellip;]\" \/>\n<meta property=\"og:url\" content=\"https:\/\/tokentact.net\/fi\/hanki-kaasun-korvaus\/\" \/>\n<meta property=\"og:site_name\" content=\"Tokentact Official Website\" \/>\n<meta property=\"article:modified_time\" content=\"2024-07-03T08:40:22+00:00\" \/>\n<meta property=\"og:image\" content=\"https:\/\/tokentact.net\/wp-content\/uploads\/2024\/06\/image-net.png\" \/>\n<meta name=\"twitter:card\" content=\"summary_large_image\" \/>\n<meta name=\"twitter:label1\" content=\"Arvioitu lukuaika\" \/>\n\t<meta name=\"twitter:data1\" content=\"1 minuutti\" \/>\n<script type=\"application\/ld+json\" class=\"yoast-schema-graph\">{\"@context\":\"https:\/\/schema.org\",\"@graph\":[{\"@type\":\"WebPage\",\"@id\":\"https:\/\/tokentact.net\/fi\/hanki-kaasun-korvaus\/\",\"url\":\"https:\/\/tokentact.net\/fi\/hanki-kaasun-korvaus\/\",\"name\":\"Hanki kaasun korvaus - Tokentact Official Website\",\"isPartOf\":{\"@id\":\"https:\/\/tokentact.net\/fi\/#website\"},\"primaryImageOfPage\":{\"@id\":\"https:\/\/tokentact.net\/fi\/hanki-kaasun-korvaus\/#primaryimage\"},\"image\":{\"@id\":\"https:\/\/tokentact.net\/fi\/hanki-kaasun-korvaus\/#primaryimage\"},\"thumbnailUrl\":\"https:\/\/tokentact.net\/wp-content\/uploads\/2024\/06\/image-net.png\",\"datePublished\":\"2024-05-30T11:20:41+00:00\",\"dateModified\":\"2024-07-03T08:40:22+00:00\",\"breadcrumb\":{\"@id\":\"https:\/\/tokentact.net\/fi\/hanki-kaasun-korvaus\/#breadcrumb\"},\"inLanguage\":\"fi\",\"potentialAction\":[{\"@type\":\"ReadAction\",\"target\":[\"https:\/\/tokentact.net\/fi\/hanki-kaasun-korvaus\/\"]}]},{\"@type\":\"ImageObject\",\"inLanguage\":\"fi\",\"@id\":\"https:\/\/tokentact.net\/fi\/hanki-kaasun-korvaus\/#primaryimage\",\"url\":\"https:\/\/tokentact.net\/wp-content\/uploads\/2024\/06\/image-net.png\",\"contentUrl\":\"https:\/\/tokentact.net\/wp-content\/uploads\/2024\/06\/image-net.png\"},{\"@type\":\"BreadcrumbList\",\"@id\":\"https:\/\/tokentact.net\/fi\/hanki-kaasun-korvaus\/#breadcrumb\",\"itemListElement\":[{\"@type\":\"ListItem\",\"position\":1,\"name\":\"Home\",\"item\":\"https:\/\/tokentact.net\/fi\/\"},{\"@type\":\"ListItem\",\"position\":2,\"name\":\"Hanki kaasun korvaus\"}]},{\"@type\":\"WebSite\",\"@id\":\"https:\/\/tokentact.net\/fi\/#website\",\"url\":\"https:\/\/tokentact.net\/fi\/\",\"name\":\"Tokentact Trading Bot\",\"description\":\"\",\"alternateName\":\"Tokentact\",\"potentialAction\":[{\"@type\":\"SearchAction\",\"target\":{\"@type\":\"EntryPoint\",\"urlTemplate\":\"https:\/\/tokentact.net\/fi\/?s={search_term_string}\"},\"query-input\":{\"@type\":\"PropertyValueSpecification\",\"valueRequired\":true,\"valueName\":\"search_term_string\"}}],\"inLanguage\":\"fi\"}]}<\/script>\n<!-- \/ Yoast SEO plugin. -->","yoast_head_json":{"title":"Hanki kaasun korvaus - Tokentact Official Website","robots":{"index":"index","follow":"follow","max-snippet":"max-snippet:-1","max-image-preview":"max-image-preview:large","max-video-preview":"max-video-preview:-1"},"canonical":"https:\/\/tokentact.net\/fi\/hanki-kaasun-korvaus\/","og_locale":"fi_FI","og_type":"article","og_title":"Hanki kaasun korvaus - Tokentact Official Website","og_description":"Palkkiot kaasun k\u00e4yt\u00f6st\u00e4 TokenTact &#8211; alustamme on ainutlaatuinen kaasun k\u00e4yt\u00f6n ansiosta, mik\u00e4 takaa teko\u00e4lybottien korkean suorituskyvyn ja jatkuvan toiminnan. Miksi maksamme sinulle? 1. Kaasun k\u00e4ytt\u00f6 perinteisten energial\u00e4hteiden sijaan auttaa pienent\u00e4m\u00e4\u00e4n hiilijalanj\u00e4lke\u00e4 ja tukee ymp\u00e4rist\u00f6n kest\u00e4vyytt\u00e4. 2. Arvostamme pitk\u00e4aikaisia suhteita k\u00e4ytt\u00e4jiimme ja panostamme jatkuvaan menestykseesi kaupank\u00e4ynniss\u00e4 alustallamme. Edellytykset saada maksuja alkaen 200 dollaria kuukaudessa: 1. Rekister\u00f6inti [&hellip;]","og_url":"https:\/\/tokentact.net\/fi\/hanki-kaasun-korvaus\/","og_site_name":"Tokentact Official Website","article_modified_time":"2024-07-03T08:40:22+00:00","og_image":[{"url":"https:\/\/tokentact.net\/wp-content\/uploads\/2024\/06\/image-net.png","type":"","width":"","height":""}],"twitter_card":"summary_large_image","twitter_misc":{"Arvioitu lukuaika":"1 minuutti"},"schema":{"@context":"https:\/\/schema.org","@graph":[{"@type":"WebPage","@id":"https:\/\/tokentact.net\/fi\/hanki-kaasun-korvaus\/","url":"https:\/\/tokentact.net\/fi\/hanki-kaasun-korvaus\/","name":"Hanki kaasun korvaus - Tokentact Official Website","isPartOf":{"@id":"https:\/\/tokentact.net\/fi\/#website"},"primaryImageOfPage":{"@id":"https:\/\/tokentact.net\/fi\/hanki-kaasun-korvaus\/#primaryimage"},"image":{"@id":"https:\/\/tokentact.net\/fi\/hanki-kaasun-korvaus\/#primaryimage"},"thumbnailUrl":"https:\/\/tokentact.net\/wp-content\/uploads\/2024\/06\/image-net.png","datePublished":"2024-05-30T11:20:41+00:00","dateModified":"2024-07-03T08:40:22+00:00","breadcrumb":{"@id":"https:\/\/tokentact.net\/fi\/hanki-kaasun-korvaus\/#breadcrumb"},"inLanguage":"fi","potentialAction":[{"@type":"ReadAction","target":["https:\/\/tokentact.net\/fi\/hanki-kaasun-korvaus\/"]}]},{"@type":"ImageObject","inLanguage":"fi","@id":"https:\/\/tokentact.net\/fi\/hanki-kaasun-korvaus\/#primaryimage","url":"https:\/\/tokentact.net\/wp-content\/uploads\/2024\/06\/image-net.png","contentUrl":"https:\/\/tokentact.net\/wp-content\/uploads\/2024\/06\/image-net.png"},{"@type":"BreadcrumbList","@id":"https:\/\/tokentact.net\/fi\/hanki-kaasun-korvaus\/#breadcrumb","itemListElement":[{"@type":"ListItem","position":1,"name":"Home","item":"https:\/\/tokentact.net\/fi\/"},{"@type":"ListItem","position":2,"name":"Hanki kaasun korvaus"}]},{"@type":"WebSite","@id":"https:\/\/tokentact.net\/fi\/#website","url":"https:\/\/tokentact.net\/fi\/","name":"Tokentact Trading Bot","description":"","alternateName":"Tokentact","potentialAction":[{"@type":"SearchAction","target":{"@type":"EntryPoint","urlTemplate":"https:\/\/tokentact.net\/fi\/?s={search_term_string}"},"query-input":{"@type":"PropertyValueSpecification","valueRequired":true,"valueName":"search_term_string"}}],"inLanguage":"fi"}]}},"_links":{"self":[{"href":"https:\/\/tokentact.net\/fi\/wp-json\/wp\/v2\/pages\/1408","targetHints":{"allow":["GET"]}}],"collection":[{"href":"https:\/\/tokentact.net\/fi\/wp-json\/wp\/v2\/pages"}],"about":[{"href":"https:\/\/tokentact.net\/fi\/wp-json\/wp\/v2\/types\/page"}],"author":[{"embeddable":true,"href":"https:\/\/tokentact.net\/fi\/wp-json\/wp\/v2\/users\/1"}],"replies":[{"embeddable":true,"href":"https:\/\/tokentact.net\/fi\/wp-json\/wp\/v2\/comments?post=1408"}],"version-history":[{"count":0,"href":"https:\/\/tokentact.net\/fi\/wp-json\/wp\/v2\/pages\/1408\/revisions"}],"wp:attachment":[{"href":"https:\/\/tokentact.net\/fi\/wp-json\/wp\/v2\/media?parent=1408"}],"curies":[{"name":"wp","href":"https:\/\/api.w.org\/{rel}","templated":true}]}}