{"id":197,"date":"2024-02-02T16:05:16","date_gmt":"2024-02-02T16:05:16","guid":{"rendered":"https:\/\/tokentact.net\/nutzungsbedingungen\/"},"modified":"2024-07-03T09:10:26","modified_gmt":"2024-07-03T09:10:26","slug":"nutzungsbedingungen","status":"publish","type":"page","link":"https:\/\/tokentact.net\/de\/nutzungsbedingungen\/","title":{"rendered":"Nutzungsbedingungen"},"content":{"rendered":"\n<h1 class=\"wp-block-heading\">Bedingungen und Konditionen<\/h1>\n\n<h2 class=\"wp-block-heading\">1. Allgemeines<\/h2>\n\n<p>1.1. Willkommen bei <a href=\"https:\/\/tokentact.net\/de\/\">https:\/\/tokentact.net\/<\/a> (die &#8222;Website&#8220;).<\/p>\n\n<p>Unsere Mail <a href=\"mailto:info@tokentact.net\">info@tokentact.net<\/a><\/p>\n\n<p>1.2. Die Website enth\u00e4lt Informationen \u00fcber Handelsplattformen von Drittanbietern (die <strong>&#8222;Drittanbieterplattformen&#8220;<\/strong>) (die <strong>&#8222;Dienstleistungen&#8220;<\/strong>).<\/p>\n\n<p>1.3. Diese Nutzungsbedingungen (die <strong>&#8222;Bedingungen&#8220;<\/strong>) regeln Ihre (<strong>&#8222;Sie&#8220;<\/strong>, <strong>&#8222;Ihr&#8220;<\/strong> oder <strong>&#8222;Nutzer&#8220;<\/strong>) Nutzung der Website oder der Dienste. Diese Bedingungen sollten von Ihnen vor der Nutzung der Dienste sorgf\u00e4ltig in ihrer Gesamtheit gelesen werden. Bitte beachten Sie, dass diese Bedingungen eine rechtsverbindliche Vereinbarung zwischen Ihnen und dem Betreiber der Website darstellen und dass Sie die Nutzung der Website unverz\u00fcglich einstellen m\u00fcssen, wenn Sie mit einer Bestimmung dieser Bedingungen nicht einverstanden sind. Durch die Nutzung der Website erkl\u00e4ren Sie sich mit den Bedingungen in ihrer jeweils g\u00fcltigen Fassung einverstanden.<\/p>\n\n<p>Diese Bedingungen beinhalten unsere Datenschutzrichtlinien, und indem Sie diesen Bedingungen zustimmen, best\u00e4tigen Sie, dass Sie auch unsere Datenschutzrichtlinien akzeptieren und ihnen zustimmen (Sie k\u00f6nnen unsere Datenschutzrichtlinien einsehen, indem Sie <a href=\"https:\/\/tokentact.co\/privacy-policy\/\">hier klicken<\/a>).<\/p>\n\n<h2 class=\"wp-block-heading\">2. F\u00f6rderungsw\u00fcrdigkeit<\/h2>\n\n<p>2.1. Sie sind nur dann berechtigt, die Website zu nutzen, wenn Sie alle folgenden Punkte einhalten:<\/p>\n\n<p>2.1.1. Sie sind mindestens 18 Jahre alt;<\/p>\n\n<p>2.1.2. Sie haben das Recht, die Befugnis und die F\u00e4higkeit, diese Bedingungen einzugehen und sich an alle Bestimmungen und Bedingungen dieser Bedingungen zu halten;<\/p>\n\n<p>2.1.3. Es ist Ihnen nicht untersagt, die Website und\/oder die Dienste gem\u00e4\u00df den Gesetzen des Landes zu nutzen, in dem Sie Ihren Wohnsitz oder Standort haben, w\u00e4hrend Sie die Website nutzen.<\/p>\n\n<p>2.2. Wir geben keine ausdr\u00fccklichen oder stillschweigenden Zusicherungen oder Gew\u00e4hrleistungen hinsichtlich der Rechtm\u00e4\u00dfigkeit der Website und\/oder der Dienste und\/oder der Nutzung der Website und\/oder der Dienste durch eine Person und sind nicht verantwortlich f\u00fcr eine rechtswidrige Nutzung der Website und\/oder der Dienste durch den Nutzer.<\/p>\n\n<h2 class=\"wp-block-heading\">3. Eingeschr\u00e4nkte Gebiete<\/h2>\n\n<p>3.1. Ohne von der Allgemeing\u00fcltigkeit des Vorstehenden abzuweichen, k\u00f6nnen wir nach unserem alleinigen Ermessen die Verf\u00fcgbarkeit der Website und\/oder der Dienste (oder eines Teils davon) einschr\u00e4nken: (i) Nutzer in einem beliebigen Gebiet (die <strong>&#8222;eingeschr\u00e4nkten Gebiete&#8220;)<\/strong> und (ii) Nutzer, von denen wir nach vern\u00fcnftigem Ermessen annehmen, dass sie rechtliche, regulatorische, Reputations- oder wirtschaftliche Risiken darstellen k\u00f6nnten.<\/p>\n\n<p>3.2. Wir k\u00f6nnen nach eigenem Ermessen zus\u00e4tzliche Anforderungen oder Bedingungen auferlegen, bevor wir Nutzer mit Wohnsitz in oder aus bestimmten L\u00e4ndern akzeptieren. Dar\u00fcber hinaus wird anerkannt, dass die Website und\/oder die Dienste im Falle einer Reise in ein Sperrgebiet nicht verf\u00fcgbar und\/oder blockiert sein k\u00f6nnen.<\/p>\n\n<h2 class=\"wp-block-heading\">4. Verbotene Aktivit\u00e4ten<\/h2>\n\n<p>4.1. Sie verpflichten sich, die Website und die Dienste in einer respektvollen Weise zu nutzen, und Sie verpflichten sich, dies nicht zu tun:<\/p>\n\n<p>4.1.1. einen Link zur Website herzustellen und\/oder die Website zum Hochladen, Herunterladen, Verteilen, Ver\u00f6ffentlichen oder \u00dcbertragen zu nutzen (a) Informationen oder sonstiges Material in einer Weise, die Rechte verletzt, einschlie\u00dflich der Rechte an geistigem Eigentum, des Schutzes der Privatsph\u00e4re oder sonstiger Rechte; (b) Informationen oder sonstiges Material, dessen Ver\u00f6ffentlichung oder Nutzung verboten ist, weil es eine Bedrohung, eine Sch\u00e4digung, eine Beleidigung, eine Verleumdung, eine Diffamierung, einen Rassismus oder einen unangemessenen Inhalt darstellt; (c) Informationen oder anderes Material, das einen Virus oder andere Software enth\u00e4lt, die unsere Computersysteme oder die von Dritten besch\u00e4digen oder die Nutzung der Website durch andere einschr\u00e4nken oder verhindern kann; (d) Informationen oder sonstiges Material, das gegen ein Gesetz verst\u00f6\u00dft; oder (e) Informationen oder anderes Material, das Werbung jeglicher Art enth\u00e4lt, ohne unsere vorherige schriftliche Genehmigung;<\/p>\n\n<p>4.1.2. Zuordnungen, rechtliche Hinweise oder andere Eigentumsbezeichnungen oder -kennzeichnungen auf der Website zu l\u00f6schen oder zu \u00e4ndern;<\/p>\n\n<p>4.1.3. die Dienste \u00fcber eine andere Schnittstelle als die Website zu nutzen;<\/p>\n\n<p>4.1.4. die Nutzung der Website und\/oder der Dienste durch andere Nutzer zu beeintr\u00e4chtigen;<\/p>\n\n<p>4.1.5. Bots oder andere automatisierte Methoden zu verwenden, um auf die Website und\/oder die Dienste zuzugreifen oder diese zu nutzen;<\/p>\n\n<p>4.1.6. Ohne unsere ausdr\u00fcckliche Genehmigung Material hochzuladen oder zu \u00fcbertragen (oder zu versuchen, es hochzuladen oder zu \u00fcbertragen), das als passiver oder aktiver Mechanismus zur Sammlung oder \u00dcbertragung von Informationen fungiert, einschlie\u00dflich, aber nicht beschr\u00e4nkt auf Web-Bugs, Cookies oder andere \u00e4hnliche Spyware-Ger\u00e4te;<\/p>\n\n<p>4.1.7. Framing&#8220;, &#8222;Mirroring&#8220; oder eine sonstige Simulation des Aussehens oder der Funktion der Dienste vorzunehmen;<\/p>\n\n<p>4.1.8. gegen geltende Gesetze oder Vorschriften versto\u00dfen, illegale Aktivit\u00e4ten f\u00f6rdern oder unterst\u00fctzen, einschlie\u00dflich, aber nicht beschr\u00e4nkt auf Urheberrechtsverletzungen, Markenrechtsverletzungen, Verleumdung, Verletzung der Privatsph\u00e4re, Identit\u00e4tsdiebstahl, Hacking, Cracking oder Verbreitung gef\u00e4lschter Software;<\/p>\n\n<p>4.1.9. \u00c4nderungen vorzunehmen und\/oder in irgendeiner Weise in den Quellcode der Website einzugreifen und Software und\/oder Anwendungen hochzuladen, die der Website oder anderen Dritten Schaden zuf\u00fcgen k\u00f6nnen;<\/p>\n\n<p>4.1.10. Software oder andere Technologien, die auf der Website enthalten sind oder zur Bereitstellung der Dienste verwendet werden, zu disassemblieren, dekompilieren oder anderweitig zur\u00fcckzuentwickeln.<\/p>\n\n<p>4.2. Sie erkennen an, dass wir unbeschadet aller anderen uns zustehenden Rechte berechtigt sind, Ihre Nutzung der Website oder der Dienste nachzuverfolgen, Sie am Zugriff auf die Website zu hindern, Ihre Verhaltensmuster auf der Website an Dritte weiterzugeben und jede andere Ma\u00dfnahme zu ergreifen, die wir f\u00fcr angemessen halten, um unser Eigentum und\/oder unsere Rechte und\/oder die Rechte Dritter zu sch\u00fctzen, wenn wir der Meinung sind, dass Ihre Nutzung der Website nicht mit den Bestimmungen dieser Bedingungen oder den geltenden Gesetzen \u00fcbereinstimmt.<\/p>\n\n<h3 class=\"wp-block-heading\">5. Rechte an geistigem Eigentum<\/h3>\n\n<p>5.1. Die Website und ihr Inhalt, einschlie\u00dflich des Videomaterials, des Textes, der Fotos, der Logos, der Designs, der Musik, des Tons, der Figuren, der Marken und aller anderen Inhalte, die auf der Website enthalten sind, sind durch unsere geistigen Eigentumsrechte oder die Rechte Dritter gesch\u00fctzt.<\/p>\n\n<p>5.2. Im Verh\u00e4ltnis zwischen uns und dem Nutzer behalten wir alle Rechte, Titel und Interessen an der Website und den Diensten. Durch die Nutzung der Website und\/oder der Dienste werden dem Nutzer keine Rechte an geistigem Eigentum \u00fcbertragen, die in der Website und\/oder den Diensten enthalten sind, mit Ausnahme des Rechts, die Website und\/oder die Dienste in \u00dcbereinstimmung mit den Bestimmungen dieser Bedingungen zu nutzen.<\/p>\n\n<p>5.3. Der Nutzer darf die Website und\/oder die Dienste nur f\u00fcr pers\u00f6nliche und nichtkommerzielle Zwecke nutzen.<\/p>\n\n<p>5.4. Sie d\u00fcrfen den Inhalt der Website ohne unsere ausdr\u00fcckliche, vorherige schriftliche Genehmigung weder modifizieren, dekompilieren, disassemblieren, zur\u00fcckentwickeln, kopieren, \u00fcbertragen, davon abgeleitete Werke erstellen, vermieten, unterlizenzieren, vertreiben, in einem Rahmen reproduzieren, wiederver\u00f6ffentlichen, verschrotten, herunterladen, anzeigen, \u00fcbertragen, posten, vermieten oder in irgendeiner Form oder mit irgendwelchen Mitteln ganz oder teilweise verkaufen, f\u00fcr einen anderen Zweck als die Nutzung der Website oder der Dienste gem\u00e4\u00df den Bedingungen verwenden oder anderweitig verwerten, noch d\u00fcrfen Sie dies einer anderen Partei erlauben.<\/p>\n\n<h3 class=\"wp-block-heading\">6. Begrenzung der Haftung<\/h3>\n\n<p>6.1. Die Nutzung der Website und\/oder der Dienste erfolgt auf Ihr eigenes Risiko. Soweit gesetzlich zul\u00e4ssig, lehnen wir alle ausdr\u00fccklichen oder stillschweigenden Garantien in Verbindung mit der Website und den Diensten und deren Nutzung durch Sie ab, einschlie\u00dflich der stillschweigenden Garantien der Marktg\u00e4ngigkeit, des Eigentums, der Eignung f\u00fcr einen bestimmten Zweck oder der Nichtverletzung von Rechten, der N\u00fctzlichkeit, der Autorit\u00e4t, der Genauigkeit, der Vollst\u00e4ndigkeit und der Aktualit\u00e4t. Dementsprechend werden die Dienste, einschlie\u00dflich aller Inhalte und Funktionen, die auf der Website zur Verf\u00fcgung gestellt werden oder auf die \u00fcber die Website zugegriffen wird oder die von der Website gesendet werden, ohne M\u00e4ngelgew\u00e4hr&#8220;, wie verf\u00fcgbar&#8220; und mit allen Fehlern&#8220; bereitgestellt.<\/p>\n\n<p>6.2. Ohne von der Allgemeing\u00fcltigkeit des Vorstehenden abzuweichen, \u00fcbernehmen wir keine Haftung oder Verantwortung f\u00fcr jegliche (a) Fehler, Irrt\u00fcmer oder Ungenauigkeiten der auf der Website enthaltenen Inhalte; (b) jegliche Unterbrechung oder Beendigung der \u00dcbertragung zur oder von der Website oder \u00fcber die Dienste; (c) Bugs, Viren, Trojanische Pferde oder \u00c4hnliches, die von Dritten auf oder \u00fcber die Website oder die Dienste \u00fcbertragen werden k\u00f6nnen.<\/p>\n\n<p>6.3. Sie erkl\u00e4ren sich damit einverstanden, uns f\u00fcr alle Verluste schadlos zu halten, die Ihnen und\/oder anderen Dritten in Bezug auf die Website und\/oder die Dienste direkt oder indirekt entstehen, und Sie tragen die alleinige Verantwortung f\u00fcr alle Ihre Entscheidungen, die Sie im Vertrauen auf den Inhalt der Website und\/oder der Dienste getroffen haben.<\/p>\n\n<p>6.4. In keinem Fall haften wir Ihnen oder Dritten gegen\u00fcber f\u00fcr besondere, direkte, indirekte, zuf\u00e4llige, spezielle, strafende oder Folgesch\u00e4den jeglicher Art, einschlie\u00dflich entgangener Gewinne oder verlorener Daten, die sich aus Ihrer Nutzung der Website und\/oder der Dienste oder anderer Materialien auf der Website oder als Teil der Dienste ergeben, auf die Sie zugreifen oder die Sie von der Website oder als Teil der Dienste herunterladen, unabh\u00e4ngig davon, ob wir auf die M\u00f6glichkeit dieser Sch\u00e4den hingewiesen wurden oder nicht, und in F\u00e4llen, in denen ein Gericht uns f\u00fcr haftbar erkl\u00e4rt, darf die Haftung 100 USD nicht \u00fcbersteigen. Die vorstehende Haftungsbeschr\u00e4nkung gilt im gr\u00f6\u00dftm\u00f6glichen Umfang, den das Gesetz in der jeweiligen Rechtsordnung zul\u00e4sst.<\/p>\n\n<p>6.5. Wir sind nicht verantwortlich f\u00fcr Probleme oder technische Fehlfunktionen von Telefon- oder Netzwerkleitungen, Computer-Online-Systemen, Servern oder Providern, Hardware, Software, Ausf\u00e4lle aufgrund von technischen Problemen oder Verkehrsstaus im Internet (oder Unzug\u00e4nglichkeit des Internets) oder Inkompatibilit\u00e4t zwischen der Website oder den Diensten und Ihrem Browser und\/oder anderen Ger\u00e4ten. Ohne von der Allgemeing\u00fcltigkeit des Vorstehenden abzuweichen, \u00fcbernehmen wir keinerlei Verantwortung oder Risiko f\u00fcr Ihre Nutzung des Internets.<\/p>\n\n<h3 class=\"wp-block-heading\">7. Dienste oder Inhalte von Dritten<\/h3>\n\n<p>7.1. W\u00e4hrend der Nutzung der Dienste sehen Sie m\u00f6glicherweise Inhalte oder Dienste, die von Dritten bereitgestellt werden, einschlie\u00dflich Werbung und Bewertungen zu den Plattformen Dritter.<\/p>\n\n<p>7.2. Wir kontrollieren, bef\u00fcrworten oder \u00fcbernehmen diese Inhalte oder Dienste nicht, und sie sind m\u00f6glicherweise nicht immer korrekt oder aktuell.<\/p>\n\n<p>7.3. Dementsprechend empfehlen wir Ihnen, alle Informationen unabh\u00e4ngig zu \u00fcberpr\u00fcfen, bevor Sie sich auf sie verlassen, und alle Entscheidungen oder Handlungen, die auf der Grundlage solcher Informationen getroffen werden, liegen in Ihrer alleinigen Verantwortung.<\/p>\n\n<h3 class=\"wp-block-heading\">8. Links<\/h3>\n\n<p>8.1. Die Website kann Links, Inhalte, Werbung, Promotionen, Logos und andere Materialien von anderen Websites oder Software enthalten, die von Dritten kontrolliert oder angeboten werden (die &#8222;Links&#8220;). Wir weisen Sie darauf hin, dass Sie sich \u00fcber die mit der Nutzung solcher Websites, Software oder Materialien verbundenen Risiken im Klaren sein sollten, bevor Sie etwas \u00fcber diese Websites oder Software oder auf der Grundlage solcher Materialien abrufen, nutzen, sich darauf verlassen oder kaufen. Solche Links werden ausschlie\u00dflich zu Ihrem Nutzen bereitgestellt, und Sie erkl\u00e4ren sich damit einverstanden, dass Sie uns unter keinen Umst\u00e4nden f\u00fcr Verluste oder Sch\u00e4den haftbar machen, die durch die Nutzung von oder das Vertrauen auf Inhalte, Waren oder Dienstleistungen auf anderen Websites oder Software verursacht werden.<\/p>\n\n<p>8.2. Die Aufnahme von Links in die Website stellt keine Bef\u00fcrwortung, Genehmigung, Sponsoring, Zugeh\u00f6rigkeit oder sonstige Verbindung zwischen uns und diesen Websites, der Software oder ihren Betreibern dar.<\/p>\n\n<p>8.3. Wir haben diese Links nicht \u00fcberpr\u00fcft und sind nicht verantwortlich f\u00fcr den Inhalt der Websites oder Software, auf die sie verweisen. Wir weisen Sie darauf hin, dass Sie sich \u00fcber die mit der Nutzung solcher Websites oder Software verbundenen Risiken im Klaren sein sollten, bevor Sie etwas \u00fcber diese Websites oder Software abrufen, nutzen, sich darauf verlassen oder kaufen. Unter keinen Umst\u00e4nden k\u00f6nnen Sie uns f\u00fcr Verluste oder Sch\u00e4den haftbar machen, die durch die Nutzung von oder das Vertrauen auf Inhalte, Waren oder Dienstleistungen auf anderen Websites entstehen.<\/p>\n\n<p>8.4. Es liegt in Ihrer Verantwortung, die Bedingungen und Richtlinien solcher Websites Dritter zu \u00fcberpr\u00fcfen, und wir empfehlen Ihnen dringend, diese sorgf\u00e4ltig zu pr\u00fcfen, bevor Sie mit solchen Dritten in Kontakt treten.<\/p>\n\n<h3 class=\"wp-block-heading\">9. Sonstiges<\/h3>\n\n<p>9.1. Wir k\u00f6nnen nach eigenem Ermessen von Zeit zu Zeit einen der Dienste erg\u00e4nzen, \u00e4ndern oder einstellen und\/oder neue Dienste einf\u00fchren. Wir haften nicht f\u00fcr Verluste, die Sie aufgrund solcher \u00c4nderungen erleiden, und Sie haben keine diesbez\u00fcglichen Anspr\u00fcche gegen uns.<\/p>\n\n<p>9.2. Wir k\u00f6nnen diese Bedingungen von Zeit zu Zeit \u00e4ndern. Wenn wir dies tun, werden wir Sie dar\u00fcber informieren, indem wir die aktuellste Version ver\u00f6ffentlichen und das Datum oben auf dieser Seite \u00e4ndern. Alle \u00c4nderungen werden sofort nach der Ver\u00f6ffentlichung wirksam. Durch die weitere Nutzung der Website nach Inkrafttreten von \u00c4nderungen erkl\u00e4ren Sie sich mit den \u00fcberarbeiteten Bedingungen einverstanden.<\/p>\n\n<p>9.3. Der Nutzer erkl\u00e4rt sich damit einverstanden, dass die \u00dcbermittlung von Informationen an oder von der Website keine von den in diesen Bedingungen abweichende Beziehung begr\u00fcndet.<\/p>\n\n<p>9.4. Diese Bedingungen und die von Zeit zu Zeit ge\u00e4nderte Datenschutzrichtlinie stellen die einzigen g\u00fcltigen Vereinbarungen zwischen uns und dem Nutzer dar, und keine Zusicherung, kein Versprechen, keine Zustimmung und keine Verpflichtung, ob schriftlich oder m\u00fcndlich, die nicht in den Bedingungen der Datenschutzrichtlinie enthalten sind, sind f\u00fcr die Parteien bindend.<\/p>\n\n<p>9.5. Kein Vers\u00e4umnis oder Verzug unsererseits bei der Aus\u00fcbung eines Rechts, einer Befugnis oder eines Rechtsbehelfs gilt als Verzicht darauf, noch schlie\u00dft eine einzelne oder teilweise Aus\u00fcbung eines solchen Rechts, einer solchen Befugnis oder eines solchen Rechtsbehelfs eine andere oder weitere Aus\u00fcbung desselben oder die Aus\u00fcbung eines anderen Rechts, einer anderen Befugnis oder eines anderen Rechtsbehelfs aus.<\/p>\n\n<p>9.6. Sollte eine Bestimmung dieser Bedingungen von einem zust\u00e4ndigen Gericht als nicht durchsetzbar im Sinne des anwendbaren Rechts befunden werden, so wird diese Bestimmung aus diesen Bedingungen ausgeschlossen, und der Rest dieser Bedingungen ist so auszulegen, als ob diese Bestimmung ausgeschlossen worden w\u00e4re, und ist in \u00dcbereinstimmung mit ihren Bedingungen durchsetzbar; vorausgesetzt jedoch, dass in einem solchen Fall diese Bedingungen so ausgelegt werden, dass die Bedeutung und die Absicht der ausgeschlossenen Bestimmung, wie sie von dem zust\u00e4ndigen Gericht bestimmt wurde, so weit wie m\u00f6glich in Einklang mit dem anwendbaren Recht gebracht werden.<\/p>\n\n<p>9.7. Wir sind berechtigt, alle unsere Rechte und Pflichten an Dritte zu \u00fcbertragen oder abzutreten; ohne das Vorstehende zu beeintr\u00e4chtigen, k\u00f6nnen die Website und\/oder die Dienste von Dritten betrieben werden. Sie sind nicht berechtigt, Ihre Rechte oder Verpflichtungen aus diesen Bedingungen in irgendeiner Weise zu \u00fcbertragen, abzutreten oder zu verpf\u00e4nden.<\/p>\n","protected":false},"excerpt":{"rendered":"<p>Bedingungen und Konditionen 1. Allgemeines 1.1. Willkommen bei https:\/\/tokentact.net\/ (die &#8222;Website&#8220;). Unsere Mail info@tokentact.net 1.2. Die Website enth\u00e4lt Informationen \u00fcber Handelsplattformen von Drittanbietern (die &#8222;Drittanbieterplattformen&#8220;) (die &#8222;Dienstleistungen&#8220;). 1.3. Diese Nutzungsbedingungen (die &#8222;Bedingungen&#8220;) regeln Ihre (&#8222;Sie&#8220;, &#8222;Ihr&#8220; oder &#8222;Nutzer&#8220;) Nutzung der Website oder der Dienste. Diese Bedingungen sollten von Ihnen vor der Nutzung der Dienste sorgf\u00e4ltig [&hellip;]<\/p>\n","protected":false},"author":1,"featured_media":0,"parent":0,"menu_order":0,"comment_status":"closed","ping_status":"closed","template":"","meta":{"_acf_changed":false,"inline_featured_image":false,"_monsterinsights_skip_tracking":false,"_monsterinsights_sitenote_active":false,"_monsterinsights_sitenote_note":"","_monsterinsights_sitenote_category":0,"footnotes":""},"tags":[],"class_list":["post-197","page","type-page","status-publish","hentry"],"acf":[],"yoast_head":"<!-- This site is optimized with the Yoast SEO plugin v24.8.1 - https:\/\/yoast.com\/wordpress\/plugins\/seo\/ -->\n<title>Nutzungsbedingungen - Tokentact Official Website<\/title>\n<meta name=\"robots\" content=\"index, follow, max-snippet:-1, max-image-preview:large, max-video-preview:-1\" \/>\n<link rel=\"canonical\" href=\"https:\/\/tokentact.net\/de\/nutzungsbedingungen\/\" \/>\n<meta property=\"og:locale\" content=\"de_DE\" \/>\n<meta property=\"og:type\" content=\"article\" \/>\n<meta property=\"og:title\" content=\"Nutzungsbedingungen - Tokentact Official Website\" \/>\n<meta property=\"og:description\" content=\"Bedingungen und Konditionen 1. Allgemeines 1.1. Willkommen bei https:\/\/tokentact.net\/ (die &#8222;Website&#8220;). Unsere Mail info@tokentact.net 1.2. Die Website enth\u00e4lt Informationen \u00fcber Handelsplattformen von Drittanbietern (die &#8222;Drittanbieterplattformen&#8220;) (die &#8222;Dienstleistungen&#8220;). 1.3. Diese Nutzungsbedingungen (die &#8222;Bedingungen&#8220;) regeln Ihre (&#8222;Sie&#8220;, &#8222;Ihr&#8220; oder &#8222;Nutzer&#8220;) Nutzung der Website oder der Dienste. Diese Bedingungen sollten von Ihnen vor der Nutzung der Dienste sorgf\u00e4ltig [&hellip;]\" \/>\n<meta property=\"og:url\" content=\"https:\/\/tokentact.net\/de\/nutzungsbedingungen\/\" \/>\n<meta property=\"og:site_name\" content=\"Tokentact Official Website\" \/>\n<meta property=\"article:modified_time\" content=\"2024-07-03T09:10:26+00:00\" \/>\n<meta name=\"twitter:card\" content=\"summary_large_image\" \/>\n<meta name=\"twitter:label1\" content=\"Gesch\u00e4tzte Lesezeit\" \/>\n\t<meta name=\"twitter:data1\" content=\"11\u00a0Minuten\" \/>\n<script type=\"application\/ld+json\" class=\"yoast-schema-graph\">{\"@context\":\"https:\/\/schema.org\",\"@graph\":[{\"@type\":\"WebPage\",\"@id\":\"https:\/\/tokentact.net\/de\/nutzungsbedingungen\/\",\"url\":\"https:\/\/tokentact.net\/de\/nutzungsbedingungen\/\",\"name\":\"Nutzungsbedingungen - Tokentact Official Website\",\"isPartOf\":{\"@id\":\"https:\/\/tokentact.net\/de\/#website\"},\"datePublished\":\"2024-02-02T16:05:16+00:00\",\"dateModified\":\"2024-07-03T09:10:26+00:00\",\"breadcrumb\":{\"@id\":\"https:\/\/tokentact.net\/de\/nutzungsbedingungen\/#breadcrumb\"},\"inLanguage\":\"de\",\"potentialAction\":[{\"@type\":\"ReadAction\",\"target\":[\"https:\/\/tokentact.net\/de\/nutzungsbedingungen\/\"]}]},{\"@type\":\"BreadcrumbList\",\"@id\":\"https:\/\/tokentact.net\/de\/nutzungsbedingungen\/#breadcrumb\",\"itemListElement\":[{\"@type\":\"ListItem\",\"position\":1,\"name\":\"Home\",\"item\":\"https:\/\/tokentact.net\/de\/\"},{\"@type\":\"ListItem\",\"position\":2,\"name\":\"Nutzungsbedingungen\"}]},{\"@type\":\"WebSite\",\"@id\":\"https:\/\/tokentact.net\/de\/#website\",\"url\":\"https:\/\/tokentact.net\/de\/\",\"name\":\"Tokentact Trading Bot\",\"description\":\"\",\"alternateName\":\"Tokentact\",\"potentialAction\":[{\"@type\":\"SearchAction\",\"target\":{\"@type\":\"EntryPoint\",\"urlTemplate\":\"https:\/\/tokentact.net\/de\/?s={search_term_string}\"},\"query-input\":{\"@type\":\"PropertyValueSpecification\",\"valueRequired\":true,\"valueName\":\"search_term_string\"}}],\"inLanguage\":\"de\"}]}<\/script>\n<!-- \/ Yoast SEO plugin. -->","yoast_head_json":{"title":"Nutzungsbedingungen - Tokentact Official Website","robots":{"index":"index","follow":"follow","max-snippet":"max-snippet:-1","max-image-preview":"max-image-preview:large","max-video-preview":"max-video-preview:-1"},"canonical":"https:\/\/tokentact.net\/de\/nutzungsbedingungen\/","og_locale":"de_DE","og_type":"article","og_title":"Nutzungsbedingungen - Tokentact Official Website","og_description":"Bedingungen und Konditionen 1. Allgemeines 1.1. Willkommen bei https:\/\/tokentact.net\/ (die &#8222;Website&#8220;). Unsere Mail info@tokentact.net 1.2. Die Website enth\u00e4lt Informationen \u00fcber Handelsplattformen von Drittanbietern (die &#8222;Drittanbieterplattformen&#8220;) (die &#8222;Dienstleistungen&#8220;). 1.3. Diese Nutzungsbedingungen (die &#8222;Bedingungen&#8220;) regeln Ihre (&#8222;Sie&#8220;, &#8222;Ihr&#8220; oder &#8222;Nutzer&#8220;) Nutzung der Website oder der Dienste. Diese Bedingungen sollten von Ihnen vor der Nutzung der Dienste sorgf\u00e4ltig [&hellip;]","og_url":"https:\/\/tokentact.net\/de\/nutzungsbedingungen\/","og_site_name":"Tokentact Official Website","article_modified_time":"2024-07-03T09:10:26+00:00","twitter_card":"summary_large_image","twitter_misc":{"Gesch\u00e4tzte Lesezeit":"11\u00a0Minuten"},"schema":{"@context":"https:\/\/schema.org","@graph":[{"@type":"WebPage","@id":"https:\/\/tokentact.net\/de\/nutzungsbedingungen\/","url":"https:\/\/tokentact.net\/de\/nutzungsbedingungen\/","name":"Nutzungsbedingungen - Tokentact Official Website","isPartOf":{"@id":"https:\/\/tokentact.net\/de\/#website"},"datePublished":"2024-02-02T16:05:16+00:00","dateModified":"2024-07-03T09:10:26+00:00","breadcrumb":{"@id":"https:\/\/tokentact.net\/de\/nutzungsbedingungen\/#breadcrumb"},"inLanguage":"de","potentialAction":[{"@type":"ReadAction","target":["https:\/\/tokentact.net\/de\/nutzungsbedingungen\/"]}]},{"@type":"BreadcrumbList","@id":"https:\/\/tokentact.net\/de\/nutzungsbedingungen\/#breadcrumb","itemListElement":[{"@type":"ListItem","position":1,"name":"Home","item":"https:\/\/tokentact.net\/de\/"},{"@type":"ListItem","position":2,"name":"Nutzungsbedingungen"}]},{"@type":"WebSite","@id":"https:\/\/tokentact.net\/de\/#website","url":"https:\/\/tokentact.net\/de\/","name":"Tokentact Trading Bot","description":"","alternateName":"Tokentact","potentialAction":[{"@type":"SearchAction","target":{"@type":"EntryPoint","urlTemplate":"https:\/\/tokentact.net\/de\/?s={search_term_string}"},"query-input":{"@type":"PropertyValueSpecification","valueRequired":true,"valueName":"search_term_string"}}],"inLanguage":"de"}]}},"_links":{"self":[{"href":"https:\/\/tokentact.net\/de\/wp-json\/wp\/v2\/pages\/197","targetHints":{"allow":["GET"]}}],"collection":[{"href":"https:\/\/tokentact.net\/de\/wp-json\/wp\/v2\/pages"}],"about":[{"href":"https:\/\/tokentact.net\/de\/wp-json\/wp\/v2\/types\/page"}],"author":[{"embeddable":true,"href":"https:\/\/tokentact.net\/de\/wp-json\/wp\/v2\/users\/1"}],"replies":[{"embeddable":true,"href":"https:\/\/tokentact.net\/de\/wp-json\/wp\/v2\/comments?post=197"}],"version-history":[{"count":0,"href":"https:\/\/tokentact.net\/de\/wp-json\/wp\/v2\/pages\/197\/revisions"}],"wp:attachment":[{"href":"https:\/\/tokentact.net\/de\/wp-json\/wp\/v2\/media?parent=197"}],"wp:term":[{"taxonomy":"post_tag","embeddable":true,"href":"https:\/\/tokentact.net\/de\/wp-json\/wp\/v2\/tags?post=197"}],"curies":[{"name":"wp","href":"https:\/\/api.w.org\/{rel}","templated":true}]}}