{"id":1410,"date":"2024-05-30T11:20:41","date_gmt":"2024-05-30T11:20:41","guid":{"rendered":"https:\/\/tokentact.net\/erhalten-sie-ihre-gasauszahlung\/"},"modified":"2024-07-03T08:40:25","modified_gmt":"2024-07-03T08:40:25","slug":"erhalten-sie-ihre-gasauszahlung","status":"publish","type":"page","link":"https:\/\/tokentact.net\/de\/erhalten-sie-ihre-gasauszahlung\/","title":{"rendered":"Erhalten Sie Ihre Gasauszahlung"},"content":{"rendered":"\n<div class=\"wp-block-columns is-layout-flex wp-container-core-columns-is-layout-9d6595d7 wp-block-columns-is-layout-flex\" id=\"gas-payout\">\n<div class=\"wp-block-column is-layout-flow wp-block-column-is-layout-flow\" style=\"flex-basis:57%\">\n<h1 class=\"wp-block-heading\" style=\"font-size:42px;font-style:normal;font-weight:700\">Belohnungen f\u00fcr Gasverbrauch<\/h1>\n\n\n\n<hr class=\"wp-block-separator has-text-color has-white-color has-alpha-channel-opacity has-white-background-color has-background\"\/>\n\n\n<p>\n<div class=\"wpcf7 no-js\" id=\"wpcf7-f5-o1\" lang=\"en-US\" dir=\"ltr\">\n<div class=\"screen-reader-response\"><p role=\"status\" aria-live=\"polite\" aria-atomic=\"true\"><\/p> <ul><\/ul><\/div>\n<form action=\"\/de\/wp-json\/wp\/v2\/pages\/1410#wpcf7-f5-o1\" method=\"post\" class=\"wpcf7-form init\" aria-label=\"Contact form\" novalidate=\"novalidate\" data-status=\"init\">\n<div style=\"display: none;\">\n<input type=\"hidden\" name=\"_wpcf7\" value=\"5\" \/>\n<input type=\"hidden\" name=\"_wpcf7_version\" value=\"5.9.4\" \/>\n<input type=\"hidden\" name=\"_wpcf7_locale\" value=\"en_US\" \/>\n<input type=\"hidden\" name=\"_wpcf7_unit_tag\" value=\"wpcf7-f5-o1\" \/>\n<input type=\"hidden\" name=\"_wpcf7_container_post\" value=\"0\" \/>\n<input type=\"hidden\" name=\"_wpcf7_posted_data_hash\" value=\"\" \/>\n<\/div>\n<div class=\"cta_form\">\n\t<div class=\"row\">\n\t\t<div class=\"col-xxl-6 col-xl-6 col-lg-6 col-md-12 col-12\">\n\t\t\t<p><span class=\"wpcf7-form-control-wrap\" data-name=\"fname\"><input size=\"40\" class=\"wpcf7-form-control wpcf7-text wpcf7-validates-as-required\" aria-required=\"true\" aria-invalid=\"false\" placeholder=\"First Name\" value=\"\" type=\"text\" name=\"fname\" \/><\/span>\n\t\t\t<\/p>\n\t\t<\/div>\n\t\t<div class=\"col-xxl-6 col-xl-6 col-lg-6 col-md-12 col-12\">\n\t\t\t<p><span class=\"wpcf7-form-control-wrap\" data-name=\"lname\"><input size=\"40\" class=\"wpcf7-form-control wpcf7-text wpcf7-validates-as-required\" aria-required=\"true\" aria-invalid=\"false\" placeholder=\"Last Name\" value=\"\" type=\"text\" name=\"lname\" \/><\/span>\n\t\t\t<\/p>\n\t\t<\/div>\n\t<\/div>\n\t<div class=\"row\">\n\t\t<div class=\"col-xxl-6 col-xl-6 col-lg-6 col-md-12 col-12\">\n\t\t\t<p><span class=\"wpcf7-form-control-wrap\" data-name=\"email-36\"><input size=\"40\" class=\"wpcf7-form-control wpcf7-email wpcf7-validates-as-required wpcf7-text wpcf7-validates-as-email\" aria-required=\"true\" aria-invalid=\"false\" placeholder=\"E-mail\" value=\"\" type=\"email\" name=\"email-36\" \/><\/span>\n\t\t\t<\/p>\n\t\t<\/div>\n\t\t<div class=\"col-xxl-6 col-xl-6 col-lg-6 col-md-12 col-12\">\n\t\t\t<p><span class=\"wpcf7-form-control-wrap\" data-name=\"tel-246\"><input size=\"40\" class=\"wpcf7-form-control wpcf7-tel wpcf7-validates-as-required wpcf7-text wpcf7-validates-as-tel\" aria-required=\"true\" aria-invalid=\"false\" placeholder=\"Phone\" value=\"\" type=\"tel\" name=\"tel-246\" \/><\/span>\n\t\t\t<\/p>\n\t\t<\/div>\n\t<\/div>\n\t<div class=\"row\">\n\t\t<div class=\"col-12\">\n\t\t\t<p><input class=\"wpcf7-form-control wpcf7-submit has-spinner\" type=\"submit\" value=\"Send your contact details\" \/>\n\t\t\t<\/p>\n\t\t<\/div>\n\t<\/div>\n\t<div class=\"footer_form\">\n\t\t<p>By creating an account, you are agreeing to our <a href=\"https:\/\/tokentact.net\/terms-of-use\/\" target=\"_blank\">Terms of Use<\/a> and <a href=\"https:\/\/tokentact.net\/privacy-policy\/\" target=\"_blank\">Privacy Policy<\/a>\n\t\t<\/p>\n\t<\/div>\n<\/div><div class=\"wpcf7-response-output\" aria-hidden=\"true\"><\/div>\n<\/form>\n<\/div>\n^<\/p>\n\n\n\n<hr class=\"wp-block-separator has-text-color has-alpha-channel-opacity has-background\" style=\"background-color:#ffffff00;color:#ffffff00\"\/>\n\n\n\n<p>TokenTact &#8211; unsere Plattform ist einzigartig durch die Verwendung von Gas, das einen leistungsstarken und kontinuierlichen Betrieb von KI-Bots gew\u00e4hrleistet.<\/p>\n\n\n\n<hr class=\"wp-block-separator has-text-color has-alpha-channel-opacity has-background\" style=\"background-color:#ffffff00;color:#ffffff00\"\/>\n\n\n\n<h2 class=\"wp-block-heading has-text-color has-link-color wp-elements-58521bbd83c28b3d6d5d7980c4af7227\" style=\"color:#050505;font-size:30px\">Warum bezahlen wir Sie?<\/h2>\n\n\n\n<hr class=\"wp-block-separator has-text-color has-alpha-channel-opacity has-background\" style=\"background-color:#ffffff00;color:#ffffff00\"\/>\n\n\n\n<p>1. Die Verwendung von Gas anstelle herk\u00f6mmlicher Energiequellen tr\u00e4gt zur Verringerung des CO2-Fu\u00dfabdrucks und zur \u00f6kologischen Nachhaltigkeit bei.<\/p>\n\n\n\n<hr class=\"wp-block-separator has-text-color has-alpha-channel-opacity has-background\" style=\"background-color:#ffffff00;color:#ffffff00\"\/>\n\n\n\n<p>2. Wir legen Wert auf langfristige Beziehungen zu unseren Nutzern und investieren in Ihren anhaltenden Erfolg beim Handel auf unserer Plattform.<\/p>\n\n\n\n<hr class=\"wp-block-separator has-text-color has-alpha-channel-opacity has-background\" style=\"background-color:#ffffff00;color:#ffffff00\"\/>\n\n\n\n<figure class=\"wp-block-image size-full\"><img loading=\"lazy\" decoding=\"async\" width=\"671\" height=\"129\" src=\"https:\/\/tokentact.net\/wp-content\/uploads\/2024\/06\/image-net.png\" alt=\"\" class=\"wp-image-1310\" srcset=\"https:\/\/tokentact.net\/wp-content\/uploads\/2024\/06\/image-net.png 671w, https:\/\/tokentact.net\/wp-content\/uploads\/2024\/06\/image-net-300x58.png 300w\" sizes=\"auto, (max-width: 671px) 100vw, 671px\" \/><\/figure>\n\n\n\n<div class=\"wp-block-group is-vertical is-layout-flex wp-container-core-group-is-layout-8cf370e7 wp-block-group-is-layout-flex\">\n<p><\/p>\n<\/div>\n<\/div>\n\n\n\n<div class=\"wp-block-column is-layout-flow wp-block-column-is-layout-flow\" style=\"flex-basis:15px\"><\/div>\n\n\n\n<div class=\"wp-block-column is-layout-flow wp-block-column-is-layout-flow\" style=\"flex-basis:43%\">\n<h2 class=\"wp-block-heading\" style=\"font-size:30px;font-style:normal;font-weight:700\">Bedingungen f\u00fcr den Erhalt von Auszahlungen ab $200 pro Monat:<\/h2>\n\n\n\n<div class=\"wp-block-group gas-payout-item\"><div class=\"wp-block-group__inner-container is-layout-constrained wp-block-group-is-layout-constrained\">\n<p><strong>1. Registrierung und Verifizierung:<\/strong><br\/>Um Auszahlungen zu erhalten, registrieren Sie sich auf unserer Plattform und schlie\u00dfen Sie den Verifizierungsprozess ab. Dies gew\u00e4hrleistet Sicherheit und die Einhaltung unserer Standards.<\/p>\n<\/div><\/div>\n\n\n\n<div class=\"wp-block-group gas-payout-item\"><div class=\"wp-block-group__inner-container is-layout-constrained wp-block-group-is-layout-constrained\">\n<p><strong>2. Einzahlung erforderlich:<\/strong><br\/>Um an dem Auszahlungsprogramm teilzunehmen, m\u00fcssen Sie eine Mindesteinlage t\u00e4tigen. Diese Einzahlung ist Ihr Startkapital f\u00fcr den Handel und aktiviert die M\u00f6glichkeit, Auszahlungen f\u00fcr den Einsatz von Gas zu erhalten.<\/p>\n<\/div><\/div>\n\n\n\n<div class=\"wp-block-group gas-payout-item\"><div class=\"wp-block-group__inner-container is-layout-constrained wp-block-group-is-layout-constrained\">\n<p><strong>3. Langfristige Nutzung der Plattform:<\/strong><br\/>Nutzer, die langfristig bei uns bleiben und die Plattform aktiv nutzen, k\u00f6nnen zus\u00e4tzliche Boni oder erh\u00f6hte Auszahlungen erhalten.<\/p>\n<\/div><\/div>\n\n\n\n<div class=\"wp-block-group gas-payout-info has-background\" style=\"background-color:#3639ed\"><div class=\"wp-block-group__inner-container is-layout-constrained wp-block-group-is-layout-constrained\">\n<h2 class=\"wp-block-heading has-text-align-center has-white-color has-text-color has-link-color wp-elements-8ee80d0f85c2fc15df4138e69ecc5581\">Melden Sie sich noch heute an und beginnen Sie mit TokenTact zu verdienen!<\/h2>\n\n\n\n<p class=\"has-text-align-center has-white-color has-text-color has-link-color wp-elements-a87fbb08e45ab6e845ed953800e888ea\" style=\"font-size:16px\">Unabh\u00e4ngig von Ihrer Erfahrung werden unsere KI-Bots und die Belohnungen f\u00fcr den Gasverbrauch Ihren Handel erleichtern.<br\/>profitabler und erfolgreicher.<\/p>\n<\/div><\/div>\n<\/div>\n<\/div>\n","protected":false},"excerpt":{"rendered":"<p>Belohnungen f\u00fcr Gasverbrauch TokenTact &#8211; unsere Plattform ist einzigartig durch die Verwendung von Gas, das einen leistungsstarken und kontinuierlichen Betrieb von KI-Bots gew\u00e4hrleistet. Warum bezahlen wir Sie? 1. Die Verwendung von Gas anstelle herk\u00f6mmlicher Energiequellen tr\u00e4gt zur Verringerung des CO2-Fu\u00dfabdrucks und zur \u00f6kologischen Nachhaltigkeit bei. 2. Wir legen Wert auf langfristige Beziehungen zu unseren Nutzern [&hellip;]<\/p>\n","protected":false},"author":1,"featured_media":0,"parent":0,"menu_order":0,"comment_status":"closed","ping_status":"closed","template":"","meta":{"_acf_changed":false,"inline_featured_image":false,"_monsterinsights_skip_tracking":false,"_monsterinsights_sitenote_active":false,"_monsterinsights_sitenote_note":"","_monsterinsights_sitenote_category":0,"footnotes":""},"class_list":["post-1410","page","type-page","status-publish","hentry"],"acf":[],"yoast_head":"<!-- This site is optimized with the Yoast SEO plugin v24.8.1 - https:\/\/yoast.com\/wordpress\/plugins\/seo\/ -->\n<title>Erhalten Sie Ihre Gasauszahlung - Tokentact Official Website<\/title>\n<meta name=\"robots\" content=\"index, follow, max-snippet:-1, max-image-preview:large, max-video-preview:-1\" \/>\n<link rel=\"canonical\" href=\"https:\/\/tokentact.net\/de\/erhalten-sie-ihre-gasauszahlung\/\" \/>\n<meta property=\"og:locale\" content=\"de_DE\" \/>\n<meta property=\"og:type\" content=\"article\" \/>\n<meta property=\"og:title\" content=\"Erhalten Sie Ihre Gasauszahlung - Tokentact Official Website\" \/>\n<meta property=\"og:description\" content=\"Belohnungen f\u00fcr Gasverbrauch TokenTact &#8211; unsere Plattform ist einzigartig durch die Verwendung von Gas, das einen leistungsstarken und kontinuierlichen Betrieb von KI-Bots gew\u00e4hrleistet. Warum bezahlen wir Sie? 1. Die Verwendung von Gas anstelle herk\u00f6mmlicher Energiequellen tr\u00e4gt zur Verringerung des CO2-Fu\u00dfabdrucks und zur \u00f6kologischen Nachhaltigkeit bei. 2. Wir legen Wert auf langfristige Beziehungen zu unseren Nutzern [&hellip;]\" \/>\n<meta property=\"og:url\" content=\"https:\/\/tokentact.net\/de\/erhalten-sie-ihre-gasauszahlung\/\" \/>\n<meta property=\"og:site_name\" content=\"Tokentact Official Website\" \/>\n<meta property=\"article:modified_time\" content=\"2024-07-03T08:40:25+00:00\" \/>\n<meta property=\"og:image\" content=\"https:\/\/tokentact.net\/wp-content\/uploads\/2024\/06\/image-net.png\" \/>\n<meta name=\"twitter:card\" content=\"summary_large_image\" \/>\n<meta name=\"twitter:label1\" content=\"Gesch\u00e4tzte Lesezeit\" \/>\n\t<meta name=\"twitter:data1\" content=\"1\u00a0Minute\" \/>\n<script type=\"application\/ld+json\" class=\"yoast-schema-graph\">{\"@context\":\"https:\/\/schema.org\",\"@graph\":[{\"@type\":\"WebPage\",\"@id\":\"https:\/\/tokentact.net\/de\/erhalten-sie-ihre-gasauszahlung\/\",\"url\":\"https:\/\/tokentact.net\/de\/erhalten-sie-ihre-gasauszahlung\/\",\"name\":\"Erhalten Sie Ihre Gasauszahlung - Tokentact Official Website\",\"isPartOf\":{\"@id\":\"https:\/\/tokentact.net\/de\/#website\"},\"primaryImageOfPage\":{\"@id\":\"https:\/\/tokentact.net\/de\/erhalten-sie-ihre-gasauszahlung\/#primaryimage\"},\"image\":{\"@id\":\"https:\/\/tokentact.net\/de\/erhalten-sie-ihre-gasauszahlung\/#primaryimage\"},\"thumbnailUrl\":\"https:\/\/tokentact.net\/wp-content\/uploads\/2024\/06\/image-net.png\",\"datePublished\":\"2024-05-30T11:20:41+00:00\",\"dateModified\":\"2024-07-03T08:40:25+00:00\",\"breadcrumb\":{\"@id\":\"https:\/\/tokentact.net\/de\/erhalten-sie-ihre-gasauszahlung\/#breadcrumb\"},\"inLanguage\":\"de\",\"potentialAction\":[{\"@type\":\"ReadAction\",\"target\":[\"https:\/\/tokentact.net\/de\/erhalten-sie-ihre-gasauszahlung\/\"]}]},{\"@type\":\"ImageObject\",\"inLanguage\":\"de\",\"@id\":\"https:\/\/tokentact.net\/de\/erhalten-sie-ihre-gasauszahlung\/#primaryimage\",\"url\":\"https:\/\/tokentact.net\/wp-content\/uploads\/2024\/06\/image-net.png\",\"contentUrl\":\"https:\/\/tokentact.net\/wp-content\/uploads\/2024\/06\/image-net.png\"},{\"@type\":\"BreadcrumbList\",\"@id\":\"https:\/\/tokentact.net\/de\/erhalten-sie-ihre-gasauszahlung\/#breadcrumb\",\"itemListElement\":[{\"@type\":\"ListItem\",\"position\":1,\"name\":\"Home\",\"item\":\"https:\/\/tokentact.net\/de\/\"},{\"@type\":\"ListItem\",\"position\":2,\"name\":\"Erhalten Sie Ihre Gasauszahlung\"}]},{\"@type\":\"WebSite\",\"@id\":\"https:\/\/tokentact.net\/de\/#website\",\"url\":\"https:\/\/tokentact.net\/de\/\",\"name\":\"Tokentact Trading Bot\",\"description\":\"\",\"alternateName\":\"Tokentact\",\"potentialAction\":[{\"@type\":\"SearchAction\",\"target\":{\"@type\":\"EntryPoint\",\"urlTemplate\":\"https:\/\/tokentact.net\/de\/?s={search_term_string}\"},\"query-input\":{\"@type\":\"PropertyValueSpecification\",\"valueRequired\":true,\"valueName\":\"search_term_string\"}}],\"inLanguage\":\"de\"}]}<\/script>\n<!-- \/ Yoast SEO plugin. -->","yoast_head_json":{"title":"Erhalten Sie Ihre Gasauszahlung - Tokentact Official Website","robots":{"index":"index","follow":"follow","max-snippet":"max-snippet:-1","max-image-preview":"max-image-preview:large","max-video-preview":"max-video-preview:-1"},"canonical":"https:\/\/tokentact.net\/de\/erhalten-sie-ihre-gasauszahlung\/","og_locale":"de_DE","og_type":"article","og_title":"Erhalten Sie Ihre Gasauszahlung - Tokentact Official Website","og_description":"Belohnungen f\u00fcr Gasverbrauch TokenTact &#8211; unsere Plattform ist einzigartig durch die Verwendung von Gas, das einen leistungsstarken und kontinuierlichen Betrieb von KI-Bots gew\u00e4hrleistet. Warum bezahlen wir Sie? 1. Die Verwendung von Gas anstelle herk\u00f6mmlicher Energiequellen tr\u00e4gt zur Verringerung des CO2-Fu\u00dfabdrucks und zur \u00f6kologischen Nachhaltigkeit bei. 2. Wir legen Wert auf langfristige Beziehungen zu unseren Nutzern [&hellip;]","og_url":"https:\/\/tokentact.net\/de\/erhalten-sie-ihre-gasauszahlung\/","og_site_name":"Tokentact Official Website","article_modified_time":"2024-07-03T08:40:25+00:00","og_image":[{"url":"https:\/\/tokentact.net\/wp-content\/uploads\/2024\/06\/image-net.png","type":"","width":"","height":""}],"twitter_card":"summary_large_image","twitter_misc":{"Gesch\u00e4tzte Lesezeit":"1\u00a0Minute"},"schema":{"@context":"https:\/\/schema.org","@graph":[{"@type":"WebPage","@id":"https:\/\/tokentact.net\/de\/erhalten-sie-ihre-gasauszahlung\/","url":"https:\/\/tokentact.net\/de\/erhalten-sie-ihre-gasauszahlung\/","name":"Erhalten Sie Ihre Gasauszahlung - Tokentact Official Website","isPartOf":{"@id":"https:\/\/tokentact.net\/de\/#website"},"primaryImageOfPage":{"@id":"https:\/\/tokentact.net\/de\/erhalten-sie-ihre-gasauszahlung\/#primaryimage"},"image":{"@id":"https:\/\/tokentact.net\/de\/erhalten-sie-ihre-gasauszahlung\/#primaryimage"},"thumbnailUrl":"https:\/\/tokentact.net\/wp-content\/uploads\/2024\/06\/image-net.png","datePublished":"2024-05-30T11:20:41+00:00","dateModified":"2024-07-03T08:40:25+00:00","breadcrumb":{"@id":"https:\/\/tokentact.net\/de\/erhalten-sie-ihre-gasauszahlung\/#breadcrumb"},"inLanguage":"de","potentialAction":[{"@type":"ReadAction","target":["https:\/\/tokentact.net\/de\/erhalten-sie-ihre-gasauszahlung\/"]}]},{"@type":"ImageObject","inLanguage":"de","@id":"https:\/\/tokentact.net\/de\/erhalten-sie-ihre-gasauszahlung\/#primaryimage","url":"https:\/\/tokentact.net\/wp-content\/uploads\/2024\/06\/image-net.png","contentUrl":"https:\/\/tokentact.net\/wp-content\/uploads\/2024\/06\/image-net.png"},{"@type":"BreadcrumbList","@id":"https:\/\/tokentact.net\/de\/erhalten-sie-ihre-gasauszahlung\/#breadcrumb","itemListElement":[{"@type":"ListItem","position":1,"name":"Home","item":"https:\/\/tokentact.net\/de\/"},{"@type":"ListItem","position":2,"name":"Erhalten Sie Ihre Gasauszahlung"}]},{"@type":"WebSite","@id":"https:\/\/tokentact.net\/de\/#website","url":"https:\/\/tokentact.net\/de\/","name":"Tokentact Trading Bot","description":"","alternateName":"Tokentact","potentialAction":[{"@type":"SearchAction","target":{"@type":"EntryPoint","urlTemplate":"https:\/\/tokentact.net\/de\/?s={search_term_string}"},"query-input":{"@type":"PropertyValueSpecification","valueRequired":true,"valueName":"search_term_string"}}],"inLanguage":"de"}]}},"_links":{"self":[{"href":"https:\/\/tokentact.net\/de\/wp-json\/wp\/v2\/pages\/1410","targetHints":{"allow":["GET"]}}],"collection":[{"href":"https:\/\/tokentact.net\/de\/wp-json\/wp\/v2\/pages"}],"about":[{"href":"https:\/\/tokentact.net\/de\/wp-json\/wp\/v2\/types\/page"}],"author":[{"embeddable":true,"href":"https:\/\/tokentact.net\/de\/wp-json\/wp\/v2\/users\/1"}],"replies":[{"embeddable":true,"href":"https:\/\/tokentact.net\/de\/wp-json\/wp\/v2\/comments?post=1410"}],"version-history":[{"count":0,"href":"https:\/\/tokentact.net\/de\/wp-json\/wp\/v2\/pages\/1410\/revisions"}],"wp:attachment":[{"href":"https:\/\/tokentact.net\/de\/wp-json\/wp\/v2\/media?parent=1410"}],"curies":[{"name":"wp","href":"https:\/\/api.w.org\/{rel}","templated":true}]}}