{"id":744,"date":"2024-02-06T11:30:14","date_gmt":"2024-02-06T11:30:14","guid":{"rendered":"https:\/\/tokentact.net\/kontakt-os\/"},"modified":"2024-02-12T14:53:31","modified_gmt":"2024-02-12T14:53:31","slug":"kontakt-os","status":"publish","type":"page","link":"https:\/\/tokentact.net\/da\/kontakt-os\/","title":{"rendered":"Kontakt os"},"content":{"rendered":"\n<div class=\"wp-block-columns is-layout-flex wp-container-core-columns-is-layout-9d6595d7 wp-block-columns-is-layout-flex\">\n<div class=\"wp-block-column is-layout-flow wp-block-column-is-layout-flow\">\n<h1 class=\"wp-block-heading\">Kontakt vores team<\/h1>\n\n\n\n<p>Vi er dedikerede til at levere den bedste service og support.<\/p>\n\n\n\r\n\r\n<div class=\"info_block\" id=\"info_block-block_57992bb5067b22e3a82b2289aae30c92\">\r\n    <div style=\"text-align: center\">\n<p style=\"text-align: left\">For svar p\u00e5 ofte stillede sp\u00f8rgsm\u00e5l, klik her.<\/p>\n<\/div>\n<\/div>\r\n\r\n<style>\r\n.info_block {\r\n  position: relative;\r\n  display: block;\r\n  width: 100%;\r\n  margin: 40px auto;\r\n  padding: 13px 16px;\r\n  border-radius: 10px;\r\n  background: rgba(54,57,237,0.05);\r\n}\r\n.info_block h3 {\r\n  font-size: 1em;\r\n  color: #3639ed;\r\n  font-weight: 500;\r\n}\r\n<\/style><\/div>\n\n\n\n<div class=\"wp-block-column is-layout-flow wp-block-column-is-layout-flow\">\n<h2 class=\"wp-block-heading\">Kontakt os<\/h2>\n\n\n\n<p>Du er velkommen til at kontakte os i dag; vi er her for at hj\u00e6lpe dig med at opn\u00e5 succes med TokenTact!<\/p>\n\n\n\n<p>Email: support@tokentact.net<\/p>\n\n\n\n<div class=\"wpcf7 no-js\" id=\"wpcf7-f5-o1\" lang=\"en-US\" dir=\"ltr\">\n<div class=\"screen-reader-response\"><p role=\"status\" aria-live=\"polite\" aria-atomic=\"true\"><\/p> <ul><\/ul><\/div>\n<form action=\"\/da\/wp-json\/wp\/v2\/pages\/744#wpcf7-f5-o1\" method=\"post\" class=\"wpcf7-form init\" aria-label=\"Contact form\" novalidate=\"novalidate\" data-status=\"init\">\n<div style=\"display: none;\">\n<input type=\"hidden\" name=\"_wpcf7\" value=\"5\" \/>\n<input type=\"hidden\" name=\"_wpcf7_version\" value=\"5.9.4\" \/>\n<input type=\"hidden\" name=\"_wpcf7_locale\" value=\"en_US\" \/>\n<input type=\"hidden\" name=\"_wpcf7_unit_tag\" value=\"wpcf7-f5-o1\" \/>\n<input type=\"hidden\" name=\"_wpcf7_container_post\" value=\"0\" \/>\n<input type=\"hidden\" name=\"_wpcf7_posted_data_hash\" value=\"\" \/>\n<\/div>\n<div class=\"cta_form\">\n\t<div class=\"row\">\n\t\t<div class=\"col-xxl-6 col-xl-6 col-lg-6 col-md-12 col-12\">\n\t\t\t<p><span class=\"wpcf7-form-control-wrap\" data-name=\"fname\"><input size=\"40\" class=\"wpcf7-form-control wpcf7-text wpcf7-validates-as-required\" aria-required=\"true\" aria-invalid=\"false\" placeholder=\"First Name\" value=\"\" type=\"text\" name=\"fname\" \/><\/span>\n\t\t\t<\/p>\n\t\t<\/div>\n\t\t<div class=\"col-xxl-6 col-xl-6 col-lg-6 col-md-12 col-12\">\n\t\t\t<p><span class=\"wpcf7-form-control-wrap\" data-name=\"lname\"><input size=\"40\" class=\"wpcf7-form-control wpcf7-text wpcf7-validates-as-required\" aria-required=\"true\" aria-invalid=\"false\" placeholder=\"Last Name\" value=\"\" type=\"text\" name=\"lname\" \/><\/span>\n\t\t\t<\/p>\n\t\t<\/div>\n\t<\/div>\n\t<div class=\"row\">\n\t\t<div class=\"col-xxl-6 col-xl-6 col-lg-6 col-md-12 col-12\">\n\t\t\t<p><span class=\"wpcf7-form-control-wrap\" data-name=\"email-36\"><input size=\"40\" class=\"wpcf7-form-control wpcf7-email wpcf7-validates-as-required wpcf7-text wpcf7-validates-as-email\" aria-required=\"true\" aria-invalid=\"false\" placeholder=\"E-mail\" value=\"\" type=\"email\" name=\"email-36\" \/><\/span>\n\t\t\t<\/p>\n\t\t<\/div>\n\t\t<div class=\"col-xxl-6 col-xl-6 col-lg-6 col-md-12 col-12\">\n\t\t\t<p><span class=\"wpcf7-form-control-wrap\" data-name=\"tel-246\"><input size=\"40\" class=\"wpcf7-form-control wpcf7-tel wpcf7-validates-as-required wpcf7-text wpcf7-validates-as-tel\" aria-required=\"true\" aria-invalid=\"false\" placeholder=\"Phone\" value=\"\" type=\"tel\" name=\"tel-246\" \/><\/span>\n\t\t\t<\/p>\n\t\t<\/div>\n\t<\/div>\n\t<div class=\"row\">\n\t\t<div class=\"col-12\">\n\t\t\t<p><input class=\"wpcf7-form-control wpcf7-submit has-spinner\" type=\"submit\" value=\"Send your contact details\" \/>\n\t\t\t<\/p>\n\t\t<\/div>\n\t<\/div>\n\t<div class=\"footer_form\">\n\t\t<p>By creating an account, you are agreeing to our <a href=\"https:\/\/tokentact.net\/terms-of-use\/\" target=\"_blank\">Terms of Use<\/a> and <a href=\"https:\/\/tokentact.net\/privacy-policy\/\" target=\"_blank\">Privacy Policy<\/a>\n\t\t<\/p>\n\t<\/div>\n<\/div><div class=\"wpcf7-response-output\" aria-hidden=\"true\"><\/div>\n<\/form>\n<\/div>\n\n<\/div>\n<\/div>\n","protected":false},"excerpt":{"rendered":"<p>Kontakt vores team Vi er dedikerede til at levere den bedste service og support. Kontakt os Du er velkommen til at kontakte os i dag; vi er her for at hj\u00e6lpe dig med at opn\u00e5 succes med TokenTact! Email: support@tokentact.net<\/p>\n","protected":false},"author":1,"featured_media":0,"parent":0,"menu_order":0,"comment_status":"closed","ping_status":"closed","template":"","meta":{"_acf_changed":false,"inline_featured_image":false,"_monsterinsights_skip_tracking":false,"_monsterinsights_sitenote_active":false,"_monsterinsights_sitenote_note":"","_monsterinsights_sitenote_category":0,"footnotes":""},"class_list":["post-744","page","type-page","status-publish","hentry"],"acf":[],"yoast_head":"<!-- This site is optimized with the Yoast SEO plugin v24.8.1 - https:\/\/yoast.com\/wordpress\/plugins\/seo\/ -->\n<title>Kontakt os - Tokentact Official Website<\/title>\n<meta name=\"description\" content=\"Har du brug for support? T\u00f8v ikke med at kontakte os! Vores erfarne team er klar til at hj\u00e6lpe med eventuelle sp\u00f8rgsm\u00e5l eller problemer, du m\u00e5tte st\u00f8de p\u00e5.\" \/>\n<meta name=\"robots\" content=\"index, follow, max-snippet:-1, max-image-preview:large, max-video-preview:-1\" \/>\n<link rel=\"canonical\" href=\"https:\/\/tokentact.net\/da\/kontakt-os\/\" \/>\n<meta property=\"og:locale\" content=\"da_DK\" \/>\n<meta property=\"og:type\" content=\"article\" \/>\n<meta property=\"og:title\" content=\"Kontakt os - Tokentact Official Website\" \/>\n<meta property=\"og:description\" content=\"Har du brug for support? T\u00f8v ikke med at kontakte os! Vores erfarne team er klar til at hj\u00e6lpe med eventuelle sp\u00f8rgsm\u00e5l eller problemer, du m\u00e5tte st\u00f8de p\u00e5.\" \/>\n<meta property=\"og:url\" content=\"https:\/\/tokentact.net\/da\/kontakt-os\/\" \/>\n<meta property=\"og:site_name\" content=\"Tokentact Official Website\" \/>\n<meta property=\"article:modified_time\" content=\"2024-02-12T14:53:31+00:00\" \/>\n<meta name=\"twitter:card\" content=\"summary_large_image\" \/>\n<meta name=\"twitter:label1\" content=\"Estimeret l\u00e6setid\" \/>\n\t<meta name=\"twitter:data1\" content=\"1 minut\" \/>\n<script type=\"application\/ld+json\" class=\"yoast-schema-graph\">{\"@context\":\"https:\/\/schema.org\",\"@graph\":[{\"@type\":\"WebPage\",\"@id\":\"https:\/\/tokentact.net\/da\/kontakt-os\/\",\"url\":\"https:\/\/tokentact.net\/da\/kontakt-os\/\",\"name\":\"Kontakt os - Tokentact Official Website\",\"isPartOf\":{\"@id\":\"https:\/\/tokentact.net\/da\/#website\"},\"datePublished\":\"2024-02-06T11:30:14+00:00\",\"dateModified\":\"2024-02-12T14:53:31+00:00\",\"description\":\"Har du brug for support? T\u00f8v ikke med at kontakte os! Vores erfarne team er klar til at hj\u00e6lpe med eventuelle sp\u00f8rgsm\u00e5l eller problemer, du m\u00e5tte st\u00f8de p\u00e5.\",\"breadcrumb\":{\"@id\":\"https:\/\/tokentact.net\/da\/kontakt-os\/#breadcrumb\"},\"inLanguage\":\"da-DK\",\"potentialAction\":[{\"@type\":\"ReadAction\",\"target\":[\"https:\/\/tokentact.net\/da\/kontakt-os\/\"]}]},{\"@type\":\"BreadcrumbList\",\"@id\":\"https:\/\/tokentact.net\/da\/kontakt-os\/#breadcrumb\",\"itemListElement\":[{\"@type\":\"ListItem\",\"position\":1,\"name\":\"Home\",\"item\":\"https:\/\/tokentact.net\/da\/\"},{\"@type\":\"ListItem\",\"position\":2,\"name\":\"Kontakt os\"}]},{\"@type\":\"WebSite\",\"@id\":\"https:\/\/tokentact.net\/da\/#website\",\"url\":\"https:\/\/tokentact.net\/da\/\",\"name\":\"Tokentact Trading Bot\",\"description\":\"\",\"alternateName\":\"Tokentact\",\"potentialAction\":[{\"@type\":\"SearchAction\",\"target\":{\"@type\":\"EntryPoint\",\"urlTemplate\":\"https:\/\/tokentact.net\/da\/?s={search_term_string}\"},\"query-input\":{\"@type\":\"PropertyValueSpecification\",\"valueRequired\":true,\"valueName\":\"search_term_string\"}}],\"inLanguage\":\"da-DK\"}]}<\/script>\n<!-- \/ Yoast SEO plugin. -->","yoast_head_json":{"title":"Kontakt os - Tokentact Official Website","description":"Har du brug for support? T\u00f8v ikke med at kontakte os! Vores erfarne team er klar til at hj\u00e6lpe med eventuelle sp\u00f8rgsm\u00e5l eller problemer, du m\u00e5tte st\u00f8de p\u00e5.","robots":{"index":"index","follow":"follow","max-snippet":"max-snippet:-1","max-image-preview":"max-image-preview:large","max-video-preview":"max-video-preview:-1"},"canonical":"https:\/\/tokentact.net\/da\/kontakt-os\/","og_locale":"da_DK","og_type":"article","og_title":"Kontakt os - Tokentact Official Website","og_description":"Har du brug for support? T\u00f8v ikke med at kontakte os! Vores erfarne team er klar til at hj\u00e6lpe med eventuelle sp\u00f8rgsm\u00e5l eller problemer, du m\u00e5tte st\u00f8de p\u00e5.","og_url":"https:\/\/tokentact.net\/da\/kontakt-os\/","og_site_name":"Tokentact Official Website","article_modified_time":"2024-02-12T14:53:31+00:00","twitter_card":"summary_large_image","twitter_misc":{"Estimeret l\u00e6setid":"1 minut"},"schema":{"@context":"https:\/\/schema.org","@graph":[{"@type":"WebPage","@id":"https:\/\/tokentact.net\/da\/kontakt-os\/","url":"https:\/\/tokentact.net\/da\/kontakt-os\/","name":"Kontakt os - Tokentact Official Website","isPartOf":{"@id":"https:\/\/tokentact.net\/da\/#website"},"datePublished":"2024-02-06T11:30:14+00:00","dateModified":"2024-02-12T14:53:31+00:00","description":"Har du brug for support? T\u00f8v ikke med at kontakte os! Vores erfarne team er klar til at hj\u00e6lpe med eventuelle sp\u00f8rgsm\u00e5l eller problemer, du m\u00e5tte st\u00f8de p\u00e5.","breadcrumb":{"@id":"https:\/\/tokentact.net\/da\/kontakt-os\/#breadcrumb"},"inLanguage":"da-DK","potentialAction":[{"@type":"ReadAction","target":["https:\/\/tokentact.net\/da\/kontakt-os\/"]}]},{"@type":"BreadcrumbList","@id":"https:\/\/tokentact.net\/da\/kontakt-os\/#breadcrumb","itemListElement":[{"@type":"ListItem","position":1,"name":"Home","item":"https:\/\/tokentact.net\/da\/"},{"@type":"ListItem","position":2,"name":"Kontakt os"}]},{"@type":"WebSite","@id":"https:\/\/tokentact.net\/da\/#website","url":"https:\/\/tokentact.net\/da\/","name":"Tokentact Trading Bot","description":"","alternateName":"Tokentact","potentialAction":[{"@type":"SearchAction","target":{"@type":"EntryPoint","urlTemplate":"https:\/\/tokentact.net\/da\/?s={search_term_string}"},"query-input":{"@type":"PropertyValueSpecification","valueRequired":true,"valueName":"search_term_string"}}],"inLanguage":"da-DK"}]}},"_links":{"self":[{"href":"https:\/\/tokentact.net\/da\/wp-json\/wp\/v2\/pages\/744","targetHints":{"allow":["GET"]}}],"collection":[{"href":"https:\/\/tokentact.net\/da\/wp-json\/wp\/v2\/pages"}],"about":[{"href":"https:\/\/tokentact.net\/da\/wp-json\/wp\/v2\/types\/page"}],"author":[{"embeddable":true,"href":"https:\/\/tokentact.net\/da\/wp-json\/wp\/v2\/users\/1"}],"replies":[{"embeddable":true,"href":"https:\/\/tokentact.net\/da\/wp-json\/wp\/v2\/comments?post=744"}],"version-history":[{"count":0,"href":"https:\/\/tokentact.net\/da\/wp-json\/wp\/v2\/pages\/744\/revisions"}],"wp:attachment":[{"href":"https:\/\/tokentact.net\/da\/wp-json\/wp\/v2\/media?parent=744"}],"curies":[{"name":"wp","href":"https:\/\/api.w.org\/{rel}","templated":true}]}}