{"id":206,"date":"2024-02-02T16:05:16","date_gmt":"2024-02-02T16:05:16","guid":{"rendered":"https:\/\/tokentact.net\/vilkaar-for-brug\/"},"modified":"2024-07-03T09:10:03","modified_gmt":"2024-07-03T09:10:03","slug":"vilkaar-for-brug","status":"publish","type":"page","link":"https:\/\/tokentact.net\/da\/vilkaar-for-brug\/","title":{"rendered":"Vilk\u00e5r for brug"},"content":{"rendered":"\n<h1 class=\"wp-block-heading\">Vilk\u00e5r og betingelser<\/h1>\n\n<h2 class=\"wp-block-heading\">1. Generelt<\/h2>\n\n<p>1.1. Velkommen til <a href=\"https:\/\/tokentact.net\/da\/\">https:\/\/tokentact.net\/<\/a> (&#8220;webstedet&#8221;).<\/p>\n\n<p>Vores mail <a href=\"mailto:info@tokentact.net\">info@tokentact.net<\/a><\/p>\n\n<p>1.2. Hjemmesiden indeholder oplysninger om tredjepartsplatforme ( <strong>&#8220;Tredjepartsplatforme&#8221;<\/strong>) til handel ( <strong>&#8220;Tjenesterne&#8221;<\/strong>).<\/p>\n\n<p>1.3. Disse brugsbetingelser (&#8220;Betingelserne <strong>&#8220;<\/strong>) regulerer din (&#8220;<strong>Du<\/strong>&#8220;, <strong>&#8220;Din<\/strong> &#8221; eller <strong>&#8220;Bruger<\/strong>&#8220;) brug af hjemmesiden eller tjenesterne. Du b\u00f8r l\u00e6se disse vilk\u00e5r omhyggeligt i deres helhed, f\u00f8r du bruger tjenesterne. Bem\u00e6rk venligst, at disse vilk\u00e5r udg\u00f8r en juridisk bindende aftale mellem dig og hjemmesidens operat\u00f8r, og at hvis du ikke er enig i nogen bestemmelse i disse vilk\u00e5r, skal du straks oph\u00f8re med at bruge hjemmesiden. Ved at bruge hjemmesiden accepterer du vilk\u00e5rene, som de \u00e6ndres fra tid til anden.<\/p>\n\n<p>Disse vilk\u00e5r indeholder vores privatlivspolitik, og ved at acceptere disse vilk\u00e5r bekr\u00e6fter du, at du ogs\u00e5 accepterer og accepterer vores privatlivspolitik (du kan l\u00e6se vores privatlivspolitik ved at <a href=\"https:\/\/tokentact.co\/privacy-policy\/\">klikke her<\/a>).<\/p>\n\n<h2 class=\"wp-block-heading\">2. Berettigelse<\/h2>\n\n<p>2.1. Du har kun ret til at bruge webstedet, hvis du overholder alt det f\u00f8lgende:<\/p>\n\n<p>2.1.1. Du er mindst 18 \u00e5r gammel;<\/p>\n\n<p>2.1.2. Du har ret, myndighed og kapacitet til at indg\u00e5 i disse vilk\u00e5r og til at overholde alle vilk\u00e5r og betingelser i disse vilk\u00e5r;<\/p>\n\n<p>2.1.3. Det er ikke forbudt for dig at bruge webstedet og\/eller tjenesterne i henhold til lovgivningen i det land, hvor du bor eller befinder dig, mens du bruger webstedet.<\/p>\n\n<p>2.2. Vi frems\u00e6tter ingen erkl\u00e6ringer eller garantier, hverken udtrykkeligt eller underforst\u00e5et, vedr\u00f8rende lovligheden af webstedet og\/eller tjenesterne og\/eller enhver persons brug af webstedet og\/eller tjenesterne, og vi er ikke ansvarlige for brugerens ulovlige brug af webstedet og\/eller tjenesterne.<\/p>\n\n<h2 class=\"wp-block-heading\">3. Begr\u00e6nsede territorier<\/h2>\n\n<p>3.1. Uden at afvige fra det generelle i det foreg\u00e5ende kan vi efter eget sk\u00f8n begr\u00e6nse tilg\u00e6ngeligheden af webstedet og\/eller tjenesterne (eller nogen del deraf) til: (i) alle brugere i ethvert omr\u00e5de ( <strong>&#8220;Begr\u00e6nsede omr\u00e5der&#8221;<\/strong>), og (ii) som vi med rimelighed mener kan uds\u00e6tte det for juridiske, lovgivningsm\u00e6ssige, omd\u00f8mmem\u00e6ssige eller \u00f8konomiske risici.<\/p>\n\n<p>3.2. Vi kan stille yderligere krav eller betingelser, f\u00f8r vi accepterer brugere, der bor i eller fra bestemte lande, efter vores eget sk\u00f8n. Desuden anerkendes det, at hvis nogen brugere skulle rejse til de begr\u00e6nsede omr\u00e5der, kan webstedet og\/eller tjenesterne v\u00e6re utilg\u00e6ngelige og\/eller blokeret der.<\/p>\n\n<h2 class=\"wp-block-heading\">4. Forbudte aktiviteter<\/h2>\n\n<p>4.1. Du forpligter dig til at bruge hjemmesiden og tjenesterne p\u00e5 en respektfuld m\u00e5de, og du forpligter dig til ikke at g\u00f8re det:<\/p>\n\n<p>4.1.1. Linke til hjemmesiden og\/eller bruge hjemmesiden med det form\u00e5l at uploade, downloade, distribuere, offentligg\u00f8re eller transmittere (a) oplysninger eller andet materiale p\u00e5 en m\u00e5de, der kr\u00e6nker nogen rettigheder, herunder intellektuelle ejendomsrettigheder, beskyttelse af privatlivets fred eller andre rettigheder; (b) oplysninger eller andet materiale, der er forbudt at offentligg\u00f8re eller bruge, fordi det udg\u00f8r en trussel, skade, forn\u00e6rmelse, bagvaskelse, \u00e6rekr\u00e6nkelse, racisme eller upassende indhold; (c) oplysninger eller andet materiale, der indeholder en virus eller anden software, der kan beskadige vores computersystemer eller tredjeparter eller p\u00e5 en m\u00e5de, der kan begr\u00e6nse eller forhindre andre i at bruge hjemmesiden; (d) oplysninger eller andet materiale, der overtr\u00e6der nogen lov; eller (e) oplysninger eller andet materiale, der indeholder en reklame af nogen art uden vores forudg\u00e5ende skriftlige tilladelse;<\/p>\n\n<p>4.1.2. slette eller \u00e6ndre tilskrivninger, juridiske meddelelser eller andre ejendomsretlige betegnelser eller etiketter p\u00e5 hjemmesiden;<\/p>\n\n<p>4.1.3. Bruge tjenesterne ved hj\u00e6lp af en anden gr\u00e6nseflade end hjemmesiden;<\/p>\n\n<p>4.1.4. Forstyrre andre brugeres brug af hjemmesiden og\/eller tjenesterne;<\/p>\n\n<p>4.1.5. Bruge bots eller andre automatiserede metoder til at f\u00e5 adgang til eller bruge hjemmesiden og\/eller tjenesterne;<\/p>\n\n<p>4.1.6. Uploade eller transmittere (eller fors\u00f8ge at uploade eller transmittere), uden vores udtrykkelige tilladelse, materiale, der fungerer som en passiv eller aktiv informationsindsamlings- eller transmissionsmekanisme, herunder, uden begr\u00e6nsning, web bugs, cookies eller andre lignende spyware-enheder;<\/p>\n\n<p>4.1.7. Engagere sig i &#8220;framing&#8221;, &#8220;mirroring&#8221; eller p\u00e5 anden m\u00e5de simulere udseendet eller funktionen af tjenesterne;<\/p>\n\n<p>4.1.8. Overtr\u00e6de g\u00e6ldende love eller bestemmelser, opfordre til eller fremme ulovlig aktivitet, herunder, men ikke begr\u00e6nset til, kr\u00e6nkelse af ophavsret, varem\u00e6rkekr\u00e6nkelse, \u00e6rekr\u00e6nkelse, kr\u00e6nkelse af privatlivets fred, identitetstyveri, hacking, cracking eller distribution af forfalsket software;<\/p>\n\n<p>4.1.9. Foretage \u00e6ndringer og\/eller p\u00e5 nogen m\u00e5de gribe ind i hjemmesidens kildekode og uploade software og\/eller applikationer, der kan skade eller for\u00e5rsage skade p\u00e5 hjemmesiden eller andre tredjeparter;<\/p>\n\n<p>4.1.10. Demontere, dekompilere eller p\u00e5 anden m\u00e5de reverse engineere software eller anden teknologi, der er inkluderet p\u00e5 hjemmesiden eller bruges til at levere tjenesterne.<\/p>\n\n<p>4.2. Du anerkender, at uden at det ber\u00f8rer andre rettigheder, vi m\u00e5tte have, kan vi, hvis vi er bekymrede for, at din brug af hjemmesiden ikke overholder bestemmelserne i disse vilk\u00e5r eller g\u00e6ldende lov, spore din brug af hjemmesiden eller tjenesterne, forhindre dig i at f\u00e5 adgang til hjemmesiden, overf\u00f8re dine adf\u00e6rdsm\u00f8nstre p\u00e5 hjemmesiden til tredjeparter og enhver anden handling, vi m\u00e5tte finde passende for at beskytte vores ejendom og\/eller rettigheder og\/eller tredjeparters rettigheder.<\/p>\n\n<h3 class=\"wp-block-heading\">5. Intellektuelle ejendomsrettigheder<\/h3>\n\n<p>5.1. Hjemmesiden og dens indhold, herunder videomateriale, tekst, fotos, logoer, design, musik, lyd, figurer, varem\u00e6rker og alt andet indhold p\u00e5 hjemmesiden er beskyttet af vores eller tredjeparts intellektuelle ejendomsrettigheder.<\/p>\n\n<p>5.2. I forholdet mellem os og brugeren bevarer vi alle rettigheder, titler og interesser i og til webstedet og tjenesterne. Brugen af webstedet og\/eller tjenesterne giver ikke brugeren nogen af de intellektuelle ejendomsrettigheder, der er indeholdt i webstedet og\/eller tjenesterne, bortset fra retten til at bruge webstedet og\/eller tjenesterne i overensstemmelse med vilk\u00e5rene i disse betingelser.<\/p>\n\n<p>5.3. Brugeren m\u00e5 kun bruge hjemmesiden og\/eller tjenesterne til personlig og ikke-kommerciel brug.<\/p>\n\n<p>5.4. Du m\u00e5 ikke, og du m\u00e5 ikke tillade nogen anden part at modificere, dekompilere, adskille, reverse engineer, kopiere, overf\u00f8re, skabe afledte v\u00e6rker fra, udleje, underlicensere, distribuere, reproducere indrammet, genudgive, skrabe, downloade, vise, overf\u00f8re, sende, lease eller s\u00e6lge i nogen form eller p\u00e5 nogen m\u00e5de, helt eller delvist, bruge til noget andet form\u00e5l end at bruge webstedet eller tjenesterne i henhold til vilk\u00e5rene eller p\u00e5 anden m\u00e5de udnytte noget af indholdet p\u00e5 webstedet uden vores udtrykkelige, forudg\u00e5ende skriftlige tilladelse.<\/p>\n\n<h3 class=\"wp-block-heading\">6. Begr\u00e6nsning af ansvar<\/h3>\n\n<p>6.1. Din brug af webstedet og\/eller tjenesterne sker p\u00e5 din egen risiko. I det omfang loven tillader det, fraskriver vi os alle garantier, udtrykkelige eller underforst\u00e5ede, i forbindelse med webstedet og tjenesterne og din brug heraf, herunder underforst\u00e5ede garantier for salgbarhed, ejendomsret, egnethed til et bestemt form\u00e5l eller ikke-kr\u00e6nkelse, anvendelighed, autoritet, n\u00f8jagtighed, fuldst\u00e6ndighed og aktualitet. Derfor leveres tjenesterne, herunder alt indhold og alle funktioner, der stilles til r\u00e5dighed p\u00e5 eller tilg\u00e5s via eller sendes fra webstedet, &#8220;som de er&#8221;, &#8220;som de er til r\u00e5dighed&#8221; og &#8220;med alle fejl&#8221;.<\/p>\n\n<p>6.2. Uden at fravige generaliteten af det foreg\u00e5ende p\u00e5tager vi os intet ansvar eller ansvar for nogen (a) fejl, mangler eller un\u00f8jagtigheder i noget indhold p\u00e5 hjemmesiden; (b) enhver afbrydelse eller oph\u00f8r af transmission til eller fra hjemmesiden eller via tjenesterne; (c) eventuelle fejl, vira, trojanske heste eller lignende, som m\u00e5tte blive overf\u00f8rt til eller via webstedet eller tjenesterne af en tredjepart.<\/p>\n\n<p>6.3. Du accepterer at holde os skadesl\u00f8se for eventuelle tab, der direkte eller indirekte er for\u00e5rsaget af dig og\/eller enhver anden tredjepart med hensyn til webstedet og\/eller tjenesterne, og du b\u00e6rer eneansvaret for enhver af dine beslutninger, der tr\u00e6ffes i tillid til indholdet p\u00e5 webstedet og\/eller tjenesterne.<\/p>\n\n<p>6.4. Vi vil under ingen omst\u00e6ndigheder v\u00e6re ansvarlige over for dig eller nogen tredjepart for nogen form for specielle, direkte, indirekte, tilf\u00e6ldige, s\u00e6rlige, straffende eller f\u00f8lgeskader, herunder tabt fortjeneste eller tabte data, der opst\u00e5r som f\u00f8lge af din brug af hjemmesiden og\/eller tjenesterne eller andet materiale p\u00e5, der er adgang til via eller downloadet fra hjemmesiden eller som en del af tjenesterne, uanset om det er baseret p\u00e5 garanti, kontrakt, erstatning eller nogen anden juridisk teori, og uanset om vi er blevet informeret om muligheden for disse skader, og i tilf\u00e6lde, hvor en retslig myndighed finder os ansvarlig, m\u00e5 dens ansvar ikke overstige 100 USD. Ovenst\u00e5ende ansvarsbegr\u00e6nsning g\u00e6lder i det omfang, det er tilladt ved lov i den g\u00e6ldende jurisdiktion.<\/p>\n\n<p>6.5. Vi er ikke ansvarlige for eventuelle problemer eller tekniske fejl i telefon- eller netv\u00e6rkslinjer, computer-onlinesystemer, servere eller udbydere, hardware, software, fejl p\u00e5 grund af tekniske problemer eller trafikpropper p\u00e5 internettet (eller utilg\u00e6ngelighed af internettet) eller inkompatibilitet mellem webstedet eller tjenesterne og din browser og\/eller andet udstyr. Uden at afvige fra det generelle i ovenst\u00e5ende p\u00e5tager vi os ikke noget ansvar eller nogen risiko for din brug af internettet.<\/p>\n\n<h3 class=\"wp-block-heading\">7. Tredjeparts tjenester eller indhold<\/h3>\n\n<p>7.1. Mens du bruger tjenesterne, kan du se indhold eller tjenester, der leveres af tredjeparter, herunder reklamer og anmeldelser vedr\u00f8rende tredjepartsplatforme.<\/p>\n\n<p>7.2. Vi kontrollerer, st\u00f8tter eller vedtager ikke s\u00e5dant indhold eller s\u00e5danne tjenester, og det er ikke sikkert, at det altid er n\u00f8jagtigt eller aktuelt.<\/p>\n\n<p>7.3. Derfor anbefaler vi, at du uafh\u00e6ngigt verificerer alle oplysninger, f\u00f8r du stoler p\u00e5 dem, og alle beslutninger eller handlinger, der tr\u00e6ffes baseret p\u00e5 s\u00e5danne oplysninger, er dit eget ansvar.<\/p>\n\n<h3 class=\"wp-block-heading\">8. Links<\/h3>\n\n<p>8.1. Hjemmesiden kan indeholde links, indhold, reklamer, kampagner, logoer og andet materiale fra andre hjemmesider eller software, der kontrolleres eller tilbydes af tredjeparter (&#8220;Links&#8221;). Vi advarer dig om at sikre, at du forst\u00e5r de risici, der er forbundet med at bruge s\u00e5danne hjemmesider, software eller materialer, f\u00f8r du henter, bruger, stoler p\u00e5 eller k\u00f8ber noget via disse hjemmesider eller software, eller baseret p\u00e5 s\u00e5danne materialer. S\u00e5danne links leveres udelukkende for din bekvemmelighed, og du accepterer, at du under ingen omst\u00e6ndigheder vil holde os ansvarlige for tab eller skader for\u00e5rsaget af brug af eller tillid til indhold, varer eller tjenester, der er tilg\u00e6ngelige p\u00e5 andre websteder eller software.<\/p>\n\n<p>8.2. Inkluderingen af links p\u00e5 webstedet er ikke en godkendelse, autorisation, sponsorering, tilknytning eller nogen anden forbindelse mellem os og disse websteder, software eller deres operat\u00f8rer.<\/p>\n\n<p>8.3. Vi har ikke gennemg\u00e5et nogen af eller alle s\u00e5danne links og er ikke ansvarlige for noget af indholdet p\u00e5 de hjemmesider eller software, der henvises til. Vi advarer dig om at sikre, at du forst\u00e5r de risici, der er forbundet med at bruge s\u00e5danne hjemmesider eller software, f\u00f8r du henter, bruger, stoler p\u00e5 eller k\u00f8ber noget via disse hjemmesider eller software. Under ingen omst\u00e6ndigheder vil du holde os ansvarlige for tab eller skade for\u00e5rsaget af brug af eller tillid til indhold, varer eller tjenester, der er tilg\u00e6ngelige p\u00e5 andre websteder.<\/p>\n\n<p>8.4. Det er dit ansvar at gennemg\u00e5 vilk\u00e5rene og politikkerne for s\u00e5danne tredjepartswebsteder, og vi anbefaler p\u00e5 det kraftigste, at du omhyggeligt gennemg\u00e5r dem, f\u00f8r du engagerer dig med s\u00e5danne tredjeparter.<\/p>\n\n<h3 class=\"wp-block-heading\">9. Diverse<\/h3>\n\n<p>9.1. Vi kan, efter eget sk\u00f8n, fra tid til anden \u00e6ndre, modificere eller afbryde enhver af tjenesterne og\/eller introducere nye tjenester. Vi er ikke ansvarlige for eventuelle tab, du m\u00e5tte lide som f\u00f8lge af s\u00e5danne \u00e6ndringer, og du har ingen krav mod os i den henseende.<\/p>\n\n<p>9.2. Vi kan \u00e6ndre disse vilk\u00e5r fra tid til anden. N\u00e5r vi g\u00f8r det, vil vi give dig besked ved at offentligg\u00f8re den nyeste version og revidere datoen \u00f8verst p\u00e5 denne side, og eventuelle \u00e6ndringer tr\u00e6der i kraft straks efter offentligg\u00f8relsen. Ved at forts\u00e6tte med at bruge hjemmesiden, efter at eventuelle \u00e6ndringer er tr\u00e5dt i kraft, anses du for at acceptere de reviderede vilk\u00e5r.<\/p>\n\n<p>9.3. Brugeren accepterer, at transmission af information til eller fra hjemmesiden ikke skaber noget forhold, der afviger fra dem, der er angivet i disse vilk\u00e5r.<\/p>\n\n<p>9.4. Disse vilk\u00e5r og privatlivspolitikken, som \u00e6ndret fra tid til anden, udg\u00f8r de eneste gyldige aftaler mellem os og brugeren, og ingen repr\u00e6sentation, l\u00f8fte, samtykke eller forpligtelse, hvad enten det er skriftligt eller mundtligt, som ikke er inkluderet i vilk\u00e5rene for privatlivspolitikken, vil v\u00e6re bindende for parterne.<\/p>\n\n<p>9.5. Ingen undladelse eller forsinkelse fra vores side i ud\u00f8velsen af nogen rettighed, bef\u00f8jelse eller retsmiddel i henhold hertil skal fungere som et afkald herp\u00e5, og ingen enkelt eller delvis ud\u00f8velse af en s\u00e5dan rettighed, bef\u00f8jelse eller retsmiddel skal udelukke enhver anden eller yderligere ud\u00f8velse heraf eller ud\u00f8velsen af enhver anden rettighed, bef\u00f8jelse eller retsmiddel.<\/p>\n\n<p>9.6. Hvis en bestemmelse i disse vilk\u00e5r af en kompetent domstol anses for ikke at kunne h\u00e5ndh\u00e6ves i henhold til g\u00e6ldende lov, skal en s\u00e5dan bestemmelse udelukkes fra disse vilk\u00e5r, og resten af disse vilk\u00e5r skal fortolkes, som om en s\u00e5dan bestemmelse var udelukket og skal h\u00e5ndh\u00e6ves i overensstemmelse med dens vilk\u00e5r; dog forudsat at disse vilk\u00e5r i et s\u00e5dant tilf\u00e6lde skal fortolkes s\u00e5ledes, at de i videst muligt omfang i overensstemmelse med og tilladt i henhold til g\u00e6ldende lov giver virkning til betydningen og hensigten med den udelukkede bestemmelse som fastlagt af en s\u00e5dan domstol med kompetent jurisdiktion.<\/p>\n\n<p>9.7. Vi kan overf\u00f8re eller tildele alle vores rettigheder og forpligtelser herunder til enhver tredjepart; uden at afvige fra ovenst\u00e5ende kan hjemmesiden og\/eller enhver af tjenesterne drives af tredjeparter. Du m\u00e5 ikke p\u00e5 nogen m\u00e5de overf\u00f8re, overdrage eller pants\u00e6tte nogen af dine rettigheder eller forpligtelser i henhold til disse vilk\u00e5r.<\/p>\n","protected":false},"excerpt":{"rendered":"<p>Vilk\u00e5r og betingelser 1. Generelt 1.1. Velkommen til https:\/\/tokentact.net\/ (&#8220;webstedet&#8221;). Vores mail info@tokentact.net 1.2. Hjemmesiden indeholder oplysninger om tredjepartsplatforme ( &#8220;Tredjepartsplatforme&#8221;) til handel ( &#8220;Tjenesterne&#8221;). 1.3. Disse brugsbetingelser (&#8220;Betingelserne &#8220;) regulerer din (&#8220;Du&#8220;, &#8220;Din &#8221; eller &#8220;Bruger&#8220;) brug af hjemmesiden eller tjenesterne. Du b\u00f8r l\u00e6se disse vilk\u00e5r omhyggeligt i deres helhed, f\u00f8r du bruger tjenesterne. [&hellip;]<\/p>\n","protected":false},"author":1,"featured_media":0,"parent":0,"menu_order":0,"comment_status":"closed","ping_status":"closed","template":"","meta":{"_acf_changed":false,"inline_featured_image":false,"_monsterinsights_skip_tracking":false,"_monsterinsights_sitenote_active":false,"_monsterinsights_sitenote_note":"","_monsterinsights_sitenote_category":0,"footnotes":""},"tags":[],"class_list":["post-206","page","type-page","status-publish","hentry"],"acf":[],"yoast_head":"<!-- This site is optimized with the Yoast SEO plugin v24.8.1 - https:\/\/yoast.com\/wordpress\/plugins\/seo\/ -->\n<title>Vilk\u00e5r for brug - Tokentact Official Website<\/title>\n<meta name=\"robots\" content=\"index, follow, max-snippet:-1, max-image-preview:large, max-video-preview:-1\" \/>\n<link rel=\"canonical\" href=\"https:\/\/tokentact.net\/da\/vilkaar-for-brug\/\" \/>\n<meta property=\"og:locale\" content=\"da_DK\" \/>\n<meta property=\"og:type\" content=\"article\" \/>\n<meta property=\"og:title\" content=\"Vilk\u00e5r for brug - Tokentact Official Website\" \/>\n<meta property=\"og:description\" content=\"Vilk\u00e5r og betingelser 1. Generelt 1.1. Velkommen til https:\/\/tokentact.net\/ (&#8220;webstedet&#8221;). Vores mail info@tokentact.net 1.2. Hjemmesiden indeholder oplysninger om tredjepartsplatforme ( &#8220;Tredjepartsplatforme&#8221;) til handel ( &#8220;Tjenesterne&#8221;). 1.3. Disse brugsbetingelser (&#8220;Betingelserne &#8220;) regulerer din (&#8220;Du&#8220;, &#8220;Din &#8221; eller &#8220;Bruger&#8220;) brug af hjemmesiden eller tjenesterne. Du b\u00f8r l\u00e6se disse vilk\u00e5r omhyggeligt i deres helhed, f\u00f8r du bruger tjenesterne. [&hellip;]\" \/>\n<meta property=\"og:url\" content=\"https:\/\/tokentact.net\/da\/vilkaar-for-brug\/\" \/>\n<meta property=\"og:site_name\" content=\"Tokentact Official Website\" \/>\n<meta property=\"article:modified_time\" content=\"2024-07-03T09:10:03+00:00\" \/>\n<meta name=\"twitter:card\" content=\"summary_large_image\" \/>\n<meta name=\"twitter:label1\" content=\"Estimeret l\u00e6setid\" \/>\n\t<meta name=\"twitter:data1\" content=\"11 minutter\" \/>\n<script type=\"application\/ld+json\" class=\"yoast-schema-graph\">{\"@context\":\"https:\/\/schema.org\",\"@graph\":[{\"@type\":\"WebPage\",\"@id\":\"https:\/\/tokentact.net\/da\/vilkaar-for-brug\/\",\"url\":\"https:\/\/tokentact.net\/da\/vilkaar-for-brug\/\",\"name\":\"Vilk\u00e5r for brug - Tokentact Official Website\",\"isPartOf\":{\"@id\":\"https:\/\/tokentact.net\/da\/#website\"},\"datePublished\":\"2024-02-02T16:05:16+00:00\",\"dateModified\":\"2024-07-03T09:10:03+00:00\",\"breadcrumb\":{\"@id\":\"https:\/\/tokentact.net\/da\/vilkaar-for-brug\/#breadcrumb\"},\"inLanguage\":\"da-DK\",\"potentialAction\":[{\"@type\":\"ReadAction\",\"target\":[\"https:\/\/tokentact.net\/da\/vilkaar-for-brug\/\"]}]},{\"@type\":\"BreadcrumbList\",\"@id\":\"https:\/\/tokentact.net\/da\/vilkaar-for-brug\/#breadcrumb\",\"itemListElement\":[{\"@type\":\"ListItem\",\"position\":1,\"name\":\"Home\",\"item\":\"https:\/\/tokentact.net\/da\/\"},{\"@type\":\"ListItem\",\"position\":2,\"name\":\"Vilk\u00e5r for brug\"}]},{\"@type\":\"WebSite\",\"@id\":\"https:\/\/tokentact.net\/da\/#website\",\"url\":\"https:\/\/tokentact.net\/da\/\",\"name\":\"Tokentact Trading Bot\",\"description\":\"\",\"alternateName\":\"Tokentact\",\"potentialAction\":[{\"@type\":\"SearchAction\",\"target\":{\"@type\":\"EntryPoint\",\"urlTemplate\":\"https:\/\/tokentact.net\/da\/?s={search_term_string}\"},\"query-input\":{\"@type\":\"PropertyValueSpecification\",\"valueRequired\":true,\"valueName\":\"search_term_string\"}}],\"inLanguage\":\"da-DK\"}]}<\/script>\n<!-- \/ Yoast SEO plugin. -->","yoast_head_json":{"title":"Vilk\u00e5r for brug - Tokentact Official Website","robots":{"index":"index","follow":"follow","max-snippet":"max-snippet:-1","max-image-preview":"max-image-preview:large","max-video-preview":"max-video-preview:-1"},"canonical":"https:\/\/tokentact.net\/da\/vilkaar-for-brug\/","og_locale":"da_DK","og_type":"article","og_title":"Vilk\u00e5r for brug - Tokentact Official Website","og_description":"Vilk\u00e5r og betingelser 1. Generelt 1.1. Velkommen til https:\/\/tokentact.net\/ (&#8220;webstedet&#8221;). Vores mail info@tokentact.net 1.2. Hjemmesiden indeholder oplysninger om tredjepartsplatforme ( &#8220;Tredjepartsplatforme&#8221;) til handel ( &#8220;Tjenesterne&#8221;). 1.3. Disse brugsbetingelser (&#8220;Betingelserne &#8220;) regulerer din (&#8220;Du&#8220;, &#8220;Din &#8221; eller &#8220;Bruger&#8220;) brug af hjemmesiden eller tjenesterne. Du b\u00f8r l\u00e6se disse vilk\u00e5r omhyggeligt i deres helhed, f\u00f8r du bruger tjenesterne. [&hellip;]","og_url":"https:\/\/tokentact.net\/da\/vilkaar-for-brug\/","og_site_name":"Tokentact Official Website","article_modified_time":"2024-07-03T09:10:03+00:00","twitter_card":"summary_large_image","twitter_misc":{"Estimeret l\u00e6setid":"11 minutter"},"schema":{"@context":"https:\/\/schema.org","@graph":[{"@type":"WebPage","@id":"https:\/\/tokentact.net\/da\/vilkaar-for-brug\/","url":"https:\/\/tokentact.net\/da\/vilkaar-for-brug\/","name":"Vilk\u00e5r for brug - Tokentact Official Website","isPartOf":{"@id":"https:\/\/tokentact.net\/da\/#website"},"datePublished":"2024-02-02T16:05:16+00:00","dateModified":"2024-07-03T09:10:03+00:00","breadcrumb":{"@id":"https:\/\/tokentact.net\/da\/vilkaar-for-brug\/#breadcrumb"},"inLanguage":"da-DK","potentialAction":[{"@type":"ReadAction","target":["https:\/\/tokentact.net\/da\/vilkaar-for-brug\/"]}]},{"@type":"BreadcrumbList","@id":"https:\/\/tokentact.net\/da\/vilkaar-for-brug\/#breadcrumb","itemListElement":[{"@type":"ListItem","position":1,"name":"Home","item":"https:\/\/tokentact.net\/da\/"},{"@type":"ListItem","position":2,"name":"Vilk\u00e5r for brug"}]},{"@type":"WebSite","@id":"https:\/\/tokentact.net\/da\/#website","url":"https:\/\/tokentact.net\/da\/","name":"Tokentact Trading Bot","description":"","alternateName":"Tokentact","potentialAction":[{"@type":"SearchAction","target":{"@type":"EntryPoint","urlTemplate":"https:\/\/tokentact.net\/da\/?s={search_term_string}"},"query-input":{"@type":"PropertyValueSpecification","valueRequired":true,"valueName":"search_term_string"}}],"inLanguage":"da-DK"}]}},"_links":{"self":[{"href":"https:\/\/tokentact.net\/da\/wp-json\/wp\/v2\/pages\/206","targetHints":{"allow":["GET"]}}],"collection":[{"href":"https:\/\/tokentact.net\/da\/wp-json\/wp\/v2\/pages"}],"about":[{"href":"https:\/\/tokentact.net\/da\/wp-json\/wp\/v2\/types\/page"}],"author":[{"embeddable":true,"href":"https:\/\/tokentact.net\/da\/wp-json\/wp\/v2\/users\/1"}],"replies":[{"embeddable":true,"href":"https:\/\/tokentact.net\/da\/wp-json\/wp\/v2\/comments?post=206"}],"version-history":[{"count":0,"href":"https:\/\/tokentact.net\/da\/wp-json\/wp\/v2\/pages\/206\/revisions"}],"wp:attachment":[{"href":"https:\/\/tokentact.net\/da\/wp-json\/wp\/v2\/media?parent=206"}],"wp:term":[{"taxonomy":"post_tag","embeddable":true,"href":"https:\/\/tokentact.net\/da\/wp-json\/wp\/v2\/tags?post=206"}],"curies":[{"name":"wp","href":"https:\/\/api.w.org\/{rel}","templated":true}]}}