{"id":1405,"date":"2024-05-30T11:20:41","date_gmt":"2024-05-30T11:20:41","guid":{"rendered":"https:\/\/tokentact.net\/faa-din-gasudbetaling\/"},"modified":"2024-07-03T08:40:26","modified_gmt":"2024-07-03T08:40:26","slug":"faa-din-gasudbetaling","status":"publish","type":"page","link":"https:\/\/tokentact.net\/da\/faa-din-gasudbetaling\/","title":{"rendered":"F\u00e5 din gasudbetaling"},"content":{"rendered":"\n<div class=\"wp-block-columns is-layout-flex wp-container-core-columns-is-layout-9d6595d7 wp-block-columns-is-layout-flex\" id=\"gas-payout\">\n<div class=\"wp-block-column is-layout-flow wp-block-column-is-layout-flow\" style=\"flex-basis:57%\">\n<h1 class=\"wp-block-heading\" style=\"font-size:42px;font-style:normal;font-weight:700\">Bel\u00f8nninger for at bruge gas<\/h1>\n\n\n\n<hr class=\"wp-block-separator has-text-color has-white-color has-alpha-channel-opacity has-white-background-color has-background\"\/>\n\n\n<p>\n<div class=\"wpcf7 no-js\" id=\"wpcf7-f5-o1\" lang=\"en-US\" dir=\"ltr\">\n<div class=\"screen-reader-response\"><p role=\"status\" aria-live=\"polite\" aria-atomic=\"true\"><\/p> <ul><\/ul><\/div>\n<form action=\"\/da\/wp-json\/wp\/v2\/pages\/1405#wpcf7-f5-o1\" method=\"post\" class=\"wpcf7-form init\" aria-label=\"Contact form\" novalidate=\"novalidate\" data-status=\"init\">\n<div style=\"display: none;\">\n<input type=\"hidden\" name=\"_wpcf7\" value=\"5\" \/>\n<input type=\"hidden\" name=\"_wpcf7_version\" value=\"5.9.4\" \/>\n<input type=\"hidden\" name=\"_wpcf7_locale\" value=\"en_US\" \/>\n<input type=\"hidden\" name=\"_wpcf7_unit_tag\" value=\"wpcf7-f5-o1\" \/>\n<input type=\"hidden\" name=\"_wpcf7_container_post\" value=\"0\" \/>\n<input type=\"hidden\" name=\"_wpcf7_posted_data_hash\" value=\"\" \/>\n<\/div>\n<div class=\"cta_form\">\n\t<div class=\"row\">\n\t\t<div class=\"col-xxl-6 col-xl-6 col-lg-6 col-md-12 col-12\">\n\t\t\t<p><span class=\"wpcf7-form-control-wrap\" data-name=\"fname\"><input size=\"40\" class=\"wpcf7-form-control wpcf7-text wpcf7-validates-as-required\" aria-required=\"true\" aria-invalid=\"false\" placeholder=\"First Name\" value=\"\" type=\"text\" name=\"fname\" \/><\/span>\n\t\t\t<\/p>\n\t\t<\/div>\n\t\t<div class=\"col-xxl-6 col-xl-6 col-lg-6 col-md-12 col-12\">\n\t\t\t<p><span class=\"wpcf7-form-control-wrap\" data-name=\"lname\"><input size=\"40\" class=\"wpcf7-form-control wpcf7-text wpcf7-validates-as-required\" aria-required=\"true\" aria-invalid=\"false\" placeholder=\"Last Name\" value=\"\" type=\"text\" name=\"lname\" \/><\/span>\n\t\t\t<\/p>\n\t\t<\/div>\n\t<\/div>\n\t<div class=\"row\">\n\t\t<div class=\"col-xxl-6 col-xl-6 col-lg-6 col-md-12 col-12\">\n\t\t\t<p><span class=\"wpcf7-form-control-wrap\" data-name=\"email-36\"><input size=\"40\" class=\"wpcf7-form-control wpcf7-email wpcf7-validates-as-required wpcf7-text wpcf7-validates-as-email\" aria-required=\"true\" aria-invalid=\"false\" placeholder=\"E-mail\" value=\"\" type=\"email\" name=\"email-36\" \/><\/span>\n\t\t\t<\/p>\n\t\t<\/div>\n\t\t<div class=\"col-xxl-6 col-xl-6 col-lg-6 col-md-12 col-12\">\n\t\t\t<p><span class=\"wpcf7-form-control-wrap\" data-name=\"tel-246\"><input size=\"40\" class=\"wpcf7-form-control wpcf7-tel wpcf7-validates-as-required wpcf7-text wpcf7-validates-as-tel\" aria-required=\"true\" aria-invalid=\"false\" placeholder=\"Phone\" value=\"\" type=\"tel\" name=\"tel-246\" \/><\/span>\n\t\t\t<\/p>\n\t\t<\/div>\n\t<\/div>\n\t<div class=\"row\">\n\t\t<div class=\"col-12\">\n\t\t\t<p><input class=\"wpcf7-form-control wpcf7-submit has-spinner\" type=\"submit\" value=\"Send your contact details\" \/>\n\t\t\t<\/p>\n\t\t<\/div>\n\t<\/div>\n\t<div class=\"footer_form\">\n\t\t<p>By creating an account, you are agreeing to our <a href=\"https:\/\/tokentact.net\/terms-of-use\/\" target=\"_blank\">Terms of Use<\/a> and <a href=\"https:\/\/tokentact.net\/privacy-policy\/\" target=\"_blank\">Privacy Policy<\/a>\n\t\t<\/p>\n\t<\/div>\n<\/div><div class=\"wpcf7-response-output\" aria-hidden=\"true\"><\/div>\n<\/form>\n<\/div>\n^<\/p>\n\n\n\n<hr class=\"wp-block-separator has-text-color has-alpha-channel-opacity has-background\" style=\"background-color:#ffffff00;color:#ffffff00\"\/>\n\n\n\n<p>TokenTact &#8211; vores platform er unik p\u00e5 grund af brugen af gas, som sikrer h\u00f8j ydeevne og kontinuerlig drift af AI-bots.<\/p>\n\n\n\n<hr class=\"wp-block-separator has-text-color has-alpha-channel-opacity has-background\" style=\"background-color:#ffffff00;color:#ffffff00\"\/>\n\n\n\n<h2 class=\"wp-block-heading has-text-color has-link-color wp-elements-0bae9946ba3faa28f51d2c45ef8fe3e2\" style=\"color:#050505;font-size:30px\">Hvorfor betaler vi dig?<\/h2>\n\n\n\n<hr class=\"wp-block-separator has-text-color has-alpha-channel-opacity has-background\" style=\"background-color:#ffffff00;color:#ffffff00\"\/>\n\n\n\n<p>1. Brug af gas i stedet for traditionelle energikilder hj\u00e6lper med at reducere CO2-fodaftrykket og st\u00f8tter milj\u00f8m\u00e6ssig b\u00e6redygtighed.<\/p>\n\n\n\n<hr class=\"wp-block-separator has-text-color has-alpha-channel-opacity has-background\" style=\"background-color:#ffffff00;color:#ffffff00\"\/>\n\n\n\n<p>2. Vi v\u00e6rds\u00e6tter langsigtede relationer med vores brugere og investerer i din fortsatte succes med at handle p\u00e5 vores platform.<\/p>\n\n\n\n<hr class=\"wp-block-separator has-text-color has-alpha-channel-opacity has-background\" style=\"background-color:#ffffff00;color:#ffffff00\"\/>\n\n\n\n<figure class=\"wp-block-image size-full\"><img loading=\"lazy\" decoding=\"async\" width=\"671\" height=\"129\" src=\"https:\/\/tokentact.net\/wp-content\/uploads\/2024\/06\/image-net.png\" alt=\"\" class=\"wp-image-1310\" srcset=\"https:\/\/tokentact.net\/wp-content\/uploads\/2024\/06\/image-net.png 671w, https:\/\/tokentact.net\/wp-content\/uploads\/2024\/06\/image-net-300x58.png 300w\" sizes=\"auto, (max-width: 671px) 100vw, 671px\" \/><\/figure>\n\n\n\n<div class=\"wp-block-group is-vertical is-layout-flex wp-container-core-group-is-layout-8cf370e7 wp-block-group-is-layout-flex\">\n<p><\/p>\n<\/div>\n<\/div>\n\n\n\n<div class=\"wp-block-column is-layout-flow wp-block-column-is-layout-flow\" style=\"flex-basis:15px\"><\/div>\n\n\n\n<div class=\"wp-block-column is-layout-flow wp-block-column-is-layout-flow\" style=\"flex-basis:43%\">\n<h2 class=\"wp-block-heading\" style=\"font-size:30px;font-style:normal;font-weight:700\">Betingelser for at modtage udbetalinger fra $200 pr. m\u00e5ned:<\/h2>\n\n\n\n<div class=\"wp-block-group gas-payout-item\"><div class=\"wp-block-group__inner-container is-layout-constrained wp-block-group-is-layout-constrained\">\n<p><strong>1. Registrering og verificering:<\/strong><br\/>For at begynde at modtage udbetalinger skal du registrere dig p\u00e5 vores platform og gennemf\u00f8re bekr\u00e6ftelsesprocessen. Det sikrer sikkerhed og overholdelse af vores standarder.<\/p>\n<\/div><\/div>\n\n\n\n<div class=\"wp-block-group gas-payout-item\"><div class=\"wp-block-group__inner-container is-layout-constrained wp-block-group-is-layout-constrained\">\n<p><strong>2. Krav om indskud:<\/strong><br\/>For at deltage i udbetalingsprogrammet skal du foretage en minimumsindbetaling. Denne indbetaling vil v\u00e6re din startkapital for handel og vil aktivere muligheden for at modtage udbetalinger for brug af gas.<\/p>\n<\/div><\/div>\n\n\n\n<div class=\"wp-block-group gas-payout-item\"><div class=\"wp-block-group__inner-container is-layout-constrained wp-block-group-is-layout-constrained\">\n<p><strong>3. Langvarig brug af platformen:<\/strong><br\/>Brugere, der bliver hos os i lang tid og bruger platformen aktivt, kan f\u00e5 yderligere bonusser eller \u00f8gede udbetalinger.<\/p>\n<\/div><\/div>\n\n\n\n<div class=\"wp-block-group gas-payout-info has-background\" style=\"background-color:#3639ed\"><div class=\"wp-block-group__inner-container is-layout-constrained wp-block-group-is-layout-constrained\">\n<h2 class=\"wp-block-heading has-text-align-center has-white-color has-text-color has-link-color wp-elements-e8be0c19f1d63e1ffd07b4ee94f12e2d\">Tilmeld dig i dag, og begynd at tjene penge med TokenTact!<\/h2>\n\n\n\n<p class=\"has-text-align-center has-white-color has-text-color has-link-color wp-elements-ba5bd796b35ba34276f5177ec9216250\" style=\"font-size:16px\">Uanset din erfaring vil vores AI-bots og bel\u00f8nninger for gasforbrug g\u00f8re din handel lettere.<br\/>mere rentable og succesfulde.<\/p>\n<\/div><\/div>\n<\/div>\n<\/div>\n","protected":false},"excerpt":{"rendered":"<p>Bel\u00f8nninger for at bruge gas TokenTact &#8211; vores platform er unik p\u00e5 grund af brugen af gas, som sikrer h\u00f8j ydeevne og kontinuerlig drift af AI-bots. Hvorfor betaler vi dig? 1. Brug af gas i stedet for traditionelle energikilder hj\u00e6lper med at reducere CO2-fodaftrykket og st\u00f8tter milj\u00f8m\u00e6ssig b\u00e6redygtighed. 2. Vi v\u00e6rds\u00e6tter langsigtede relationer med vores [&hellip;]<\/p>\n","protected":false},"author":1,"featured_media":0,"parent":0,"menu_order":0,"comment_status":"closed","ping_status":"closed","template":"","meta":{"_acf_changed":false,"inline_featured_image":false,"_monsterinsights_skip_tracking":false,"_monsterinsights_sitenote_active":false,"_monsterinsights_sitenote_note":"","_monsterinsights_sitenote_category":0,"footnotes":""},"class_list":["post-1405","page","type-page","status-publish","hentry"],"acf":[],"yoast_head":"<!-- This site is optimized with the Yoast SEO plugin v24.8.1 - https:\/\/yoast.com\/wordpress\/plugins\/seo\/ -->\n<title>F\u00e5 din gasudbetaling - Tokentact Official Website<\/title>\n<meta name=\"robots\" content=\"index, follow, max-snippet:-1, max-image-preview:large, max-video-preview:-1\" \/>\n<link rel=\"canonical\" href=\"https:\/\/tokentact.net\/da\/faa-din-gasudbetaling\/\" \/>\n<meta property=\"og:locale\" content=\"da_DK\" \/>\n<meta property=\"og:type\" content=\"article\" \/>\n<meta property=\"og:title\" content=\"F\u00e5 din gasudbetaling - Tokentact Official Website\" \/>\n<meta property=\"og:description\" content=\"Bel\u00f8nninger for at bruge gas TokenTact &#8211; vores platform er unik p\u00e5 grund af brugen af gas, som sikrer h\u00f8j ydeevne og kontinuerlig drift af AI-bots. Hvorfor betaler vi dig? 1. Brug af gas i stedet for traditionelle energikilder hj\u00e6lper med at reducere CO2-fodaftrykket og st\u00f8tter milj\u00f8m\u00e6ssig b\u00e6redygtighed. 2. Vi v\u00e6rds\u00e6tter langsigtede relationer med vores [&hellip;]\" \/>\n<meta property=\"og:url\" content=\"https:\/\/tokentact.net\/da\/faa-din-gasudbetaling\/\" \/>\n<meta property=\"og:site_name\" content=\"Tokentact Official Website\" \/>\n<meta property=\"article:modified_time\" content=\"2024-07-03T08:40:26+00:00\" \/>\n<meta property=\"og:image\" content=\"https:\/\/tokentact.net\/wp-content\/uploads\/2024\/06\/image-net.png\" \/>\n<meta name=\"twitter:card\" content=\"summary_large_image\" \/>\n<meta name=\"twitter:label1\" content=\"Estimeret l\u00e6setid\" \/>\n\t<meta name=\"twitter:data1\" content=\"1 minut\" \/>\n<script type=\"application\/ld+json\" class=\"yoast-schema-graph\">{\"@context\":\"https:\/\/schema.org\",\"@graph\":[{\"@type\":\"WebPage\",\"@id\":\"https:\/\/tokentact.net\/da\/faa-din-gasudbetaling\/\",\"url\":\"https:\/\/tokentact.net\/da\/faa-din-gasudbetaling\/\",\"name\":\"F\u00e5 din gasudbetaling - Tokentact Official Website\",\"isPartOf\":{\"@id\":\"https:\/\/tokentact.net\/da\/#website\"},\"primaryImageOfPage\":{\"@id\":\"https:\/\/tokentact.net\/da\/faa-din-gasudbetaling\/#primaryimage\"},\"image\":{\"@id\":\"https:\/\/tokentact.net\/da\/faa-din-gasudbetaling\/#primaryimage\"},\"thumbnailUrl\":\"https:\/\/tokentact.net\/wp-content\/uploads\/2024\/06\/image-net.png\",\"datePublished\":\"2024-05-30T11:20:41+00:00\",\"dateModified\":\"2024-07-03T08:40:26+00:00\",\"breadcrumb\":{\"@id\":\"https:\/\/tokentact.net\/da\/faa-din-gasudbetaling\/#breadcrumb\"},\"inLanguage\":\"da-DK\",\"potentialAction\":[{\"@type\":\"ReadAction\",\"target\":[\"https:\/\/tokentact.net\/da\/faa-din-gasudbetaling\/\"]}]},{\"@type\":\"ImageObject\",\"inLanguage\":\"da-DK\",\"@id\":\"https:\/\/tokentact.net\/da\/faa-din-gasudbetaling\/#primaryimage\",\"url\":\"https:\/\/tokentact.net\/wp-content\/uploads\/2024\/06\/image-net.png\",\"contentUrl\":\"https:\/\/tokentact.net\/wp-content\/uploads\/2024\/06\/image-net.png\"},{\"@type\":\"BreadcrumbList\",\"@id\":\"https:\/\/tokentact.net\/da\/faa-din-gasudbetaling\/#breadcrumb\",\"itemListElement\":[{\"@type\":\"ListItem\",\"position\":1,\"name\":\"Home\",\"item\":\"https:\/\/tokentact.net\/da\/\"},{\"@type\":\"ListItem\",\"position\":2,\"name\":\"F\u00e5 din gasudbetaling\"}]},{\"@type\":\"WebSite\",\"@id\":\"https:\/\/tokentact.net\/da\/#website\",\"url\":\"https:\/\/tokentact.net\/da\/\",\"name\":\"Tokentact Trading Bot\",\"description\":\"\",\"alternateName\":\"Tokentact\",\"potentialAction\":[{\"@type\":\"SearchAction\",\"target\":{\"@type\":\"EntryPoint\",\"urlTemplate\":\"https:\/\/tokentact.net\/da\/?s={search_term_string}\"},\"query-input\":{\"@type\":\"PropertyValueSpecification\",\"valueRequired\":true,\"valueName\":\"search_term_string\"}}],\"inLanguage\":\"da-DK\"}]}<\/script>\n<!-- \/ Yoast SEO plugin. -->","yoast_head_json":{"title":"F\u00e5 din gasudbetaling - Tokentact Official Website","robots":{"index":"index","follow":"follow","max-snippet":"max-snippet:-1","max-image-preview":"max-image-preview:large","max-video-preview":"max-video-preview:-1"},"canonical":"https:\/\/tokentact.net\/da\/faa-din-gasudbetaling\/","og_locale":"da_DK","og_type":"article","og_title":"F\u00e5 din gasudbetaling - Tokentact Official Website","og_description":"Bel\u00f8nninger for at bruge gas TokenTact &#8211; vores platform er unik p\u00e5 grund af brugen af gas, som sikrer h\u00f8j ydeevne og kontinuerlig drift af AI-bots. Hvorfor betaler vi dig? 1. Brug af gas i stedet for traditionelle energikilder hj\u00e6lper med at reducere CO2-fodaftrykket og st\u00f8tter milj\u00f8m\u00e6ssig b\u00e6redygtighed. 2. Vi v\u00e6rds\u00e6tter langsigtede relationer med vores [&hellip;]","og_url":"https:\/\/tokentact.net\/da\/faa-din-gasudbetaling\/","og_site_name":"Tokentact Official Website","article_modified_time":"2024-07-03T08:40:26+00:00","og_image":[{"url":"https:\/\/tokentact.net\/wp-content\/uploads\/2024\/06\/image-net.png","type":"","width":"","height":""}],"twitter_card":"summary_large_image","twitter_misc":{"Estimeret l\u00e6setid":"1 minut"},"schema":{"@context":"https:\/\/schema.org","@graph":[{"@type":"WebPage","@id":"https:\/\/tokentact.net\/da\/faa-din-gasudbetaling\/","url":"https:\/\/tokentact.net\/da\/faa-din-gasudbetaling\/","name":"F\u00e5 din gasudbetaling - Tokentact Official Website","isPartOf":{"@id":"https:\/\/tokentact.net\/da\/#website"},"primaryImageOfPage":{"@id":"https:\/\/tokentact.net\/da\/faa-din-gasudbetaling\/#primaryimage"},"image":{"@id":"https:\/\/tokentact.net\/da\/faa-din-gasudbetaling\/#primaryimage"},"thumbnailUrl":"https:\/\/tokentact.net\/wp-content\/uploads\/2024\/06\/image-net.png","datePublished":"2024-05-30T11:20:41+00:00","dateModified":"2024-07-03T08:40:26+00:00","breadcrumb":{"@id":"https:\/\/tokentact.net\/da\/faa-din-gasudbetaling\/#breadcrumb"},"inLanguage":"da-DK","potentialAction":[{"@type":"ReadAction","target":["https:\/\/tokentact.net\/da\/faa-din-gasudbetaling\/"]}]},{"@type":"ImageObject","inLanguage":"da-DK","@id":"https:\/\/tokentact.net\/da\/faa-din-gasudbetaling\/#primaryimage","url":"https:\/\/tokentact.net\/wp-content\/uploads\/2024\/06\/image-net.png","contentUrl":"https:\/\/tokentact.net\/wp-content\/uploads\/2024\/06\/image-net.png"},{"@type":"BreadcrumbList","@id":"https:\/\/tokentact.net\/da\/faa-din-gasudbetaling\/#breadcrumb","itemListElement":[{"@type":"ListItem","position":1,"name":"Home","item":"https:\/\/tokentact.net\/da\/"},{"@type":"ListItem","position":2,"name":"F\u00e5 din gasudbetaling"}]},{"@type":"WebSite","@id":"https:\/\/tokentact.net\/da\/#website","url":"https:\/\/tokentact.net\/da\/","name":"Tokentact Trading Bot","description":"","alternateName":"Tokentact","potentialAction":[{"@type":"SearchAction","target":{"@type":"EntryPoint","urlTemplate":"https:\/\/tokentact.net\/da\/?s={search_term_string}"},"query-input":{"@type":"PropertyValueSpecification","valueRequired":true,"valueName":"search_term_string"}}],"inLanguage":"da-DK"}]}},"_links":{"self":[{"href":"https:\/\/tokentact.net\/da\/wp-json\/wp\/v2\/pages\/1405","targetHints":{"allow":["GET"]}}],"collection":[{"href":"https:\/\/tokentact.net\/da\/wp-json\/wp\/v2\/pages"}],"about":[{"href":"https:\/\/tokentact.net\/da\/wp-json\/wp\/v2\/types\/page"}],"author":[{"embeddable":true,"href":"https:\/\/tokentact.net\/da\/wp-json\/wp\/v2\/users\/1"}],"replies":[{"embeddable":true,"href":"https:\/\/tokentact.net\/da\/wp-json\/wp\/v2\/comments?post=1405"}],"version-history":[{"count":0,"href":"https:\/\/tokentact.net\/da\/wp-json\/wp\/v2\/pages\/1405\/revisions"}],"wp:attachment":[{"href":"https:\/\/tokentact.net\/da\/wp-json\/wp\/v2\/media?parent=1405"}],"curies":[{"name":"wp","href":"https:\/\/api.w.org\/{rel}","templated":true}]}}